{"id":2545,"date":"2018-10-17T13:17:57","date_gmt":"2018-10-17T13:17:57","guid":{"rendered":"http:\/\/www2.unifap.br\/ppgcf\/?page_id=2545"},"modified":"2019-03-02T00:25:46","modified_gmt":"2019-03-02T00:25:46","slug":"processo-seletivo-2019","status":"publish","type":"page","link":"https:\/\/www2.unifap.br\/ppgcf\/processos-seletivos\/processo-seletivo-2019\/","title":{"rendered":"Processo Seletivo 2019"},"content":{"rendered":"<p>&#8211; Per\u00edodo de inscri\u00e7\u00e3o: 06 \u00e0 16 de Novembro de 2018.<\/p>\n<p>&#8211; N\u00ba de vagas: 25 (vinte e cinco) vagas &#8211; distribu\u00eddas conforme disponibilidade dos orientadores.<\/p>\n<p>&#8211; Resultado final: 11 de Dezembro de 2018.<\/p>\n<p>&nbsp;<\/p>\n<p><a href=\"http:\/\/www2.unifap.br\/ppgcf\/files\/2018\/10\/EDITAL-Processo-Seletivo-PPGCF-2019.pdf\">\u2192 Edital N\u00ba 03\/2018-PPGCF\/UNIFAP \u2013 Processo Seletivo 2019<\/a><\/p>\n<p><a href=\"http:\/\/www2.unifap.br\/ppgcf\/files\/2018\/10\/ANEXO-I-EDITAL-N\u00ba-03-2018_PPGCF-UNIFAP.pdf\">\u2192 Edital N\u00ba 03\/2018-PPGCF\/UNIFAP \u2013 Anexo I &#8211; Refer\u00eancia Bibliogr\u00e1fica<\/a><\/p>\n<p><a href=\"http:\/\/www2.unifap.br\/ppgcf\/files\/2018\/10\/ANEXO-II-EDITAL-N\u00ba-03-2018_PPGCF-UNIFAP.pdf\">\u2192 Edital N\u00ba 03\/2018-PPGCF\/UNIFAP \u2013 Anexo II &#8211; Autodeclara\u00e7\u00e3o para reserva de vagas<\/a><\/p>\n<p><a href=\"http:\/\/www2.unifap.br\/ppgcf\/files\/2018\/10\/ANEXO-III-EDITAL-N\u00ba-03-2018_PPGCF-UNIFAP.pdf\">\u2192 Edital N\u00ba 03\/2018-PPGCF\/UNIFAP \u2013 Anexo III &#8211; Crit\u00e9rios para an\u00e1lise curricular<\/a><\/p>\n<p><a href=\"http:\/\/www2.unifap.br\/ppgcf\/files\/2018\/10\/ANEXO-IV-EDITAL-N\u00ba-03-2018_PPGCF-UNIFAP.pdf\">\u2192 Edital N\u00ba 03\/2018-PPGCF\/UNIFAP \u2013 Anexo IV &#8211; Declara\u00e7\u00e3o de aceite das normas<\/a><\/p>\n<p><a href=\"http:\/\/www2.unifap.br\/ppgcf\/files\/2018\/10\/ANEXO-V-EDITAL-N\u00ba-03-2018_PPGCF-UNIFAP.pdf\">\u2192 Edital N\u00ba 03\/2018-PPGCF\/UNIFAP \u2013 Anexo V &#8211; Carta de anu\u00eancia do orientador<\/a><\/p>\n<p><a href=\"http:\/\/www2.unifap.br\/ppgcf\/files\/2018\/11\/EDITAL-N\u00ba-03-2018_PPGCF-UNIFAP-HOMOLOGACAO-DAS-INSCRI\u00c7\u00d5ES.pdf\">\u2192 Homologa\u00e7\u00e3o das Inscri\u00e7\u00f5es \u2013 Edital N\u00ba 03\/2018-PPGCF\/UNIFAP \u2013 Processo Seletivo 2019<\/a><\/p>\n<p><a href=\"http:\/\/www2.unifap.br\/ppgcf\/files\/2018\/10\/EDITAL-N\u00ba-03-2018_PPGCF-UNIFAP-RESULTADO-FINAL-DAS-INSCRI\u00c7\u00d5ES-HOMOLOGADAS.pdf\">\u2192 Resultado Final das Inscri\u00e7\u00f5es Homologadas \u2013 Edital N\u00ba 03\/2018-PPGCF\/UNIFAP<\/a><\/p>\n<p><a href=\"http:\/\/www2.unifap.br\/ppgcf\/files\/2018\/10\/EDITAL-N\u00ba-03-2018-PPGCF-UNIFAP-LOCAL-DA-PROVA-TEMATICA-PROCESSO-SELETIVO-PPGCF-2019.pdf\">\u2192 Local da Prova Tem\u00e1tica \u2013 Edital N\u00ba 03\/2018-PPGCF\/UNIFAP \u2013 Processo Seletivo 2019<\/a><\/p>\n<p><a href=\"http:\/\/www2.unifap.br\/ppgcf\/files\/2018\/10\/Retificacao-do-Edital_N_03-2018-PPGCF_UNIFAP-Mestrado.pdf\">\u2192 Retifica\u00e7\u00e3o do Edital N\u00ba 03\/2018-PPGCF\/UNIFAP &#8211; Processo Seletivo 2019<\/a><\/p>\n<p><a href=\"http:\/\/www2.unifap.br\/ppgcf\/files\/2018\/10\/EDITAL-N\u00ba-03-2018-PPGCF-UNIFAP_RESULTADO-DA-PROVA-TEMATIVA-PS-2019.pdf\">\u2192 Resultado da Prova Tem\u00e1tica &#8211; Edital N\u00ba 03\/2018-PPGCF\/UNIFAP &#8211; Processo Seletivo 2019<\/a><\/p>\n<p><a href=\"http:\/\/www2.unifap.br\/ppgcf\/files\/2018\/10\/EDITAL-N\u00ba-03-2018-PPGCF-UNIFAP_RESULTADO-PRELIMINAR-PROCESSO-SELETIVO-2019.-C.pdf\">\u2192 Resultado Preliminar \u2013 Edital N\u00ba 03\/2018-PPGCF\/UNIFAP \u2013 Processo Seletivo 2019<\/a><\/p>\n<p><a href=\"http:\/\/www2.unifap.br\/ppgcf\/files\/2018\/10\/EDITAL-N\u00ba-03-2018-PPGCF-UNIFAP_RESULTADO-FINAL-PROCESSO-SELETIVO-2019.pdf\">\u2192 Resultado Final \u2013 Edital N\u00ba 03\/2018-PPGCF\/UNIFAP \u2013 Processo Seletivo 2019<\/a><\/p>\n<p>&nbsp;<\/p>\n<p><a href=\"http:\/\/www2.unifap.br\/ppgcf\/files\/2019\/03\/EDITAL-N\u00ba-017-2019-CONVOCA\u00c7\u00c3O-PARA-MATR\u00cdCULA-MESTRADO-EM-CI\u00caNCIAS-FARMAC\u00caUTICAS.pdf\">\u2192 PPGCF 2019 &#8211; Edital N\u00ba 017\/2019 DERCA &#8211; Convoca\u00e7\u00e3o para Matr\u00edcula<\/a><\/p>\n","protected":false},"excerpt":{"rendered":"<p>&#8211; Per\u00edodo de inscri\u00e7\u00e3o: 06 \u00e0 16 de Novembro de 2018. &#8211; N\u00ba de vagas: 25 (vinte e cinco) vagas &#8211; distribu\u00eddas conforme disponibilidade dos orientadores. &#8211; Resultado final: 11 de Dezembro de 2018. &nbsp; \u2192 Edital N\u00ba 03\/2018-PPGCF\/UNIFAP \u2013&hellip; <\/p>\n<p><a href=\"https:\/\/www2.unifap.br\/ppgcf\/processos-seletivos\/processo-seletivo-2019\/\" class=\"readmore-button\">Continue Reading<\/a><\/p>\n","protected":false},"author":624,"featured_media":0,"parent":268,"menu_order":12,"comment_status":"open","ping_status":"open","template":"","meta":{"inline_featured_image":false,"ngg_post_thumbnail":0,"footnotes":""},"class_list":["post-2545","page","type-page","status-publish","hentry"],"_links":{"self":[{"href":"https:\/\/www2.unifap.br\/ppgcf\/wp-json\/wp\/v2\/pages\/2545","targetHints":{"allow":["GET"]}}],"collection":[{"href":"https:\/\/www2.unifap.br\/ppgcf\/wp-json\/wp\/v2\/pages"}],"about":[{"href":"https:\/\/www2.unifap.br\/ppgcf\/wp-json\/wp\/v2\/types\/page"}],"author":[{"embeddable":true,"href":"https:\/\/www2.unifap.br\/ppgcf\/wp-json\/wp\/v2\/users\/624"}],"replies":[{"embeddable":true,"href":"https:\/\/www2.unifap.br\/ppgcf\/wp-json\/wp\/v2\/comments?post=2545"}],"version-history":[{"count":9,"href":"https:\/\/www2.unifap.br\/ppgcf\/wp-json\/wp\/v2\/pages\/2545\/revisions"}],"predecessor-version":[{"id":2680,"href":"https:\/\/www2.unifap.br\/ppgcf\/wp-json\/wp\/v2\/pages\/2545\/revisions\/2680"}],"up":[{"embeddable":true,"href":"https:\/\/www2.unifap.br\/ppgcf\/wp-json\/wp\/v2\/pages\/268"}],"wp:attachment":[{"href":"https:\/\/www2.unifap.br\/ppgcf\/wp-json\/wp\/v2\/media?parent=2545"}],"curies":[{"name":"wp","href":"https:\/\/api.w.org\/{rel}","templated":true}]}}