{"id":266,"date":"2014-12-12T17:42:49","date_gmt":"2014-12-12T17:42:49","guid":{"rendered":"http:\/\/www2.unifap.br\/ppgcf\/?page_id=266"},"modified":"2026-04-12T15:18:57","modified_gmt":"2026-04-12T15:18:57","slug":"fale-conosco","status":"publish","type":"page","link":"https:\/\/www2.unifap.br\/ppgcf\/fale-conosco\/","title":{"rendered":"Contato"},"content":{"rendered":"<h4><strong><a href=\"http:\/\/www2.unifap.br\/ppgcf\/\">Programa de P\u00f3s-Gradua\u00e7\u00e3o em Ci\u00eancias Farmac\u00eauticas &#8211; PPGCF<\/a><\/strong><\/h4>\n<p>Rod. Josmar Chaves Pinto, KM-02 &#8211; Jardim Marco Zero<\/p>\n<p>Campus Universit\u00e1rio Marco Zero do Equador \u2013 CEP: 68.903-419 \u2013 Macap\u00e1 \u2013 AP \u2013 Brasil<\/p>\n<p>Bloco do Departamento de Ci\u00eancias Biol\u00f3gicas e da Sa\u00fade (Pr\u00f3ximo \u00e0 Unidade B\u00e1sica de Sa\u00fade)<\/p>\n<p>E-mail: ppgcf@unifap.br<\/p>\n<p>Coordenadora do PPGCF: Profa. Dra. Lorane Izabel da Silva Hage Melim<\/p>\n<p>E-mail: lorane@unifap.br ou loranehage@gmail.com<\/p>\n<p>Vice-Coordenador do PPGCF: Prof. Dr. Irlon Maciel Ferreira<\/p>\n<p>E-mail: irlon.ferreira@unifap.br ou irlon.ferreira@gmail.com<\/p>\n<p>Secret\u00e1ria do PPGCF: Dra. Rosemary de Carvalho Rocha Koga<\/p>\n<p>E-mail: rosemarykoga@unifap.br<\/p>\n<p>&nbsp;<\/p>\n<h4><strong><a href=\"http:\/\/www2.unifap.br\/dpg\/\">Departamento de P\u00f3s-Gradua\u00e7\u00e3o<\/a><\/strong><\/h4>\n<p>Rod. Josmar Chaves Pinto, KM-02 \u2013 Jardim Marco Zero<\/p>\n<p>Campus Universit\u00e1rio Marco Zero do Equador \u2013 CEP: 68.903-419 \u2013 Macap\u00e1 \u2013 AP \u2013 Brasil<\/p>\n<p>E-mail: dpg@unifap.br<\/p>\n<p>Diretor de P\u00f3s-Gradua\u00e7\u00e3o: Prof. Dr. <span class=\"gs_tkn\">Renan&nbsp;<\/span><span class=\"gs_tkn\">Lima&nbsp;<\/span><span class=\"gs_tkn\">Monteiro<\/span><\/p>\n<p>E-mail: renan.monteiro@unifap.br<\/p>\n<p>Secret\u00e1ria-Geral da P\u00f3s-Gradua\u00e7\u00e3o: Luciana Souza Reis Santos<\/p>\n<p>E-mail:&nbsp;lucianareis@unifap.br<\/p>\n<p>&nbsp;<\/p>\n<h4><strong><a href=\"http:\/\/www.unifap.br\/public\/index\/proreitorias\/sigla\/propespg\">Pr\u00f3-Reitoria de Pesquisa e P\u00f3s-Gradua\u00e7\u00e3o<\/a><\/strong><\/h4>\n<p>Rod. Josmar Chaves Pinto, KM-02 \u2013 Jardim Marco Zero<\/p>\n<p>Campus Universit\u00e1rio Marco Zero do Equador \u2013 CEP: 68.903-419 \u2013 Macap\u00e1 \u2013 AP \u2013 Brasil<\/p>\n<p>E-mail:&nbsp;propespg@unifap.br<\/p>\n<p>Pr\u00f3-Reitor:&nbsp;<\/p>\n<p>E-mail:&nbsp;<\/p>\n<p><span style=\"color: #808080\">&nbsp;<\/span><\/p>\n<h4><strong><a href=\"http:\/\/www.unifap.br\/\">Universidade Federal do Amap\u00e1- UNIFAP<\/a><\/strong><\/h4>\n<p>Rod. Josmar Chaves Pinto, KM-02 \u2013 Jardim Marco Zero<\/p>\n<p>Campus Universit\u00e1rio Marco Zero do Equador \u2013 CEP: 68.903-419 \u2013 Macap\u00e1 \u2013 AP \u2013 Brasil<\/p>\n<p>Fone: +55 (96) 3312-1700<\/p>\n<p>E-mail:&nbsp;unifap@unifap.br<\/p>\n<p>Reitor: Prof. Dr. J\u00falio S\u00e1<\/p>\n<p><span style=\"line-height: 1.5em\">Vice-Reitora: Profa. Dra.&nbsp;<\/span><\/p>\n<p>&nbsp;<\/p>\n<p>&nbsp;<\/p>\n<p>&nbsp;<\/p>\n","protected":false},"excerpt":{"rendered":"<p>Programa de P\u00f3s-Gradua\u00e7\u00e3o em Ci\u00eancias Farmac\u00eauticas &#8211; PPGCF Rod. Josmar Chaves Pinto, KM-02 &#8211; Jardim Marco Zero Campus Universit\u00e1rio Marco Zero do Equador \u2013 CEP: 68.903-419 \u2013 Macap\u00e1 \u2013 AP \u2013 Brasil Bloco do Departamento de Ci\u00eancias Biol\u00f3gicas e da&hellip; <\/p>\n<p><a href=\"https:\/\/www2.unifap.br\/ppgcf\/fale-conosco\/\" class=\"readmore-button\">Continue Reading<\/a><\/p>\n","protected":false},"author":624,"featured_media":0,"parent":0,"menu_order":16,"comment_status":"open","ping_status":"closed","template":"","meta":{"inline_featured_image":false,"ngg_post_thumbnail":0,"footnotes":""},"class_list":["post-266","page","type-page","status-publish","hentry"],"_links":{"self":[{"href":"https:\/\/www2.unifap.br\/ppgcf\/wp-json\/wp\/v2\/pages\/266","targetHints":{"allow":["GET"]}}],"collection":[{"href":"https:\/\/www2.unifap.br\/ppgcf\/wp-json\/wp\/v2\/pages"}],"about":[{"href":"https:\/\/www2.unifap.br\/ppgcf\/wp-json\/wp\/v2\/types\/page"}],"author":[{"embeddable":true,"href":"https:\/\/www2.unifap.br\/ppgcf\/wp-json\/wp\/v2\/users\/624"}],"replies":[{"embeddable":true,"href":"https:\/\/www2.unifap.br\/ppgcf\/wp-json\/wp\/v2\/comments?post=266"}],"version-history":[{"count":28,"href":"https:\/\/www2.unifap.br\/ppgcf\/wp-json\/wp\/v2\/pages\/266\/revisions"}],"predecessor-version":[{"id":3997,"href":"https:\/\/www2.unifap.br\/ppgcf\/wp-json\/wp\/v2\/pages\/266\/revisions\/3997"}],"wp:attachment":[{"href":"https:\/\/www2.unifap.br\/ppgcf\/wp-json\/wp\/v2\/media?parent=266"}],"curies":[{"name":"wp","href":"https:\/\/api.w.org\/{rel}","templated":true}]}}