{"id":2707,"date":"2019-03-15T18:31:08","date_gmt":"2019-03-15T18:31:08","guid":{"rendered":"http:\/\/www2.unifap.br\/ppgcf\/?page_id=2707"},"modified":"2019-03-18T19:31:12","modified_gmt":"2019-03-18T19:31:12","slug":"processo-seletivo-demanda-social-2019","status":"publish","type":"page","link":"https:\/\/www2.unifap.br\/ppgcf\/processos-seletivos\/processo-seletivo-demanda-social-2019\/","title":{"rendered":"Processo Seletivo Demanda Social 2019"},"content":{"rendered":"<p>O Programa de P\u00f3s-gradua\u00e7\u00e3o em Ci\u00eancias Farmac\u00eauticas (PPGCF) torna p\u00fablica a abertura de inscri\u00e7\u00f5es e estabelece as normas para o processo de sele\u00e7\u00e3o interno de candidatos interessados em concorrer \u00e0s bolsas Demanda Social (CAPES) no \u00e2mbito do Curso de Mestrado do PPGCF.<\/p>\n<p>&nbsp;<\/p>\n<p>Per\u00edodo de inscri\u00e7\u00e3o: 16 de Mar\u00e7o de 2019.<\/p>\n<p>&nbsp;<\/p>\n<p><a href=\"http:\/\/www2.unifap.br\/ppgcf\/files\/2019\/03\/01-Edital_N_01-2019-PPGCF-UNIFAP_Selecao-para-Bolsas-DS.pdf\">\u2192 Edital N\u00ba 01\/2019-PPGCF\/UNIFAP \u2013 Processo Seletivo Interno para Concess\u00e3o de Bolsas DS\/CAPES (PPGCF)<\/a><\/p>\n<p><a href=\"http:\/\/www2.unifap.br\/ppgcf\/files\/2019\/03\/02-Edital_N_01-2019-PPGCF-UNIFAP_Anexo-I_Formulario-de-Inscricao.pdf\">\u2192 Edital N\u00ba 01\/2019-PPGCF\/UNIFAP \u2013 Anexo I \u2013 Formul\u00e1rio de Inscri\u00e7\u00e3o<\/a><\/p>\n<p><a href=\"http:\/\/www2.unifap.br\/ppgcf\/files\/2019\/03\/03-Edital_N_01-2019-PPGCF-UNIFAP_Anexo-II_Termo-de-Compromisso.pdf\">\u2192 Edital N\u00ba 01\/2019-PPGCF\/UNIFAP \u2013 Anexo II \u2013 Termo de Compromisso<\/a><\/p>\n<p><a href=\"http:\/\/www2.unifap.br\/ppgcf\/files\/2019\/03\/BOLSA-DEMANDA-SOCIAL-CAPES-DS-CAPES-TERMOS-DE-CIENCIA.pdf\">Bolsas Demanda Social Capes (DS\/Capes) &#8211; Termos de Ci\u00eancia<\/a><\/p>\n<p><a href=\"http:\/\/www2.unifap.br\/ppgcf\/files\/2019\/03\/04-EDITAL-N-01_2019-PPGCF_UNIFAP-BOLSAS-DEMANDA-SOCIAL-RESULTADO-PRELIMINAR.pdf\">\u2192 Resultado Preliminar \u2013 Processo Seletivo Interno para Concess\u00e3o de Bolsas CAPES (PPGCF 2019)<\/a><\/p>\n<p><a href=\"http:\/\/www2.unifap.br\/ppgcf\/files\/2019\/03\/05-EDITAL-N-01_2019-PPGCF_UNIFAP-BOLSAS-DEMANDA-SOCIAL-RESULTADO-FINAL.pdf\">\u2192 Resultado Final \u2013 Processo Seletivo Interno para Concess\u00e3o de Bolsas CAPES (PPGCF 2019)<\/a><\/p>\n<p>.<\/p>\n<p>.<\/p>\n<p><strong>\u2013 Para concess\u00e3o da bolsa dever\u00e3o ser entregues na Coordena\u00e7\u00e3o do Programa os seguintes documentos:<\/strong><\/p>\n<p>1) C\u00f3pia e original do RG;<\/p>\n<p>2) C\u00f3pia e original do CPF;<\/p>\n<p>3) C\u00f3pia e original do Comprovante de Resid\u00eancia;<\/p>\n<p>4) Declara\u00e7\u00e3o que n\u00e3o possui v\u00ednculo empregat\u00edcio;<\/p>\n<p>5)\u00a0C\u00f3pia do cart\u00e3o banc\u00e1rio, n\u00famero da conta e ag\u00eancia banc\u00e1ria (somente Banco do Brasil) (no nome do aluno);<\/p>\n<p>6) Termo de Compromisso devidamente preenchido (Anexo II);<\/p>\n<p>7) Formul\u00e1rio para Cadastramento de Bolsista devidamente preenchido (<a href=\"http:\/\/www2.unifap.br\/ppgcf\/files\/2016\/03\/Formulario-para-cadastramento-de-bolsista.xls\">dispon\u00edvel aqui<\/a>);<\/p>\n<p>8) Assinatura dos dois Termos de Ci\u00eancia\u00a0<a href=\"http:\/\/www2.unifap.br\/ppgcf\/files\/2018\/04\/BOLSA-DEMANDA-SOCIAL-CAPES-DS-CAPES-TERMOS-DE-CI%C3%8ANCIA.pdf\">dispon\u00edveis clicando aqui<\/a>.<\/p>\n","protected":false},"excerpt":{"rendered":"<p>O Programa de P\u00f3s-gradua\u00e7\u00e3o em Ci\u00eancias Farmac\u00eauticas (PPGCF) torna p\u00fablica a abertura de inscri\u00e7\u00f5es e estabelece as normas para o processo de sele\u00e7\u00e3o interno de candidatos interessados em concorrer \u00e0s bolsas Demanda Social (CAPES) no \u00e2mbito do Curso de Mestrado&hellip; <\/p>\n<p><a href=\"https:\/\/www2.unifap.br\/ppgcf\/processos-seletivos\/processo-seletivo-demanda-social-2019\/\" class=\"readmore-button\">Continue Reading<\/a><\/p>\n","protected":false},"author":624,"featured_media":0,"parent":268,"menu_order":13,"comment_status":"closed","ping_status":"closed","template":"","meta":{"inline_featured_image":false,"ngg_post_thumbnail":0,"footnotes":""},"class_list":["post-2707","page","type-page","status-publish","hentry"],"_links":{"self":[{"href":"https:\/\/www2.unifap.br\/ppgcf\/wp-json\/wp\/v2\/pages\/2707","targetHints":{"allow":["GET"]}}],"collection":[{"href":"https:\/\/www2.unifap.br\/ppgcf\/wp-json\/wp\/v2\/pages"}],"about":[{"href":"https:\/\/www2.unifap.br\/ppgcf\/wp-json\/wp\/v2\/types\/page"}],"author":[{"embeddable":true,"href":"https:\/\/www2.unifap.br\/ppgcf\/wp-json\/wp\/v2\/users\/624"}],"replies":[{"embeddable":true,"href":"https:\/\/www2.unifap.br\/ppgcf\/wp-json\/wp\/v2\/comments?post=2707"}],"version-history":[{"count":4,"href":"https:\/\/www2.unifap.br\/ppgcf\/wp-json\/wp\/v2\/pages\/2707\/revisions"}],"predecessor-version":[{"id":2720,"href":"https:\/\/www2.unifap.br\/ppgcf\/wp-json\/wp\/v2\/pages\/2707\/revisions\/2720"}],"up":[{"embeddable":true,"href":"https:\/\/www2.unifap.br\/ppgcf\/wp-json\/wp\/v2\/pages\/268"}],"wp:attachment":[{"href":"https:\/\/www2.unifap.br\/ppgcf\/wp-json\/wp\/v2\/media?parent=2707"}],"curies":[{"name":"wp","href":"https:\/\/api.w.org\/{rel}","templated":true}]}}