{"id":271,"date":"2014-12-12T18:03:59","date_gmt":"2014-12-12T18:03:59","guid":{"rendered":"http:\/\/www2.unifap.br\/ppgcf\/?page_id=271"},"modified":"2015-02-12T13:43:36","modified_gmt":"2015-02-12T13:43:36","slug":"processo-seletivo-2015","status":"publish","type":"page","link":"https:\/\/www2.unifap.br\/ppgcf\/processos-seletivos\/processo-seletivo-2015\/","title":{"rendered":"Processo Seletivo 2015"},"content":{"rendered":"<p style=\"text-align: justify\">&#8211; Per\u00edodo de Inscri\u00e7\u00e3o: 24 de Novembro a 01 de Dezembro de 2014.<\/p>\n<p style=\"text-align: justify\">&#8211; N\u00ba de Vagas: 27 (vinte e sete) &#8211; distribu\u00eddas conforme disponibilidade dos orientadores.<\/p>\n<p style=\"text-align: justify\">\n<p>\u2192\u00a0<a href=\"http:\/\/www2.unifap.br\/ppgcf\/files\/2014\/12\/1_Edital-PPGCF-2015.pdf\">Edital DPG N\u00ba 010\/2014 &#8211; Processo Seletivo 2015<\/a><\/p>\n<p>\u2192\u00a0<a href=\"http:\/\/www2.unifap.br\/ppgcf\/files\/2014\/12\/2_Retifica\u00e7\u00e3o_Edital-10_2014.pdf\">Retifica\u00e7\u00e3o do Edital DPG N\u00ba 010\/2014<\/a><\/p>\n<p>\u2192\u00a0<a href=\"http:\/\/www2.unifap.br\/ppgcf\/files\/2014\/12\/3_2\u00aa-Retifica\u00e7\u00e3o_Edital-10_2014.pdf\">2\u00aa Retifica\u00e7\u00e3o do Edital DPG N\u00ba 010\/2014<\/a><\/p>\n<p>\u2192\u00a0<a href=\"http:\/\/www2.unifap.br\/ppgcf\/files\/2014\/12\/4_EDITAL-DPG-010_2014-PPGCF_-_INSCRICOES_HOMOLOGADAS.pdf\">Homologa\u00e7\u00e3o das Inscri\u00e7\u00f5es &#8211; Edital DPG N\u00ba 010\/2014<\/a><\/p>\n<p>\u2192\u00a0<a href=\"http:\/\/www2.unifap.br\/ppgcf\/files\/2014\/12\/5_LOCAL_DAS_PROVAS_-_EDITAL_DPG_N\u00ba_010-2014_-_PROCESSO_SELETIVO_PPGCF_2015-1.pdf\">Local das Provas &#8211; Edital PDG N\u00ba 010\/2014<\/a><\/p>\n<p>\u2192\u00a0<a href=\"http:\/\/www2.unifap.br\/ppgcf\/files\/2014\/12\/6_EDITAL_DPG_010-2014_PPGCF-DIVULGA\u00c7\u00c3O_DOS_ARTIGOS_SORTEADOS_PARA_PROVA_TEM\u00c1TICA.pdf\">Artigos Sorteados para Prova Tem\u00e1tica &#8211; Edital DPG N\u00ba 010\/2014<\/a><\/p>\n<p>\u2192\u00a0<a href=\"http:\/\/www2.unifap.br\/ppgcf\/files\/2014\/12\/7_EDITAL_DPG_010_2014-PPGCF_-_CANDIDATOS-CLASSIFICADOS-NAS-PROVAS-DE-INGL\u00caS-E-TEM\u00c1TICA.pdf\">Candidatos Classificados nas Provas de L\u00edngua Estrangeira e Tem\u00e1tica<\/a><a href=\"http:\/\/www2.unifap.br\/ppgcf\/files\/2014\/12\/7_EDITAL_DPG_010_2014-PPGCF_-_CANDIDATOS-CLASSIFICADOS-NAS-PROVAS-DE-INGL\u00caS-E-TEM\u00c1TICA.pdf\"><br \/>\n<\/a><\/p>\n<p>\u2192\u00a0<a href=\"http:\/\/www2.unifap.br\/ppgcf\/files\/2014\/12\/EDITAL_DPG_010_2014-PPGCF_-_LOCAL_DE_REALIZA\u00c7\u00c3O_DAS_ENTREVISTAS.pdf\">Local de Realiza\u00e7\u00e3o das Entrevistas &#8211; Edital DPG N\u00ba 10\/2014<\/a><\/p>\n<p>\u2192\u00a0<a href=\"http:\/\/www2.unifap.br\/ppgcf\/files\/2014\/12\/EDITAL-DPG-010_2014-PPGCF-CANDIDATOS-CLASSIFICADOS-NAS-PROVAS-DE-INGL\u00caS-E-TEM\u00c1TICA-RETIFICADO.pdf\">Candidatos Classificados nas Provas de L\u00edngua Estrangeira e Tem\u00e1tica (Retificado)<\/a><a href=\"http:\/\/www2.unifap.br\/ppgcf\/files\/2014\/12\/EDITAL-DPG-010_2014-PPGCF-CANDIDATOS-CLASSIFICADOS-NAS-PROVAS-DE-INGL\u00caS-E-TEM\u00c1TICA-RETIFICADO.pdf\"><br \/>\n<\/a><\/p>\n<p>\u2192\u00a0<a href=\"http:\/\/www2.unifap.br\/ppgcf\/files\/2014\/12\/EDITAL_DPG_010_2014-PPGCF_-_LOCAL_DE_REALIZA\u00c7\u00c3O_DAS_ENTREVISTAS-2\u00ba-DIA.pdf\">Local de Realiza\u00e7\u00e3o das Entrevistas (2\u00ba Dia) &#8211; Edital DPG N\u00ba 10\/2014<\/a><\/p>\n<p>\u2192\u00a0<a href=\"http:\/\/www2.unifap.br\/ppgcf\/files\/2014\/12\/EDITAL-DPG-010_2014-PPGCF-RESULTADO-DAS-ENTREVISTAS-E-AN\u00c1LISE-CURRICULAR.pdf\">Candidatos Classificados nas Entrevistas e An\u00e1lise Curricular &#8211; Edital DPG N\u00ba 10\/2014<\/a><\/p>\n<p>\u2192\u00a0<a href=\"http:\/\/www2.unifap.br\/ppgcf\/files\/2014\/12\/EDITAL-DPG-010_2014-PPGCF-RESULTADO-DAS-ENTREVISTAS-E-AN\u00c1LISE-CURRICULAR-RETIFICADO1.pdf\">Candidatos Classificados nas Entrevistas e An\u00e1lise Curricular (Retificado) &#8211; Edital DPG N\u00ba 10\/2014<\/a><\/p>\n<p>\u2192\u00a0<a href=\"http:\/\/www2.unifap.br\/ppgcf\/files\/2014\/12\/EDITAL-DPG-010_2014-PPGCF-RESULTADO-FINAL1.pdf\">Resultado Final &#8211; Edital DPG N\u00ba 10\/2014<\/a><\/p>\n<p>&nbsp;<\/p>\n<p>\u2192\u00a0<a href=\"http:\/\/www2.unifap.br\/ppgcf\/files\/2015\/02\/Edital-de-Convoca%C3%A7%C3%A3o-006_2015_Ci%C3%AAncias-Farmac%C3%AAuticas.pdf\">Edital 006\/2015-DERCA \u2013 Convoca\u00e7\u00e3o para Matr\u00edcula<\/a><\/p>\n","protected":false},"excerpt":{"rendered":"<p>&#8211; Per\u00edodo de Inscri\u00e7\u00e3o: 24 de Novembro a 01 de Dezembro de 2014. &#8211; N\u00ba de Vagas: 27 (vinte e sete) &#8211; distribu\u00eddas conforme disponibilidade dos orientadores. \u2192\u00a0Edital DPG N\u00ba 010\/2014 &#8211; Processo Seletivo 2015 \u2192\u00a0Retifica\u00e7\u00e3o do Edital DPG N\u00ba&hellip; <\/p>\n<p><a href=\"https:\/\/www2.unifap.br\/ppgcf\/processos-seletivos\/processo-seletivo-2015\/\" class=\"readmore-button\">Continue Reading<\/a><\/p>\n","protected":false},"author":624,"featured_media":0,"parent":268,"menu_order":1,"comment_status":"open","ping_status":"open","template":"","meta":{"inline_featured_image":false,"ngg_post_thumbnail":0,"footnotes":""},"class_list":["post-271","page","type-page","status-publish","hentry"],"_links":{"self":[{"href":"https:\/\/www2.unifap.br\/ppgcf\/wp-json\/wp\/v2\/pages\/271","targetHints":{"allow":["GET"]}}],"collection":[{"href":"https:\/\/www2.unifap.br\/ppgcf\/wp-json\/wp\/v2\/pages"}],"about":[{"href":"https:\/\/www2.unifap.br\/ppgcf\/wp-json\/wp\/v2\/types\/page"}],"author":[{"embeddable":true,"href":"https:\/\/www2.unifap.br\/ppgcf\/wp-json\/wp\/v2\/users\/624"}],"replies":[{"embeddable":true,"href":"https:\/\/www2.unifap.br\/ppgcf\/wp-json\/wp\/v2\/comments?post=271"}],"version-history":[{"count":16,"href":"https:\/\/www2.unifap.br\/ppgcf\/wp-json\/wp\/v2\/pages\/271\/revisions"}],"predecessor-version":[{"id":287,"href":"https:\/\/www2.unifap.br\/ppgcf\/wp-json\/wp\/v2\/pages\/271\/revisions\/287"}],"up":[{"embeddable":true,"href":"https:\/\/www2.unifap.br\/ppgcf\/wp-json\/wp\/v2\/pages\/268"}],"wp:attachment":[{"href":"https:\/\/www2.unifap.br\/ppgcf\/wp-json\/wp\/v2\/media?parent=271"}],"curies":[{"name":"wp","href":"https:\/\/api.w.org\/{rel}","templated":true}]}}