{"id":3120,"date":"2020-10-17T19:31:33","date_gmt":"2020-10-17T19:31:33","guid":{"rendered":"http:\/\/www2.unifap.br\/ppgcf\/?page_id=3120"},"modified":"2020-10-27T01:11:02","modified_gmt":"2020-10-27T01:11:02","slug":"laboratorios","status":"publish","type":"page","link":"https:\/\/www2.unifap.br\/ppgcf\/laboratorios\/","title":{"rendered":"Laborat\u00f3rios"},"content":{"rendered":"\t\t<div data-elementor-type=\"wp-page\" data-elementor-id=\"3120\" class=\"elementor elementor-3120\">\n\t\t\t\t\t\t<section class=\"elementor-section elementor-top-section elementor-element elementor-element-d6fd27d elementor-section-boxed elementor-section-height-default elementor-section-height-default\" data-id=\"d6fd27d\" data-element_type=\"section\" data-e-type=\"section\">\n\t\t\t\t\t\t<div class=\"elementor-container elementor-column-gap-default\">\n\t\t\t\t\t<div class=\"elementor-column elementor-col-100 elementor-top-column elementor-element elementor-element-c2ce94c\" data-id=\"c2ce94c\" data-element_type=\"column\" data-e-type=\"column\">\n\t\t\t<div class=\"elementor-widget-wrap elementor-element-populated\">\n\t\t\t\t\t\t<div class=\"elementor-element elementor-element-9352e1a elementor-invisible elementor-widget elementor-widget-accordion\" data-id=\"9352e1a\" data-element_type=\"widget\" data-e-type=\"widget\" data-settings=\"{&quot;_animation&quot;:&quot;fadeIn&quot;}\" data-widget_type=\"accordion.default\">\n\t\t\t\t<div class=\"elementor-widget-container\">\n\t\t\t\t\t\t\t<div class=\"elementor-accordion\">\n\t\t\t\t\t\t\t<div class=\"elementor-accordion-item\">\n\t\t\t\t\t<div id=\"elementor-tab-title-1541\" class=\"elementor-tab-title\" data-tab=\"1\" role=\"button\" aria-controls=\"elementor-tab-content-1541\" aria-expanded=\"false\">\n\t\t\t\t\t\t\t\t\t\t\t\t\t<span class=\"elementor-accordion-icon elementor-accordion-icon-left\" aria-hidden=\"true\">\n\t\t\t\t\t\t\t\t\t\t\t\t\t\t\t<span class=\"elementor-accordion-icon-closed\"><i class=\"fas fa-plus\"><\/i><\/span>\n\t\t\t\t\t\t\t\t<span class=\"elementor-accordion-icon-opened\"><i class=\"fas fa-minus\"><\/i><\/span>\n\t\t\t\t\t\t\t\t\t\t\t\t\t\t<\/span>\n\t\t\t\t\t\t\t\t\t\t\t\t<a class=\"elementor-accordion-title\" tabindex=\"0\">Labor\u00e1torio de Biocatalise e s\u00edntese org\u00e2nica Aplicada<\/a>\n\t\t\t\t\t<\/div>\n\t\t\t\t\t<div id=\"elementor-tab-content-1541\" class=\"elementor-tab-content elementor-clearfix\" data-tab=\"1\" role=\"region\" aria-labelledby=\"elementor-tab-title-1541\"><p><strong><span style=\"color: #3eb816\">Sigla:<\/span> <\/strong>BIORG<\/p><p><span style=\"color: #3eb816\"><strong>Respons\u00e1vel:<\/strong><\/span> Prof. Dr. Irlon Ferreira Maciel<\/p><p><span style=\"color: #3eb816\"><strong>Localiza\u00e7\u00e3o:<\/strong><\/span> Bloco N &#8211; Sala 2 &#8211; UNIFAP<\/p><p><span style=\"color: #3eb816\"><strong>E-mail:<\/strong><\/span> irlon.ferreira@gmail.com\/biorg@gmail.com<\/p><p><span style=\"color: #3eb816\"><strong>P\u00e1gina:<\/strong> <\/span>https:\/\/biorg1.wixsite.com\/biorg\/o-grupo<\/p><p><span style=\"color: #3eb816\"><strong>Telefone:<\/strong> <\/span>(96) 991232182<\/p><p><span style=\"color: #3eb816\"><strong>Descri\u00e7\u00e3o: <\/strong><\/span>O objetivo do Laborat\u00f3rio de Biocat\u00e1lise e S\u00edntese Org\u00e2nica Aplicada &#8211; UNIFAP \u00e9 envolver os princ\u00edpios da Qu\u00edmica Verde, nas diretrizes das seguintes Linhas de Pesquisa: 1) Biotransforma\u00e7\u00e3o de compostos org\u00e2nicos por fundos endof\u00edticos isolados do a\u00e7aizeiro e das sementes da Castanha-do-Brasil; 2) Biocat\u00e1lise e semi-s\u00edntese de substancias bioativas; 3) Incorpora\u00e7\u00e3o e imobiliza\u00e7\u00e3o de enzimas e substancias bioativas em matrizes biopolim\u00e9ricas (fibro\u00edna da seda ou quitosana).Possui colabora\u00e7\u00f5es no Grupo de Qu\u00edmica Org\u00e2nica e Biocat\u00e1lise &#8211; USP; Laborat\u00f3rio de Artr\u00f3podes; Laborat\u00f3rio de Biologia Estrutural &#8211; UFPA; Nanobiotecnologia Fitofarmac\u00eautica &#8211; UNIFAP; Laborat\u00f3rio de Neuroqu\u00edmica e Biologia Celular &#8211; UFPA. Al\u00e9m disso, oportunizar aos estudantes, um aperfei\u00e7oamento acad\u00eamico, fortalecimento do espirito cient\u00edfico-investigativo, ampliar a rede entre os grupos de pesquisa envolvidos e impulsionar o Estado do Amap\u00e1 no desenvolvimento da ci\u00eancia brasileira.<\/p><\/div>\n\t\t\t\t<\/div>\n\t\t\t\t\t\t\t<div class=\"elementor-accordion-item\">\n\t\t\t\t\t<div id=\"elementor-tab-title-1542\" class=\"elementor-tab-title\" data-tab=\"2\" role=\"button\" aria-controls=\"elementor-tab-content-1542\" aria-expanded=\"false\">\n\t\t\t\t\t\t\t\t\t\t\t\t\t<span class=\"elementor-accordion-icon elementor-accordion-icon-left\" aria-hidden=\"true\">\n\t\t\t\t\t\t\t\t\t\t\t\t\t\t\t<span class=\"elementor-accordion-icon-closed\"><i class=\"fas fa-plus\"><\/i><\/span>\n\t\t\t\t\t\t\t\t<span class=\"elementor-accordion-icon-opened\"><i class=\"fas fa-minus\"><\/i><\/span>\n\t\t\t\t\t\t\t\t\t\t\t\t\t\t<\/span>\n\t\t\t\t\t\t\t\t\t\t\t\t<a class=\"elementor-accordion-title\" tabindex=\"0\">Farmacot\u00e9cnica e Tecnologia Farmac\u00eautica<\/a>\n\t\t\t\t\t<\/div>\n\t\t\t\t\t<div id=\"elementor-tab-content-1542\" class=\"elementor-tab-content elementor-clearfix\" data-tab=\"2\" role=\"region\" aria-labelledby=\"elementor-tab-title-1542\"><p><strong><span style=\"color: #3eb816\">Sigla:&nbsp;<\/span><\/strong>LFTF<\/p>\n<p><span style=\"color: #3eb816\"><strong>Respons\u00e1vel:<\/strong><\/span>&nbsp;Profa. Dra. Raquel Silva Ara\u00fajo<\/p>\n<p><span style=\"color: #3eb816\"><strong>Localiza\u00e7\u00e3o:<\/strong><\/span> Bloco Farm\u00e1cia &#8211; UNIFAP<\/p>\n<p><span style=\"color: #3eb816\"><strong>E-mail:<\/strong><\/span> raquel.araujo@unifap.com<\/p>\n<p><span style=\"color: #3eb816\"><strong>P\u00e1gina:<\/strong>&nbsp;<\/span><\/p>\n<p><span style=\"color: #3eb816\"><strong>Telefone:<\/strong> <\/span>(96) 981001082<\/p>\n<p><span style=\"color: #3eb816\"><strong>Descri\u00e7\u00e3o:<\/strong><\/span> O objetivo do Laborat\u00f3rio de Farmacot\u00e9cnica e Tecnologia Farmac\u00eautica\u2013 UNIFAP \u00e9 oferecer \u00e0 comunidade acad\u00eamica experi\u00eancia te\u00f3rico-pr\u00e1tica sobre a manipula\u00e7\u00e3o de formas farmac\u00eauticas alop\u00e1ticas, homeop\u00e1ticas e cosm\u00e9ticas. Al\u00e9m disso, tem o objetivo de contemplar a pesquisa e extens\u00e3o nas seguintes linhas: 1) Nanobiotecnologia 2)Desenvolvimento e caracteriza\u00e7\u00e3o de novas formas farmac\u00eauticas.&nbsp; Possui colabora\u00e7\u00f5es com Laborat\u00f3rio de Pesquisa em F\u00e1rmacos \u2013UNIFAP; Nanobiotecnologia Fitofarmac\u00eautica (Nanofito)\u2013 UNIFAP; N\u00facleo de Engenharia de Materiais Sustent\u00e1veis &#8211; NEMaS- UEAP; Laborat\u00f3rio de Radiof\u00e1rmacos e Tecnologia Farmac\u00eautica- UFMG, Laborat\u00f3rio P&amp;D Farmacot\u00e9cnico \u2013 FCFRP\/USP. Al\u00e9m disso, possibilita aos estudantes contato com v\u00e1rios grupos de pesquisa locais e de outras institui\u00e7\u00f5es ampliando o horizonte profissional, cient\u00edfico e, consequentemente a pesquisa na UNIFAP.<\/p><\/div>\n\t\t\t\t<\/div>\n\t\t\t\t\t\t\t\t<\/div>\n\t\t\t\t\t\t<\/div>\n\t\t\t\t<\/div>\n\t\t\t\t\t<\/div>\n\t\t<\/div>\n\t\t\t\t\t<\/div>\n\t\t<\/section>\n\t\t\t\t<\/div>\n\t\t","protected":false},"excerpt":{"rendered":"<p>Labor\u00e1torio de Biocatalise e s\u00edntese org\u00e2nica Aplicada Sigla: BIORG Respons\u00e1vel: Prof. Dr. Irlon Ferreira Maciel Localiza\u00e7\u00e3o: Bloco N &#8211; Sala 2 &#8211; UNIFAP E-mail: irlon.ferreira@gmail.com\/biorg@gmail.com P\u00e1gina: https:\/\/biorg1.wixsite.com\/biorg\/o-grupo Telefone: (96) 991232182 Descri\u00e7\u00e3o: O objetivo do Laborat\u00f3rio de Biocat\u00e1lise e S\u00edntese Org\u00e2nica&hellip; <\/p>\n<p><a href=\"https:\/\/www2.unifap.br\/ppgcf\/laboratorios\/\" class=\"readmore-button\">Continue Reading<\/a><\/p>\n","protected":false},"author":1887,"featured_media":0,"parent":0,"menu_order":0,"comment_status":"closed","ping_status":"closed","template":"","meta":{"inline_featured_image":false,"ngg_post_thumbnail":0,"footnotes":""},"class_list":["post-3120","page","type-page","status-publish","hentry"],"_links":{"self":[{"href":"https:\/\/www2.unifap.br\/ppgcf\/wp-json\/wp\/v2\/pages\/3120","targetHints":{"allow":["GET"]}}],"collection":[{"href":"https:\/\/www2.unifap.br\/ppgcf\/wp-json\/wp\/v2\/pages"}],"about":[{"href":"https:\/\/www2.unifap.br\/ppgcf\/wp-json\/wp\/v2\/types\/page"}],"author":[{"embeddable":true,"href":"https:\/\/www2.unifap.br\/ppgcf\/wp-json\/wp\/v2\/users\/1887"}],"replies":[{"embeddable":true,"href":"https:\/\/www2.unifap.br\/ppgcf\/wp-json\/wp\/v2\/comments?post=3120"}],"version-history":[{"count":3,"href":"https:\/\/www2.unifap.br\/ppgcf\/wp-json\/wp\/v2\/pages\/3120\/revisions"}],"predecessor-version":[{"id":3136,"href":"https:\/\/www2.unifap.br\/ppgcf\/wp-json\/wp\/v2\/pages\/3120\/revisions\/3136"}],"wp:attachment":[{"href":"https:\/\/www2.unifap.br\/ppgcf\/wp-json\/wp\/v2\/media?parent=3120"}],"curies":[{"name":"wp","href":"https:\/\/api.w.org\/{rel}","templated":true}]}}