{"id":313,"date":"2014-12-12T19:27:10","date_gmt":"2014-12-12T19:27:10","guid":{"rendered":"http:\/\/www2.unifap.br\/ppgcf\/?page_id=313"},"modified":"2021-08-23T08:54:54","modified_gmt":"2021-08-23T08:54:54","slug":"defesa-de-dissertacao","status":"publish","type":"page","link":"https:\/\/www2.unifap.br\/ppgcf\/cronograma-qualificacaodefesas\/defesa-de-dissertacao\/","title":{"rendered":"Defesa de Disserta\u00e7\u00e3o"},"content":{"rendered":"<h3><strong>2021<\/strong><\/h3>\n<p style=\"margin: 0cm 0cm 0.0001pt;text-align: justify\"><span style=\"color: #000000\"><strong><span style=\"font-size: 10.5pt;font-family: Georgia, serif\">&#8211; Arlindo Cesar Matias Pereira Filho.<\/span><\/strong><\/span><\/p>\n<p style=\"margin: 0cm 0cm 0.0001pt;text-align: justify\"><span style=\"font-size: 10.5pt;font-family: Georgia, serif;color: #333333\">Data: 05 Maio de 2021 \u00e0s 09h00<\/span><\/p>\n<p style=\"margin: 0cm 0cm 0.0001pt;text-align: justify\"><span style=\"font-size: 10.5pt;font-family: Georgia, serif;color: #333333\">Orientador: Prof. Dr. Jos\u00e9 Carlos Tavares Carvalho.<\/span><\/p>\n<p style=\"margin: 0cm 0cm 0.0001pt;text-align: justify\"><span style=\"font-size: 10.5pt;font-family: Georgia, serif;color: #333333\">Tema: &#8220;Efeito do \u00c1lcool Per\u00edlico Sobre Convuls\u00f5es Epileptiformes Induzidas Por Pentilenotetrazol em Zebrafish (<em>Danio rerio<\/em>).<\/span><\/p>\n<p style=\"margin: 0cm 0cm 0.0001pt;text-align: justify\"><span style=\"font-family: Georgia, serif;font-size: 10.5pt\"><span style=\"color: #333333\">Divulga\u00e7\u00e3o [aqui].<\/span><\/span><\/p>\n<p>&nbsp;<\/p>\n<p style=\"margin: 0cm 0cm 0.0001pt;text-align: justify\"><span style=\"color: #000000\"><strong><span style=\"font-size: 10.5pt;font-family: Georgia, serif\">&#8211; Jeruza Ferraz Filgueiras Di Miceli.<\/span><\/strong><\/span><\/p>\n<p style=\"margin: 0cm 0cm 0.0001pt;text-align: justify\"><span style=\"font-size: 10.5pt;font-family: Georgia, serif;color: #333333\">Data: 28 Maio de 2021 \u00e0s 09h00.<\/span><\/p>\n<p style=\"margin: 0cm 0cm 0.0001pt;text-align: justify\"><span style=\"font-size: 10.5pt;font-family: Georgia, serif;color: #333333\">Orientador: Profa. Dra. Henrique Duarte da Fonseca Filho.<\/span><\/p>\n<p style=\"margin: 0cm 0cm 0.0001pt;text-align: justify\"><span style=\"font-size: 10.5pt;font-family: Georgia, serif;color: #333333\">Tema: &#8220;Desenvolvimento e avalia\u00e7\u00e3o de nanoc\u00e1psula contendo \u00f3leo do fruto de &nbsp;<em>Pterodon emarginatus Vogel<\/em> (SUCUPIRA-BRANCA) em modelo de mucosite intestinal induzida por cisplatina.&#8221;<br \/>\n<\/span><\/p>\n<p style=\"margin: 0cm 0cm 0.0001pt;text-align: justify\"><span style=\"font-size: 10.5pt;font-family: Georgia, serif\"><span style=\"color: #333333\">Divulga\u00e7\u00e3o [aqui].<\/span><\/span><\/p>\n<p>&nbsp;<\/p>\n<p style=\"margin: 0cm 0cm 0.0001pt;text-align: justify\"><span style=\"color: #000000\"><strong><span style=\"font-size: 10.5pt;font-family: Georgia, serif\">&#8211; Yesica Fernanda Quitian Useche.<\/span><\/strong><\/span><\/p>\n<p style=\"margin: 0cm 0cm 0.0001pt;text-align: justify\"><span style=\"font-size: 10.5pt;font-family: Georgia, serif;color: #333333\">Data: 13 de Agosto de 2021 \u00e0s 15h00.<\/span><\/p>\n<p style=\"margin: 0cm 0cm 0.0001pt;text-align: justify\"><span style=\"font-size: 10.5pt;font-family: Georgia, serif;color: #333333\">Orientador: Profa. Dra. Raphaelle Sousa Borges.<\/span><\/p>\n<p style=\"margin: 0cm 0cm 0.0001pt;text-align: justify\"><span style=\"font-size: 10.5pt;font-family: Georgia, serif;color: #333333\">Tema: &#8220;Fatty ethanolamide of <em>Bertholletia excelsa<\/em> triglycerides (Brazil nuts): Anti-inflammatory action and acute toxicity evaluation in zebrafish (<em>Danio rerio<\/em>).&#8221;<\/span><\/p>\n<p style=\"margin: 0cm 0cm 0.0001pt;text-align: justify\"><span style=\"font-size: 10.5pt;font-family: Georgia, serif\"><span style=\"color: #333333\">Divulga\u00e7\u00e3o [aqui].<\/span><\/span><\/p>\n<h3><strong>TURMA 2014<\/strong><\/h3>\n<p style=\"margin: 0cm 0cm 0.0001pt;text-align: justify\"><span style=\"color: #000000\"><strong><span style=\"font-size: 10.5pt;font-family: Georgia, serif\">&#8211; Glenda Quaresma Ramos.<\/span><\/strong><\/span><\/p>\n<p style=\"margin: 0cm 0cm 0.0001pt;text-align: justify\"><span style=\"font-size: 10.5pt;font-family: Georgia, serif;color: #333333\">Data: 16 Setembro de 2015 \u00e0s 09h00.<\/span><\/p>\n<p style=\"margin: 0cm 0cm 0.0001pt;text-align: justify\"><span style=\"font-size: 10.5pt;font-family: Georgia, serif;color: #333333\">Orientador: Prof. Dr. Henrique Duarte da Fonseca Filho.<\/span><\/p>\n<p style=\"margin: 0cm 0cm 0.0001pt;text-align: justify\"><span style=\"font-size: 10.5pt;font-family: Georgia, serif;color: #333333\">Tema: &#8220;Caracteriza\u00e7\u00e3o morfol\u00f3gica e qu\u00edmica de folhas de&nbsp;<em><span style=\"font-family: 'Georgia','serif'\">Anacardium occidentale&nbsp;<\/span><\/em>L.&#8221;<\/span><\/p>\n<p style=\"margin: 0cm 0cm 0.0001pt;text-align: justify\"><span style=\"font-size: 10.5pt;font-family: Georgia, serif\"><span style=\"color: #333333\">Divulga\u00e7\u00e3o [<a href=\"http:\/\/www2.unifap.br\/ppgcf\/files\/2014\/12\/Defesa-de-Disserta\u00e7\u00e3o-2015-09-16-09h00-Glenda-Quaresma-Ramos.pdf\"><span style=\"color: #333333\">aqui<\/span><\/a>].<\/span><\/span><\/p>\n<p style=\"margin: 0cm 0cm 0.0001pt;text-align: justify\"><span style=\"font-size: 10.5pt;font-family: Georgia, serif\">&nbsp;<\/span><\/p>\n<p style=\"margin: 0cm 0cm 0.0001pt;text-align: justify\"><span style=\"color: #000000\"><strong><span style=\"font-size: 10.5pt;font-family: Georgia, serif\">&#8211; Alex Bruno Lobato Rodrigues.<\/span><\/strong><\/span><\/p>\n<p style=\"margin: 0cm 0cm 0.0001pt;text-align: justify\"><span style=\"font-size: 10.5pt;font-family: Georgia, serif;color: #333333\">Data: 16 de Setembro de 2015 \u00e0s 15h00.<\/span><\/p>\n<p style=\"margin: 0cm 0cm 0.0001pt;text-align: justify\"><span style=\"font-size: 10.5pt;font-family: Georgia, serif;color: #333333\">Orientadora: Prof. Dra. Sheylla Susan Moreira da Silva de Almeida.<\/span><\/p>\n<p style=\"margin: 0cm 0cm 0.0001pt;text-align: justify\"><span style=\"font-size: 10.5pt;font-family: Georgia, serif;color: #333333\">Tema: &#8220;Estudo fitoqu\u00edmico, avalia\u00e7\u00e3o da atividade antioxidante e inseticida de \u00f3leos essenciais de morfotipos da esp\u00e9cie&nbsp;<em><span style=\"font-family: 'Georgia','serif'\">Ayapana triplinervis<\/span><\/em><span class=\"apple-converted-space\">&nbsp;<\/span>(Vahl) R. M. King &amp; H. Rob.&#8221;<\/span><\/p>\n<p style=\"margin: 0cm 0cm 0.0001pt;text-align: justify\"><span style=\"font-size: 10.5pt;font-family: Georgia, serif\"><span style=\"color: #333333\">Divulga\u00e7\u00e3o [<a href=\"http:\/\/www2.unifap.br\/ppgcf\/files\/2014\/12\/Defesa-de-Disserta\u00e7\u00e3o-2015-09-16-15h00-Alex-Bruno-Lobato-Rodrigues.pdf\"><span style=\"color: #333333\">aqui<\/span><\/a>].<\/span><\/span><\/p>\n<p style=\"margin: 0cm 0cm 0.0001pt;text-align: justify\"><span style=\"font-size: 10.5pt;font-family: Georgia, serif\">&nbsp;<\/span><\/p>\n<p style=\"margin: 0cm 0cm 0.0001pt;text-align: justify\"><span style=\"color: #000000\"><strong><span style=\"font-size: 10.5pt;font-family: Georgia, serif\">&#8211; Robert Saraiva Matos.<\/span><\/strong><\/span><\/p>\n<p style=\"margin: 0cm 0cm 0.0001pt;text-align: justify\"><span style=\"font-size: 10.5pt;font-family: Georgia, serif;color: #333333\">Data: 21 de Dezembro de 2015 \u00e0s 09h00.<\/span><\/p>\n<p style=\"margin: 0cm 0cm 0.0001pt;text-align: justify\"><span style=\"font-size: 10.5pt;font-family: Georgia, serif;color: #333333\">Orientador: Prof. Dr. Robert Ronald Magui\u00f1a Zamora.<\/span><\/p>\n<p style=\"margin: 0cm 0cm 0.0001pt;text-align: justify\"><span style=\"font-size: 10.5pt;font-family: Georgia, serif;color: #333333\">Tema: &#8220;Caracteriza\u00e7\u00e3o superficial de biofilmes de Kefir, a\u00e7ai (<em><span style=\"font-family: 'Georgia','serif'\">Euterpe oleracea Mart.<\/span><\/em>) e cupua\u00e7u (<em><span style=\"font-family: 'Georgia','serif'\">Theobroma grandiflorum Shum<\/span><\/em>).&#8221;<\/span><\/p>\n<p style=\"margin: 0cm 0cm 0.0001pt;text-align: justify\"><span style=\"font-size: 10.5pt;font-family: Georgia, serif\"><span style=\"color: #333333\">Divulga\u00e7\u00e3o [<a href=\"http:\/\/www2.unifap.br\/ppgcf\/files\/2014\/12\/Defesa-de-Disserta\u00e7\u00e3o-2015-12-21-09h00-Robert-Saraiva-Matos.pdf\"><span style=\"color: #333333\">aqui<\/span><\/a>].<\/span><\/span><\/p>\n<p style=\"margin: 0cm 0cm 0.0001pt;text-align: justify\"><span style=\"font-size: 10.5pt;font-family: Georgia, serif\">&nbsp;<\/span><\/p>\n<p style=\"margin: 0cm 0cm 0.0001pt;text-align: justify\"><span style=\"color: #000000\"><strong><span style=\"font-size: 10.5pt;font-family: Georgia, serif\">&#8211; Igor Victor Ferreira dos Santos.<\/span><\/strong><\/span><\/p>\n<p style=\"margin: 0cm 0cm 0.0001pt;text-align: justify\"><span style=\"font-size: 10.5pt;font-family: Georgia, serif;color: #333333\">Data: 15 de Janeiro de 2016 \u00e0s 15h00.<\/span><\/p>\n<p style=\"margin: 0cm 0cm 0.0001pt;text-align: justify\"><span style=\"font-size: 10.5pt;font-family: Georgia, serif;color: #333333\">Orientador: Prof. Dr. Jos\u00e9 Carlos Tavares Carvalho.<\/span><\/p>\n<p style=\"margin: 0cm 0cm 0.0001pt;text-align: justify\"><span style=\"font-size: 10.5pt;font-family: Georgia, serif;color: #333333\">Tema: &#8220;Estudo da toxidade aguda da fitoprepara\u00e7\u00e3o popular a base de leite de janaguba (<em><span style=\"font-family: 'Georgia','serif'\">Himatanthus drasticus<\/span><\/em>, Plumel 1990) em modelo de Zebrafish (Hamilton, 1822).&#8221;<\/span><\/p>\n<p style=\"margin: 0cm 0cm 0.0001pt;text-align: justify\"><span style=\"font-size: 10.5pt;font-family: Georgia, serif\"><span style=\"color: #333333\">Divulga\u00e7\u00e3o [<a href=\"http:\/\/www2.unifap.br\/ppgcf\/files\/2014\/12\/Defesa-de-Disserta\u00e7\u00e3o-2016-01-15-15h00-Igor-Victor-Ferreira-dos-Santos.pdf\"><span style=\"color: #333333\">aqui<\/span><\/a>].<\/span><\/span><\/p>\n<p style=\"margin: 0cm 0cm 0.0001pt;text-align: justify\"><span style=\"font-size: 10.5pt;font-family: Georgia, serif\">&nbsp;<\/span><\/p>\n<p style=\"margin: 0cm 0cm 0.0001pt;text-align: justify\"><span style=\"color: #000000\"><strong><span style=\"font-size: 10.5pt;font-family: Georgia, serif\">&#8211; Leandro Lima Castro.<\/span><\/strong><\/span><\/p>\n<p style=\"margin: 0cm 0cm 0.0001pt;text-align: justify\"><span style=\"font-size: 10.5pt;font-family: Georgia, serif;color: #333333\">Data: 10 de Mar\u00e7o de 2016.<\/span><\/p>\n<p style=\"margin: 0cm 0cm 0.0001pt;text-align: justify\"><span style=\"font-size: 10.5pt;font-family: Georgia, serif;color: #333333\">Orientadora: Profa. Dra. Lorane Izabel da Silva Hage Melim.<\/span><\/p>\n<p style=\"margin: 0cm 0cm 0.0001pt;text-align: justify\"><span style=\"font-size: 10.5pt;font-family: Georgia, serif;color: #333333\">Tema: &#8220;Novos candidatos a f\u00e1rmacos inibidores da enzima glicog\u00eanio sintase quinase 3-\u03b2 no tratamento da doen\u00e7a de Alzheimer utilizando c\u00e1lculos de modelagem molecular.&#8221;<\/span><\/p>\n<p style=\"margin: 0cm 0cm 0.0001pt;text-align: justify\"><span style=\"font-size: 10.5pt;font-family: Georgia, serif\"><span style=\"color: #333333\">Divulga\u00e7\u00e3o [<a href=\"http:\/\/www2.unifap.br\/ppgcf\/files\/2014\/12\/Defesa-de-Disserta\u00e7\u00e3o-2016-03-10-09h00-Leandro-Lima-Castro.pdf\"><span style=\"color: #333333\">aqui<\/span><\/a>].<\/span><\/span><\/p>\n<p>&nbsp;<\/p>\n<p style=\"margin: 0cm;margin-bottom: .0001pt;text-align: justify\"><span style=\"line-height: 1.5em\">&nbsp;<\/span><\/p>\n<h3><strong>TURMA 2013<\/strong><\/h3>\n<p style=\"margin: 0cm 0cm 0.0001pt;text-align: justify\"><span style=\"color: #000000\"><strong><span style=\"font-size: 10.5pt;font-family: Georgia, serif\">&#8211;&nbsp;Claudete do Socorro Mau\u00e9s Ara\u00fajo.<\/span><\/strong><\/span><\/p>\n<p style=\"margin: 0cm 0cm 0.0001pt;text-align: justify\"><span style=\"font-size: 10.5pt;font-family: Georgia, serif;color: #333333\">Data: 02 de Dezembro de 2014 \u00e0s 09h00.<\/span><\/p>\n<p style=\"margin: 0cm 0cm 0.0001pt;text-align: justify\"><span style=\"font-size: 10.5pt;font-family: Georgia, serif;color: #333333\">Orientadora: Profa. Dra. S\u00edlvia Maria Mathes Faustino.<\/span><\/p>\n<p style=\"margin: 0cm 0cm 0.0001pt;text-align: justify\"><span style=\"font-size: 10.5pt;font-family: Georgia, serif;color: #333333\">Tema: &#8220;Avalia\u00e7\u00e3o das T\u00e9cnicas de Cultivo de Microalgas de Ambientes Aqu\u00e1ticos de Macap\u00e1-AP.&#8221;<\/span><\/p>\n<p style=\"margin: 0cm 0cm 0.0001pt;text-align: justify\"><span style=\"font-size: 10.5pt;font-family: Georgia, serif;color: #333333\">Divulga\u00e7\u00e3o [<a href=\"http:\/\/www2.unifap.br\/ppgcf\/files\/2014\/12\/PPGCF_I_Defesa_de_Disserta\u00e7\u00e3o_-_02-12-14_-_Claudete_do_Socorro_Mau\u00e9s_Ara\u00fajo.pdf\"><span style=\"color: #333333\">aqui<\/span><\/a>].<\/span><\/p>\n<p style=\"margin: 0cm 0cm 0.0001pt;text-align: justify\"><span style=\"font-size: 10.5pt;font-family: Georgia, serif;color: #000000\">&nbsp;<\/span><\/p>\n<p style=\"margin: 0cm 0cm 0.0001pt;text-align: justify\"><span style=\"color: #000000\"><strong><span style=\"font-size: 10.5pt;font-family: Georgia, serif\">&#8211;&nbsp;Ryan da Silva Ramos.<\/span><\/strong><\/span><\/p>\n<p style=\"margin: 0cm 0cm 0.0001pt;text-align: justify\"><span style=\"font-size: 10.5pt;font-family: Georgia, serif;color: #333333\">Data: 04 de Dezembro de 2014 \u00e0s 14h30.<\/span><\/p>\n<p style=\"margin: 0cm 0cm 0.0001pt;text-align: justify\"><span style=\"font-size: 10.5pt;font-family: Georgia, serif;color: #333333\">Orientadora: Sheylla Susan Moreira da Silva de Almeida.<\/span><\/p>\n<p style=\"margin: 0cm 0cm 0.0001pt;text-align: justify\"><span style=\"font-size: 10.5pt;font-family: Georgia, serif;color: #333333\">Tema: &#8220;Estudo Fitoqu\u00edmico e da Atividade Microbiol\u00f3gica, de Citoxicidade, Larvicida e Repelente dos \u00d3leos Essenciais de Esp\u00e9cies da Fam\u00edlia Lamiaceae (Lamiales).&#8221;<\/span><\/p>\n<p style=\"margin: 0cm 0cm 0.0001pt;text-align: justify\"><span style=\"font-size: 10.5pt;font-family: Georgia, serif;color: #333333\">Divulga\u00e7\u00e3o [<a href=\"http:\/\/www2.unifap.br\/ppgcf\/files\/2014\/12\/PPGCF_II_Defesa_de_Disserta\u00e7\u00e3o_-_04-12-14_-_Ryan_da_Silva_Ramos_corrigido.pdf\"><span style=\"color: #333333\">aqui<\/span><\/a>].<\/span><\/p>\n<p style=\"margin: 0cm 0cm 0.0001pt;text-align: justify\"><span style=\"font-size: 10.5pt;font-family: Georgia, serif;color: #000000\">&nbsp;<\/span><\/p>\n<p style=\"margin: 0cm 0cm 0.0001pt;text-align: justify\"><span style=\"color: #000000\"><strong><span style=\"font-size: 10.5pt;font-family: Georgia, serif\">&#8211;&nbsp;Raphaelle Sousa Borges.<\/span><\/strong><\/span><\/p>\n<p style=\"margin: 0cm 0cm 0.0001pt;text-align: justify\"><span style=\"font-size: 10.5pt;font-family: Georgia, serif;color: #333333\">Data: 19 de Dezembro de 2014 \u00e0s 09h00.<\/span><\/p>\n<p style=\"margin: 0cm 0cm 0.0001pt;text-align: justify\"><span style=\"font-size: 10.5pt;font-family: Georgia, serif;color: #333333\">Orientador: Prof. Dr. Fl\u00e1vio Henrique Ferreira Barbosa.<\/span><\/p>\n<p style=\"margin: 0cm 0cm 0.0001pt;text-align: justify\"><span style=\"font-size: 10.5pt;font-family: Georgia, serif;color: #333333\">Tema: &#8220;Prospec\u00e7\u00e3o e Avalia\u00e7\u00e3o Probi\u00f3tica de Bact\u00e9rias L\u00e1cticas Isoladas do Leite de B\u00fafala no Estado do Amap\u00e1.&#8221;<\/span><\/p>\n<p style=\"margin: 0cm 0cm 0.0001pt;text-align: justify\"><span style=\"font-size: 10.5pt;font-family: Georgia, serif;color: #333333\">Divulga\u00e7\u00e3o [<a href=\"http:\/\/www2.unifap.br\/ppgcf\/files\/2014\/12\/PPGCF_III_Defesa_de_Disserta\u00e7\u00e3o_-_19-12-14_-_Raphaelle_Sousa_Borges.pdf\"><span style=\"color: #333333\">aqui<\/span><\/a>].<\/span><\/p>\n<p style=\"margin: 0cm 0cm 0.0001pt;text-align: justify\"><span style=\"font-size: 10.5pt;font-family: Georgia, serif;color: #000000\">&nbsp;<\/span><\/p>\n<p style=\"margin: 0cm 0cm 0.0001pt;text-align: justify\"><span style=\"color: #000000\"><strong><span style=\"font-size: 10.5pt;font-family: Georgia, serif\">&#8211; Gisele Cust\u00f3dio de Souza.<\/span><\/strong><\/span><\/p>\n<p style=\"margin: 0cm 0cm 0.0001pt;text-align: justify\"><span style=\"font-size: 10.5pt;font-family: Georgia, serif;color: #333333\">Data: 02 de Mar\u00e7o de 2015.<\/span><\/p>\n<p style=\"margin: 0cm 0cm 0.0001pt;text-align: justify\"><span style=\"font-size: 10.5pt;font-family: Georgia, serif;color: #333333\">Orientador: Prof. Dr. Jos\u00e9 Carlos Tavares Carvalho<\/span><\/p>\n<p style=\"margin: 0cm 0cm 0.0001pt;text-align: justify\"><span style=\"font-size: 10.5pt;font-family: Georgia, serif;color: #333333\">Tema: &#8220;Estudo da Toxidade de Nanoemuls\u00e3o de \u00c1lcool Per\u00edlico (NPOH) sobre (<em><span style=\"font-family: 'Georgia','serif'\">Danio rerio<\/span><\/em><span class=\"apple-converted-space\">&nbsp;<\/span>Hamilton 1822).&#8221;<\/span><\/p>\n<p style=\"margin: 0cm 0cm 0.0001pt;text-align: justify\"><span style=\"font-size: 10.5pt;font-family: Georgia, serif;color: #000000\">&nbsp;<\/span><\/p>\n<p style=\"margin: 0cm 0cm 0.0001pt;text-align: justify\"><span style=\"color: #000000\"><strong><span style=\"font-size: 10.5pt;font-family: Georgia, serif\">&#8211; Miriam dos Santos Magalh\u00e3es.<\/span><\/strong><\/span><\/p>\n<p style=\"margin: 0cm 0cm 0.0001pt;text-align: justify\"><span style=\"font-size: 10.5pt;font-family: Georgia, serif;color: #333333\">Data: 06 Mar\u00e7o de 2015.<\/span><\/p>\n<p style=\"margin: 0cm 0cm 0.0001pt;text-align: justify\"><span style=\"font-size: 10.5pt;font-family: Georgia, serif;color: #333333\">Orientador: Prof. Dr. Raimundo Nonato Pican\u00e7o Souto.<\/span><\/p>\n<p style=\"margin: 0cm 0cm 0.0001pt;text-align: justify\"><span style=\"font-size: 10.5pt;font-family: Georgia, serif;color: #333333\">Tema: &#8220;Avalia\u00e7\u00e3o da Atividade Larvicida do Extrato Hidroalc\u00f3olico a 70% da castanha de caju (<em><span style=\"font-family: 'Georgia','serif'\">Anacardium occidentale<\/span><\/em><span class=\"apple-converted-space\">&nbsp;<\/span>linn).&#8221;<\/span><\/p>\n<p style=\"margin: 0cm 0cm 0.0001pt;text-align: justify\"><span style=\"font-size: 10.5pt;font-family: Georgia, serif;color: #000000\">&nbsp;<\/span><\/p>\n<p style=\"margin: 0cm 0cm 0.0001pt;text-align: justify\"><span style=\"color: #000000\"><strong><span style=\"font-size: 10.5pt;font-family: Georgia, serif\">&#8211; Sandro de Souza Figueiredo.<\/span><\/strong><\/span><\/p>\n<p style=\"margin: 0cm 0cm 0.0001pt;text-align: justify\"><span style=\"font-size: 10.5pt;font-family: Georgia, serif\">Data: 02 de Abril de 2015 \u00e0s 15h00 (Local: Rede Universit\u00e1ria de Telemedicina &#8211; RUTE).<\/span><\/p>\n<p style=\"margin: 0cm 0cm 0.0001pt;text-align: justify\"><span style=\"font-size: 10.5pt;font-family: Georgia, serif\">Orientador: Prof. Dr. Robert Ronald Magui\u00f1a Zamora.<\/span><\/p>\n<p style=\"margin: 0cm 0cm 0.0001pt;text-align: justify\"><span style=\"font-size: 10.5pt;font-family: Georgia, serif\">Tema: &#8220;An\u00e1lise de Superf\u00edcies Foliares: Um estudo sobre a entropia como par\u00e2metro de uniformidade superficial e a superhidrofobicidade da esp\u00e9cie vegetal<span class=\"apple-converted-space\"><i>&nbsp;<\/i><\/span><em><span style=\"font-family: 'Georgia','serif'\">Thalia geniculata&nbsp;<\/span><\/em>(LINEU, 1753)&#8221;.<\/span><\/p>\n<p style=\"margin: 0cm 0cm 0.0001pt;text-align: justify\"><span style=\"font-size: 10.5pt;font-family: Georgia, serif\">Divulga\u00e7\u00e3o [<a href=\"http:\/\/www2.unifap.br\/ppgcf\/files\/2014\/12\/Defesa-de-Disserta\u00e7\u00e3o-2015-04-02-Sandro-de-Souza-Figueiredo.pdf\">aqui<\/a>].<\/span><\/p>\n<p style=\"margin: 0cm 0cm 0.0001pt;text-align: justify\"><span style=\"font-size: 10.5pt;font-family: Georgia, serif;color: #000000\">&nbsp;<\/span><\/p>\n<p style=\"margin: 0cm 0cm 0.0001pt;text-align: justify\"><span style=\"color: #000000\"><strong><span style=\"font-size: 10.5pt;font-family: Georgia, serif\">&#8211; Benedito de Souza Guimar\u00e3es Junior.<\/span><\/strong><\/span><\/p>\n<p style=\"margin: 0cm 0cm 0.0001pt;text-align: justify\"><span style=\"font-size: 10.5pt;font-family: Georgia, serif;color: #333333\">Data: 06 de Abril de 2015 \u00e0s 09h30.<\/span><\/p>\n<p style=\"margin: 0cm 0cm 0.0001pt;text-align: justify\"><span style=\"font-size: 10.5pt;font-family: Georgia, serif;color: #333333\">Orientadora: Profa. Dra. Alessandra Azevedo do Nascimento.<\/span><\/p>\n<p style=\"margin: 0cm 0cm 0.0001pt;text-align: justify\"><span style=\"font-size: 10.5pt;font-family: Georgia, serif;color: #333333\">Tema: &#8220;Avalia\u00e7\u00e3o Pr\u00e9-Cl\u00ednica da Toxicidade Aguda e Atividade Hipoglicemeante do Extrato Metan\u00f3lico da ra\u00edzes de&nbsp;<em><span style=\"font-family: 'Georgia','serif'\">Amasonia campestris&nbsp;<\/span><\/em>(Lamiaceae).&#8221;<\/span><\/p>\n<p style=\"margin: 0cm 0cm 0.0001pt;text-align: justify\"><span style=\"font-size: 10.5pt;font-family: Georgia, serif;color: #333333\">Divulga\u00e7\u00e3o [<a href=\"http:\/\/www2.unifap.br\/ppgcf\/files\/2014\/12\/Defesa-de-Disserta\u00e7\u00e3o-2015-04-06-Benedito-de-Souza-Guimar\u00e3es-Junior.pdf\"><span style=\"color: #333333\">aqui<\/span><\/a>].<\/span><\/p>\n<p style=\"margin: 0cm 0cm 0.0001pt;text-align: justify\"><span style=\"font-size: 10.5pt;font-family: Georgia, serif;color: #000000\">&nbsp;<\/span><\/p>\n<p style=\"margin: 0cm 0cm 0.0001pt;text-align: justify\"><span style=\"color: #000000\"><strong><span style=\"font-size: 10.5pt;font-family: Georgia, serif\">&#8211; Maxwell Santos Cabral.<\/span><\/strong><\/span><\/p>\n<p style=\"margin: 0cm 0cm 0.0001pt;text-align: justify\"><span style=\"font-size: 10.5pt;font-family: Georgia, serif;color: #333333\">Data: 29 de Junho de 2015 \u00e0s 09h00&nbsp;(Local: Rede Universit\u00e1ria de Telemedicina &#8211; RUTE).<\/span><\/p>\n<p style=\"margin: 0cm 0cm 0.0001pt;text-align: justify\"><span style=\"font-size: 10.5pt;font-family: Georgia, serif;color: #333333\">Orientadora: Profa. Dra. Jociv\u00e2nia Oliveira da Silva.<\/span><\/p>\n<p style=\"margin: 0cm 0cm 0.0001pt;text-align: justify\"><span style=\"font-size: 10.5pt;font-family: Georgia, serif;color: #333333\">Coorientador: Prof. Dr. Francisco F\u00e1bio Oliveira de Sousa.<\/span><\/p>\n<p style=\"margin: 0cm 0cm 0.0001pt;text-align: justify\"><span style=\"font-size: 10.5pt;font-family: Georgia, serif;color: #333333\">Tema: &#8220;Avalia\u00e7\u00e3o da atividade cicatrizante de formula\u00e7\u00f5es fitoter\u00e1picas a base de<span class=\"apple-converted-space\">&nbsp;<\/span><em><span style=\"font-family: 'Georgia','serif'\">Curatella americana<\/span><\/em><span class=\"apple-converted-space\">&nbsp;<\/span>e<span class=\"apple-converted-space\">&nbsp;<\/span><em><span style=\"font-family: 'Georgia','serif'\">Costus spicatus<\/span><\/em>.&#8221;<\/span><\/p>\n<p style=\"margin: 0cm 0cm 0.0001pt;text-align: justify\"><span style=\"font-size: 10.5pt;font-family: Georgia, serif;color: #333333\">Divulga\u00e7\u00e3o [<a href=\"http:\/\/www2.unifap.br\/ppgcf\/files\/2014\/12\/Defesa-de-Disserta\u00e7\u00e3o-2015-06-29-Maxwell-Santos-Cabral.pdf\"><span style=\"color: #333333\">aqui<\/span><\/a>].<\/span><\/p>\n<p style=\"text-align: justify\"><span style=\"color: #000000\">&nbsp;<\/span><\/p>\n","protected":false},"excerpt":{"rendered":"<p>2021 &#8211; Arlindo Cesar Matias Pereira Filho. Data: 05 Maio de 2021 \u00e0s 09h00 Orientador: Prof. Dr. Jos\u00e9 Carlos Tavares Carvalho. Tema: &#8220;Efeito do \u00c1lcool Per\u00edlico Sobre Convuls\u00f5es Epileptiformes Induzidas Por Pentilenotetrazol em Zebrafish (Danio rerio). Divulga\u00e7\u00e3o [aqui]. &nbsp; &#8211;&hellip; <\/p>\n<p><a href=\"https:\/\/www2.unifap.br\/ppgcf\/cronograma-qualificacaodefesas\/defesa-de-dissertacao\/\" class=\"readmore-button\">Continue Reading<\/a><\/p>\n","protected":false},"author":624,"featured_media":0,"parent":310,"menu_order":2,"comment_status":"open","ping_status":"open","template":"","meta":{"inline_featured_image":false,"ngg_post_thumbnail":0,"footnotes":""},"class_list":["post-313","page","type-page","status-publish","hentry"],"_links":{"self":[{"href":"https:\/\/www2.unifap.br\/ppgcf\/wp-json\/wp\/v2\/pages\/313","targetHints":{"allow":["GET"]}}],"collection":[{"href":"https:\/\/www2.unifap.br\/ppgcf\/wp-json\/wp\/v2\/pages"}],"about":[{"href":"https:\/\/www2.unifap.br\/ppgcf\/wp-json\/wp\/v2\/types\/page"}],"author":[{"embeddable":true,"href":"https:\/\/www2.unifap.br\/ppgcf\/wp-json\/wp\/v2\/users\/624"}],"replies":[{"embeddable":true,"href":"https:\/\/www2.unifap.br\/ppgcf\/wp-json\/wp\/v2\/comments?post=313"}],"version-history":[{"count":20,"href":"https:\/\/www2.unifap.br\/ppgcf\/wp-json\/wp\/v2\/pages\/313\/revisions"}],"predecessor-version":[{"id":3270,"href":"https:\/\/www2.unifap.br\/ppgcf\/wp-json\/wp\/v2\/pages\/313\/revisions\/3270"}],"up":[{"embeddable":true,"href":"https:\/\/www2.unifap.br\/ppgcf\/wp-json\/wp\/v2\/pages\/310"}],"wp:attachment":[{"href":"https:\/\/www2.unifap.br\/ppgcf\/wp-json\/wp\/v2\/media?parent=313"}],"curies":[{"name":"wp","href":"https:\/\/api.w.org\/{rel}","templated":true}]}}