{"id":3377,"date":"2023-02-02T19:24:24","date_gmt":"2023-02-02T19:24:24","guid":{"rendered":"https:\/\/www2.unifap.br\/ppgcf\/?page_id=3377"},"modified":"2023-02-02T22:12:02","modified_gmt":"2023-02-02T22:12:02","slug":"ofertas_2022_2","status":"publish","type":"page","link":"https:\/\/www2.unifap.br\/ppgcf\/ofertas-de-disciplinas\/ofertas_2022_2\/","title":{"rendered":"Oferta de disciplina 2022.2"},"content":{"rendered":"<table width=\"100%\">\n<tbody>\n<tr>\n<td width=\"24%\"><strong>Disciplina<\/strong><\/td>\n<td width=\"10%\"><strong>Tipo<\/strong><\/td>\n<td width=\"33%\"><strong>Datas<\/strong><\/td>\n<td width=\"17%\"><strong>Docente(s)<\/strong><\/td>\n<td width=\"7%\"><strong>CH<\/strong><\/td>\n<td width=\"7%\"><strong>Cr\u00e9d.<\/strong><\/td>\n<\/tr>\n<tr>\n<td width=\"24%\"><strong>Metodologia cient\u00edfica<\/strong><\/td>\n<td width=\"10%\"><strong>Obrigat\u00f3ria<\/strong><\/td>\n<td width=\"33%\"><strong>13, 15, 16 e 27\/02;<\/strong><\/p>\n<p><strong>01, 02, 06, 08, 09, 13, 15, 16, 20 e 23\/03; <\/strong><\/p>\n<p><strong>26 e 27\/04.<\/strong><\/td>\n<td width=\"17%\"><strong>Lorane Hage Melim;<\/strong><\/p>\n<p><strong>&nbsp;<\/strong><\/p>\n<p><strong>Gisele da S. Botas Cruz<\/strong><\/td>\n<td width=\"7%\"><strong>60<br \/>\n<\/strong><\/td>\n<td width=\"7%\"><strong>4<\/strong><\/td>\n<\/tr>\n<tr>\n<td width=\"24%\"><strong>M\u00e9todos Estat\u00edsticos Aplicados aos Ensaios Biol\u00f3gicos<\/strong><\/td>\n<td width=\"10%\"><strong>Obrigat\u00f3ria<\/strong><\/td>\n<td width=\"33%\"><strong>02 a 19\/05<\/strong><\/td>\n<td width=\"17%\"><strong>Rodrigo Cruz<\/strong><\/td>\n<td width=\"7%\"><strong>60<\/strong><\/td>\n<td width=\"7%\"><strong>4<\/strong><\/td>\n<\/tr>\n<tr>\n<td width=\"24%\">M\u00e9todos espectrosc\u00f3picos aplicados analise de f\u00e1rmacos<\/td>\n<td width=\"10%\">Optativa<\/td>\n<td width=\"33%\">10, 17, 24\/02<\/p>\n<p>3, 10, 17, 24\/03<\/td>\n<td width=\"17%\">David Esteban<\/td>\n<td width=\"7%\">30<\/td>\n<td width=\"7%\">2<\/td>\n<\/tr>\n<tr>\n<td width=\"24%\">T\u00f3picos Avan\u00e7ados de Preparo de Amostras Qu\u00edmico-Farmac\u00eauticas<\/td>\n<td width=\"10%\">Optativa<\/td>\n<td width=\"33%\">07, 08, 09, 10, 14, 15, 16, 17, 18, 21\/03<\/td>\n<td width=\"17%\">L\u00edlian Solon<\/td>\n<td width=\"7%\">45<\/td>\n<td width=\"7%\">3<\/td>\n<\/tr>\n<tr>\n<td width=\"24%\">Estudos Avan\u00e7ados de Polimeros de Aplica\u00e7\u00e3o Farmac\u00eautica<\/td>\n<td width=\"10%\">Optativa<\/td>\n<td width=\"33%\">27 a 31\/03: (14 \u00e0s 18 h)<\/p>\n<p>03 a 05\/04: (09 \u00e0s 12 h)<\/p>\n<p>10 a 13\/04: (14 \u00e0s 18 h)<\/td>\n<td width=\"17%\">Francisco F\u00e1bio O. de Sousa<\/td>\n<td width=\"7%\">45<\/td>\n<td width=\"7%\">3<\/td>\n<\/tr>\n<\/tbody>\n<\/table>\n<p>&nbsp;<\/p>\n","protected":false},"excerpt":{"rendered":"<p>Disciplina Tipo Datas Docente(s) CH Cr\u00e9d. Metodologia cient\u00edfica Obrigat\u00f3ria 13, 15, 16 e 27\/02; 01, 02, 06, 08, 09, 13, 15, 16, 20 e 23\/03; 26 e 27\/04. Lorane Hage Melim; &nbsp; Gisele da S. Botas Cruz 60 4 M\u00e9todos&hellip; <\/p>\n<p><a href=\"https:\/\/www2.unifap.br\/ppgcf\/ofertas-de-disciplinas\/ofertas_2022_2\/\" class=\"readmore-button\">Continue Reading<\/a><\/p>\n","protected":false},"author":3958,"featured_media":0,"parent":1199,"menu_order":0,"comment_status":"closed","ping_status":"closed","template":"","meta":{"inline_featured_image":false,"ngg_post_thumbnail":0,"footnotes":""},"class_list":["post-3377","page","type-page","status-publish","hentry"],"_links":{"self":[{"href":"https:\/\/www2.unifap.br\/ppgcf\/wp-json\/wp\/v2\/pages\/3377","targetHints":{"allow":["GET"]}}],"collection":[{"href":"https:\/\/www2.unifap.br\/ppgcf\/wp-json\/wp\/v2\/pages"}],"about":[{"href":"https:\/\/www2.unifap.br\/ppgcf\/wp-json\/wp\/v2\/types\/page"}],"author":[{"embeddable":true,"href":"https:\/\/www2.unifap.br\/ppgcf\/wp-json\/wp\/v2\/users\/3958"}],"replies":[{"embeddable":true,"href":"https:\/\/www2.unifap.br\/ppgcf\/wp-json\/wp\/v2\/comments?post=3377"}],"version-history":[{"count":5,"href":"https:\/\/www2.unifap.br\/ppgcf\/wp-json\/wp\/v2\/pages\/3377\/revisions"}],"predecessor-version":[{"id":3398,"href":"https:\/\/www2.unifap.br\/ppgcf\/wp-json\/wp\/v2\/pages\/3377\/revisions\/3398"}],"up":[{"embeddable":true,"href":"https:\/\/www2.unifap.br\/ppgcf\/wp-json\/wp\/v2\/pages\/1199"}],"wp:attachment":[{"href":"https:\/\/www2.unifap.br\/ppgcf\/wp-json\/wp\/v2\/media?parent=3377"}],"curies":[{"name":"wp","href":"https:\/\/api.w.org\/{rel}","templated":true}]}}