{"id":3390,"date":"2023-02-02T20:17:07","date_gmt":"2023-02-02T20:17:07","guid":{"rendered":"https:\/\/www2.unifap.br\/ppgcf\/?page_id=3390"},"modified":"2023-02-02T20:18:28","modified_gmt":"2023-02-02T20:18:28","slug":"matriz-curricular-atual","status":"publish","type":"page","link":"https:\/\/www2.unifap.br\/ppgcf\/matriz-curricular\/matriz-curricular-atual\/","title":{"rendered":"Matriz curricular atual"},"content":{"rendered":"<p>Matriz curricular do Curso de Mestrado em Ci\u00eancias Farmac\u00eauticas do PPGCF, em vigor desde janeiro de 2017.<\/p>\n<p>&nbsp;<\/p>\n<table width=\"100%\">\n<thead>\n<tr>\n<td><strong>Disciplina<\/strong><\/td>\n<td><strong>Status<\/strong><\/td>\n<\/tr>\n<\/thead>\n<tbody>\n<tr>\n<td>M\u00c9TODOS ESTAT\u00cdSTICOS APLICADOS AOS ENSAIOS BIOL\u00d3GICOS &#8211; 60h<\/td>\n<td><em>Obrigat\u00f3ria<\/em><\/td>\n<td>&nbsp;<\/td>\n<td>&nbsp;<\/td>\n<\/tr>\n<tr>\n<td>EST\u00c1GIO DE DOC\u00caNCIA NA GRADUA\u00c7\u00c3O &#8211; 30h<\/td>\n<td><em>Obrigat\u00f3ria<\/em><\/td>\n<td>&nbsp;<\/td>\n<td>&nbsp;<\/td>\n<\/tr>\n<tr>\n<td>SEMIN\u00c1RIOS EM CI\u00caNCIAS FARMAC\u00caUTICAS I &#8211; 30h<\/td>\n<td><em>Obrigat\u00f3ria<\/em><\/td>\n<td>&nbsp;<\/td>\n<td>&nbsp;<\/td>\n<\/tr>\n<tr>\n<td>SEMIN\u00c1RIOS EM CI\u00caNCIAS FARMAC\u00caUTICAS II &#8211; 30h<\/td>\n<td><em>Obrigat\u00f3ria<\/em><\/td>\n<td>&nbsp;<\/td>\n<td>&nbsp;<\/td>\n<\/tr>\n<tr>\n<td>METODOLOGIA CIENT\u00cdFICA &#8211; 60h<\/td>\n<td><em>Obrigat\u00f3ria<\/em><\/td>\n<td>&nbsp;<\/td>\n<td>&nbsp;<\/td>\n<\/tr>\n<tr>\n<td>AN\u00c1LISE ESTEREOQU\u00cdMICA DE CANDIDATOS A F\u00c1RMACOS &#8211; 60h<\/td>\n<td><em>Optativa<\/em><\/td>\n<td>&nbsp;<\/td>\n<td>&nbsp;<\/td>\n<\/tr>\n<tr>\n<td>BIOFARM\u00c1CIA E FARMARCOCIN\u00c9TICA CL\u00cdNICA &#8211; 30h<\/td>\n<td><em>Optativa<\/em><\/td>\n<td>&nbsp;<\/td>\n<td>&nbsp;<\/td>\n<\/tr>\n<tr>\n<td>BIOQU\u00cdMICA DO METABOLISMO OXIDATIVO &#8211; 30h<\/td>\n<td><em>Optativa<\/em><\/td>\n<td>&nbsp;<\/td>\n<td>&nbsp;<\/td>\n<\/tr>\n<tr>\n<td>BIOTECNOLOGIA DE PROCESSOS ENZIM\u00c1TICOS &#8211; 60h<\/td>\n<td><em>Optativa<\/em><\/td>\n<td>&nbsp;<\/td>\n<td>&nbsp;<\/td>\n<\/tr>\n<tr>\n<td>CROMATOGRAFIA LIQUIDA DE ALTA EFICI\u00caNCIA APLICADA AO DESENVOLVIMENTO DE MEDICAMENTOS &#8211; 60h<\/td>\n<td><em>Optativa<\/em><\/td>\n<td>&nbsp;<\/td>\n<td>&nbsp;<\/td>\n<\/tr>\n<tr>\n<td>M\u00c9TODOS PARA AN\u00c1LISE DE POLIMORFISMOS GEN\u00c9TICOS &#8211; 45h<\/td>\n<td><em>Optativa<\/em><\/td>\n<td>&nbsp;<\/td>\n<td>&nbsp;<\/td>\n<\/tr>\n<tr>\n<td>M\u00c9TODOS PARA CARACTERIZA\u00c7\u00c3O DE NANOESTRUTURAS APLICADAS A F\u00c1RMACOS &#8211; 30h<\/td>\n<td><em>Optativa<\/em><\/td>\n<td>&nbsp;<\/td>\n<td>&nbsp;<\/td>\n<\/tr>\n<tr>\n<td>PROSPEC\u00c7\u00c3O DE F\u00c1RMACOS ANTIMICROBIANOS &#8211; 45h<\/td>\n<td><em>Optativa<\/em><\/td>\n<td>&nbsp;<\/td>\n<td>&nbsp;<\/td>\n<\/tr>\n<tr>\n<td>REDA\u00c7\u00c3O CIENT\u00cdFICA &#8211; 30h<\/td>\n<td><em>Optativa<\/em><\/td>\n<td>&nbsp;<\/td>\n<td>&nbsp;<\/td>\n<\/tr>\n<tr>\n<td>T\u00c9CNICAS AVAN\u00c7ADAS DE PREPARO DE AMOSTRAS QU\u00cdMICO-FARMAC\u00caUTICAS &#8211; 45h<\/td>\n<td><em>Optativa<\/em><\/td>\n<td>&nbsp;<\/td>\n<td>&nbsp;<\/td>\n<\/tr>\n<tr>\n<td>T\u00d3PICOS ESPECIAIS EM BIOLOGIA FARMAC\u00caUTICA &#8211; 30h<\/td>\n<td><em>Optativa<\/em><\/td>\n<td>&nbsp;<\/td>\n<td>&nbsp;<\/td>\n<\/tr>\n<tr>\n<td>METODOLOGIA DO ENSINO SUPERIOR &#8211; 60h<\/td>\n<td><em>Optativa<\/em><\/td>\n<td>&nbsp;<\/td>\n<td>&nbsp;<\/td>\n<\/tr>\n<tr>\n<td>T\u00d3PICOS ESPECIAIS EM F\u00c1RMACOS E MEDICAMENTOS &#8211; 30h<\/td>\n<td><em>Optativa<\/em><\/td>\n<td>&nbsp;<\/td>\n<td>&nbsp;<\/td>\n<\/tr>\n<tr>\n<td>M\u00c9TODOS ESPECTROSC\u00d3PICOS APLIC. \u00c0 AN\u00c1LISE DE F\u00c1RMACOS &#8211; 30h<\/td>\n<td><em>Optativa<\/em><\/td>\n<td>&nbsp;<\/td>\n<td>&nbsp;<\/td>\n<\/tr>\n<tr>\n<td>DESENVOLVIMENTO E VALIDA\u00c7\u00c3O DE FITOTER\u00c1PICOS &#8211; 30h<\/td>\n<td><em>Optativa<\/em><\/td>\n<td>&nbsp;<\/td>\n<td>&nbsp;<\/td>\n<\/tr>\n<tr>\n<td>ESTUDOS IN VITRO DA A\u00c7\u00c3O DE F\u00c1RMACOS EM SISTEMAS EUCARI\u00d3TICOS &#8211; 30h<\/td>\n<td><em>Optativa<\/em><\/td>\n<td>&nbsp;<\/td>\n<td>&nbsp;<\/td>\n<\/tr>\n<tr>\n<td>DESENVOLVIMENTO DE F\u00c1RMACOS E MEDICAMENTOS &#8211; 45h<\/td>\n<td><em>Optativa<\/em><\/td>\n<td>&nbsp;<\/td>\n<td>&nbsp;<\/td>\n<\/tr>\n<tr>\n<td>METODOLOGIAS PARA AVALIA\u00c7\u00c3O DA CITOTOXICIDADE DE F\u00c1RMACOS &#8211; 30h<\/td>\n<td><em>Optativa<\/em><\/td>\n<td>&nbsp;<\/td>\n<td>&nbsp;<\/td>\n<\/tr>\n<tr>\n<td>VALIDA\u00c7\u00c3O PR\u00c9-CL\u00cdNICA DE ANTI-INFLAMAT\u00d3RIOS E ANALG\u00c9SICOS &#8211; 30h<\/td>\n<td><em>Optativa<\/em><\/td>\n<td>&nbsp;<\/td>\n<td>&nbsp;<\/td>\n<\/tr>\n<tr>\n<td>ESTUDOS AVAN\u00c7ADOS POL\u00cdMEROS DE APLICA\u00c7\u00c3O FARMAC\u00caUTICA &#8211; 45h<\/td>\n<td><em>Optativa<\/em><\/td>\n<td>&nbsp;<\/td>\n<td>&nbsp;<\/td>\n<\/tr>\n<tr>\n<td>NANOTECNOLOGIA APLICADA \u00c0 F\u00c1RMACOS &#8211; 60h<\/td>\n<td><em>Optativa<\/em><\/td>\n<td>&nbsp;<\/td>\n<td>&nbsp;<\/td>\n<\/tr>\n<tr>\n<td>QU\u00cdMICA DE PRODUTOS NATURAIS &#8211; 60h<\/td>\n<td><em>Optativa<\/em><\/td>\n<td>&nbsp;<\/td>\n<td>&nbsp;<\/td>\n<\/tr>\n<tr>\n<td>ESTUDOS AVAN\u00c7ADOS EM MODELOS DE <em>ZEBRAFISH<\/em> &#8211; 60h<\/td>\n<td><em>Optativa<\/em><\/td>\n<td>&nbsp;<\/td>\n<td>&nbsp;<\/td>\n<\/tr>\n<tr>\n<td>FARMACODIN\u00c2MICA AVAN\u00c7ADA &#8211; 30h<\/td>\n<td><em>Optativa<\/em><\/td>\n<td>&nbsp;<\/td>\n<td>&nbsp;<\/td>\n<\/tr>\n<tr>\n<td>GEN\u00c9TICA TOXICOL\u00d3GICA E MUTAGENICIDADE DE F\u00c1RMACOS &#8211; 45h<\/td>\n<td><em>Optativa<\/em><\/td>\n<td>&nbsp;<\/td>\n<td>&nbsp;<\/td>\n<\/tr>\n<tr>\n<td>M\u00c9TODOS DE AVALIA\u00c7\u00c3O DA ATIVIDADE INSETICIDA E REPELENTE EM MOSQUITOS &#8211; 45h<\/td>\n<td><em>Optativa<\/em><\/td>\n<td>&nbsp;<\/td>\n<td>&nbsp;<\/td>\n<\/tr>\n<tr>\n<td>QU\u00cdMICA MEDICINAL APLICADA &#8211; 60h<\/td>\n<td><em>Optativa<\/em><\/td>\n<td>&nbsp;<\/td>\n<td>&nbsp;<\/td>\n<\/tr>\n<tr>\n<td>TOXICOLOGIA EXPERIMENTAL &#8211; 60h<\/td>\n<td><em>Optativa<\/em><\/td>\n<td>&nbsp;<\/td>\n<td>&nbsp;<\/td>\n<\/tr>\n<tr>\n<td>TOXICOLOGIA DA REPRODU\u00c7\u00c3O E DO DESENVOLVIMENTO &#8211; 30h<\/td>\n<td><em>Optativa<\/em><\/td>\n<td>&nbsp;<\/td>\n<td>&nbsp;<\/td>\n<\/tr>\n<\/tbody>\n<\/table>\n","protected":false},"excerpt":{"rendered":"<p>Matriz curricular do Curso de Mestrado em Ci\u00eancias Farmac\u00eauticas do PPGCF, em vigor desde janeiro de 2017. &nbsp; Disciplina Status M\u00c9TODOS ESTAT\u00cdSTICOS APLICADOS AOS ENSAIOS BIOL\u00d3GICOS &#8211; 60h Obrigat\u00f3ria &nbsp; &nbsp; EST\u00c1GIO DE DOC\u00caNCIA NA GRADUA\u00c7\u00c3O &#8211; 30h Obrigat\u00f3ria &nbsp;&hellip; <\/p>\n<p><a href=\"https:\/\/www2.unifap.br\/ppgcf\/matriz-curricular\/matriz-curricular-atual\/\" class=\"readmore-button\">Continue Reading<\/a><\/p>\n","protected":false},"author":3958,"featured_media":0,"parent":1195,"menu_order":0,"comment_status":"closed","ping_status":"closed","template":"","meta":{"inline_featured_image":false,"ngg_post_thumbnail":0,"footnotes":""},"class_list":["post-3390","page","type-page","status-publish","hentry"],"_links":{"self":[{"href":"https:\/\/www2.unifap.br\/ppgcf\/wp-json\/wp\/v2\/pages\/3390","targetHints":{"allow":["GET"]}}],"collection":[{"href":"https:\/\/www2.unifap.br\/ppgcf\/wp-json\/wp\/v2\/pages"}],"about":[{"href":"https:\/\/www2.unifap.br\/ppgcf\/wp-json\/wp\/v2\/types\/page"}],"author":[{"embeddable":true,"href":"https:\/\/www2.unifap.br\/ppgcf\/wp-json\/wp\/v2\/users\/3958"}],"replies":[{"embeddable":true,"href":"https:\/\/www2.unifap.br\/ppgcf\/wp-json\/wp\/v2\/comments?post=3390"}],"version-history":[{"count":4,"href":"https:\/\/www2.unifap.br\/ppgcf\/wp-json\/wp\/v2\/pages\/3390\/revisions"}],"predecessor-version":[{"id":3394,"href":"https:\/\/www2.unifap.br\/ppgcf\/wp-json\/wp\/v2\/pages\/3390\/revisions\/3394"}],"up":[{"embeddable":true,"href":"https:\/\/www2.unifap.br\/ppgcf\/wp-json\/wp\/v2\/pages\/1195"}],"wp:attachment":[{"href":"https:\/\/www2.unifap.br\/ppgcf\/wp-json\/wp\/v2\/media?parent=3390"}],"curies":[{"name":"wp","href":"https:\/\/api.w.org\/{rel}","templated":true}]}}