{"id":3413,"date":"2023-03-25T22:08:44","date_gmt":"2023-03-25T22:08:44","guid":{"rendered":"https:\/\/www2.unifap.br\/ppgcf\/?page_id=3413"},"modified":"2023-04-29T00:20:27","modified_gmt":"2023-04-29T00:20:27","slug":"processo-seletivo-para-turma-de-mestrado-2023","status":"publish","type":"page","link":"https:\/\/www2.unifap.br\/ppgcf\/processos-seletivos\/processo-seletivo-para-turma-de-mestrado-2023\/","title":{"rendered":"Processo seletivo para turma de mestrado 2023"},"content":{"rendered":"<h4>Informa\u00e7\u00f5es gerais:<\/h4>\n<h4>Per\u00edodo de inscri\u00e7\u00e3o: 30 de mar\u00e7o \u00e0 13 de abril de 2023.<\/h4>\n<h4>N\u00ba de vagas: 24 vagas, sendo 8 destas reservadas como atendimento \u00e0 Pol\u00edtica de A\u00e7\u00f5es Afirmativas na P\u00f3s-Gradua\u00e7\u00e3o (Portaria Normativa 13\/2016).<\/h4>\n<h4>Resultado final: 29 de abril de 2023.<\/h4>\n<h4>Arquivos e etapas do processo<\/h4>\n<h4>\u2192 <a href=\"http:\/\/www2.unifap.br\/ppgcf\/files\/2023\/03\/Processo-seletivo-2023-RETIFICADO.pdf\">EDITAL N\u00ba 01\/2023-PPGCF\/UNIFAP RETIFICADO<\/a><\/h4>\n<h4>\u2192 <a href=\"http:\/\/www2.unifap.br\/ppgcf\/files\/2023\/03\/Anexos-dorocesso-seletivo-2023.pdf\">Anexos do edital<\/a><\/h4>\n<h4>\u2192 <a href=\"http:\/\/www2.unifap.br\/ppgcf\/files\/2023\/04\/Resultado-preliminar-da-analise-de-inscricoes-do-processo-seletivo-2023.pdf\">Resultado preliminar da an\u00e1lise de inscri\u00e7\u00f5es do processo seletivo 2023<\/a><\/h4>\n<h4>\u2192 <a href=\"http:\/\/www2.unifap.br\/ppgcf\/files\/2023\/04\/Resultado-final-da-analise-de-inscricoes-do-processo-seletivo-2023.pdf\">Resultado final da an\u00e1lise de inscri\u00e7\u00f5es do processo seletivo 2023<\/a><\/h4>\n<p>\u2192 <a href=\"http:\/\/www2.unifap.br\/ppgcf\/files\/2023\/04\/Resultado-preliminar-prova-escrita-PPGCF-2023.pdf\">Resultado preliminar da prova escrita (segunda fase)<\/a><\/p>\n<p><a href=\"http:\/\/www2.unifap.br\/ppgcf\/files\/2023\/04\/Prova-PS-2023.pdf\">Clique aqui<\/a> para baixar a prova escrita aplicada no dia 24\/04\/2023.<\/p>\n<p>\u2192 <a href=\"http:\/\/www2.unifap.br\/ppgcf\/files\/2023\/04\/Resultado-final-prova-escrita-PPGCF-2023.pdf\">Resultado final da prova escrita (segunda fase)<\/a><\/p>\n<h4>\u2192 <a href=\"http:\/\/www2.unifap.br\/ppgcf\/files\/2023\/04\/Resultado-preliminar-analise-curricular-PPGCF-2023.pdf\">Resultado preliminar da an\u00e1lise de curr\u00edculo (terceira fase)<\/a><\/h4>\n<h4>\u2192 <a href=\"http:\/\/www2.unifap.br\/ppgcf\/files\/2023\/04\/Resultado-final-analise-curricular-PPGCF-2023.pdf\">Resultado final do Processo Seletivo 2023<\/a><\/h4>\n<p>&nbsp;<\/p>\n","protected":false},"excerpt":{"rendered":"<p>Informa\u00e7\u00f5es gerais: Per\u00edodo de inscri\u00e7\u00e3o: 30 de mar\u00e7o \u00e0 13 de abril de 2023. N\u00ba de vagas: 24 vagas, sendo 8 destas reservadas como atendimento \u00e0 Pol\u00edtica de A\u00e7\u00f5es Afirmativas na P\u00f3s-Gradua\u00e7\u00e3o (Portaria Normativa 13\/2016). Resultado final: 29 de abril&hellip; <\/p>\n<p><a href=\"https:\/\/www2.unifap.br\/ppgcf\/processos-seletivos\/processo-seletivo-para-turma-de-mestrado-2023\/\" class=\"readmore-button\">Continue Reading<\/a><\/p>\n","protected":false},"author":3958,"featured_media":0,"parent":268,"menu_order":0,"comment_status":"closed","ping_status":"closed","template":"","meta":{"inline_featured_image":false,"ngg_post_thumbnail":0,"footnotes":""},"class_list":["post-3413","page","type-page","status-publish","hentry"],"_links":{"self":[{"href":"https:\/\/www2.unifap.br\/ppgcf\/wp-json\/wp\/v2\/pages\/3413","targetHints":{"allow":["GET"]}}],"collection":[{"href":"https:\/\/www2.unifap.br\/ppgcf\/wp-json\/wp\/v2\/pages"}],"about":[{"href":"https:\/\/www2.unifap.br\/ppgcf\/wp-json\/wp\/v2\/types\/page"}],"author":[{"embeddable":true,"href":"https:\/\/www2.unifap.br\/ppgcf\/wp-json\/wp\/v2\/users\/3958"}],"replies":[{"embeddable":true,"href":"https:\/\/www2.unifap.br\/ppgcf\/wp-json\/wp\/v2\/comments?post=3413"}],"version-history":[{"count":26,"href":"https:\/\/www2.unifap.br\/ppgcf\/wp-json\/wp\/v2\/pages\/3413\/revisions"}],"predecessor-version":[{"id":3459,"href":"https:\/\/www2.unifap.br\/ppgcf\/wp-json\/wp\/v2\/pages\/3413\/revisions\/3459"}],"up":[{"embeddable":true,"href":"https:\/\/www2.unifap.br\/ppgcf\/wp-json\/wp\/v2\/pages\/268"}],"wp:attachment":[{"href":"https:\/\/www2.unifap.br\/ppgcf\/wp-json\/wp\/v2\/media?parent=3413"}],"curies":[{"name":"wp","href":"https:\/\/api.w.org\/{rel}","templated":true}]}}