{"id":3465,"date":"2023-05-05T13:35:30","date_gmt":"2023-05-05T13:35:30","guid":{"rendered":"https:\/\/www2.unifap.br\/ppgcf\/?page_id=3465"},"modified":"2023-05-10T12:19:39","modified_gmt":"2023-05-10T12:19:39","slug":"edital-de-bolsas-2023","status":"publish","type":"page","link":"https:\/\/www2.unifap.br\/ppgcf\/processos-seletivos\/edital-de-bolsas-2023\/","title":{"rendered":"Edital de Bolsas 2023"},"content":{"rendered":"<h3>O Programa de P\u00f3s-gradua\u00e7\u00e3o em Ci\u00eancias Farmac\u00eauticas (PPGCF) torna p\u00fablica a abertura de inscri\u00e7\u00f5es e estabelece as normas para o processo de sele\u00e7\u00e3o interno de candidatos interessados em concorrer \u00e0s bolsas de mestrado no \u00e2mbito do Curso de Mestrado do PPGCF.<\/h3>\n<h3>&nbsp;<\/h3>\n<h3>Per\u00edodo de inscri\u00e7\u00e3o: Das 12:00 h de 05\/05\/2023 \u00e0s 12:00 h de 08\/05\/2023.<\/h3>\n<h3>Poder\u00e3o se inscrever alunos j\u00e1 matriculados no PPGCF e tamb\u00e9m candidatos rec\u00e9m-aprovados no Processo Seletivo de 2023.<\/h3>\n<h3>&nbsp;<\/h3>\n<h3>\u2192&nbsp; <a href=\"http:\/\/www2.unifap.br\/ppgcf\/files\/2023\/05\/Edital-de-bolsas.pdf\">Edital n\u00ba 02\/2023-PPGCF\/Unifap, de 05 de maio de 2023. Processo seletivo interno para concess\u00e3o de bolsas CAPES<\/a><\/h3>\n<h3>\u2192&nbsp; <a href=\"http:\/\/www2.unifap.br\/ppgcf\/files\/2023\/05\/Retificacao.pdf\">Retifica\u00e7\u00e3o do edital<\/a><\/h3>\n<h3>\u2192 <a href=\"http:\/\/www2.unifap.br\/ppgcf\/files\/2023\/05\/Resultado-preliminar-edital-de-bolsas-2023.pdf\">Resultado preliminar<\/a><\/h3>\n<h3>\u2192&nbsp;<a href=\"http:\/\/www2.unifap.br\/ppgcf\/files\/2023\/05\/Resultado-final-edital-de-bolsas-2023.pdf\">Resultado final<\/a><\/h3>\n","protected":false},"excerpt":{"rendered":"<p>O Programa de P\u00f3s-gradua\u00e7\u00e3o em Ci\u00eancias Farmac\u00eauticas (PPGCF) torna p\u00fablica a abertura de inscri\u00e7\u00f5es e estabelece as normas para o processo de sele\u00e7\u00e3o interno de candidatos interessados em concorrer \u00e0s bolsas de mestrado no \u00e2mbito do Curso de Mestrado do&hellip; <\/p>\n<p><a href=\"https:\/\/www2.unifap.br\/ppgcf\/processos-seletivos\/edital-de-bolsas-2023\/\" class=\"readmore-button\">Continue Reading<\/a><\/p>\n","protected":false},"author":3958,"featured_media":0,"parent":268,"menu_order":0,"comment_status":"closed","ping_status":"closed","template":"","meta":{"inline_featured_image":false,"ngg_post_thumbnail":0,"footnotes":""},"class_list":["post-3465","page","type-page","status-publish","hentry"],"_links":{"self":[{"href":"https:\/\/www2.unifap.br\/ppgcf\/wp-json\/wp\/v2\/pages\/3465","targetHints":{"allow":["GET"]}}],"collection":[{"href":"https:\/\/www2.unifap.br\/ppgcf\/wp-json\/wp\/v2\/pages"}],"about":[{"href":"https:\/\/www2.unifap.br\/ppgcf\/wp-json\/wp\/v2\/types\/page"}],"author":[{"embeddable":true,"href":"https:\/\/www2.unifap.br\/ppgcf\/wp-json\/wp\/v2\/users\/3958"}],"replies":[{"embeddable":true,"href":"https:\/\/www2.unifap.br\/ppgcf\/wp-json\/wp\/v2\/comments?post=3465"}],"version-history":[{"count":8,"href":"https:\/\/www2.unifap.br\/ppgcf\/wp-json\/wp\/v2\/pages\/3465\/revisions"}],"predecessor-version":[{"id":3477,"href":"https:\/\/www2.unifap.br\/ppgcf\/wp-json\/wp\/v2\/pages\/3465\/revisions\/3477"}],"up":[{"embeddable":true,"href":"https:\/\/www2.unifap.br\/ppgcf\/wp-json\/wp\/v2\/pages\/268"}],"wp:attachment":[{"href":"https:\/\/www2.unifap.br\/ppgcf\/wp-json\/wp\/v2\/media?parent=3465"}],"curies":[{"name":"wp","href":"https:\/\/api.w.org\/{rel}","templated":true}]}}