{"id":3509,"date":"2023-10-08T18:40:10","date_gmt":"2023-10-08T18:40:10","guid":{"rendered":"https:\/\/www2.unifap.br\/ppgcf\/?page_id=3509"},"modified":"2026-04-11T21:07:18","modified_gmt":"2026-04-11T21:07:18","slug":"turma-2020-corpo-discente","status":"publish","type":"page","link":"https:\/\/www2.unifap.br\/ppgcf\/turma-2020-corpo-discente\/","title":{"rendered":"TURMA 2020 &#8211; CORPO DISCENTE"},"content":{"rendered":"<p><strong>Turma 2020<\/strong><\/p>\n<table width=\"1028\">\n<tbody>\n<tr>\n<td width=\"48\"><strong>ORD<\/strong><\/td>\n<td width=\"236\"><strong>NOME<\/strong><\/td>\n<td width=\"305\"><strong>ORIENTADOR \/ CO-ORIENTADOR<\/strong><\/td>\n<td width=\"181\">\n<p style=\"text-align: center\"><strong>CURR\u00cdCULO LATTES<\/strong><\/p>\n<\/td>\n<td width=\"247\">\n<p style=\"text-align: center\"><strong>DISSERTA\u00c7\u00c3O DE MESTRADO<\/strong><\/p>\n<\/td>\n<\/tr>\n<tr>\n<td width=\"48\">01<\/td>\n<td width=\"236\">Antonio C\u00e9lio Silva Sales Junior<\/td>\n<td width=\"305\">Dra. L\u00edlian Grace da Silva Solon<\/td>\n<td width=\"181\">\n<p style=\"text-align: center\"><a href=\"http:\/\/lattes.cnpq.br\/7122179168232858\"><strong>Acesse aqui<\/strong><\/a><\/p>\n<\/td>\n<td width=\"247\">\n<p style=\"text-align: center\">&#8211;<\/p>\n<\/td>\n<\/tr>\n<tr>\n<td width=\"48\">02<\/td>\n<td width=\"236\">Benilson Ramos Cassunde Barbosa<\/td>\n<td width=\"305\">Dr. Irlon Maciel Ferreira<\/td>\n<td width=\"181\">\n<p style=\"text-align: center\"><a href=\"http:\/\/lattes.cnpq.br\/1791844736135351\"><strong>Acesse aqui<\/strong><\/a><\/p>\n<\/td>\n<td width=\"247\">\n<p style=\"text-align: center\">&#8211;<\/p>\n<\/td>\n<\/tr>\n<tr>\n<td width=\"48\">03<\/td>\n<td width=\"236\">Bianca Flexa Ribeiro<\/td>\n<td width=\"305\">Dr. Rodrigo Alves Soares Cruz<\/td>\n<td width=\"181\">\n<p style=\"text-align: center\"><a href=\"http:\/\/lattes.cnpq.br\/1690747872528730\"><strong>Acesse aqui<\/strong><\/a><\/p>\n<\/td>\n<td width=\"247\">\n<p style=\"text-align: center\">&#8211;<\/p>\n<\/td>\n<\/tr>\n<tr>\n<td width=\"48\">04<\/td>\n<td width=\"236\">Darline Balieiro dos Santos<\/td>\n<td width=\"305\">Dra. Anna Eliza Maciel de Faria Mota Oliveira<\/td>\n<td width=\"181\">\n<p style=\"text-align: center\"><a href=\"http:\/\/lattes.cnpq.br\/3180806484268853\"><strong>Acesse aqui<\/strong><\/a><\/p>\n<\/td>\n<td width=\"247\">\n<p style=\"text-align: center\"><strong>Acesse aqui<\/strong><\/p>\n<\/td>\n<\/tr>\n<tr>\n<td width=\"48\">05<\/td>\n<td width=\"236\">Flavia Noronha Pereira<\/td>\n<td width=\"305\">Dr. Rafael Lima Resque<\/td>\n<td width=\"181\">\n<p style=\"text-align: center\"><a href=\"http:\/\/lattes.cnpq.br\/6282700496270126\"><strong>Acesse aqui<\/strong><\/a><\/p>\n<\/td>\n<td width=\"247\">\n<p style=\"text-align: center\"><strong>Acesse aqui<\/strong><\/p>\n<\/td>\n<\/tr>\n<tr>\n<td width=\"48\">06<\/td>\n<td width=\"236\">Kamila Ayres Queiroz<\/td>\n<td width=\"305\">Dr. Francisco F\u00e1bio Oliveira de Sousa<\/td>\n<td width=\"181\">\n<p style=\"text-align: center\"><a href=\"http:\/\/lattes.cnpq.br\/1056808529606804\"><strong>Acesse aqui<\/strong><\/a><\/p>\n<\/td>\n<td width=\"247\">\n<p style=\"text-align: center\"><strong>Acesse aqui<\/strong><\/p>\n<\/td>\n<\/tr>\n<tr>\n<td width=\"48\">07<\/td>\n<td width=\"236\">Karine de Assis Portela<\/td>\n<td width=\"305\">Dra. Raphaelle Sousa Borges<\/td>\n<td width=\"181\">\n<p style=\"text-align: center\"><a href=\"http:\/\/lattes.cnpq.br\/3641218610779953\"><strong>Acesse aqui<\/strong><\/a><\/p>\n<\/td>\n<td width=\"247\">\n<p style=\"text-align: center\">Desligado<\/p>\n<\/td>\n<\/tr>\n<tr>\n<td width=\"48\">08<\/td>\n<td width=\"236\">Kelciane Concei\u00e7\u00e3o Cordeiro<\/td>\n<td width=\"305\">Dr. Caio Pinho Fernandes<\/td>\n<td width=\"181\">\n<p style=\"text-align: center\"><a href=\"http:\/\/lattes.cnpq.br\/4430922902598834\"><strong>Acesse aqui<\/strong><\/a><\/p>\n<\/td>\n<td width=\"247\">\n<p style=\"text-align: center\"><strong>Acesse aqui<\/strong><\/p>\n<\/td>\n<\/tr>\n<tr>\n<td width=\"48\">09<\/td>\n<td width=\"236\">Lucilene Rocha de Souza<\/td>\n<td width=\"305\">Dra. Lorane Izabel da Silva Hage Melim<\/td>\n<td width=\"181\">\n<p style=\"text-align: center\"><a href=\"http:\/\/lattes.cnpq.br\/7346105864920216\"><strong>Acesse aqui<\/strong><\/a><\/p>\n<\/td>\n<td width=\"247\">\n<p style=\"text-align: center\">&#8211;<\/p>\n<\/td>\n<\/tr>\n<tr>\n<td width=\"48\">10<\/td>\n<td width=\"236\">Marco Aurelio da Costa Serruya<\/td>\n<td width=\"305\">Dr. Jos\u00e9 Carlos Tavares Carvalho<\/td>\n<td width=\"181\">\n<p style=\"text-align: center\"><a href=\"http:\/\/lattes.cnpq.br\/3001207133978606\"><strong>Acesse aqui<\/strong><\/a><\/p>\n<\/td>\n<td width=\"247\">\n<p style=\"text-align: center\">Desligado<\/p>\n<\/td>\n<\/tr>\n<tr>\n<td width=\"48\">11<\/td>\n<td width=\"236\">Paulo Roberto da Silva Rola Junior<\/td>\n<td width=\"305\">Dr. Cleydson Breno Rodrigues Dos Santos<\/td>\n<td width=\"181\">\n<p style=\"text-align: center\"><a href=\"http:\/\/lattes.cnpq.br\/4617241077793590\"><strong>Acesse aqui<\/strong><\/a><\/p>\n<\/td>\n<td width=\"247\">\n<p style=\"text-align: center\">&#8211;<\/p>\n<\/td>\n<\/tr>\n<tr>\n<td width=\"48\">12<\/td>\n<td width=\"236\">Rodolfo Carmo de Souza Leite<\/td>\n<td width=\"305\">Dra. Sheylla Susan Moreira da Silva de Almeida<\/td>\n<td width=\"181\">\n<p style=\"text-align: center\"><a href=\"http:\/\/lattes.cnpq.br\/0690688073424274\"><strong>Acesse aqui<\/strong><\/a><\/p>\n<\/td>\n<td width=\"247\">\n<p style=\"text-align: center\">&#8211;<\/p>\n<\/td>\n<\/tr>\n<tr>\n<td width=\"48\">13<\/td>\n<td width=\"236\">Sandro Rodrigues Lima<\/td>\n<td width=\"305\">Dra. L\u00edlian Grace da Silva Solon<\/td>\n<td width=\"181\">\n<p style=\"text-align: center\"><a href=\"http:\/\/lattes.cnpq.br\/8254964330380810\"><strong>Acesse aqui<\/strong><\/a><\/p>\n<\/td>\n<td width=\"247\">\n<p style=\"text-align: center\"><a href=\"http:\/\/www2.unifap.br\/ppgcf\/files\/2026\/04\/Dissertacao_Sandro-da-Silva-Borges-PPGCF-1.pdf\"><b>Acesse aqui<\/b><\/a><\/p>\n<\/td>\n<\/tr>\n<\/tbody>\n<\/table>\n","protected":false},"excerpt":{"rendered":"<p>Turma 2020 ORD NOME ORIENTADOR \/ CO-ORIENTADOR CURR\u00cdCULO LATTES DISSERTA\u00c7\u00c3O DE MESTRADO 01 Antonio C\u00e9lio Silva Sales Junior Dra. L\u00edlian Grace da Silva Solon Acesse aqui &#8211; 02 Benilson Ramos Cassunde Barbosa Dr. Irlon Maciel Ferreira Acesse aqui &#8211; 03&hellip; <\/p>\n<p><a href=\"https:\/\/www2.unifap.br\/ppgcf\/turma-2020-corpo-discente\/\" class=\"readmore-button\">Continue Reading<\/a><\/p>\n","protected":false},"author":3985,"featured_media":0,"parent":0,"menu_order":0,"comment_status":"closed","ping_status":"closed","template":"","meta":{"inline_featured_image":false,"ngg_post_thumbnail":0,"footnotes":""},"class_list":["post-3509","page","type-page","status-publish","hentry"],"_links":{"self":[{"href":"https:\/\/www2.unifap.br\/ppgcf\/wp-json\/wp\/v2\/pages\/3509","targetHints":{"allow":["GET"]}}],"collection":[{"href":"https:\/\/www2.unifap.br\/ppgcf\/wp-json\/wp\/v2\/pages"}],"about":[{"href":"https:\/\/www2.unifap.br\/ppgcf\/wp-json\/wp\/v2\/types\/page"}],"author":[{"embeddable":true,"href":"https:\/\/www2.unifap.br\/ppgcf\/wp-json\/wp\/v2\/users\/3985"}],"replies":[{"embeddable":true,"href":"https:\/\/www2.unifap.br\/ppgcf\/wp-json\/wp\/v2\/comments?post=3509"}],"version-history":[{"count":5,"href":"https:\/\/www2.unifap.br\/ppgcf\/wp-json\/wp\/v2\/pages\/3509\/revisions"}],"predecessor-version":[{"id":3994,"href":"https:\/\/www2.unifap.br\/ppgcf\/wp-json\/wp\/v2\/pages\/3509\/revisions\/3994"}],"wp:attachment":[{"href":"https:\/\/www2.unifap.br\/ppgcf\/wp-json\/wp\/v2\/media?parent=3509"}],"curies":[{"name":"wp","href":"https:\/\/api.w.org\/{rel}","templated":true}]}}