{"id":3511,"date":"2023-10-08T18:54:01","date_gmt":"2023-10-08T18:54:01","guid":{"rendered":"https:\/\/www2.unifap.br\/ppgcf\/?page_id=3511"},"modified":"2026-04-11T21:02:28","modified_gmt":"2026-04-11T21:02:28","slug":"turma-2021-corpo-discente","status":"publish","type":"page","link":"https:\/\/www2.unifap.br\/ppgcf\/turma-2021-corpo-discente\/","title":{"rendered":"TURMA 2021 &#8211; CORPO DISCENTE"},"content":{"rendered":"<p><strong>Turma 2021<\/strong><\/p>\n<table width=\"1028\">\n<tbody>\n<tr>\n<td width=\"51\"><strong>ORD<\/strong><\/td>\n<td width=\"235\"><strong>NOME<\/strong><\/td>\n<td width=\"303\"><strong>ORIENTADOR \/ CO-ORIENTADOR<\/strong><\/td>\n<td width=\"181\">\n<p style=\"text-align: center\"><strong>CURR\u00cdCULO LATTES<\/strong><\/p>\n<\/td>\n<td width=\"247\">\n<p style=\"text-align: center\"><strong>DISSERTA\u00c7\u00c3O DE MESTRADO<\/strong><\/p>\n<\/td>\n<\/tr>\n<tr>\n<td width=\"51\">01<\/td>\n<td width=\"235\">Aliny Cristiny de Jesus Sousa<\/td>\n<td width=\"303\">Dr. Jos\u00e9 Carlos Tavares Carvalho<\/td>\n<td width=\"181\">\n<p style=\"text-align: center\"><strong><a href=\"http:\/\/lattes.cnpq.br\/0650144780367577\">Acesse aqui<\/a><\/strong><\/p>\n<\/td>\n<td width=\"247\">\n<p style=\"text-align: center\">Desligado<\/p>\n<\/td>\n<\/tr>\n<tr>\n<td width=\"51\">02<\/td>\n<td width=\"235\">Allana Hielly Negreiros Lima<\/td>\n<td width=\"303\">Dr. Raimundo Nonato Pican\u00e7o Souto<\/td>\n<td width=\"181\">\n<p style=\"text-align: center\"><strong><a href=\"http:\/\/lattes.cnpq.br\/8225332408717109\">Acesse aqui<\/a><\/strong><\/p>\n<\/td>\n<td width=\"247\">\n<p style=\"text-align: center\"><a href=\"http:\/\/www2.unifap.br\/ppgcf\/files\/2026\/02\/dissertac\u0327a\u0303o-versa\u0303o-final-ALLANA-HIELLY-NEGREIROS-LIMA.pdf\"><strong>Acesse aqui<\/strong><\/a><\/p>\n<\/td>\n<\/tr>\n<tr>\n<td width=\"51\">03<\/td>\n<td width=\"235\">Ana Carolina de Jesus Silva<\/td>\n<td width=\"303\">Dra. Lorane Izabel da Silva Hage Melim<\/td>\n<td width=\"181\">\n<p style=\"text-align: center\"><strong><a href=\"http:\/\/lattes.cnpq.br\/8163137348620585\">Acesse aqui<\/a><\/strong><\/p>\n<\/td>\n<td width=\"247\">\n<p style=\"text-align: center\"><a href=\"http:\/\/www2.unifap.br\/ppgcf\/files\/2026\/02\/Dissertacao__Ana_Carolina_de_Jesus_assinado_assinado_assinado.pdf\"><strong>Acesse aqui<\/strong><\/a><\/p>\n<\/td>\n<\/tr>\n<tr>\n<td width=\"51\">04<\/td>\n<td width=\"235\">Athina Andritson Lustosa<\/td>\n<td width=\"303\">Dr. Gabriel Ara\u00fajo da Silva<\/td>\n<td width=\"181\">\n<p style=\"text-align: center\"><strong><a href=\"http:\/\/lattes.cnpq.br\/0483055723150784\">Acesse aqui<\/a><\/strong><\/p>\n<\/td>\n<td width=\"247\">\n<p style=\"text-align: center\">Desligado<\/p>\n<\/td>\n<\/tr>\n<tr>\n<td width=\"51\">05<\/td>\n<td width=\"235\">Beatriz Lacerda Ferreira<\/td>\n<td width=\"303\">Dr. Irlon Maciel Ferreira<\/td>\n<td width=\"181\">\n<p style=\"text-align: center\"><strong><a href=\"http:\/\/lattes.cnpq.br\/3158135285326495\">Acesse aqui<\/a><\/strong><\/p>\n<\/td>\n<td width=\"247\">\n<p style=\"text-align: center\"><a href=\"http:\/\/www2.unifap.br\/ppgcf\/files\/2026\/02\/1DISSERTACAO_Beatriz_Final_assinado_assinado.pdf_17_04_assinado_assinado.pdf\"><strong>Acesse aqui<\/strong><\/a><\/p>\n<\/td>\n<\/tr>\n<tr>\n<td width=\"51\">06<\/td>\n<td width=\"235\">Breno Nunes Aguillar<\/td>\n<td width=\"303\">Dra. Lilian Grace da Silva Solon<\/td>\n<td width=\"181\">\n<p style=\"text-align: center\"><strong><a href=\"http:\/\/lattes.cnpq.br\/2127957031267172\">Acesse aqui<\/a><\/strong><\/p>\n<\/td>\n<td width=\"247\">\n<p style=\"text-align: center\"><a href=\"http:\/\/www2.unifap.br\/ppgcf\/files\/2026\/02\/Dissertacao_Corrigida_BRENO-NUNES-AGUILLAR.pdf\"><strong>Acesse aqui<\/strong><\/a><\/p>\n<\/td>\n<\/tr>\n<tr>\n<td width=\"51\">07<\/td>\n<td width=\"235\">Dionisia Pelaes Ferreira<\/td>\n<td width=\"303\">Dr. Irlon Maciel Ferreira<\/td>\n<td width=\"181\">\n<p style=\"text-align: center\"><strong><a href=\"http:\/\/lattes.cnpq.br\/2184044164954316\">Acesse aqui<\/a><\/strong><\/p>\n<\/td>\n<td width=\"247\">\n<p style=\"text-align: center\"><a href=\"http:\/\/www2.unifap.br\/ppgcf\/files\/2026\/02\/DISSERTACAO-FINAL-DIONISIA-FERREIRA.pdf\"><strong>Acesse aqui<\/strong><\/a><\/p>\n<\/td>\n<\/tr>\n<tr>\n<td width=\"51\">08<\/td>\n<td width=\"235\">Isaias Fiuza Cabral<\/td>\n<td width=\"303\">Dra. Lorane Izabel da Silva Hage Melim<\/td>\n<td width=\"181\">\n<p style=\"text-align: center\"><strong><a href=\"http:\/\/lattes.cnpq.br\/2390360981285952\">Acesse aqui<\/a><\/strong><\/p>\n<\/td>\n<td width=\"247\">\n<p style=\"text-align: center\">Desligado<\/p>\n<\/td>\n<\/tr>\n<tr>\n<td width=\"51\">09<\/td>\n<td width=\"235\">Matheus Goes Oeiras<\/td>\n<td width=\"303\">Dra. Raquel Silva Ara\u00fajo<\/td>\n<td width=\"181\">\n<p style=\"text-align: center\"><strong><a href=\"http:\/\/lattes.cnpq.br\/4262967697626295\">Acesse aqui<\/a><\/strong><\/p>\n<\/td>\n<td width=\"247\">\n<p style=\"text-align: center\">Desligado<\/p>\n<\/td>\n<\/tr>\n<tr>\n<td width=\"51\">10<\/td>\n<td width=\"235\">Mikaela Amaral Ferreira<\/td>\n<td width=\"303\">Dr. Caio Pinho Fernandes<\/td>\n<td width=\"181\">\n<p style=\"text-align: center\"><strong><a href=\"http:\/\/lattes.cnpq.br\/5325034527773773\">Acesse aqui<\/a><\/strong><\/p>\n<\/td>\n<td width=\"247\">\n<p style=\"text-align: center\"><a href=\"http:\/\/www2.unifap.br\/ppgcf\/files\/2026\/02\/Dissertacao-Mikaela-Amaral-Ferreira.pdf\"><strong>Acesse aqui<\/strong><\/a><\/p>\n<\/td>\n<\/tr>\n<tr>\n<td width=\"51\">11<\/td>\n<td width=\"235\">Norberto Souza Costa<\/td>\n<td width=\"303\">Dr. Cleydson Breno Rodrigues Dos Santos<\/td>\n<td width=\"181\">\n<p style=\"text-align: center\"><strong><a href=\"http:\/\/lattes.cnpq.br\/8257963446413716\">Acesse aqui<\/a><\/strong><\/p>\n<\/td>\n<td width=\"247\">\n<p style=\"text-align: center\"><a href=\"http:\/\/www2.unifap.br\/ppgcf\/files\/2026\/02\/Dissertacao_Norberto-Souza-Costa.pdf\"><strong>Acesse aqui<\/strong><\/a><\/p>\n<\/td>\n<\/tr>\n<tr>\n<td width=\"51\">12<\/td>\n<td width=\"235\">Rodolfo Carmo de Souza Leite<\/td>\n<td width=\"303\">Dra. Sheylla Susan Moreira da Silva de Almeida<\/td>\n<td width=\"181\">\n<p style=\"text-align: center\"><strong><a href=\"http:\/\/lattes.cnpq.br\/0690688073424274\">Acesse aqui<\/a><\/strong><\/p>\n<\/td>\n<td width=\"247\">\n<p style=\"text-align: center\">&#8211;<\/p>\n<\/td>\n<\/tr>\n<tr>\n<td width=\"51\">13<\/td>\n<td width=\"235\">Roosenilson Dias Muniz<\/td>\n<td width=\"303\">Dr. Irlon Maciel Ferreira<\/td>\n<td width=\"181\">\n<p style=\"text-align: center\"><strong><a href=\"http:\/\/lattes.cnpq.br\/9807707706975288\">Acesse aqui<\/a><\/strong><\/p>\n<\/td>\n<td width=\"247\">\n<p style=\"text-align: center\"><a href=\"http:\/\/www2.unifap.br\/ppgcf\/files\/2026\/02\/DISSERTACAO_Roosenilson_Dias_Muniz.pdf\"><strong>Acesse aqui<\/strong><\/a><\/p>\n<\/td>\n<\/tr>\n<tr>\n<td width=\"51\">14<\/td>\n<td width=\"235\">Sandro da Silva Borges<\/td>\n<td width=\"303\">Dra. Lilian Grace da Silva Solon<\/td>\n<td width=\"181\">\n<p style=\"text-align: center\"><strong><a href=\"http:\/\/lattes.cnpq.br\/8563428724611669\">Acesse aqui<\/a><\/strong><\/p>\n<\/td>\n<td width=\"247\">\n<p style=\"text-align: center\"><a href=\"http:\/\/www2.unifap.br\/ppgcf\/files\/2026\/02\/Dissertacao_Sandro-da-Silva-Borges-PPGCF_compressed.pdf\"><strong>Acesse aqui<\/strong><\/a><\/p>\n<\/td>\n<\/tr>\n<tr>\n<td width=\"51\">15<\/td>\n<td width=\"235\">Vinicius Yuri Borges dos Santos<\/td>\n<td width=\"303\">Dra. Raphaelle Sousa Borges<\/td>\n<td width=\"181\">\n<p style=\"text-align: center\"><strong><a href=\"http:\/\/lattes.cnpq.br\/9269035020706063\">Acesse aqui<\/a><\/strong><\/p>\n<\/td>\n<td width=\"247\">\n<p style=\"text-align: center\"><a href=\"http:\/\/www2.unifap.br\/ppgcf\/files\/2026\/02\/Dissertacao-Final-Discente-Vinicius-Yuri-Borges-dos-Santos-PPGCF-UNIFAP.pdf\"><strong>Acesse aqui<\/strong><\/a><\/p>\n<\/td>\n<\/tr>\n<tr>\n<td width=\"51\">16<\/td>\n<td width=\"235\">Vitor da Silva Maciel<\/td>\n<td width=\"303\">Dr. Rodrigo Alves Soares Cruz<\/td>\n<td width=\"181\">\n<p style=\"text-align: center\"><strong><a href=\"http:\/\/lattes.cnpq.br\/9643012948156338\">Acesse aqui<\/a><\/strong><\/p>\n<\/td>\n<td width=\"247\">\n<p style=\"text-align: center\">Desligado<\/p>\n<\/td>\n<\/tr>\n<\/tbody>\n<\/table>\n","protected":false},"excerpt":{"rendered":"<p>Turma 2021 ORD NOME ORIENTADOR \/ CO-ORIENTADOR CURR\u00cdCULO LATTES DISSERTA\u00c7\u00c3O DE MESTRADO 01 Aliny Cristiny de Jesus Sousa Dr. Jos\u00e9 Carlos Tavares Carvalho Acesse aqui Desligado 02 Allana Hielly Negreiros Lima Dr. Raimundo Nonato Pican\u00e7o Souto Acesse aqui Acesse aqui&hellip; <\/p>\n<p><a href=\"https:\/\/www2.unifap.br\/ppgcf\/turma-2021-corpo-discente\/\" class=\"readmore-button\">Continue Reading<\/a><\/p>\n","protected":false},"author":3985,"featured_media":0,"parent":0,"menu_order":0,"comment_status":"closed","ping_status":"closed","template":"","meta":{"inline_featured_image":false,"ngg_post_thumbnail":0,"footnotes":""},"class_list":["post-3511","page","type-page","status-publish","hentry"],"_links":{"self":[{"href":"https:\/\/www2.unifap.br\/ppgcf\/wp-json\/wp\/v2\/pages\/3511","targetHints":{"allow":["GET"]}}],"collection":[{"href":"https:\/\/www2.unifap.br\/ppgcf\/wp-json\/wp\/v2\/pages"}],"about":[{"href":"https:\/\/www2.unifap.br\/ppgcf\/wp-json\/wp\/v2\/types\/page"}],"author":[{"embeddable":true,"href":"https:\/\/www2.unifap.br\/ppgcf\/wp-json\/wp\/v2\/users\/3985"}],"replies":[{"embeddable":true,"href":"https:\/\/www2.unifap.br\/ppgcf\/wp-json\/wp\/v2\/comments?post=3511"}],"version-history":[{"count":4,"href":"https:\/\/www2.unifap.br\/ppgcf\/wp-json\/wp\/v2\/pages\/3511\/revisions"}],"predecessor-version":[{"id":3992,"href":"https:\/\/www2.unifap.br\/ppgcf\/wp-json\/wp\/v2\/pages\/3511\/revisions\/3992"}],"wp:attachment":[{"href":"https:\/\/www2.unifap.br\/ppgcf\/wp-json\/wp\/v2\/media?parent=3511"}],"curies":[{"name":"wp","href":"https:\/\/api.w.org\/{rel}","templated":true}]}}