{"id":3516,"date":"2023-10-08T19:22:10","date_gmt":"2023-10-08T19:22:10","guid":{"rendered":"https:\/\/www2.unifap.br\/ppgcf\/?page_id=3516"},"modified":"2026-04-11T20:58:50","modified_gmt":"2026-04-11T20:58:50","slug":"turma-2023-corpo-discente","status":"publish","type":"page","link":"https:\/\/www2.unifap.br\/ppgcf\/turma-2023-corpo-discente\/","title":{"rendered":"TURMA 2023 &#8211; CORPO DISCENTE"},"content":{"rendered":"<p><strong>Turma 2023<\/strong><\/p>\n<table width=\"1028\">\n<tbody>\n<tr>\n<td width=\"48\"><strong>ORD<\/strong><\/td>\n<td width=\"236\"><strong>NOME<\/strong><\/td>\n<td width=\"305\"><strong>ORIENTADOR \/ CO-ORIENTADOR<\/strong><\/td>\n<td width=\"181\">\n<p style=\"text-align: center\"><strong>CURR\u00cdCULO LATTES<\/strong><\/p>\n<\/td>\n<td width=\"247\">\n<p style=\"text-align: center\"><strong>DISSERTA\u00c7\u00c3O DE MESTRADO<\/strong><\/p>\n<\/td>\n<\/tr>\n<tr>\n<td width=\"48\">01<\/td>\n<td width=\"236\">Adeilson Pimentel Rabelo<\/td>\n<td width=\"305\">Dr. Raimundo Nonato Pican\u00e7o Souto<\/td>\n<td width=\"181\">\n<p style=\"text-align: center\"><strong><a href=\"http:\/\/lattes.cnpq.br\/9910442765479096\">Acesse aqui<\/a><\/strong><\/p>\n<\/td>\n<td width=\"247\">\n<p style=\"text-align: center\"><strong><a href=\"http:\/\/www2.unifap.br\/ppgcf\/files\/2026\/02\/DISSERTACAO-FINAL-ADEILSON-RABELO-2.pdf\">Acesse aqui<\/a><\/strong><\/p>\n<\/td>\n<\/tr>\n<tr>\n<td width=\"48\">02<\/td>\n<td width=\"236\">Ana B\u00e1rbara Souza Viana<\/td>\n<td width=\"305\">Dr. Jos\u00e9 Carlos Tavares Carvalho<\/td>\n<td width=\"181\">\n<p style=\"text-align: center\"><strong><a href=\"http:\/\/lattes.cnpq.br\/0283850555698600\">Acesse aqui<\/a><\/strong><\/p>\n<\/td>\n<td width=\"247\">\n<p style=\"text-align: center\"><strong><a href=\"http:\/\/www2.unifap.br\/ppgcf\/files\/2026\/04\/VERSAO-FINAL-DISSERTACAO-ANA-BARBARA.pdf\">Acesse aqui<\/a><\/strong><\/p>\n<\/td>\n<\/tr>\n<tr>\n<td width=\"48\">03<\/td>\n<td width=\"236\">Ana Clara Galo Pantoja da Silva<\/td>\n<td width=\"305\">Dr. Rodrigo Alves Soares Cruz<\/td>\n<td width=\"181\">\n<p style=\"text-align: center\"><strong><a href=\"http:\/\/lattes.cnpq.br\/5464094700057463\">Acesse aqui<\/a><\/strong><\/p>\n<\/td>\n<td width=\"247\">\n<p style=\"text-align: center\">Desligado<\/p>\n<\/td>\n<\/tr>\n<tr>\n<td width=\"48\">04<\/td>\n<td width=\"236\">Andreia Lima de Amorim<\/td>\n<td width=\"305\">Dr. Irlon Maciel Ferreira<\/td>\n<td width=\"181\">\n<p style=\"text-align: center\"><strong><a href=\"http:\/\/lattes.cnpq.br\/2637062813529668\">Acesse aqui<\/a><\/strong><\/p>\n<\/td>\n<td width=\"247\">\n<p style=\"text-align: center\"><a href=\"http:\/\/www2.unifap.br\/ppgcf\/files\/2026\/04\/Andreia_Dissertacao-PPGCF-finalizado_banca-2.pdf\"><strong>Acesse aqui<\/strong><\/a><\/p>\n<\/td>\n<\/tr>\n<tr>\n<td width=\"48\">05<\/td>\n<td width=\"236\">Andressa Ketelem Meireles Alberto<\/td>\n<td width=\"305\">Dr. Jos\u00e9 Carlos Tavares Carvalho<\/td>\n<td width=\"181\">\n<p style=\"text-align: center\"><strong><a href=\"http:\/\/lattes.cnpq.br\/0074353775024746\">Acesse aqui<\/a><\/strong><\/p>\n<\/td>\n<td width=\"247\">\n<p style=\"text-align: center\">Em constru\u00e7\u00e3o<\/p>\n<\/td>\n<\/tr>\n<tr>\n<td width=\"48\">06<\/td>\n<td width=\"236\">Bruna Nascimento Flexa<\/td>\n<td width=\"305\">Dr. Caio Pinho Fernandes<\/td>\n<td width=\"181\">\n<p style=\"text-align: center\"><strong><a href=\"http:\/\/lattes.cnpq.br\/1790849608201128\">Acesse aqui<\/a><\/strong><\/p>\n<\/td>\n<td width=\"247\">\n<p style=\"text-align: center\"><a href=\"http:\/\/www2.unifap.br\/ppgcf\/files\/2026\/04\/DISSERTACAO-FORMATO-DE-ARTIGO-BRUNA-FLEXA-CORRIGIDO.pdf\"><b>Acesse aqui<\/b><\/a><\/p>\n<\/td>\n<\/tr>\n<tr>\n<td width=\"48\">07<\/td>\n<td width=\"236\">Carla Rosane Amorim da Silva<\/td>\n<td width=\"305\">Dra. Raphaelle Sousa Borges<\/td>\n<td width=\"181\">\n<p style=\"text-align: center\"><strong><a href=\"http:\/\/lattes.cnpq.br\/8656664201034111\">Acesse aqui<\/a><\/strong><\/p>\n<\/td>\n<td width=\"247\">\n<p style=\"text-align: center\">Em constru\u00e7\u00e3o<\/p>\n<\/td>\n<\/tr>\n<tr>\n<td width=\"48\">08<\/td>\n<td width=\"236\">Fab\u00edola Monteiro de Souza Berwian Schneider<\/td>\n<td width=\"305\">Dr. Rodrigo Alves Soares Cruz<\/td>\n<td width=\"181\">\n<p style=\"text-align: center\"><strong><a href=\"http:\/\/lattes.cnpq.br\/2560734502167824\">Acesse aqui<\/a><\/strong><\/p>\n<\/td>\n<td width=\"247\">\n<p style=\"text-align: center\">Em constru\u00e7\u00e3o<\/p>\n<\/td>\n<\/tr>\n<tr>\n<td width=\"48\">09<\/td>\n<td width=\"236\">Filipe Andre Santiago de Miranda<\/td>\n<td width=\"305\">Dr. David Esteban Quintero Jimenez<\/td>\n<td width=\"181\">\n<p style=\"text-align: center\"><strong><a href=\"http:\/\/lattes.cnpq.br\/9338206262446416\">Acesse aqui<\/a><\/strong><\/p>\n<\/td>\n<td width=\"247\">\n<p style=\"text-align: center\">Em constru\u00e7\u00e3o<\/p>\n<\/td>\n<\/tr>\n<tr>\n<td width=\"48\">10<\/td>\n<td width=\"236\">Franco Marcio Maciel Pontes<\/td>\n<td width=\"305\">Dra. Lorane Izabel da Silva Hage Melim<\/td>\n<td width=\"181\">\n<p style=\"text-align: center\"><strong><a href=\"http:\/\/lattes.cnpq.br\/2874026113068530\">Acesse aqui<\/a><\/strong><\/p>\n<\/td>\n<td width=\"247\">\n<p style=\"text-align: center\">Em constru\u00e7\u00e3o<\/p>\n<\/td>\n<\/tr>\n<tr>\n<td width=\"48\">11<\/td>\n<td width=\"236\">Geraldo Ot\u00e1vio Biondi Filho<\/td>\n<td width=\"305\">Dra. Raphaelle Sousa Borges<\/td>\n<td width=\"181\">\n<p style=\"text-align: center\"><strong><a href=\"http:\/\/lattes.cnpq.br\/8328875399303907\">Acesse aqui<\/a><\/strong><\/p>\n<\/td>\n<td width=\"247\">\n<p style=\"text-align: center\">Em constru\u00e7\u00e3o<\/p>\n<\/td>\n<\/tr>\n<tr>\n<td width=\"48\">12<\/td>\n<td width=\"236\">Igor Colares Pena<\/td>\n<td width=\"305\">Dra. Anna Eliza Maciel de Faria Mota Oliveira<\/td>\n<td width=\"181\">\n<p style=\"text-align: center\"><strong><a href=\"http:\/\/lattes.cnpq.br\/9284281289117501\">Acesse aqui<\/a><\/strong><\/p>\n<\/td>\n<td width=\"247\">\n<p style=\"text-align: center\">Cancelou<\/p>\n<\/td>\n<\/tr>\n<tr>\n<td width=\"48\">13<\/td>\n<td width=\"236\">Isabele de Carvalho Costa<\/td>\n<td width=\"305\">Dr. Rodrigo Alves Soares Cruz<\/td>\n<td width=\"181\">\n<p style=\"text-align: center\"><strong><a href=\"http:\/\/lattes.cnpq.br\/7051302318974084\">Acesse aqui<\/a><\/strong><\/p>\n<\/td>\n<td width=\"247\">\n<p style=\"text-align: center\">Desligado<\/p>\n<\/td>\n<\/tr>\n<tr>\n<td width=\"48\">14<\/td>\n<td width=\"236\">Luan Sant&#8217;ana Giles<\/td>\n<td width=\"305\">Dr. Francisco F\u00e1bio Oliveira de Sousa<\/td>\n<td width=\"181\">\n<p style=\"text-align: center\"><strong><a href=\"http:\/\/lattes.cnpq.br\/6043810982852248\">Acesse aqui<\/a><\/strong><\/p>\n<\/td>\n<td width=\"247\">\n<p style=\"text-align: center\">Desligado<\/p>\n<\/td>\n<\/tr>\n<tr>\n<td width=\"48\">15<\/td>\n<td width=\"236\">Luanne Christinne Franca Cancela<\/td>\n<td width=\"305\">Dr. F\u00e1bio Rodrigues de Oliveira<\/td>\n<td width=\"181\">\n<p style=\"text-align: center\"><strong><a href=\"http:\/\/lattes.cnpq.br\/347746355667739\">Acesse aqui<\/a><\/strong><\/p>\n<\/td>\n<td width=\"247\">\n<p style=\"text-align: center\">Em constru\u00e7\u00e3o<\/p>\n<\/td>\n<\/tr>\n<tr>\n<td width=\"48\">16<\/td>\n<td width=\"236\">Maracy Laurindo Dantas dos Santos Andrade<\/td>\n<td width=\"305\">Dr. Cleydson Breno Rodrigues Dos Santos<\/td>\n<td width=\"181\">\n<p style=\"text-align: center\"><strong><a href=\"http:\/\/lattes.cnpq.br\/7561016044537759\">Acesse aqui<\/a><\/strong><\/p>\n<\/td>\n<td width=\"247\">\n<p style=\"text-align: center\">Em constru\u00e7\u00e3o<\/p>\n<\/td>\n<\/tr>\n<tr>\n<td width=\"48\">17<\/td>\n<td width=\"236\">Naikita Suellen da Silva e Silva<\/td>\n<td width=\"305\">Dr. Gabriel Araujo da Silva<\/td>\n<td width=\"181\">\n<p style=\"text-align: center\"><strong><a href=\"http:\/\/lattes.cnpq.br\/3350190467218643\">Acesse aqui<\/a><\/strong><\/p>\n<\/td>\n<td width=\"247\">\n<p style=\"text-align: center\">Em constru\u00e7\u00e3o<\/p>\n<\/td>\n<\/tr>\n<tr>\n<td width=\"48\">18<\/td>\n<td width=\"236\">Natalya Gabriely Lobato Santos<\/td>\n<td width=\"305\">Dr. Jos\u00e9 Carlos Tavares Carvalho<\/td>\n<td width=\"181\">\n<p style=\"text-align: center\"><strong><a href=\"http:\/\/lattes.cnpq.br\/9344636224414770\">Acesse aqui<\/a><\/strong><\/p>\n<\/td>\n<td width=\"247\">\n<p style=\"text-align: center\">Em constru\u00e7\u00e3o<\/p>\n<\/td>\n<\/tr>\n<tr>\n<td width=\"48\">19<\/td>\n<td width=\"236\">Rodrigo Pinto da Costa<\/td>\n<td width=\"305\">Dr. Gabriel Araujo da Silva<\/td>\n<td width=\"181\">\n<p style=\"text-align: center\"><strong><a href=\"http:\/\/lattes.cnpq.br\/5485336530210254\">Acesse aqui<\/a><\/strong><\/p>\n<\/td>\n<td width=\"247\">\n<p style=\"text-align: center\"><a href=\"http:\/\/www2.unifap.br\/ppgcf\/files\/2026\/02\/Rodrigo_Pinto_da_Costa_.pdf\"><strong>Acesse aqui<\/strong><\/a><\/p>\n<\/td>\n<\/tr>\n<tr>\n<td width=\"48\">20<\/td>\n<td width=\"236\">Suelem de Freitas Ferreira Coelho<\/td>\n<td width=\"305\">Dr. David Esteban Quintero Jimenez<\/td>\n<td width=\"181\">\n<p style=\"text-align: center\"><strong><a href=\"http:\/\/lattes.cnpq.br\/1228876995155091\">Acesse aqui<\/a><\/strong><\/p>\n<\/td>\n<td width=\"247\">\n<p style=\"text-align: center\">Em constru\u00e7\u00e3o<\/p>\n<\/td>\n<\/tr>\n<tr>\n<td width=\"48\">21<\/td>\n<td width=\"236\">Ta\u00eds Brand\u00e3o Abdon<\/td>\n<td width=\"305\">Dr. Rodrigo Alves Soares Cruz<\/td>\n<td width=\"181\">\n<p style=\"text-align: center\"><strong><a href=\"http:\/\/lattes.cnpq.br\/6723493199953695\">Acesse aqui<\/a><\/strong><\/p>\n<\/td>\n<td width=\"247\">\n<p style=\"text-align: center\">Desligado<\/p>\n<\/td>\n<\/tr>\n<tr>\n<td width=\"48\">22<\/td>\n<td width=\"236\">Tha\u00eds Oliveira Freitas<\/td>\n<td width=\"305\">Dra. Lilian Grace da Silva Solon<\/td>\n<td width=\"181\">\n<p style=\"text-align: center\"><strong><a href=\"http:\/\/lattes.cnpq.br\/9815170463134271\">Acesse aqui<\/a><\/strong><\/p>\n<\/td>\n<td width=\"247\">\n<p style=\"text-align: center\">Em constru\u00e7\u00e3o<\/p>\n<\/td>\n<\/tr>\n<tr>\n<td width=\"48\">23<\/td>\n<td width=\"236\">Thayn\u00e1 Oliveira Corr\u00eaa<\/td>\n<td width=\"305\">Dr. Francisco F\u00e1bio Oliveira de Sousa<\/td>\n<td width=\"181\">\n<p style=\"text-align: center\"><strong><a href=\"http:\/\/lattes.cnpq.br\/7213493340540489\">Acesse aqui<\/a><\/strong><\/p>\n<\/td>\n<td width=\"247\">\n<p style=\"text-align: center\"><strong><a href=\"http:\/\/www2.unifap.br\/ppgcf\/files\/2026\/02\/DISSERTACAO_THAYNA_corrigida.pdf\">Acesse aqui<\/a><\/strong><\/p>\n<\/td>\n<\/tr>\n<\/tbody>\n<\/table>\n","protected":false},"excerpt":{"rendered":"<p>Turma 2023 ORD NOME ORIENTADOR \/ CO-ORIENTADOR CURR\u00cdCULO LATTES DISSERTA\u00c7\u00c3O DE MESTRADO 01 Adeilson Pimentel Rabelo Dr. Raimundo Nonato Pican\u00e7o Souto Acesse aqui Acesse aqui 02 Ana B\u00e1rbara Souza Viana Dr. Jos\u00e9 Carlos Tavares Carvalho Acesse aqui Acesse aqui 03&hellip; <\/p>\n<p><a href=\"https:\/\/www2.unifap.br\/ppgcf\/turma-2023-corpo-discente\/\" class=\"readmore-button\">Continue Reading<\/a><\/p>\n","protected":false},"author":3985,"featured_media":0,"parent":0,"menu_order":0,"comment_status":"closed","ping_status":"closed","template":"","meta":{"inline_featured_image":false,"ngg_post_thumbnail":0,"footnotes":""},"class_list":["post-3516","page","type-page","status-publish","hentry"],"_links":{"self":[{"href":"https:\/\/www2.unifap.br\/ppgcf\/wp-json\/wp\/v2\/pages\/3516","targetHints":{"allow":["GET"]}}],"collection":[{"href":"https:\/\/www2.unifap.br\/ppgcf\/wp-json\/wp\/v2\/pages"}],"about":[{"href":"https:\/\/www2.unifap.br\/ppgcf\/wp-json\/wp\/v2\/types\/page"}],"author":[{"embeddable":true,"href":"https:\/\/www2.unifap.br\/ppgcf\/wp-json\/wp\/v2\/users\/3985"}],"replies":[{"embeddable":true,"href":"https:\/\/www2.unifap.br\/ppgcf\/wp-json\/wp\/v2\/comments?post=3516"}],"version-history":[{"count":7,"href":"https:\/\/www2.unifap.br\/ppgcf\/wp-json\/wp\/v2\/pages\/3516\/revisions"}],"predecessor-version":[{"id":3989,"href":"https:\/\/www2.unifap.br\/ppgcf\/wp-json\/wp\/v2\/pages\/3516\/revisions\/3989"}],"wp:attachment":[{"href":"https:\/\/www2.unifap.br\/ppgcf\/wp-json\/wp\/v2\/media?parent=3516"}],"curies":[{"name":"wp","href":"https:\/\/api.w.org\/{rel}","templated":true}]}}