{"id":3527,"date":"2023-11-06T15:20:45","date_gmt":"2023-11-06T15:20:45","guid":{"rendered":"https:\/\/www2.unifap.br\/ppgcf\/?page_id=3527"},"modified":"2023-11-06T15:44:52","modified_gmt":"2023-11-06T15:44:52","slug":"orientadores-do-ppgcf-2023","status":"publish","type":"page","link":"https:\/\/www2.unifap.br\/ppgcf\/orientadores-do-ppgcf-2023\/","title":{"rendered":"Orientadores do PPGCF 2023"},"content":{"rendered":"<p><strong>PROFESSORES PERMANENTES<\/strong><\/p>\n<p><a href=\"http:\/\/www2.unifap.br\/ppgcf\/files\/2012\/06\/ana-elisa.jpg\"><img fetchpriority=\"high\" decoding=\"async\" class=\"alignnone size-medium wp-image-1694\" src=\"http:\/\/www2.unifap.br\/ppgcf\/files\/2012\/06\/ana-elisa-213x300.jpg\" alt=\"\" width=\"213\" height=\"300\" srcset=\"https:\/\/www2.unifap.br\/ppgcf\/files\/2012\/06\/ana-elisa-213x300.jpg 213w, https:\/\/www2.unifap.br\/ppgcf\/files\/2012\/06\/ana-elisa.jpg 335w\" sizes=\"(max-width: 213px) 100vw, 213px\" \/><\/a><\/p>\n<p><strong>Profa. Dra. Anna Eliza Maciel de Faria Mota Oliveira<\/strong><\/p>\n<p>Doutora em Inova\u00e7\u00e3o Farmac\u00eautica&nbsp;(Programa em Rede &#8211; UNIFAP\/UFG\/UFAM\/UFPA).<\/p>\n<p>Linha de Pesquisa: &nbsp;agentes antimicrobianos nanoestruturados de origem natural.<\/p>\n<p>E-mail: annaeliza.maciel@gmail.com &nbsp; &nbsp; &nbsp; &nbsp; &nbsp; &nbsp; &nbsp; &nbsp; &nbsp;&nbsp;<a href=\"http:\/\/lattes.cnpq.br\/7761556901260621\">http:\/\/lattes.cnpq.br\/7761556901260621<\/a><\/p>\n<p><a href=\"http:\/\/www2.unifap.br\/ppgcf\/files\/2012\/06\/caio.jpg\"><img decoding=\"async\" class=\"alignnone size-medium wp-image-309\" src=\"http:\/\/www2.unifap.br\/ppgcf\/files\/2012\/06\/caio-300x200.jpg\" alt=\"\" width=\"300\" height=\"200\" srcset=\"https:\/\/www2.unifap.br\/ppgcf\/files\/2012\/06\/caio-300x200.jpg 300w, https:\/\/www2.unifap.br\/ppgcf\/files\/2012\/06\/caio-1024x682.jpg 1024w, https:\/\/www2.unifap.br\/ppgcf\/files\/2012\/06\/caio-225x150.jpg 225w\" sizes=\"(max-width: 300px) 100vw, 300px\" \/><\/a><\/p>\n<p><strong>Prof. Dr. Caio Pinho Fernandes<\/strong><\/p>\n<p>Doutor em Ci\u00eancias (Biotecnologia Vegetal) pela Universidade Federal do Rio de Janeiro (UFRJ).<\/p>\n<p>Linha de Pesquisa: controle de qualidade e tecnologia de fitoter\u00e1picos, com \u00eanfase em triterpenos, \u00f3leos da amaz\u00f4nia, desenvolvimento de nanoformula\u00e7\u00f5es e pesquisa de novos agentes bioativos.<\/p>\n<p>E-mail:&nbsp;caiofernandes@unifap.br \/&nbsp;caio_pfernandes@yahoo.com.br &nbsp; &nbsp; &nbsp;<a href=\"http:\/\/lattes.cnpq.br\/9887445768141512\">http:\/\/lattes.cnpq.br\/9887445768141512<\/a><\/p>\n<p><a href=\"http:\/\/www2.unifap.br\/ppgcf\/files\/2012\/06\/CLARISSA-LIMA.png\"><img decoding=\"async\" class=\"alignnone size-medium wp-image-1031\" src=\"http:\/\/www2.unifap.br\/ppgcf\/files\/2012\/06\/CLARISSA-LIMA-225x300.png\" alt=\"\" width=\"225\" height=\"300\" srcset=\"https:\/\/www2.unifap.br\/ppgcf\/files\/2012\/06\/CLARISSA-LIMA-225x300.png 225w, https:\/\/www2.unifap.br\/ppgcf\/files\/2012\/06\/CLARISSA-LIMA-768x1024.png 768w, https:\/\/www2.unifap.br\/ppgcf\/files\/2012\/06\/CLARISSA-LIMA.png 1536w\" sizes=\"(max-width: 225px) 100vw, 225px\" \/><\/a><\/p>\n<p><strong>Profa. Dra. Clarissa Silva Lima<\/strong><\/p>\n<p>Doutora em Biodiversidade Tropical pela Universidade Federal do Amap\u00e1 (UNIFAP), com est\u00e1gio de doutoramento no Centre National de La Recherche Scientifique CNRS, Gif-Sur-Yvette, na Fran\u00e7a.<\/p>\n<p>Linha de Pesquisa:&nbsp;Toxicologia reprodutiva e do desenvolvimento.<\/p>\n<p>E-mail: lima.clarissa@gmail.com &nbsp; &nbsp; &nbsp; &nbsp; &nbsp; &nbsp;&nbsp;<a href=\"http:\/\/lattes.cnpq.br\/9434674545991305\">http:\/\/lattes.cnpq.br\/9434674545991305<\/a><\/p>\n<p><a href=\"http:\/\/www2.unifap.br\/ppgcf\/files\/2012\/06\/217e255518fbfca341_l_69397.jpg\"><img loading=\"lazy\" decoding=\"async\" class=\"alignnone  wp-image-845\" src=\"http:\/\/www2.unifap.br\/ppgcf\/files\/2012\/06\/217e255518fbfca341_l_69397.jpg\" alt=\"\" width=\"236\" height=\"236\" srcset=\"https:\/\/www2.unifap.br\/ppgcf\/files\/2012\/06\/217e255518fbfca341_l_69397.jpg 180w, https:\/\/www2.unifap.br\/ppgcf\/files\/2012\/06\/217e255518fbfca341_l_69397-150x150.jpg 150w, https:\/\/www2.unifap.br\/ppgcf\/files\/2012\/06\/217e255518fbfca341_l_69397-70x70.jpg 70w\" sizes=\"(max-width: 236px) 100vw, 236px\" \/><\/a><\/p>\n<p><strong>Prof. Dr. Francisco F\u00e1bio Oliveira de Sousa<\/strong><\/p>\n<p>Doutor em &#8220;Investigaci\u00f3n y Desarrollo de Medicamentos&#8221; pela Universidade de Santiago de Compostela (USC), Espanha (2011) e realizou Est\u00e1gio de P\u00f3s-doutorado junto ao Programa de P\u00f3s-gradua\u00e7\u00e3o em Odontologia (PPGO\/ UFC).<\/p>\n<p>Linha de Pesquisa: &nbsp;desenvolvimento de novos sistemas terap\u00eauticos (micropart\u00edculas, composites, implantes, ion\u00f4mero de vidro e materiais resinosos) para Odontologia, Biopol\u00edmeros (caracteriza\u00e7\u00e3o e funcionalidade) e sistemas de libera\u00e7\u00e3o com \u00eanfase na tecnologia da libera\u00e7\u00e3o controlada de f\u00e1rmacos.<\/p>\n<p>email:&nbsp;fabio@unifap.br &nbsp; &nbsp; &nbsp; &nbsp; &nbsp; &nbsp; &nbsp; &nbsp; &nbsp; &nbsp; &nbsp; &nbsp; &nbsp; &nbsp; &nbsp; &nbsp; &nbsp; &nbsp; &nbsp; &nbsp; &nbsp; &nbsp; &nbsp; &nbsp; &nbsp; &nbsp; &nbsp; &nbsp; &nbsp; &nbsp; &nbsp;&nbsp;<a href=\"http:\/\/lattes.cnpq.br\/3737865995129925\">http:\/\/lattes.cnpq.br\/3737865995129925<\/a><\/p>\n<p><a href=\"http:\/\/www2.unifap.br\/ppgcf\/files\/2012\/06\/GABRIEL-ARA\u00daJO.jpeg\"><img loading=\"lazy\" decoding=\"async\" class=\"alignnone size-medium wp-image-1877\" src=\"http:\/\/www2.unifap.br\/ppgcf\/files\/2012\/06\/GABRIEL-ARA\u00daJO-262x300.jpeg\" alt=\"\" width=\"262\" height=\"300\" srcset=\"https:\/\/www2.unifap.br\/ppgcf\/files\/2012\/06\/GABRIEL-ARA\u00daJO-262x300.jpeg 262w, https:\/\/www2.unifap.br\/ppgcf\/files\/2012\/06\/GABRIEL-ARA\u00daJO.jpeg 720w\" sizes=\"(max-width: 262px) 100vw, 262px\" \/><\/a><\/p>\n<p><strong>Prof. Dr. Gabriel Araujo da Silva<\/strong><\/p>\n<p>Doutor em Desenvolvimento de Medicamentos pela Universidade Federal do Rio Grande do Norte<\/p>\n<p>Linhas de Pesquisa: avalia\u00e7\u00e3o da atividade antioxidante e perfil toxicol\u00f3gico de produtos naturais; Desenvolvimento de novos m\u00e9todos de avalia\u00e7\u00e3o da atividade antioxidante de produtos naturais.<\/p>\n<p>email:&nbsp;prof.gabriel.araujo@gmail.com &nbsp; &nbsp; &nbsp; &nbsp; &nbsp; &nbsp; &nbsp; &nbsp; &nbsp;<a href=\"http:\/\/lattes.cnpq.br\/8633733418545174\">http:\/\/lattes.cnpq.br\/8633733418545174<\/a><\/p>\n<p><a href=\"http:\/\/www2.unifap.br\/ppgcf\/files\/2012\/06\/servletrecuperafoto.jpg\"><img loading=\"lazy\" decoding=\"async\" class=\"alignnone size-full wp-image-1397\" src=\"http:\/\/www2.unifap.br\/ppgcf\/files\/2012\/06\/servletrecuperafoto.jpg\" alt=\"\" width=\"235\" height=\"286\"><\/a><\/p>\n<p><strong>Prof. Dr. Irlon Maciel Ferreira<\/strong><\/p>\n<p>Doutor em Qu\u00edmica Org\u00e2nica e Biol\u00f3gicas pela Universidade de S\u00e3o Paulo (USP) \/ Instituto de Qu\u00edmica de S\u00e3o Carlos.<\/p>\n<p>Linha de pesquisa: S\u00edntese Org\u00e2nica; Biocat\u00e1lise e Biotransforma\u00e7\u00e3o de Compostos Org\u00e2nicos.<\/p>\n<p>E-mail: irlon.ferreira@unifap.br \/ irlon.ferreira@gmail.com&nbsp; &nbsp; &nbsp; &nbsp; &nbsp; &nbsp; &nbsp;<a href=\"http:\/\/lattes.cnpq.br\/9897023410899133\">http:\/\/lattes.cnpq.br\/9897023410899133<\/a><\/p>\n<p><a href=\"http:\/\/www2.unifap.br\/ppgcf\/files\/2023\/11\/WhatsApp-Image-2023-10-02-at-16.19.18.jpeg\"><img loading=\"lazy\" decoding=\"async\" class=\"alignnone size-medium wp-image-3533\" src=\"http:\/\/www2.unifap.br\/ppgcf\/files\/2023\/11\/WhatsApp-Image-2023-10-02-at-16.19.18-201x300.jpeg\" alt=\"\" width=\"201\" height=\"300\" srcset=\"https:\/\/www2.unifap.br\/ppgcf\/files\/2023\/11\/WhatsApp-Image-2023-10-02-at-16.19.18-201x300.jpeg 201w, https:\/\/www2.unifap.br\/ppgcf\/files\/2023\/11\/WhatsApp-Image-2023-10-02-at-16.19.18.jpeg 687w\" sizes=\"(max-width: 201px) 100vw, 201px\" \/><\/a><\/p>\n<p><strong>Prof. Dr. Jos\u00e9 Carlos Tavares Carvalho<\/strong><\/p>\n<p>Doutorado em Farmacos e Medicamentos pela Faculdade de Ciencias Farmaceuticas da Universidade de S\u00e3o Paulo.<\/p>\n<p>Linhas de pesquisa: valida\u00e7\u00e3o quimica-farmacologica de f\u00e1rmacos de origem sintetica e naturais. Nanobiotecnologia.<\/p>\n<p>Estudos farmacol\u00f3gicos e toxicol\u00f3gicos em zebrafish.<\/p>\n<p>E-mail: farmacos@unifap.br &nbsp; &nbsp; &nbsp; &nbsp; &nbsp; &nbsp;&nbsp;<a href=\"http:\/\/lattes.cnpq.br\/4251174810000113\">http:\/\/lattes.cnpq.br\/4251174810000113<\/a><\/p>\n<p><a href=\"http:\/\/www2.unifap.br\/ppgcf\/files\/2012\/06\/LILIAN-SOLON.jpg\"><img loading=\"lazy\" decoding=\"async\" class=\"alignnone size-medium wp-image-1867\" src=\"http:\/\/www2.unifap.br\/ppgcf\/files\/2012\/06\/LILIAN-SOLON-210x300.jpg\" alt=\"\" width=\"210\" height=\"300\" srcset=\"https:\/\/www2.unifap.br\/ppgcf\/files\/2012\/06\/LILIAN-SOLON-210x300.jpg 210w, https:\/\/www2.unifap.br\/ppgcf\/files\/2012\/06\/LILIAN-SOLON.jpg 250w\" sizes=\"(max-width: 210px) 100vw, 210px\" \/><\/a><\/p>\n<p><strong>Profa. Dra. L\u00edlian Grace da Silva Solon<\/strong><\/p>\n<p>Doutora em Inova\u00e7\u00e3o Farmac\u00eautica pela Universidade Federal do Rio Grande do Norte<\/p>\n<p>Linhas de pesquisa: desenvolvimento e valida\u00e7\u00e3o de metodologias anal\u00edticas aplicadas ao controle de qualidade de produtos farmac\u00eauticos.<\/p>\n<p>E-mail: liliansolon@yahoo.com.br \/ lilian.solon@unifap.br &nbsp; &nbsp; &nbsp; &nbsp; &nbsp; &nbsp; &nbsp; &nbsp; &nbsp; &nbsp; &nbsp;&nbsp;<a href=\"http:\/\/lattes.cnpq.br\/7383710777903556\">http:\/\/lattes.cnpq.br\/7383710777903556<\/a><\/p>\n<p><a href=\"http:\/\/www2.unifap.br\/ppgcf\/files\/2023\/11\/Foto.jpeg\"><img loading=\"lazy\" decoding=\"async\" class=\"alignnone size-medium wp-image-3532\" src=\"http:\/\/www2.unifap.br\/ppgcf\/files\/2023\/11\/Foto-300x275.jpeg\" alt=\"\" width=\"300\" height=\"275\" srcset=\"https:\/\/www2.unifap.br\/ppgcf\/files\/2023\/11\/Foto-300x275.jpeg 300w, https:\/\/www2.unifap.br\/ppgcf\/files\/2023\/11\/Foto-1024x938.jpeg 1024w, https:\/\/www2.unifap.br\/ppgcf\/files\/2023\/11\/Foto-768x704.jpeg 768w, https:\/\/www2.unifap.br\/ppgcf\/files\/2023\/11\/Foto.jpeg 1075w\" sizes=\"(max-width: 300px) 100vw, 300px\" \/><\/a><\/p>\n<p><strong>Profa. Dra. Lorane Izabel da Silva Hage Melim&nbsp;<\/strong><\/p>\n<p>Doutora em toxicologia pela Universidade de Sao Paulo.<\/p>\n<p>Linha de Pesquisa: veneno de serpentes, inibidores de fosfolipase A2, modelagem molecular: modelagem por homologia, docking, screening.<\/p>\n<p>email: lorane@unifap.br \/&nbsp;loranehage@gmail.com&nbsp;&nbsp; &nbsp; &nbsp; &nbsp; &nbsp;&nbsp;<a href=\"http:\/\/lattes.cnpq.br\/2855597663270186\">http:\/\/lattes.cnpq.br\/2855597663270186<\/a><\/p>\n<p><a href=\"http:\/\/www2.unifap.br\/ppgcf\/files\/2012\/06\/WhatsApp-Image-2017-06-12-at-15.45.57.jpeg\"><img loading=\"lazy\" decoding=\"async\" class=\"alignnone wp-image-1885\" src=\"http:\/\/www2.unifap.br\/ppgcf\/files\/2012\/06\/WhatsApp-Image-2017-06-12-at-15.45.57-300x168.jpeg\" alt=\"\" width=\"368\" height=\"206\" srcset=\"https:\/\/www2.unifap.br\/ppgcf\/files\/2012\/06\/WhatsApp-Image-2017-06-12-at-15.45.57-300x168.jpeg 300w, https:\/\/www2.unifap.br\/ppgcf\/files\/2012\/06\/WhatsApp-Image-2017-06-12-at-15.45.57-1024x576.jpeg 1024w, https:\/\/www2.unifap.br\/ppgcf\/files\/2012\/06\/WhatsApp-Image-2017-06-12-at-15.45.57.jpeg 1280w\" sizes=\"(max-width: 368px) 100vw, 368px\" \/><\/a><\/p>\n<p><strong>Prof. Dr. Rafael Lima Resque<\/strong><\/p>\n<p>Doutor em Gen\u00e9tica e Biologia Molecular pela Universidade Federal do Par\u00e1<\/p>\n<p>Linha de Pesquisa: diagn\u00f3stico Molecular; Gen\u00e9tica de Popula\u00e7\u00f5es; Farmacogen\u00e9tica.<\/p>\n<p>E-mail: rafaelresque@gmail.com \/ rafaelrsque@unifap.br &nbsp; &nbsp; &nbsp;&nbsp;<a href=\"http:\/\/lattes.cnpq.br\/6862708091934825\">http:\/\/lattes.cnpq.br\/6862708091934825<\/a><\/p>\n<p><a href=\"http:\/\/www2.unifap.br\/ppgcf\/files\/2012\/06\/RAQUEL-ARAUJO.jpg\"><img loading=\"lazy\" decoding=\"async\" class=\"alignnone size-medium wp-image-1874\" src=\"http:\/\/www2.unifap.br\/ppgcf\/files\/2012\/06\/RAQUEL-ARAUJO-225x300.jpg\" alt=\"\" width=\"225\" height=\"300\" srcset=\"https:\/\/www2.unifap.br\/ppgcf\/files\/2012\/06\/RAQUEL-ARAUJO-225x300.jpg 225w, https:\/\/www2.unifap.br\/ppgcf\/files\/2012\/06\/RAQUEL-ARAUJO.jpg 721w\" sizes=\"(max-width: 225px) 100vw, 225px\" \/><\/a><\/p>\n<p><strong>Profa. Dra. Raquel Silva Ara\u00fajo<\/strong><\/p>\n<p>Doutora em Ci\u00eancias Farmac\u00eauticas pela Universidade Federal de Minas Gerais.<\/p>\n<p>Linha de Pesquisa: Desenvolvimento e avalia\u00e7\u00e3o biol\u00f3gica de subst\u00e2ncias ativas micro e\/ou nanoparticulados.<\/p>\n<p>E-mail: raquel.araujo@unifap.br&nbsp;&nbsp; &nbsp; &nbsp; &nbsp; &nbsp; &nbsp; &nbsp; &nbsp; &nbsp; &nbsp;<a href=\"http:\/\/lattes.cnpq.br\/4820189553110351\">http:\/\/lattes.cnpq.br\/4820189553110351<\/a><\/p>\n<p><a href=\"http:\/\/www2.unifap.br\/ppgcf\/files\/2019\/02\/Raquel-rodrigues.jpg\"><img loading=\"lazy\" decoding=\"async\" class=\"alignnone wp-image-2653\" src=\"http:\/\/www2.unifap.br\/ppgcf\/files\/2019\/02\/Raquel-rodrigues.jpg\" alt=\"\" width=\"282\" height=\"368\"><\/a><\/p>\n<p><strong>Profa. Dra. Raquel Rodrigues do Amaral<\/strong><\/p>\n<p>Doutora em Biotecnologia Vegetal<\/p>\n<p>Linha de Pesquisa: Microbiologia<\/p>\n<p>E-mail: rakkram@gmail.com \/ raquelamaral@unifap. br&nbsp; &nbsp; &nbsp; &nbsp; &nbsp; &nbsp; &nbsp; &nbsp; &nbsp;&nbsp;<a href=\"http:\/\/lattes.cnpq.br\/4832029632335990\">http:\/\/lattes.cnpq.br\/4832029632335990<\/a><\/p>\n<p><a href=\"http:\/\/www2.unifap.br\/ppgcf\/files\/2012\/06\/RODRIGO-CRUZ.jpg\"><img loading=\"lazy\" decoding=\"async\" class=\"alignnone size-medium wp-image-1875\" src=\"http:\/\/www2.unifap.br\/ppgcf\/files\/2012\/06\/RODRIGO-CRUZ-290x300.jpg\" alt=\"\" width=\"290\" height=\"300\" srcset=\"https:\/\/www2.unifap.br\/ppgcf\/files\/2012\/06\/RODRIGO-CRUZ-290x300.jpg 290w, https:\/\/www2.unifap.br\/ppgcf\/files\/2012\/06\/RODRIGO-CRUZ-992x1024.jpg 992w, https:\/\/www2.unifap.br\/ppgcf\/files\/2012\/06\/RODRIGO-CRUZ.jpg 1102w\" sizes=\"(max-width: 290px) 100vw, 290px\" \/><\/a><\/p>\n<p><strong>Prof. Dr. Rodrigo Alves Soares Cruz<\/strong><\/p>\n<p>Doutor em Qu\u00edmica dos Produtos Naturais pelo Instituto de Pesquisa de Produtos Naturais Walter Mors (IPPN) da Universidade Federal do Rio de Janeiro (UFRJ).<\/p>\n<p>Linha de Pesquisa: pesquisa por novas mol\u00e9culas bioativas da flora brasileira; Isolamento e elucida\u00e7\u00e3o estrutural de produtos naturais; Produtos naturais nanoestruturados biologicamente ativos.<\/p>\n<p>E-mail: rodrigo@unifap.br &nbsp; &nbsp; &nbsp; &nbsp; &nbsp; &nbsp; &nbsp; &nbsp; &nbsp; &nbsp;<a href=\"http:\/\/lattes.cnpq.br\/5290132421152870\">http:\/\/lattes.cnpq.br\/5290132421152870<\/a><\/p>\n<p><a href=\"http:\/\/www2.unifap.br\/ppgcf\/files\/2012\/06\/IMG_04481.jpg\"><img loading=\"lazy\" decoding=\"async\" class=\"alignnone size-medium wp-image-253\" src=\"http:\/\/www2.unifap.br\/ppgcf\/files\/2012\/06\/IMG_04481-300x225.jpg\" alt=\"\" width=\"300\" height=\"225\" srcset=\"https:\/\/www2.unifap.br\/ppgcf\/files\/2012\/06\/IMG_04481-300x225.jpg 300w, https:\/\/www2.unifap.br\/ppgcf\/files\/2012\/06\/IMG_04481-1024x768.jpg 1024w, https:\/\/www2.unifap.br\/ppgcf\/files\/2012\/06\/IMG_04481-200x150.jpg 200w\" sizes=\"(max-width: 300px) 100vw, 300px\" \/><\/a><\/p>\n<p><strong>Prof. Dr. Raimundo Nonato Pican\u00e7o Souto<\/strong><\/p>\n<p>Doutorado em zoologia pelo Museu Paraense Emilio Goeldi \/Universidade Federal do Par\u00e1.<\/p>\n<p>Linha de pesquisa: culicideos vetores de mal\u00e1ria e de arboviroses e controle por farmacos, controle de mosquitos por farmacos, entomologia forense.<\/p>\n<p>E-mail: rnpsouto@unifap.br \/ nonatoiepa@hotmail.com&nbsp; &nbsp; &nbsp; &nbsp; &nbsp;&nbsp;<a href=\"http:\/\/lattes.cnpq.br\/1661932002902797\">http:\/\/lattes.cnpq.br\/1661932002902797<\/a><\/p>\n<p><a href=\"http:\/\/www2.unifap.br\/ppgcf\/files\/2012\/05\/DSC014641.jpg\"><img loading=\"lazy\" decoding=\"async\" class=\"alignnone size-medium wp-image-12\" src=\"http:\/\/www2.unifap.br\/ppgcf\/files\/2012\/05\/DSC014641-300x199.jpg\" alt=\"\" width=\"300\" height=\"199\" srcset=\"https:\/\/www2.unifap.br\/ppgcf\/files\/2012\/05\/DSC014641-300x199.jpg 300w, https:\/\/www2.unifap.br\/ppgcf\/files\/2012\/05\/DSC014641-1024x681.jpg 1024w, https:\/\/www2.unifap.br\/ppgcf\/files\/2012\/05\/DSC014641-270x180.jpg 270w\" sizes=\"(max-width: 300px) 100vw, 300px\" \/><\/a><\/p>\n<p><strong>Profa. Dra. Sheylla Susan Moreira da Silva de Almeida<\/strong><\/p>\n<p>Doutorado em Qu\u00edmica na \u00e1rea de concentra\u00e7\u00e3o em Qu\u00edmica de Produtos Naturais (Qu\u00edmica Org\u00e2nica) pela Universidade Federal de S\u00e3o Carlos &#8211; SP.<\/p>\n<p>Linha de pesquisa: biotecnologia, oleos essencias, qu\u00edmica de produtos naturais de origem vegetal, animal e microrganismos.<\/p>\n<p>E-mail: sheyllasusan@unifap.br \/ sheyllasusan@yahoo.com.br&nbsp; &nbsp; &nbsp; &nbsp; &nbsp; &nbsp; &nbsp; &nbsp;<a href=\"http:\/\/lattes.cnpq.br\/5096255590649678\">http:\/\/lattes.cnpq.br\/5096255590649678<\/a><\/p>\n<p>&nbsp;<\/p>\n<p><strong>PROFESSORES COLABORADORES<\/strong><\/p>\n<p><a href=\"http:\/\/www2.unifap.br\/ppgcf\/files\/2012\/06\/CLEYDSON-BRENO.png\"><img loading=\"lazy\" decoding=\"async\" class=\"alignnone size-medium wp-image-1029\" src=\"http:\/\/www2.unifap.br\/ppgcf\/files\/2012\/06\/CLEYDSON-BRENO-242x300.png\" alt=\"\" width=\"242\" height=\"300\" srcset=\"https:\/\/www2.unifap.br\/ppgcf\/files\/2012\/06\/CLEYDSON-BRENO-242x300.png 242w, https:\/\/www2.unifap.br\/ppgcf\/files\/2012\/06\/CLEYDSON-BRENO.png 336w\" sizes=\"(max-width: 242px) 100vw, 242px\" \/><\/a><\/p>\n<p><strong>Prof. Dr. Cleydson Breno Rodrigues dos Santos<\/strong><\/p>\n<p>Doutor em Biotecnologia pela Universidade Federal do Amazonas &#8211; UFAM (Rede BIONORTE\/2014).<\/p>\n<p>Linha de Pesquisa:&nbsp;Planejamento Racional de Compostos Bioativos; Qu\u00edmica Medicinal;&nbsp;Qu\u00edmica e Bioqu\u00edmica de Produtos biologicamente ativos;&nbsp;Valida\u00e7\u00e3o qu\u00edmica-farmacol\u00f3gica de f\u00e1rmacos naturais, sint\u00e9ticos e nanoestruturados.<\/p>\n<p>E-mail: breno.unifap@gmail.com \/ breno@unifap.br &nbsp; &nbsp; &nbsp; &nbsp;&nbsp;<a href=\"http:\/\/lattes.cnpq.br\/4851715640991871\">http:\/\/lattes.cnpq.br\/4851715640991871<\/a><\/p>\n<p><a href=\"http:\/\/www2.unifap.br\/ppgcf\/files\/2019\/02\/david.jpg\"><img loading=\"lazy\" decoding=\"async\" class=\"alignnone size-medium wp-image-2654\" src=\"http:\/\/www2.unifap.br\/ppgcf\/files\/2019\/02\/david-224x300.jpg\" alt=\"\" width=\"224\" height=\"300\" srcset=\"https:\/\/www2.unifap.br\/ppgcf\/files\/2019\/02\/david-224x300.jpg 224w, https:\/\/www2.unifap.br\/ppgcf\/files\/2019\/02\/david.jpg 481w\" sizes=\"(max-width: 224px) 100vw, 224px\" \/><\/a><\/p>\n<p><strong>Prof. Dr. David Esteban Quintero Jimenez&nbsp; &nbsp; &nbsp;&nbsp;<\/strong><\/p>\n<p>Doutor em Qu\u00edmica Org\u00e2nica pelo Instituto de Qu\u00edmica de S\u00e3o Carlos da Universidade de S\u00e3o Paulo (IQSC-USP)<\/p>\n<p>Linha de Pesquisa: Qu\u00edmica Org\u00e2nica e Biocat\u00e1lise.<\/p>\n<p>E- mail: derteriom@gmail.com \/ derteriom@unifap.br&nbsp; &nbsp; &nbsp; &nbsp; &nbsp; &nbsp; &nbsp; &nbsp;<a href=\"http:\/\/lattes.cnpq.br\/4712935415290431\">http:\/\/lattes.cnpq.br\/4712935415290431<\/a><strong> &nbsp;<\/strong><\/p>\n<p><a href=\"http:\/\/www2.unifap.br\/ppgcf\/files\/2012\/06\/20141216_2133271.jpg\"><img loading=\"lazy\" decoding=\"async\" class=\"alignnone size-medium wp-image-334\" src=\"http:\/\/www2.unifap.br\/ppgcf\/files\/2012\/06\/20141216_2133271-300x200.jpg\" alt=\"\" width=\"300\" height=\"200\" srcset=\"https:\/\/www2.unifap.br\/ppgcf\/files\/2012\/06\/20141216_2133271-300x200.jpg 300w, https:\/\/www2.unifap.br\/ppgcf\/files\/2012\/06\/20141216_2133271-1024x682.jpg 1024w, https:\/\/www2.unifap.br\/ppgcf\/files\/2012\/06\/20141216_2133271-225x150.jpg 225w\" sizes=\"(max-width: 300px) 100vw, 300px\" \/><\/a><\/p>\n<p><strong>Prof. Dr. Madson Ralide Fonseca Gomes&nbsp;<\/strong><\/p>\n<p>Doutor em Ci\u00eancias Farmac\u00eauticas pela Universidade Federal do Rio Grande do Sul.<\/p>\n<p>Linha de Pesquisa: Hematologia, Parasitologia, Toxicolologia, Farmacognosia, Prospec\u00e7\u00e3o e Avalia\u00e7\u00e3o Biol\u00f3gica de Mol\u00e9culas de Interesse Farmac\u00eautico.<\/p>\n<p>Email: madson@unifap.br&nbsp;&nbsp; &nbsp; &nbsp; &nbsp; &nbsp; &nbsp;&nbsp;<a href=\"http:\/\/lattes.cnpq.br\/0513632107672072\">http:\/\/lattes.cnpq.br\/0513632107672072<\/a><\/p>\n<p><a href=\"http:\/\/www2.unifap.br\/ppgcf\/files\/2019\/02\/Raphaelle.jpg\"><img loading=\"lazy\" decoding=\"async\" class=\"alignnone size-medium wp-image-2655\" src=\"http:\/\/www2.unifap.br\/ppgcf\/files\/2019\/02\/Raphaelle-209x300.jpg\" alt=\"\" width=\"209\" height=\"300\" srcset=\"https:\/\/www2.unifap.br\/ppgcf\/files\/2019\/02\/Raphaelle-209x300.jpg 209w, https:\/\/www2.unifap.br\/ppgcf\/files\/2019\/02\/Raphaelle-716x1024.jpg 716w\" sizes=\"(max-width: 209px) 100vw, 209px\" \/><\/a><\/p>\n<p><strong>Profa. Dra. Raphaelle Sousa Borges<\/strong><\/p>\n<p>Doutora em Inova\u00e7\u00e3o Farmac\u00eautica pela Universidade Federal do Amap\u00e1 (UNIFAP).<\/p>\n<p>Linha de Pesquisa: Estudo da Media\u00e7\u00e3o Inflamat\u00f3ria Histopatol\u00f3gica em Zebrafish.<\/p>\n<p>E-mail: raphaellebio@yahoo.com.br \/ raphaelle.borges@unifap.br&nbsp; &nbsp; &nbsp; &nbsp; &nbsp; &nbsp; &nbsp; &nbsp;<a href=\"http:\/\/lattes.cnpq.br\/5967765732055568\">http:\/\/lattes.cnpq.br\/5967765732055568<\/a><\/p>\n","protected":false},"excerpt":{"rendered":"<p>PROFESSORES PERMANENTES Profa. Dra. Anna Eliza Maciel de Faria Mota Oliveira Doutora em Inova\u00e7\u00e3o Farmac\u00eautica&nbsp;(Programa em Rede &#8211; UNIFAP\/UFG\/UFAM\/UFPA). Linha de Pesquisa: &nbsp;agentes antimicrobianos nanoestruturados de origem natural. E-mail: annaeliza.maciel@gmail.com &nbsp; &nbsp; &nbsp; &nbsp; &nbsp; &nbsp; &nbsp; &nbsp; &nbsp;&nbsp;http:\/\/lattes.cnpq.br\/7761556901260621 Prof.&hellip; <\/p>\n<p><a href=\"https:\/\/www2.unifap.br\/ppgcf\/orientadores-do-ppgcf-2023\/\" class=\"readmore-button\">Continue Reading<\/a><\/p>\n","protected":false},"author":3985,"featured_media":0,"parent":0,"menu_order":0,"comment_status":"closed","ping_status":"closed","template":"","meta":{"inline_featured_image":false,"ngg_post_thumbnail":0,"footnotes":""},"class_list":["post-3527","page","type-page","status-publish","hentry"],"_links":{"self":[{"href":"https:\/\/www2.unifap.br\/ppgcf\/wp-json\/wp\/v2\/pages\/3527","targetHints":{"allow":["GET"]}}],"collection":[{"href":"https:\/\/www2.unifap.br\/ppgcf\/wp-json\/wp\/v2\/pages"}],"about":[{"href":"https:\/\/www2.unifap.br\/ppgcf\/wp-json\/wp\/v2\/types\/page"}],"author":[{"embeddable":true,"href":"https:\/\/www2.unifap.br\/ppgcf\/wp-json\/wp\/v2\/users\/3985"}],"replies":[{"embeddable":true,"href":"https:\/\/www2.unifap.br\/ppgcf\/wp-json\/wp\/v2\/comments?post=3527"}],"version-history":[{"count":4,"href":"https:\/\/www2.unifap.br\/ppgcf\/wp-json\/wp\/v2\/pages\/3527\/revisions"}],"predecessor-version":[{"id":3534,"href":"https:\/\/www2.unifap.br\/ppgcf\/wp-json\/wp\/v2\/pages\/3527\/revisions\/3534"}],"wp:attachment":[{"href":"https:\/\/www2.unifap.br\/ppgcf\/wp-json\/wp\/v2\/media?parent=3527"}],"curies":[{"name":"wp","href":"https:\/\/api.w.org\/{rel}","templated":true}]}}