{"id":3538,"date":"2024-04-03T18:14:19","date_gmt":"2024-04-03T18:14:19","guid":{"rendered":"https:\/\/www2.unifap.br\/ppgcf\/?page_id=3538"},"modified":"2024-05-31T05:27:15","modified_gmt":"2024-05-31T05:27:15","slug":"processo-seletivo-para-turma-de-mestrado-2024","status":"publish","type":"page","link":"https:\/\/www2.unifap.br\/ppgcf\/processos-seletivos\/processo-seletivo-para-turma-de-mestrado-2024\/","title":{"rendered":"Processo seletivo para turma de mestrado 2024"},"content":{"rendered":"<h4>Informa\u00e7\u00f5es gerais:<\/h4>\n<h4>Per\u00edodo de inscri\u00e7\u00e3o: 04 de abril \u00e0 24 de abril de 2024.<\/h4>\n<h4>N\u00ba de vagas: 14 vagas.<\/h4>\n<h4>Resultado final: 20 de maio de 2024.<\/h4>\n<h4>Arquivos e etapas do processo<\/h4>\n<h4>\u2192 <a href=\"http:\/\/www2.unifap.br\/ppgcf\/files\/2024\/04\/Processo-seletivo-2024-Retificado.pdf\">Edital N\u00ba 01\/2024-PPGCF\/UNIFAP<\/a><\/h4>\n<h4>\u2192 <a href=\"http:\/\/www2.unifap.br\/ppgcf\/files\/2024\/04\/ANEXOS_-_Edital_01.2024_ok1.pdf\">Anexos do edital<\/a><\/h4>\n<h4>\u2192 <a href=\"http:\/\/www2.unifap.br\/ppgcf\/files\/2024\/04\/Resultado-preliminar-da-analise-de-inscricoes-do-processo-seletivo-2024.pdf\">Resultado preliminar dos pedidos de inscri\u00e7\u00e3o recebidos<\/a><\/h4>\n<h4>\u2192 <a href=\"http:\/\/www2.unifap.br\/ppgcf\/files\/2024\/04\/Resultado-final-da-analise-de-inscricoes-do-processo-seletivo-2024.pdf\">Resultado final dos pedidos de inscri\u00e7\u00e3o recebidos<\/a><\/h4>\n<h4>\u2192 <a href=\"https:\/\/www2.unifap.br\/ppgcf\/2024\/05\/01\/horario-locais-e-instrucoes-para-a-prova-escrita\/\">Instru\u00e7\u00f5es para a prova escrita<\/a><\/h4>\n<h4>\u2192 <a href=\"http:\/\/www2.unifap.br\/ppgcf\/files\/2024\/05\/Retificacao-calendarios-2024.pdf\">Retifica\u00e7\u00e3o dos editais N\u00b0 01 e 02\/2024 &#8211; Calend\u00e1rio<\/a><\/h4>\n<h4>\u2192 <a href=\"http:\/\/www2.unifap.br\/ppgcf\/files\/2024\/05\/Resultado-preliminar-prova-escrita-PPGCF-2024.pdf\">Resultado preliminar da prova escrita<\/a><\/h4>\n<h4>\u2192 <a href=\"http:\/\/www2.unifap.br\/ppgcf\/files\/2024\/05\/Resultado-final-prova-escrita-PPGCF-2024.pdf\">Resultado final da prova escrita<\/a><\/h4>\n<h4>\u2192 <a href=\"http:\/\/www2.unifap.br\/ppgcf\/files\/2024\/05\/Retificacao-calendarios-2024-1.pdf\">Segunda Retifica\u00e7\u00e3o dos editais N\u00b0 01 e 02\/2024 &#8211; Calend\u00e1rio<\/a><\/h4>\n<h4>\u2192 <a href=\"http:\/\/www2.unifap.br\/ppgcf\/files\/2024\/05\/Resultado-preliminar-analise-curricular-PPGCF-2024.pdf\">Resultado preliminar da an\u00e1lise curricular (3a fase)<\/a><\/h4>\n<h4>\u2192 <a href=\"http:\/\/www2.unifap.br\/ppgcf\/files\/2024\/05\/Resultado-final-PPGCF-2024.pdf\">Resultado final do Processo Seletivo 2024<\/a><\/h4>\n","protected":false},"excerpt":{"rendered":"<p>Informa\u00e7\u00f5es gerais: Per\u00edodo de inscri\u00e7\u00e3o: 04 de abril \u00e0 24 de abril de 2024. N\u00ba de vagas: 14 vagas. Resultado final: 20 de maio de 2024. Arquivos e etapas do processo \u2192 Edital N\u00ba 01\/2024-PPGCF\/UNIFAP \u2192 Anexos do edital \u2192&hellip; <\/p>\n<p><a href=\"https:\/\/www2.unifap.br\/ppgcf\/processos-seletivos\/processo-seletivo-para-turma-de-mestrado-2024\/\" class=\"readmore-button\">Continue Reading<\/a><\/p>\n","protected":false},"author":3958,"featured_media":0,"parent":268,"menu_order":0,"comment_status":"closed","ping_status":"closed","template":"","meta":{"inline_featured_image":false,"ngg_post_thumbnail":0,"footnotes":""},"class_list":["post-3538","page","type-page","status-publish","hentry"],"_links":{"self":[{"href":"https:\/\/www2.unifap.br\/ppgcf\/wp-json\/wp\/v2\/pages\/3538","targetHints":{"allow":["GET"]}}],"collection":[{"href":"https:\/\/www2.unifap.br\/ppgcf\/wp-json\/wp\/v2\/pages"}],"about":[{"href":"https:\/\/www2.unifap.br\/ppgcf\/wp-json\/wp\/v2\/types\/page"}],"author":[{"embeddable":true,"href":"https:\/\/www2.unifap.br\/ppgcf\/wp-json\/wp\/v2\/users\/3958"}],"replies":[{"embeddable":true,"href":"https:\/\/www2.unifap.br\/ppgcf\/wp-json\/wp\/v2\/comments?post=3538"}],"version-history":[{"count":18,"href":"https:\/\/www2.unifap.br\/ppgcf\/wp-json\/wp\/v2\/pages\/3538\/revisions"}],"predecessor-version":[{"id":3587,"href":"https:\/\/www2.unifap.br\/ppgcf\/wp-json\/wp\/v2\/pages\/3538\/revisions\/3587"}],"up":[{"embeddable":true,"href":"https:\/\/www2.unifap.br\/ppgcf\/wp-json\/wp\/v2\/pages\/268"}],"wp:attachment":[{"href":"https:\/\/www2.unifap.br\/ppgcf\/wp-json\/wp\/v2\/media?parent=3538"}],"curies":[{"name":"wp","href":"https:\/\/api.w.org\/{rel}","templated":true}]}}