{"id":3632,"date":"2025-04-05T01:52:46","date_gmt":"2025-04-05T01:52:46","guid":{"rendered":"https:\/\/www2.unifap.br\/ppgcf\/?page_id=3632"},"modified":"2025-05-24T00:28:04","modified_gmt":"2025-05-24T00:28:04","slug":"processo-seletivo-para-turma-de-mestrado-2025","status":"publish","type":"page","link":"https:\/\/www2.unifap.br\/ppgcf\/processos-seletivos\/processo-seletivo-para-turma-de-mestrado-2025\/","title":{"rendered":"Processo seletivo para turma de mestrado 2025"},"content":{"rendered":"<h4>Informa\u00e7\u00f5es gerais:<\/h4>\n<h4>Per\u00edodo de inscri\u00e7\u00e3o: 09 de abril \u00e0 25 de abril de 2025.<\/h4>\n<h4>N\u00ba de vagas: 20 vagas.<\/h4>\n<h4>Resultado final: 20 de maio de 2025.<\/h4>\n<h4>Arquivos e etapas do processo<\/h4>\n<h4>\u2192 <a href=\"http:\/\/www2.unifap.br\/ppgcf\/files\/2025\/04\/Processo-seletivo-2025.pdf\">Edital N\u00ba 01\/2025-PPGCF-Unifap<\/a><\/h4>\n<h4>\u2192 <a href=\"http:\/\/www2.unifap.br\/ppgcf\/files\/2025\/04\/ANEXOS_-_Edital_01.2025.pdf\">Anexos do edital<\/a><\/h4>\n<h4>\u2192 <a href=\"http:\/\/www2.unifap.br\/ppgcf\/files\/2025\/04\/Retificacao-Processo-seletivo-2025.pdf\">Retifica\u00e7\u00e3o do edital (7. <span class=\"fontstyle0\">DOS ORIENTADORES, LINHAS DE PESQUISA E VAGAS<\/span>)<\/a><\/h4>\n<h4>\u2192 <a href=\"http:\/\/www2.unifap.br\/ppgcf\/files\/2025\/04\/Segunda-Retificacao-Processo-seletivo-2025.pdf\">Segunda retifica\u00e7\u00e3o do edital<\/a><\/h4>\n<h4>\u2192 <a href=\"http:\/\/www2.unifap.br\/ppgcf\/files\/2025\/04\/Resultado-preliminar-da-analise-de-inscricoes-do-processo-seletivo-2025.pdf\">Resultado preliminar da primeira fase &#8211; homologa\u00e7\u00e3o das inscri\u00e7\u00f5es<\/a><\/h4>\n<h4>\u2192 <a href=\"http:\/\/www2.unifap.br\/ppgcf\/files\/2025\/04\/Resultado-final-da-analise-de-inscricoes-do-processo-seletivo-2025.pdf\">Resultado final da primeira fase &#8211; homologa\u00e7\u00e3o das inscri\u00e7\u00f5es<\/a><\/h4>\n<h4>\u2192 <a href=\"http:\/\/www2.unifap.br\/ppgcf\/files\/2025\/04\/Terceira-Retificacao-Processo-seletivo-2025-1.pdf\">Terceira retifica\u00e7\u00e3o do edital<\/a><\/h4>\n<h4>\u2192 <a href=\"https:\/\/www2.unifap.br\/ppgcf\/2025\/05\/02\/horario-locais-e-instrucoes-para-a-prova-escrita-2\/\">Informa\u00e7\u00f5es sobre a prova escrita<\/a><\/h4>\n<h4>\u2192 <a href=\"http:\/\/www2.unifap.br\/ppgcf\/files\/2025\/05\/Quarta-Retificacao-Processo-seletivo-2025-2-2.pdf\">Quarta retifica\u00e7\u00e3o do edital<\/a><\/h4>\n<h4>\u2192 <a href=\"http:\/\/www2.unifap.br\/ppgcf\/files\/2025\/05\/Gabarito-Prova-PS-2025.pdf\">Gabarito da prova escrita<\/a><\/h4>\n<h4>\u2192 <a href=\"http:\/\/www2.unifap.br\/ppgcf\/files\/2025\/05\/PPGCF-RESULTADO-PRELIMINAR-EDITAL-01.2025-1.pdf\">Resultado preliminar da segunda fase &#8211; prova escrita<\/a><\/h4>\n<h4>\u2192 <a href=\"http:\/\/www2.unifap.br\/ppgcf\/files\/2025\/05\/PPGCF-RESULTADO-FINAL-EDITAL-01.2025.pdf\">Resultado final da segunda fase &#8211; prova escrita &#8211; ap\u00f3s recursos<\/a><\/h4>\n<h4>\u2192 <a href=\"http:\/\/www2.unifap.br\/ppgcf\/files\/2025\/05\/PPGCF-RESULTADO-3oFASE-EDITAL-01.2025.pdf\">Resultado preliminar da an\u00e1lise curricular (3a fase)<\/a><\/h4>\n<h4>\u2192 <a href=\"http:\/\/www2.unifap.br\/ppgcf\/files\/2025\/05\/PPGCF-RESULTADO-FINAL-EDITAL-01.2025-1.pdf\">Resultado final do Processo Seletivo 2025<\/a><\/h4>\n<h4>\u2192 <a href=\"http:\/\/www2.unifap.br\/ppgcf\/files\/2025\/05\/CONVOCACAO-DE-MATRICULA-TURMA-2025-1-_PPGCF.pdf\">Convoca\u00e7\u00e3o para a Matr\u00edcula<\/a><\/h4>\n<h4>\u2192 <a href=\"http:\/\/www2.unifap.br\/ppgdif\/files\/2025\/05\/RETIFICACAO-DO-EDITAL-DE-CONVOCACAO-DE-MATRICULA-TURMA-2025-1-_PPGCF.pdf\">Retifica\u00e7\u00e3o da Convoca\u00e7\u00e3o para a Matr\u00edcula<\/a><\/h4>\n","protected":false},"excerpt":{"rendered":"<p>Informa\u00e7\u00f5es gerais: Per\u00edodo de inscri\u00e7\u00e3o: 09 de abril \u00e0 25 de abril de 2025. N\u00ba de vagas: 20 vagas. Resultado final: 20 de maio de 2025. Arquivos e etapas do processo \u2192 Edital N\u00ba 01\/2025-PPGCF-Unifap \u2192 Anexos do edital \u2192&hellip; <\/p>\n<p><a href=\"https:\/\/www2.unifap.br\/ppgcf\/processos-seletivos\/processo-seletivo-para-turma-de-mestrado-2025\/\" class=\"readmore-button\">Continue Reading<\/a><\/p>\n","protected":false},"author":3958,"featured_media":0,"parent":268,"menu_order":0,"comment_status":"closed","ping_status":"closed","template":"","meta":{"inline_featured_image":false,"ngg_post_thumbnail":0,"footnotes":""},"class_list":["post-3632","page","type-page","status-publish","hentry"],"_links":{"self":[{"href":"https:\/\/www2.unifap.br\/ppgcf\/wp-json\/wp\/v2\/pages\/3632","targetHints":{"allow":["GET"]}}],"collection":[{"href":"https:\/\/www2.unifap.br\/ppgcf\/wp-json\/wp\/v2\/pages"}],"about":[{"href":"https:\/\/www2.unifap.br\/ppgcf\/wp-json\/wp\/v2\/types\/page"}],"author":[{"embeddable":true,"href":"https:\/\/www2.unifap.br\/ppgcf\/wp-json\/wp\/v2\/users\/3958"}],"replies":[{"embeddable":true,"href":"https:\/\/www2.unifap.br\/ppgcf\/wp-json\/wp\/v2\/comments?post=3632"}],"version-history":[{"count":22,"href":"https:\/\/www2.unifap.br\/ppgcf\/wp-json\/wp\/v2\/pages\/3632\/revisions"}],"predecessor-version":[{"id":3693,"href":"https:\/\/www2.unifap.br\/ppgcf\/wp-json\/wp\/v2\/pages\/3632\/revisions\/3693"}],"up":[{"embeddable":true,"href":"https:\/\/www2.unifap.br\/ppgcf\/wp-json\/wp\/v2\/pages\/268"}],"wp:attachment":[{"href":"https:\/\/www2.unifap.br\/ppgcf\/wp-json\/wp\/v2\/media?parent=3632"}],"curies":[{"name":"wp","href":"https:\/\/api.w.org\/{rel}","templated":true}]}}