{"id":3678,"date":"2025-05-20T01:52:24","date_gmt":"2025-05-20T01:52:24","guid":{"rendered":"https:\/\/www2.unifap.br\/ppgcf\/?page_id=3678"},"modified":"2026-02-14T13:19:57","modified_gmt":"2026-02-14T13:19:57","slug":"turma-2024-corpo-discente","status":"publish","type":"page","link":"https:\/\/www2.unifap.br\/ppgcf\/turma-2024-corpo-discente\/","title":{"rendered":"TURMA 2024 &#8211; CORPO DISCENTE"},"content":{"rendered":"<p><strong>Turma 2024<\/strong><\/p>\n<table width=\"1028\">\n<tbody>\n<tr>\n<td width=\"48\"><strong>ORD<\/strong><\/td>\n<td width=\"236\"><strong>NOME<\/strong><\/td>\n<td width=\"305\"><strong>ORIENTADOR \/ CO-ORIENTADOR<\/strong><\/td>\n<td width=\"181\">\n<p style=\"text-align: center\"><strong>CURR\u00cdCULO LATTES<\/strong><\/p>\n<\/td>\n<td width=\"247\">\n<p style=\"text-align: center\"><strong>DISSERTA\u00c7\u00c3O DE MESTRADO<\/strong><\/p>\n<\/td>\n<\/tr>\n<tr>\n<td width=\"48\">01<\/td>\n<td width=\"236\">Alice Mara Ros\u00e1rio Costa<\/td>\n<td width=\"305\">Dra. Sheylla Susan Moreira da S. de Almeida<\/td>\n<td width=\"181\">\n<p style=\"text-align: center\"><strong><a href=\"http:\/\/lattes.cnpq.br\/2999975727836234\">Acesse aqui<\/a><\/strong><\/p>\n<\/td>\n<td width=\"247\">\n<p style=\"text-align: center\">Em constru\u00e7\u00e3o<\/p>\n<\/td>\n<\/tr>\n<tr>\n<td width=\"48\">02<\/td>\n<td width=\"236\">Bianca Lima dos Santos<\/td>\n<td width=\"305\">Dr. Rodrigo Alves Soares Cruz<\/td>\n<td width=\"181\">\n<p style=\"text-align: center\"><strong><a href=\"http:\/\/lattes.cnpq.br\/2636151767094641\">Acesse aqui<\/a><\/strong><\/p>\n<\/td>\n<td width=\"247\">\n<p style=\"text-align: center\">Em constru\u00e7\u00e3o<\/p>\n<\/td>\n<\/tr>\n<tr>\n<td width=\"48\">03<\/td>\n<td width=\"236\">Isadora Andrade de S\u00e1<\/td>\n<td width=\"305\">Dr. Rafael Lima Resque&nbsp;<\/td>\n<td width=\"181\">\n<p style=\"text-align: center\"><strong><a href=\"http:\/\/lattes.cnpq.br\/0846780229064000\">Acesse aqui<\/a><\/strong><\/p>\n<\/td>\n<td width=\"247\">\n<p style=\"text-align: center\">Em constru\u00e7\u00e3o<\/p>\n<\/td>\n<\/tr>\n<tr>\n<td width=\"48\">04<\/td>\n<td width=\"236\">Jaryelle Santos de Oliveira<\/td>\n<td width=\"305\">Dr. Rafael Lima Resque&nbsp;&nbsp;<\/td>\n<td width=\"181\">\n<p style=\"text-align: center\"><strong><a href=\"http:\/\/lattes.cnpq.br\/8662599580819114\">Acesse aqui<\/a><\/strong><\/p>\n<\/td>\n<td width=\"247\">\n<p style=\"text-align: center\">Em constru\u00e7\u00e3o<\/p>\n<\/td>\n<\/tr>\n<tr>\n<td width=\"48\">05<\/td>\n<td width=\"236\">Karen Carmo dos Santos<\/td>\n<td width=\"305\">Dr. Raimundo Nonato Pican\u00e7o Souto<\/td>\n<td width=\"181\">\n<p style=\"text-align: center\"><strong><a href=\"http:\/\/lattes.cnpq.br\/0638647618118313\">Acesse aqui<\/a><\/strong><\/p>\n<\/td>\n<td width=\"247\">\n<p style=\"text-align: center\">Em constru\u00e7\u00e3o<\/p>\n<\/td>\n<\/tr>\n<tr>\n<td width=\"48\">06<\/td>\n<td width=\"236\">Lucas Soares de S\u00e1<\/td>\n<td width=\"305\">Dr. Irlon Maciel Ferreira<\/td>\n<td width=\"181\">\n<p style=\"text-align: center\"><strong><a href=\"http:\/\/lattes.cnpq.br\/7017873940246284\">Acesse aqui<\/a><\/strong><\/p>\n<\/td>\n<td width=\"247\">\n<p style=\"text-align: center\">Em constru\u00e7\u00e3o<\/p>\n<\/td>\n<\/tr>\n<tr>\n<td width=\"48\">07<\/td>\n<td width=\"236\">Maria Patr\u00edcia de Souza e Souza<\/td>\n<td width=\"305\">Dr. Rodrigo Alves Soares Cruz&nbsp;<\/td>\n<td width=\"181\">\n<p style=\"text-align: center\"><strong><a href=\"http:\/\/lattes.cnpq.br\/4282462822360883\">Acesse aqui<\/a><\/strong><\/p>\n<\/td>\n<td width=\"247\">\n<p style=\"text-align: center\">Em constru\u00e7\u00e3o<\/p>\n<\/td>\n<\/tr>\n<tr>\n<td width=\"48\">08<\/td>\n<td width=\"236\">Michelly Jamilly Santos de Souza<\/td>\n<td width=\"305\">Dr. Jos\u00e9 Carlos Tavares Carvalho<\/td>\n<td width=\"181\">\n<p style=\"text-align: center\"><strong><a href=\"http:\/\/lattes.cnpq.br\/7002416695320250\">Acesse aqui<\/a><\/strong><\/p>\n<\/td>\n<td width=\"247\">\n<p style=\"text-align: center\">Em constru\u00e7\u00e3o<\/p>\n<\/td>\n<\/tr>\n<tr>\n<td width=\"48\">09<\/td>\n<td width=\"236\">Marcus Vin\u00edcius Alberto Balieiro de Souza<\/td>\n<td width=\"305\">Dra. Anna Eliza Maciel de Faria Mota Oliveira<\/td>\n<td width=\"181\">\n<p style=\"text-align: center\"><strong><a href=\"http:\/\/lattes.cnpq.br\/5839432957282212\">Acesse aqui<\/a><\/strong><\/p>\n<\/td>\n<td width=\"247\">\n<p style=\"text-align: center\">Em constru\u00e7\u00e3o<\/p>\n<\/td>\n<\/tr>\n<tr>\n<td width=\"48\">10<\/td>\n<td width=\"236\">Nayara Nilcia Dias Colares<\/td>\n<td width=\"305\">Dr. Jos\u00e9 Carlos Tavares Carvalho<\/td>\n<td width=\"181\">\n<p style=\"text-align: center\"><strong><a href=\"http:\/\/lattes.cnpq.br\/8908756234080941\">Acesse aqui<\/a><\/strong><\/p>\n<\/td>\n<td width=\"247\">\n<p style=\"text-align: center\">Em constru\u00e7\u00e3o<\/p>\n<\/td>\n<\/tr>\n<tr>\n<td width=\"48\">11<\/td>\n<td width=\"236\">Pedro Paulo Concei\u00e7\u00e3o dos Santos<\/td>\n<td width=\"305\">Dr. Irlon Maciel Ferreira<\/td>\n<td width=\"181\">\n<p style=\"text-align: center\"><strong><a href=\"http:\/\/lattes.cnpq.br\/5259127644628267\">Acesse aqui<\/a><\/strong><\/p>\n<\/td>\n<td width=\"247\">\n<p style=\"text-align: center\">Em constru\u00e7\u00e3o<\/p>\n<\/td>\n<\/tr>\n<tr>\n<td width=\"48\">12<\/td>\n<td width=\"236\">Ridelley de Sousa de Sousa<\/td>\n<td width=\"305\">Dra. Sheylla Susan Moreira da S. de Almeida<\/td>\n<td width=\"181\">\n<p style=\"text-align: center\"><strong><a href=\"http:\/\/lattes.cnpq.br\/2250689888113667\">Acesse aqui<\/a><\/strong><\/p>\n<\/td>\n<td width=\"247\">\n<p style=\"text-align: center\">Em constru\u00e7\u00e3o<\/p>\n<\/td>\n<\/tr>\n<tr>\n<td width=\"48\">13<\/td>\n<td width=\"236\">Roberto da Silva Cardoso<\/td>\n<td width=\"305\">Dr. David Esteban Quintero Jimenez<\/td>\n<td width=\"181\">\n<p style=\"text-align: center\"><strong><a href=\"http:\/\/lattes.cnpq.br\/3394179983644680\">Acesse aqui<\/a><\/strong><\/p>\n<\/td>\n<td width=\"247\">\n<p style=\"text-align: center\">Em constru\u00e7\u00e3o<\/p>\n<\/td>\n<\/tr>\n<\/tbody>\n<\/table>\n","protected":false},"excerpt":{"rendered":"<p>Turma 2024 ORD NOME ORIENTADOR \/ CO-ORIENTADOR CURR\u00cdCULO LATTES DISSERTA\u00c7\u00c3O DE MESTRADO 01 Alice Mara Ros\u00e1rio Costa Dra. Sheylla Susan Moreira da S. de Almeida Acesse aqui Em constru\u00e7\u00e3o 02 Bianca Lima dos Santos Dr. Rodrigo Alves Soares Cruz Acesse&hellip; <\/p>\n<p><a href=\"https:\/\/www2.unifap.br\/ppgcf\/turma-2024-corpo-discente\/\" class=\"readmore-button\">Continue Reading<\/a><\/p>\n","protected":false},"author":3985,"featured_media":0,"parent":0,"menu_order":0,"comment_status":"closed","ping_status":"closed","template":"","meta":{"inline_featured_image":false,"ngg_post_thumbnail":0,"footnotes":""},"class_list":["post-3678","page","type-page","status-publish","hentry"],"_links":{"self":[{"href":"https:\/\/www2.unifap.br\/ppgcf\/wp-json\/wp\/v2\/pages\/3678","targetHints":{"allow":["GET"]}}],"collection":[{"href":"https:\/\/www2.unifap.br\/ppgcf\/wp-json\/wp\/v2\/pages"}],"about":[{"href":"https:\/\/www2.unifap.br\/ppgcf\/wp-json\/wp\/v2\/types\/page"}],"author":[{"embeddable":true,"href":"https:\/\/www2.unifap.br\/ppgcf\/wp-json\/wp\/v2\/users\/3985"}],"replies":[{"embeddable":true,"href":"https:\/\/www2.unifap.br\/ppgcf\/wp-json\/wp\/v2\/comments?post=3678"}],"version-history":[{"count":5,"href":"https:\/\/www2.unifap.br\/ppgcf\/wp-json\/wp\/v2\/pages\/3678\/revisions"}],"predecessor-version":[{"id":3882,"href":"https:\/\/www2.unifap.br\/ppgcf\/wp-json\/wp\/v2\/pages\/3678\/revisions\/3882"}],"wp:attachment":[{"href":"https:\/\/www2.unifap.br\/ppgcf\/wp-json\/wp\/v2\/media?parent=3678"}],"curies":[{"name":"wp","href":"https:\/\/api.w.org\/{rel}","templated":true}]}}