{"id":3695,"date":"2025-07-03T16:27:01","date_gmt":"2025-07-03T16:27:01","guid":{"rendered":"https:\/\/www2.unifap.br\/ppgcf\/?page_id=3695"},"modified":"2025-07-09T01:43:38","modified_gmt":"2025-07-09T01:43:38","slug":"edital-de-bolsas-2025","status":"publish","type":"page","link":"https:\/\/www2.unifap.br\/ppgcf\/processos-seletivos\/edital-de-bolsas-2025\/","title":{"rendered":"Edital de Bolsas 2025"},"content":{"rendered":"<h1>O Programa de P\u00f3s-gradua\u00e7\u00e3o em Ci\u00eancias Farmac\u00eauticas (PPGCF) torna p\u00fablica a abertura de inscri\u00e7\u00f5es e estabelece as normas para o processo de sele\u00e7\u00e3o interno de candidatos interessados em concorrer \u00e0s bolsas de mestrado no \u00e2mbito do Curso de Mestrado do PPGCF.<\/h1>\n<h1>&nbsp;<\/h1>\n<h2>Per\u00edodo de inscri\u00e7\u00e3o: Das 0000 h de 04\/07\/2025 \u00e0s 23:59 h de 07\/07\/2025.<\/h2>\n<h2>Poder\u00e3o se inscrever todos os alunos matriculados no PPGCF.<\/h2>\n<h3>&nbsp;<\/h3>\n<h3>\u2192&nbsp; <a href=\"http:\/\/www2.unifap.br\/ppgcf\/files\/2025\/07\/Edital-de-bolsas-PPGCF-2025.pdf\">Edital n\u00ba 02\/2025-PPGCF\/Unifap. Processo seletivo interno para concess\u00e3o de bolsas CAPES<\/a><\/h3>\n<h3>\u2192 <a href=\"http:\/\/www2.unifap.br\/ppgcf\/files\/2025\/07\/DECLARACAO_DE_NAO_POSSUIR_VINCULO_EMPREGATICIO.pdf\">Declara\u00e7\u00e3o de n\u00e3o possuir v\u00ednculo empregat\u00edcio<\/a><\/h3>\n<h3>\u2192&nbsp;<a href=\"http:\/\/www2.unifap.br\/ppgcf\/files\/2025\/07\/PPGCF-RESULTADO-PRELIMINAR-BOLSAS-CAPES-EDITAL-02.2025.pdf\">Resultado Preliminar Bolsa CAPES Edital n. 02\/2025<\/a><\/h3>\n<h3>&nbsp;<\/h3>\n","protected":false},"excerpt":{"rendered":"<p>O Programa de P\u00f3s-gradua\u00e7\u00e3o em Ci\u00eancias Farmac\u00eauticas (PPGCF) torna p\u00fablica a abertura de inscri\u00e7\u00f5es e estabelece as normas para o processo de sele\u00e7\u00e3o interno de candidatos interessados em concorrer \u00e0s bolsas de mestrado no \u00e2mbito do Curso de Mestrado do&hellip; <\/p>\n<p><a href=\"https:\/\/www2.unifap.br\/ppgcf\/processos-seletivos\/edital-de-bolsas-2025\/\" class=\"readmore-button\">Continue Reading<\/a><\/p>\n","protected":false},"author":3958,"featured_media":0,"parent":268,"menu_order":0,"comment_status":"closed","ping_status":"closed","template":"","meta":{"inline_featured_image":false,"ngg_post_thumbnail":0,"footnotes":""},"class_list":["post-3695","page","type-page","status-publish","hentry"],"_links":{"self":[{"href":"https:\/\/www2.unifap.br\/ppgcf\/wp-json\/wp\/v2\/pages\/3695","targetHints":{"allow":["GET"]}}],"collection":[{"href":"https:\/\/www2.unifap.br\/ppgcf\/wp-json\/wp\/v2\/pages"}],"about":[{"href":"https:\/\/www2.unifap.br\/ppgcf\/wp-json\/wp\/v2\/types\/page"}],"author":[{"embeddable":true,"href":"https:\/\/www2.unifap.br\/ppgcf\/wp-json\/wp\/v2\/users\/3958"}],"replies":[{"embeddable":true,"href":"https:\/\/www2.unifap.br\/ppgcf\/wp-json\/wp\/v2\/comments?post=3695"}],"version-history":[{"count":5,"href":"https:\/\/www2.unifap.br\/ppgcf\/wp-json\/wp\/v2\/pages\/3695\/revisions"}],"predecessor-version":[{"id":3710,"href":"https:\/\/www2.unifap.br\/ppgcf\/wp-json\/wp\/v2\/pages\/3695\/revisions\/3710"}],"up":[{"embeddable":true,"href":"https:\/\/www2.unifap.br\/ppgcf\/wp-json\/wp\/v2\/pages\/268"}],"wp:attachment":[{"href":"https:\/\/www2.unifap.br\/ppgcf\/wp-json\/wp\/v2\/media?parent=3695"}],"curies":[{"name":"wp","href":"https:\/\/api.w.org\/{rel}","templated":true}]}}