{"id":3724,"date":"2025-09-27T23:53:41","date_gmt":"2025-09-27T23:53:41","guid":{"rendered":"https:\/\/www2.unifap.br\/ppgcf\/?page_id=3724"},"modified":"2026-02-14T13:21:08","modified_gmt":"2026-02-14T13:21:08","slug":"turma-2025-corpo-discente","status":"publish","type":"page","link":"https:\/\/www2.unifap.br\/ppgcf\/turma-2025-corpo-discente\/","title":{"rendered":"TURMA 2025 &#8211; CORPO DISCENTE"},"content":{"rendered":"<p><strong>Turma 2025<\/strong><\/p>\n<table width=\"1028\">\n<tbody>\n<tr>\n<td width=\"48\"><strong>ORD<\/strong><\/td>\n<td width=\"236\"><strong>NOME<\/strong><\/td>\n<td width=\"305\"><strong>ORIENTADOR \/ CO-ORIENTADOR<\/strong><\/td>\n<td width=\"181\"><strong>CURR\u00cdCULO LATTES<\/strong><\/td>\n<td width=\"247\">\n<p style=\"text-align: center\"><strong>DISSERTA\u00c7\u00c3O DE MESTRADO<\/strong><\/p>\n<\/td>\n<\/tr>\n<tr>\n<td width=\"48\">01<\/td>\n<td width=\"236\">Ana Paula Barros Soares<\/td>\n<td width=\"305\">Dr. Gabriel Araujo da Silva<\/td>\n<td width=\"181\">\n<p style=\"text-align: center\"><a href=\"http:\/\/lattes.cnpq.br\/7124793523496914\"><strong>Acesse aqui<\/strong><\/a><\/p>\n<\/td>\n<td width=\"247\">\n<p style=\"text-align: center\">Em constru\u00e7\u00e3o<\/p>\n<\/td>\n<\/tr>\n<tr>\n<td width=\"48\">02<\/td>\n<td width=\"236\">Ana Paula Tavares de Oliveira<\/td>\n<td width=\"305\">Dra. L\u00edlian Grace da Silva Solon<\/td>\n<td width=\"181\">\n<p style=\"text-align: center\"><strong><a href=\"http:\/\/lattes.cnpq.br\/5537088868087009\">Acesse aqui<\/a><\/strong><\/p>\n<\/td>\n<td width=\"247\">\n<p style=\"text-align: center\">Em constru\u00e7\u00e3o<\/p>\n<\/td>\n<\/tr>\n<tr>\n<td width=\"48\">03<\/td>\n<td width=\"236\">Bonierick Jose Moura da Rocha<\/td>\n<td width=\"305\">Dr. Francisco F\u00e1bio Oliveira de Sousa<\/td>\n<td width=\"181\">\n<p style=\"text-align: center\"><strong><a href=\"http:\/\/lattes.cnpq.br\/0454564391633751\">Acesse aqui<\/a><\/strong><\/p>\n<\/td>\n<td width=\"247\">\n<p style=\"text-align: center\">Em constru\u00e7\u00e3o<\/p>\n<\/td>\n<\/tr>\n<tr>\n<td width=\"48\">04<\/td>\n<td width=\"236\">Douglas da Cruz Nascimento<\/td>\n<td width=\"305\">Dra. Lorane Izabel da Silva Hage Melim<\/td>\n<td width=\"181\">\n<p style=\"text-align: center\"><strong><a href=\"http:\/\/lattes.cnpq.br\/6378402227647783\">Acesse aqui<\/a><\/strong><\/p>\n<\/td>\n<td width=\"247\">\n<p style=\"text-align: center\">Em constru\u00e7\u00e3o<\/p>\n<\/td>\n<\/tr>\n<tr>\n<td width=\"48\">05<\/td>\n<td width=\"236\">Francisco Farias Feitoza<\/td>\n<td width=\"305\">Dra. Adriana Maciel Ferreira<\/td>\n<td width=\"181\">\n<p style=\"text-align: center\"><strong><a href=\"http:\/\/lattes.cnpq.br\/4451211398015509\">Acesse aqui<\/a><\/strong><\/p>\n<\/td>\n<td width=\"247\">\n<p style=\"text-align: center\">Em constru\u00e7\u00e3o<\/p>\n<\/td>\n<\/tr>\n<tr>\n<td width=\"48\">06<\/td>\n<td width=\"236\">Gustavo Ferreira Serra<\/td>\n<td width=\"305\">Dr. Francisco F\u00e1bio Oliveira de Sousa<\/td>\n<td width=\"181\">\n<p style=\"text-align: center\"><strong><a href=\"http:\/\/lattes.cnpq.br\/3812180280762060\">Acesse aqui<\/a><\/strong><\/p>\n<\/td>\n<td width=\"247\">\n<p style=\"text-align: center\">Em constru\u00e7\u00e3o<\/p>\n<\/td>\n<\/tr>\n<tr>\n<td width=\"48\">07<\/td>\n<td width=\"236\">Isabella Maria da Costa Brito<\/td>\n<td width=\"305\">Dr. Cleydson Breno R. dos Santos<\/td>\n<td width=\"181\">\n<p style=\"text-align: center\"><strong><a href=\"http:\/\/lattes.cnpq.br\/4844602016650862\">Acesse aqui<\/a><\/strong><\/p>\n<\/td>\n<td width=\"247\">\n<p style=\"text-align: center\">Em constru\u00e7\u00e3o<\/p>\n<\/td>\n<\/tr>\n<tr>\n<td width=\"48\">08<\/td>\n<td width=\"236\">Itallo Lucas Gomes Bentes<\/td>\n<td width=\"305\">Dr. F\u00e1bio Rodrigues de Oliveira<\/td>\n<td width=\"181\">\n<p style=\"text-align: center\"><strong><a href=\"http:\/\/lattes.cnpq.br\/8016025516698937\">Acesse aqui<\/a><\/strong><\/p>\n<\/td>\n<td width=\"247\">\n<p style=\"text-align: center\">Em constru\u00e7\u00e3o<\/p>\n<\/td>\n<\/tr>\n<tr>\n<td width=\"48\">09<\/td>\n<td width=\"236\">Izabelle Barbosa de Oliveira<\/td>\n<td width=\"305\">Dr. Jos\u00e9 Carlos Tavares Carvalho<\/td>\n<td width=\"181\">\n<p style=\"text-align: center\"><strong><a href=\"http:\/\/lattes.cnpq.br\/9286510632093284\">Acesse aqui<\/a><\/strong><\/p>\n<\/td>\n<td width=\"247\">\n<p style=\"text-align: center\">Em constru\u00e7\u00e3o<\/p>\n<\/td>\n<\/tr>\n<tr>\n<td width=\"48\">10<\/td>\n<td width=\"236\">Juliana da Costa Santana<\/td>\n<td width=\"305\">Dra. Raphaelle Sousa Borges&nbsp;<\/td>\n<td width=\"181\">\n<p style=\"text-align: center\"><strong><a href=\"http:\/\/lattes.cnpq.br\/4713786672449662\">Acesse aqui<\/a><\/strong><\/p>\n<\/td>\n<td width=\"247\">\n<p style=\"text-align: center\">Em constru\u00e7\u00e3o<\/p>\n<\/td>\n<\/tr>\n<tr>\n<td width=\"48\">11<\/td>\n<td width=\"236\">K\u00e1tia Leite Rodrigues Janu\u00e1rio<\/td>\n<td width=\"305\">Dr. Raimundo Nonato Pican\u00e7o Souto<\/td>\n<td width=\"181\">\n<p style=\"text-align: center\"><strong><a href=\"http:\/\/lattes.cnpq.br\/3511471538488660\">Acesse aqui<\/a><\/strong><\/p>\n<\/td>\n<td width=\"247\">\n<p style=\"text-align: center\">Em constru\u00e7\u00e3o<\/p>\n<\/td>\n<\/tr>\n<tr>\n<td width=\"48\">12<\/td>\n<td width=\"236\">Layse Sampaio Moraes<\/td>\n<td width=\"305\">Dr. David Esteban Quintero Jimenez<\/td>\n<td width=\"181\">\n<p style=\"text-align: center\"><strong><a href=\"http:\/\/lattes.cnpq.br\/4657290734704026\">Acesse aqui<\/a><\/strong><\/p>\n<\/td>\n<td width=\"247\">\n<p style=\"text-align: center\">Em constru\u00e7\u00e3o<\/p>\n<\/td>\n<\/tr>\n<tr>\n<td width=\"48\">13<\/td>\n<td width=\"236\">Mateus de Jesus Silva Matos<\/td>\n<td width=\"305\">Dr. Irlon Maciel Ferreira<\/td>\n<td width=\"181\">\n<p style=\"text-align: center\"><strong><a href=\"http:\/\/lattes.cnpq.br\/5603144449198853\">Acesse aqui<\/a><\/strong><\/p>\n<\/td>\n<td width=\"247\">\n<p style=\"text-align: center\">Em constru\u00e7\u00e3o<\/p>\n<\/td>\n<\/tr>\n<tr>\n<td width=\"48\">14<\/td>\n<td width=\"236\">Mirian Andrade de Oliveira<\/td>\n<td width=\"305\">Dr. Rafael Lima Resque<\/td>\n<td width=\"181\">\n<p style=\"text-align: center\"><strong><a href=\"http:\/\/lattes.cnpq.br\/5656410857843510\">Acesse aqui<\/a><\/strong><\/p>\n<\/td>\n<td width=\"247\">\n<p style=\"text-align: center\">Em constru\u00e7\u00e3o<\/p>\n<\/td>\n<\/tr>\n<tr>\n<td width=\"48\">15<\/td>\n<td width=\"236\">Renata Rodrigues Lamar\u00e3o<\/td>\n<td width=\"305\">Dr. Jos\u00e9 Carlos Tavares Carvalho<\/td>\n<td width=\"181\">\n<p style=\"text-align: center\"><strong><a href=\"http:\/\/lattes.cnpq.br\/1932045458101883\">Acesse aqui<\/a><\/strong><\/p>\n<\/td>\n<td width=\"247\">\n<p style=\"text-align: center\">Em constru\u00e7\u00e3o<\/p>\n<\/td>\n<\/tr>\n<tr>\n<td width=\"48\">16<\/td>\n<td width=\"236\">S\u00e9rgio Gabriell Leite Brito<\/td>\n<td width=\"305\">Dr. Jos\u00e9 Carlos Tavares Carvalho<\/td>\n<td width=\"181\">\n<p style=\"text-align: center\"><strong><a href=\"http:\/\/lattes.cnpq.br\/1896742734841394\">Acesse aqui<\/a><\/strong><\/p>\n<\/td>\n<td width=\"247\">\n<p style=\"text-align: center\">Em constru\u00e7\u00e3o<\/p>\n<\/td>\n<\/tr>\n<tr>\n<td width=\"48\">17<\/td>\n<td width=\"236\">Thaysa Ign\u00e1 Castro Souza<\/td>\n<td width=\"305\">Dr. Irlon Maciel Ferreira<\/td>\n<td width=\"181\">\n<p style=\"text-align: center\"><a href=\"https:\/\/lattes.cnpq.br\/2368522380734870\"><strong>Acesse aqui<\/strong><\/a><\/p>\n<\/td>\n<td width=\"247\">\n<p style=\"text-align: center\">Em constru\u00e7\u00e3o<\/p>\n<\/td>\n<\/tr>\n<tr>\n<td width=\"48\">18<\/td>\n<td width=\"236\">Vanessa Cardoso Assis<\/td>\n<td width=\"305\">Dr. Jos\u00e9 Carlos Tavares Carvalho<\/td>\n<td width=\"181\">\n<p style=\"text-align: center\"><a href=\"http:\/\/lattes.cnpq.br\/7142465823664800\"><strong>Acesse aqui<\/strong><\/a><\/p>\n<\/td>\n<td width=\"247\">\n<p style=\"text-align: center\">Em constru\u00e7\u00e3o<\/p>\n<\/td>\n<\/tr>\n<\/tbody>\n<\/table>\n","protected":false},"excerpt":{"rendered":"<p>Turma 2025 ORD NOME ORIENTADOR \/ CO-ORIENTADOR CURR\u00cdCULO LATTES DISSERTA\u00c7\u00c3O DE MESTRADO 01 Ana Paula Barros Soares Dr. Gabriel Araujo da Silva Acesse aqui Em constru\u00e7\u00e3o 02 Ana Paula Tavares de Oliveira Dra. L\u00edlian Grace da Silva Solon Acesse aqui&hellip; <\/p>\n<p><a href=\"https:\/\/www2.unifap.br\/ppgcf\/turma-2025-corpo-discente\/\" class=\"readmore-button\">Continue Reading<\/a><\/p>\n","protected":false},"author":3985,"featured_media":0,"parent":0,"menu_order":0,"comment_status":"closed","ping_status":"closed","template":"","meta":{"inline_featured_image":false,"ngg_post_thumbnail":0,"footnotes":""},"class_list":["post-3724","page","type-page","status-publish","hentry"],"_links":{"self":[{"href":"https:\/\/www2.unifap.br\/ppgcf\/wp-json\/wp\/v2\/pages\/3724","targetHints":{"allow":["GET"]}}],"collection":[{"href":"https:\/\/www2.unifap.br\/ppgcf\/wp-json\/wp\/v2\/pages"}],"about":[{"href":"https:\/\/www2.unifap.br\/ppgcf\/wp-json\/wp\/v2\/types\/page"}],"author":[{"embeddable":true,"href":"https:\/\/www2.unifap.br\/ppgcf\/wp-json\/wp\/v2\/users\/3985"}],"replies":[{"embeddable":true,"href":"https:\/\/www2.unifap.br\/ppgcf\/wp-json\/wp\/v2\/comments?post=3724"}],"version-history":[{"count":5,"href":"https:\/\/www2.unifap.br\/ppgcf\/wp-json\/wp\/v2\/pages\/3724\/revisions"}],"predecessor-version":[{"id":3883,"href":"https:\/\/www2.unifap.br\/ppgcf\/wp-json\/wp\/v2\/pages\/3724\/revisions\/3883"}],"wp:attachment":[{"href":"https:\/\/www2.unifap.br\/ppgcf\/wp-json\/wp\/v2\/media?parent=3724"}],"curies":[{"name":"wp","href":"https:\/\/api.w.org\/{rel}","templated":true}]}}