{"id":38,"date":"2012-06-07T23:23:48","date_gmt":"2012-06-07T23:23:48","guid":{"rendered":"http:\/\/www2.unifap.br\/ppgcf\/?page_id=38"},"modified":"2017-11-28T18:54:41","modified_gmt":"2017-11-28T18:54:41","slug":"orientadores-do-ppgcf-2016","status":"publish","type":"page","link":"https:\/\/www2.unifap.br\/ppgcf\/corpo-docente\/orientadores-do-ppgcf-2016\/","title":{"rendered":"Orientadores do PPGCF 2016"},"content":{"rendered":"<h2 style=\"text-align: left\"><strong>PROFESSORES PERMANENTES<\/strong><\/h2>\n<p><a href=\"http:\/\/www2.unifap.br\/ppgcf\/files\/2012\/05\/DSC014772.jpg\"><img decoding=\"async\" alt=\"\" src=\"http:\/\/www2.unifap.br\/ppgcf\/files\/2012\/05\/DSC014772-150x150.jpg\" width=\"150\" height=\"150\" \/><\/a><\/p>\n<p><strong>Profa. Dra. Alessandra Azevedo do Nascimento<\/strong><\/p>\n<p>Doutorado em Produtos naturais e sint\u00e9ticos bioativos pela Universidade Federal da Para\u00edba &#8211; Laboratorio de Tecnologia Farmac\u00eautica.<\/p>\n<p>Linha de pesquisa: press\u00e3o arterial, hipotens\u00e3o, vasodilata\u00e7\u00e3o, art\u00e9ria aorta e mesent\u00e9rica isolada de rato, \u00f3xido n\u00edtrico, c\u00e1lcio e outros mecanismos de sinaliza\u00e7\u00e3o celular. Toxicologia pr\u00e9-cl\u00ednica.<\/p>\n<p>E-mail:\u00a0alessandra.medeiros@unifap.br \/ alessandra.azevedo321@gmail.com\u00a0 \u00a0\u00a0<a href=\"http:\/\/lattes.cnpq.br\/5767048181931211\">http:\/\/lattes.cnpq.br\/5767048181931211<\/a><\/p>\n<p>&nbsp;<\/p>\n<p><a href=\"http:\/\/www2.unifap.br\/ppgcf\/files\/2012\/06\/caio.jpg\"><img fetchpriority=\"high\" decoding=\"async\" alt=\"SAMSUNG CSC\" src=\"http:\/\/www2.unifap.br\/ppgcf\/files\/2012\/06\/caio-300x200.jpg\" width=\"300\" height=\"200\" \/><\/a><\/p>\n<p><strong>Prof. Dr. Caio Pinho Fernandes<\/strong><\/p>\n<p>Doutor em Ci\u00eancias (Biotecnologia Vegetal) pela Universidade Federal do Rio de Janeiro (UFRJ).<\/p>\n<p>Linha de Pesquisa: controle de qualidade e tecnologia de fitoter\u00e1picos, com \u00eanfase em triterpenos, \u00f3leos da amaz\u00f4nia, desenvolvimento de nanoformula\u00e7\u00f5es e pesquisa de novos agentes bioativos.<\/p>\n<p>E-mail:\u00a0caiofernandes@unifap.br \/\u00a0caio_pfernandes@yahoo.com.br\u00a0\u00a0 \u00a0 \u00a0 \u00a0 \u00a0\u00a0<a href=\"http:\/\/lattes.cnpq.br\/9887445768141512\">http:\/\/lattes.cnpq.br\/9887445768141512<\/a><\/p>\n<p>&nbsp;<\/p>\n<p><a href=\"http:\/\/www2.unifap.br\/ppgcf\/files\/2012\/06\/CLARISSA-LIMA.png\"><img decoding=\"async\" class=\"alignnone size-medium wp-image-1031\" alt=\"CLARISSA LIMA\" src=\"http:\/\/www2.unifap.br\/ppgcf\/files\/2012\/06\/CLARISSA-LIMA-225x300.png\" width=\"225\" height=\"300\" srcset=\"https:\/\/www2.unifap.br\/ppgcf\/files\/2012\/06\/CLARISSA-LIMA-225x300.png 225w, https:\/\/www2.unifap.br\/ppgcf\/files\/2012\/06\/CLARISSA-LIMA-768x1024.png 768w, https:\/\/www2.unifap.br\/ppgcf\/files\/2012\/06\/CLARISSA-LIMA.png 1536w\" sizes=\"(max-width: 225px) 100vw, 225px\" \/><\/a><\/p>\n<p><strong>Profa. Dra. Clarissa Silva Lima<\/strong><\/p>\n<p>Doutora em Biodiversidade Tropical pela Universidade Federal do Amap\u00e1 (UNIFAP), com est\u00e1gio de doutoramento no Centre National de La Recherche Scientifique CNRS, Gif-Sur-Yvette, na Fran\u00e7a.<\/p>\n<p>Linha de Pesquisa:\u00a0Toxicologia reprodutiva e do desenvolvimento.<\/p>\n<p>E-mail: lima.clarissa@gmail.com \u00a0 \u00a0 \u00a0 \u00a0 \u00a0 \u00a0\u00a0<a href=\"http:\/\/lattes.cnpq.br\/9434674545991305\">http:\/\/lattes.cnpq.br\/9434674545991305<\/a><\/p>\n<p>&nbsp;<\/p>\n<p><a href=\"http:\/\/www2.unifap.br\/ppgcf\/files\/2012\/06\/CLEYDSON-BRENO.png\"><img loading=\"lazy\" decoding=\"async\" class=\"alignnone  wp-image-1029\" alt=\"CLEYDSON BRENO\" src=\"http:\/\/www2.unifap.br\/ppgcf\/files\/2012\/06\/CLEYDSON-BRENO-242x300.png\" width=\"175\" height=\"216\" srcset=\"https:\/\/www2.unifap.br\/ppgcf\/files\/2012\/06\/CLEYDSON-BRENO-242x300.png 242w, https:\/\/www2.unifap.br\/ppgcf\/files\/2012\/06\/CLEYDSON-BRENO.png 336w\" sizes=\"(max-width: 175px) 100vw, 175px\" \/><\/a><\/p>\n<p><strong>Prof. Dr. Cleydson Breno Rodrigues dos Santos<\/strong><\/p>\n<p>Doutor em Biotecnologia pela Universidade Federal do Amazonas &#8211; UFAM (Rede BIONORTE\/2014).<\/p>\n<p>Linha de Pesquisa:\u00a0Planejamento Racional de Compostos Bioativos; Qu\u00edmica Medicinal;\u00a0Qu\u00edmica e Bioqu\u00edmica de Produtos biologicamente ativos;\u00a0Valida\u00e7\u00e3o qu\u00edmica-farmacol\u00f3gica de f\u00e1rmacos naturais, sint\u00e9ticos e nanoestruturados.<\/p>\n<p>E-mail: breno.unifap@gmail.com \/ breno@unifap.br\u00a0\u00a0 \u00a0 \u00a0 \u00a0 \u00a0 \u00a0\u00a0<a href=\"http:\/\/lattes.cnpq.br\/4851715640991871\">http:\/\/lattes.cnpq.br\/4851715640991871<\/a><\/p>\n<p>&nbsp;<\/p>\n<p><a href=\"http:\/\/www2.unifap.br\/ppgcf\/files\/2012\/06\/217e255518fbfca341_l_69397.jpg\"><img loading=\"lazy\" decoding=\"async\" alt=\"217e255518fbfca341_l_69397\" src=\"http:\/\/www2.unifap.br\/ppgcf\/files\/2012\/06\/217e255518fbfca341_l_69397.jpg\" width=\"180\" height=\"180\" \/><\/a><\/p>\n<p><strong>Prof. Dr. Francisco F\u00e1bio Oliveira de Sousa<\/strong><\/p>\n<p>Doutor em &#8220;Investigaci\u00f3n y Desarrollo de Medicamentos&#8221; pela Universidade de Santiago de Compostela (USC), Espanha (2011) e realizou Est\u00e1gio de P\u00f3s-doutorado junto ao Programa de P\u00f3s-gradua\u00e7\u00e3o em Odontologia (PPGO\/ UFC).<\/p>\n<p>Linha de Pesquisa: \u00a0desenvolvimento de novos sistemas terap\u00eauticos (micropart\u00edculas, composites, implantes, ion\u00f4mero de vidro e materiais resinosos) para Odontologia, Biopol\u00edmeros (caracteriza\u00e7\u00e3o e funcionalidade) e sistemas de libera\u00e7\u00e3o com \u00eanfase na tecnologia da libera\u00e7\u00e3o controlada de f\u00e1rmacos.<\/p>\n<p>email:\u00a0fabio@unifap.br\u00a0\u00a0 \u00a0 \u00a0 \u00a0 \u00a0 \u00a0\u00a0<a href=\"http:\/\/lattes.cnpq.br\/3737865995129925\">http:\/\/lattes.cnpq.br\/3737865995129925<\/a><\/p>\n<p>&nbsp;<\/p>\n<p><a href=\"http:\/\/www2.unifap.br\/ppgcf\/files\/2012\/06\/servletrecuperafoto.jpg\"><img loading=\"lazy\" decoding=\"async\" class=\"alignnone  wp-image-1397\" alt=\"servletrecuperafoto\" src=\"http:\/\/www2.unifap.br\/ppgcf\/files\/2012\/06\/servletrecuperafoto.jpg\" width=\"168\" height=\"204\" \/><\/a><\/p>\n<p><strong style=\"line-height: 1.5em\">Prof. Dr. Irlon Maciel Ferreira<\/strong><\/p>\n<p>Doutor em Qu\u00edmica Org\u00e2nica e Biol\u00f3gicas pela Universidade de S\u00e3o Paulo (USP) \/ Instituto de Qu\u00edmica de S\u00e3o Carlos.<\/p>\n<p>Linha de pesquisa: S\u00edntese Org\u00e2nica; Biocat\u00e1lise e Biotransforma\u00e7\u00e3o de Compostos Org\u00e2nicos.<\/p>\n<p>E-mail: irlon.ferreira@unifap.br \/ irlon.ferreira@gmail.com\u00a0 \u00a0 \u00a0 \u00a0 \u00a0 \u00a0 \u00a0<a href=\"http:\/\/lattes.cnpq.br\/9897023410899133\">http:\/\/lattes.cnpq.br\/9897023410899133<\/a><\/p>\n<p>&nbsp;<\/p>\n<p><a href=\"http:\/\/www2.unifap.br\/ppgcf\/files\/2012\/05\/DSC01473.jpg\"><img loading=\"lazy\" decoding=\"async\" alt=\"\" src=\"http:\/\/www2.unifap.br\/ppgcf\/files\/2012\/05\/DSC01473-150x150.jpg\" width=\"150\" height=\"150\" \/><\/a><\/p>\n<p><strong>Profa. Dra. Jociv\u00e2nia Oliveira da Silva<\/strong><\/p>\n<p>Doutorado em Toxicologia pela Universidade de S\u00e3o Paulo &#8211; FCFRP.<\/p>\n<p>Linha de pesquisa: venenos de serpentes, toxicologia, Toxinologia e antivenenos de origem vegetal.<\/p>\n<p>E-mail: jocivania@unifap.br \u00a0 \u00a0 \u00a0 \u00a0 \u00a0 \u00a0 \u00a0 \u00a0 \u00a0 \u00a0<a href=\"http:\/\/lattes.cnpq.br\/7737394264097385\">http:\/\/lattes.cnpq.br\/7737394264097385<\/a><\/p>\n<p>&nbsp;<\/p>\n<p><a href=\"http:\/\/www2.unifap.br\/ppgcf\/files\/2012\/06\/eu-mexico-3x4.png\"><img loading=\"lazy\" decoding=\"async\" class=\" wp-image-1401 alignnone\" alt=\"eu mexico 3x4\" src=\"http:\/\/www2.unifap.br\/ppgcf\/files\/2012\/06\/eu-mexico-3x4-253x300.png\" width=\"228\" height=\"270\" srcset=\"https:\/\/www2.unifap.br\/ppgcf\/files\/2012\/06\/eu-mexico-3x4-253x300.png 253w, https:\/\/www2.unifap.br\/ppgcf\/files\/2012\/06\/eu-mexico-3x4.png 505w\" sizes=\"(max-width: 228px) 100vw, 228px\" \/><\/a><\/p>\n<p><strong>Prof. Dr. Jos\u00e9 Carlos Tavares Carvalho<\/strong><\/p>\n<p>Doutorado em Farmacos e Medicamentos pela Faculdade de Ciencias Farmaceuticas da Universidade de S\u00e3o Paulo.<\/p>\n<p>Linhas de pesquisa: valida\u00e7\u00e3o quimica-farmacologica de f\u00e1rmacos de origem sintetica e naturais. Nanobiotecnologia.<\/p>\n<p>Estudos farmacol\u00f3gicos e toxicol\u00f3gicos em zebrafish.<\/p>\n<p>E-mail: farmacos@unifap.br \u00a0 \u00a0 \u00a0 \u00a0 \u00a0 \u00a0\u00a0<a href=\"http:\/\/lattes.cnpq.br\/4251174810000113\">http:\/\/lattes.cnpq.br\/4251174810000113<\/a><\/p>\n<p>&nbsp;<\/p>\n<p><a href=\"http:\/\/www2.unifap.br\/ppgcf\/files\/2012\/06\/20141216_2138241.jpg\"><img loading=\"lazy\" decoding=\"async\" alt=\"SAMSUNG CSC\" src=\"http:\/\/www2.unifap.br\/ppgcf\/files\/2012\/06\/20141216_2138241-300x200.jpg\" width=\"300\" height=\"200\" \/><\/a><\/p>\n<p><strong>Profa. Dra. Lorane Izabel da Silva Hage Melim\u00a0<\/strong><\/p>\n<p>Doutora em toxicologia pela Universidade de Sao Paulo.<\/p>\n<p>Linha de Pesquisa: veneno de serpentes, inibidores de fosfolipase A2, modelagem molecular: modelagem por homologia, docking, screening.<\/p>\n<p>email: lorane@unifap.br \/\u00a0loranehage@gmail.com\u00a0\u00a0 \u00a0 \u00a0 \u00a0 \u00a0\u00a0<a href=\"http:\/\/lattes.cnpq.br\/2855597663270186\">http:\/\/lattes.cnpq.br\/2855597663270186<\/a><\/p>\n<p>&nbsp;<\/p>\n<p><strong>Prof. Dr. Moacir de Azevedo Monteiro Bentes Neto<\/strong><\/p>\n<p>Doutor em Ci\u00eancias pela Universidade de Franca, UNIFRAN.<\/p>\n<p>Linha de Pesquisa: gen\u00e9tica toxicol\u00f3gica, mutagenicidade de f\u00e1rmacos e estudos <em>in vitro<\/em> da a\u00e7\u00e3o de f\u00e1rmacos em sistemas eucari\u00f3ticos.<\/p>\n<p>E-mail:\u00a0moacir.monteiro@unifap.br \u00a0 \u00a0 \u00a0 \u00a0 \u00a0 \u00a0<a href=\"http:\/\/lattes.cnpq.br\/6957473111309835\">http:\/\/lattes.cnpq.br\/6957473111309835<\/a><\/p>\n<p>&nbsp;<\/p>\n<p><a href=\"http:\/\/www2.unifap.br\/ppgcf\/files\/2012\/06\/IMG_04481.jpg\"><img loading=\"lazy\" decoding=\"async\" alt=\"IMG_0448[1]\" src=\"http:\/\/www2.unifap.br\/ppgcf\/files\/2012\/06\/IMG_04481-300x225.jpg\" width=\"300\" height=\"225\" \/><\/a><\/p>\n<p><strong>Prof. Dr. Raimundo Nonato Pican\u00e7o Souto<\/strong><\/p>\n<p>Doutorado em zoologia pelo Museu Paraense Emilio Goeldi \/Universidade Federal do Par\u00e1.<\/p>\n<p>Linha de pesquisa: culicideos vetores de mal\u00e1ria e de arboviroses e controle por farmacos, controle de mosquitos por farmacos, entomologia forense.<\/p>\n<p>E-mail: rnpsouto@unifap.br \/ nonatoiepa@hotmail.com\u00a0 \u00a0 \u00a0 \u00a0 \u00a0\u00a0<a href=\"http:\/\/lattes.cnpq.br\/1661932002902797\">http:\/\/lattes.cnpq.br\/1661932002902797<\/a><\/p>\n<p>&nbsp;<\/p>\n<p><a href=\"http:\/\/www2.unifap.br\/ppgcf\/files\/2012\/05\/DSC01468.jpg\"><img loading=\"lazy\" decoding=\"async\" alt=\"\" src=\"http:\/\/www2.unifap.br\/ppgcf\/files\/2012\/05\/DSC01468-150x150.jpg\" width=\"150\" height=\"150\" \/><\/a><\/p>\n<p><strong>Prof. Dr. Robert Ronald Magui\u00f1a Zamora<\/strong><\/p>\n<p>Doutorado em Fisica pela Pontif\u00edcia Universidade Cat\u00f3lica do Rio de Janeiro.<\/p>\n<p>Linha de pesquisa: amorphous hydrogenated carbon, friction, microstructure, amorphous surface e atomic force microscopy.<\/p>\n<p>E-mail: robert@unifap.br \u00a0 \u00a0 \u00a0 \u00a0 \u00a0 \u00a0 \u00a0 \u00a0 \u00a0 \u00a0 \u00a0<a href=\"http:\/\/lattes.cnpq.br\/0341231469458918\">http:\/\/lattes.cnpq.br\/0341231469458918<\/a><\/p>\n<p>&nbsp;<\/p>\n<p><a href=\"http:\/\/www2.unifap.br\/ppgcf\/files\/2012\/05\/DSC01438.jpg\"><img loading=\"lazy\" decoding=\"async\" alt=\"\" src=\"http:\/\/www2.unifap.br\/ppgcf\/files\/2012\/05\/DSC01438-150x150.jpg\" width=\"150\" height=\"150\" \/><\/a><\/p>\n<p><strong>Prof. Dr. Roberto Messias Bezerra<\/strong><\/p>\n<p>Doutorado em Quimica pela Escola de Engenharia de S\u00e3o Carlos &#8211; Universidade de S\u00e3o Paulo.<\/p>\n<p>Linha de pesquisa: toxicologia ambiental. Analise fisico-quimica de farmacos.<\/p>\n<p>E-mail: messias@unifap.br \/ robmessias@gmail.com\u00a0 \u00a0 \u00a0 \u00a0 \u00a0 \u00a0 \u00a0 \u00a0<a href=\"http:\/\/lattes.cnpq.br\/1515642850517082\">http:\/\/lattes.cnpq.br\/1515642850517082<\/a><\/p>\n<p>&nbsp;<\/p>\n<p><a href=\"http:\/\/www2.unifap.br\/ppgcf\/files\/2012\/05\/DSC014641.jpg\"><img loading=\"lazy\" decoding=\"async\" alt=\"\" src=\"http:\/\/www2.unifap.br\/ppgcf\/files\/2012\/05\/DSC014641-150x150.jpg\" width=\"150\" height=\"150\" \/><\/a><\/p>\n<p><strong>Profa. Dra. Sheylla Susan Moreira da Silva de Almeida<\/strong><\/p>\n<p>Doutorado em Qu\u00edmica na \u00e1rea de concentra\u00e7\u00e3o em Qu\u00edmica de Produtos Naturais (Qu\u00edmica Org\u00e2nica) pela Universidade Federal de S\u00e3o Carlos &#8211; SP.<\/p>\n<p>Linha de pesquisa: biotecnologia, oleos essencias, qu\u00edmica de produtos naturais de origem vegetal, animal e microrganismos.<\/p>\n<p>E-mail: sheyllasusan@unifap.br \/ sheyllasusan@yahoo.com.br\u00a0 \u00a0 \u00a0 \u00a0 \u00a0 \u00a0 \u00a0 \u00a0<a href=\"http:\/\/lattes.cnpq.br\/5096255590649678\">http:\/\/lattes.cnpq.br\/5096255590649678<\/a><\/p>\n<p>&nbsp;<\/p>\n<p><a href=\"http:\/\/www2.unifap.br\/ppgcf\/files\/2012\/06\/1921244_1385510485057556_1992225852_o.jpg\"><img loading=\"lazy\" decoding=\"async\" alt=\"1921244_1385510485057556_1992225852_o\" src=\"http:\/\/www2.unifap.br\/ppgcf\/files\/2012\/06\/1921244_1385510485057556_1992225852_o-225x300.jpg\" width=\"158\" height=\"210\" \/><\/a><\/p>\n<p><strong>Profa. Dra. Silvia Maria Mathes Faustino<\/strong><\/p>\n<p>Doutorado em Biologia Comparada tamb\u00e9m pela Universidade de S\u00e3o Paulo.<\/p>\n<p>Linha de pesquisa: levantamento da biodiversidade de algas continentais para obtencao de farmacos, ecologia do fitopl\u00e2ncton e utiliza\u00e7\u00e3o de algas como bioindicadoras da qualidade da \u00e1gua.<\/p>\n<p>E-mail: silviamathes@unifap.br \/ fitomathes@yahoo.com\u00a0\u00a0 \u00a0 \u00a0 \u00a0 \u00a0\u00a0<a href=\"http:\/\/lattes.cnpq.br\/7743053016321109\">http:\/\/lattes.cnpq.br\/7743053016321109<\/a><\/p>\n<p>&nbsp;<\/p>\n<h2><strong>PROFESSORES COLABORADORES<\/strong><\/h2>\n<p><strong style=\"line-height: 1.5em\">\u00a0<a href=\"http:\/\/www2.unifap.br\/ppgcf\/files\/2012\/06\/Deyse.jpg\"><img loading=\"lazy\" decoding=\"async\" class=\"size-medium wp-image-317 alignnone\" alt=\"SAMSUNG CSC\" src=\"http:\/\/www2.unifap.br\/ppgcf\/files\/2012\/06\/Deyse-300x200.jpg\" width=\"300\" height=\"200\" srcset=\"https:\/\/www2.unifap.br\/ppgcf\/files\/2012\/06\/Deyse-300x200.jpg 300w, https:\/\/www2.unifap.br\/ppgcf\/files\/2012\/06\/Deyse-1024x682.jpg 1024w, https:\/\/www2.unifap.br\/ppgcf\/files\/2012\/06\/Deyse-225x150.jpg 225w\" sizes=\"(max-width: 300px) 100vw, 300px\" \/><\/a><\/strong><\/p>\n<p><strong>Profa. Dra. Deyse de Souza Dantas<\/strong><\/p>\n<p>Doutora em Biologia Funcional e Molecular na \u00e1rea de Bioqu\u00edmica pela Universidade Estadual de Campinas &#8211; UNICAMP.<\/p>\n<p>Linha de Pesquisa: Bioqu\u00edmica Cl\u00ednica, Farm\u00e1cia Cl\u00ednica, Epidemiologia Cl\u00ednica e Ci\u00eancias Forenses e Biotecnologia.<\/p>\n<p>email:\u00a0deyse@unifap.br\u00a0\u00a0 \u00a0 \u00a0 \u00a0 \u00a0 \u00a0\u00a0<a href=\"http:\/\/lattes.cnpq.br\/3229830569545582\">http:\/\/lattes.cnpq.br\/3229830569545582<\/a><\/p>\n<p>&nbsp;<\/p>\n<p><a href=\"http:\/\/www2.unifap.br\/ppgcf\/files\/2012\/06\/20141216_2133271.jpg\"><img loading=\"lazy\" decoding=\"async\" class=\"size-medium wp-image-334 alignnone\" alt=\"SAMSUNG CSC\" src=\"http:\/\/www2.unifap.br\/ppgcf\/files\/2012\/06\/20141216_2133271-300x200.jpg\" width=\"300\" height=\"200\" srcset=\"https:\/\/www2.unifap.br\/ppgcf\/files\/2012\/06\/20141216_2133271-300x200.jpg 300w, https:\/\/www2.unifap.br\/ppgcf\/files\/2012\/06\/20141216_2133271-1024x682.jpg 1024w, https:\/\/www2.unifap.br\/ppgcf\/files\/2012\/06\/20141216_2133271-225x150.jpg 225w\" sizes=\"(max-width: 300px) 100vw, 300px\" \/><\/a><\/p>\n<p><strong>Prof. Dr. Madson Ralide Fonseca Gomes\u00a0<\/strong><\/p>\n<p>Doutor em Ci\u00eancias Farmac\u00eauticas pela Universidade Federal do Rio Grande do Sul.<\/p>\n<p>Linha de Pesquisa: Hematologia, Parasitologia, Toxicolologia, Farmacognosia, Prospec\u00e7\u00e3o e Avalia\u00e7\u00e3o Biol\u00f3gica de Mol\u00e9culas de Interesse Farmac\u00eautico.<\/p>\n<p>email:madson@unifap.br\u00a0\u00a0 \u00a0 \u00a0 \u00a0 \u00a0 \u00a0\u00a0<a href=\"http:\/\/lattes.cnpq.br\/0513632107672072\">http:\/\/lattes.cnpq.br\/0513632107672072<\/a><\/p>\n<p><span style=\"line-height: 1.5em\">\u00a0<\/span><\/p>\n<p>&nbsp;<\/p>\n","protected":false},"excerpt":{"rendered":"<p>PROFESSORES PERMANENTES Profa. Dra. Alessandra Azevedo do Nascimento Doutorado em Produtos naturais e sint\u00e9ticos bioativos pela Universidade Federal da Para\u00edba &#8211; Laboratorio de Tecnologia Farmac\u00eautica. Linha de pesquisa: press\u00e3o arterial, hipotens\u00e3o, vasodilata\u00e7\u00e3o, art\u00e9ria aorta e mesent\u00e9rica isolada de rato, \u00f3xido&hellip; <\/p>\n<p><a href=\"https:\/\/www2.unifap.br\/ppgcf\/corpo-docente\/orientadores-do-ppgcf-2016\/\" class=\"readmore-button\">Continue Reading<\/a><\/p>\n","protected":false},"author":112,"featured_media":0,"parent":1659,"menu_order":1,"comment_status":"open","ping_status":"open","template":"","meta":{"inline_featured_image":false,"ngg_post_thumbnail":0,"footnotes":""},"class_list":["post-38","page","type-page","status-publish","hentry"],"_links":{"self":[{"href":"https:\/\/www2.unifap.br\/ppgcf\/wp-json\/wp\/v2\/pages\/38","targetHints":{"allow":["GET"]}}],"collection":[{"href":"https:\/\/www2.unifap.br\/ppgcf\/wp-json\/wp\/v2\/pages"}],"about":[{"href":"https:\/\/www2.unifap.br\/ppgcf\/wp-json\/wp\/v2\/types\/page"}],"author":[{"embeddable":true,"href":"https:\/\/www2.unifap.br\/ppgcf\/wp-json\/wp\/v2\/users\/112"}],"replies":[{"embeddable":true,"href":"https:\/\/www2.unifap.br\/ppgcf\/wp-json\/wp\/v2\/comments?post=38"}],"version-history":[{"count":88,"href":"https:\/\/www2.unifap.br\/ppgcf\/wp-json\/wp\/v2\/pages\/38\/revisions"}],"predecessor-version":[{"id":2158,"href":"https:\/\/www2.unifap.br\/ppgcf\/wp-json\/wp\/v2\/pages\/38\/revisions\/2158"}],"up":[{"embeddable":true,"href":"https:\/\/www2.unifap.br\/ppgcf\/wp-json\/wp\/v2\/pages\/1659"}],"wp:attachment":[{"href":"https:\/\/www2.unifap.br\/ppgcf\/wp-json\/wp\/v2\/media?parent=38"}],"curies":[{"name":"wp","href":"https:\/\/api.w.org\/{rel}","templated":true}]}}