{"id":3914,"date":"2026-02-17T16:24:46","date_gmt":"2026-02-17T16:24:46","guid":{"rendered":"https:\/\/www2.unifap.br\/ppgcf\/?page_id=3914"},"modified":"2026-02-17T16:24:46","modified_gmt":"2026-02-17T16:24:46","slug":"composicao-do-corpo-docente-2025","status":"publish","type":"page","link":"https:\/\/www2.unifap.br\/ppgcf\/composicao-do-corpo-docente-2025\/","title":{"rendered":"COMPOSI\u00c7\u00c3O DO CORPO DOCENTE 2025"},"content":{"rendered":"<p><strong>PROFESSORES PERMANENTES<\/strong><\/p>\n<p><a href=\"http:\/\/www2.unifap.br\/ppgcf\/files\/2026\/02\/anna.jpg\"><img decoding=\"async\" class=\"alignnone size-full wp-image-3904\" src=\"http:\/\/www2.unifap.br\/ppgcf\/files\/2026\/02\/anna.jpg\" alt=\"\" width=\"160\" height=\"225\"><\/a><\/p>\n<p><strong>Profa. Dra. Anna Eliza Maciel de Faria Mota Oliveira<\/strong><\/p>\n<p>Doutora em Inova\u00e7\u00e3o Farmac\u00eautica&nbsp;(Programa em Rede &#8211; UNIFAP\/UFG\/UFAM\/UFPA).<\/p>\n<p>Linha de Pesquisa: &nbsp;agentes antimicrobianos nanoestruturados de origem natural.<\/p>\n<p>E-mail: annaeliza.maciel@gmail.com &nbsp; &nbsp; &nbsp; &nbsp; &nbsp; &nbsp; &nbsp; &nbsp; &nbsp;&nbsp;<a href=\"http:\/\/lattes.cnpq.br\/7761556901260621\">http:\/\/lattes.cnpq.br\/7761556901260621<\/a><\/p>\n<p><a href=\"http:\/\/www2.unifap.br\/ppgcf\/files\/2026\/02\/caio.jpg\"><img fetchpriority=\"high\" decoding=\"async\" class=\"alignnone size-medium wp-image-3894\" src=\"http:\/\/www2.unifap.br\/ppgcf\/files\/2026\/02\/caio-300x200.jpg\" alt=\"\" width=\"300\" height=\"200\" srcset=\"https:\/\/www2.unifap.br\/ppgcf\/files\/2026\/02\/caio-300x200.jpg 300w, https:\/\/www2.unifap.br\/ppgcf\/files\/2026\/02\/caio-1024x682.jpg 1024w, https:\/\/www2.unifap.br\/ppgcf\/files\/2026\/02\/caio-768x512.jpg 768w, https:\/\/www2.unifap.br\/ppgcf\/files\/2026\/02\/caio.jpg 1094w\" sizes=\"(max-width: 300px) 100vw, 300px\" \/><\/a><\/p>\n<p><strong>Prof. Dr. Caio Pinho Fernandes<\/strong><\/p>\n<p>Doutor em Ci\u00eancias (Biotecnologia Vegetal) pela Universidade Federal do Rio de Janeiro (UFRJ).<\/p>\n<p>Linha de Pesquisa: controle de qualidade e tecnologia de fitoter\u00e1picos, com \u00eanfase em triterpenos, \u00f3leos da amaz\u00f4nia, desenvolvimento de nanoformula\u00e7\u00f5es e pesquisa de novos agentes bioativos.<\/p>\n<p>E-mail:&nbsp;caiofernandes@unifap.br \/&nbsp;caio_pfernandes@yahoo.com.br &nbsp; &nbsp; &nbsp;<a href=\"http:\/\/lattes.cnpq.br\/9887445768141512\">http:\/\/lattes.cnpq.br\/9887445768141512<\/a><\/p>\n<p><a href=\"http:\/\/www2.unifap.br\/ppgcf\/files\/2026\/02\/david.jpg\"><img decoding=\"async\" class=\"alignnone size-medium wp-image-3895\" src=\"http:\/\/www2.unifap.br\/ppgcf\/files\/2026\/02\/david-224x300.jpg\" alt=\"\" width=\"224\" height=\"300\" srcset=\"https:\/\/www2.unifap.br\/ppgcf\/files\/2026\/02\/david-224x300.jpg 224w, https:\/\/www2.unifap.br\/ppgcf\/files\/2026\/02\/david-765x1024.jpg 765w, https:\/\/www2.unifap.br\/ppgcf\/files\/2026\/02\/david-768x1029.jpg 768w, https:\/\/www2.unifap.br\/ppgcf\/files\/2026\/02\/david-1147x1536.jpg 1147w, https:\/\/www2.unifap.br\/ppgcf\/files\/2026\/02\/david.jpg 1400w\" sizes=\"(max-width: 224px) 100vw, 224px\" \/><\/a><\/p>\n<p><strong>Prof. Dr. David Esteban Quintero Jimenez&nbsp; &nbsp; &nbsp;&nbsp;<\/strong><\/p>\n<p>Doutor em Qu\u00edmica Org\u00e2nica pelo Instituto de Qu\u00edmica de S\u00e3o Carlos da Universidade de S\u00e3o Paulo (IQSC-USP)<\/p>\n<p>Linha de Pesquisa: Qu\u00edmica Org\u00e2nica e Biocat\u00e1lise.<\/p>\n<p>E- mail: derteriom@gmail.com \/ derteriom@unifap.br&nbsp; &nbsp; &nbsp; &nbsp; &nbsp; &nbsp; &nbsp; &nbsp;<a href=\"http:\/\/lattes.cnpq.br\/4712935415290431\">http:\/\/lattes.cnpq.br\/4712935415290431<\/a><strong> &nbsp;<\/strong><\/p>\n<p><a href=\"http:\/\/www2.unifap.br\/ppgcf\/files\/2026\/02\/fabio.jpg\"><img loading=\"lazy\" decoding=\"async\" class=\"alignnone size-medium wp-image-3896\" src=\"http:\/\/www2.unifap.br\/ppgcf\/files\/2026\/02\/fabio-225x300.jpg\" alt=\"\" width=\"225\" height=\"300\" srcset=\"https:\/\/www2.unifap.br\/ppgcf\/files\/2026\/02\/fabio-225x300.jpg 225w, https:\/\/www2.unifap.br\/ppgcf\/files\/2026\/02\/fabio.jpg 232w\" sizes=\"(max-width: 225px) 100vw, 225px\" \/><\/a><\/p>\n<p><strong>F\u00e1bio Rodrigues de Oliveira<\/strong><\/p>\n<p>Doutor em Neuroci\u00eancias e Biologia Celular pela Universidade Federal do Par\u00e1<\/p>\n<p>Linha de Pesquisa: Avalia\u00e7\u00e3o de atividades biol\u00f3gicas de produtos naturais e sint\u00e9ticos em modelos <em>in vitro<\/em> e <em>in vivo<\/em>.<\/p>\n<p>E- mail: fabio.rodrigues@unifap.br&nbsp;&nbsp;&nbsp;&nbsp;&nbsp;&nbsp;&nbsp;&nbsp;&nbsp;&nbsp;&nbsp;&nbsp;&nbsp;&nbsp;&nbsp;&nbsp;&nbsp;&nbsp;&nbsp;&nbsp;&nbsp;&nbsp;&nbsp;&nbsp;&nbsp;&nbsp;&nbsp;&nbsp;&nbsp;&nbsp;&nbsp;&nbsp;&nbsp;&nbsp;&nbsp;&nbsp;&nbsp;&nbsp;&nbsp;&nbsp;&nbsp;&nbsp;&nbsp;&nbsp;&nbsp;&nbsp; <a href=\"http:\/\/lattes.cnpq.br\/4538804050936779\">http:\/\/lattes.cnpq.br\/4538804050936779<\/a> <strong>&nbsp;&nbsp;<\/strong><\/p>\n<p><strong> <a href=\"http:\/\/www2.unifap.br\/ppgcf\/files\/2026\/02\/faf.jpg\"><img loading=\"lazy\" decoding=\"async\" class=\"alignnone size-full wp-image-3897\" src=\"http:\/\/www2.unifap.br\/ppgcf\/files\/2026\/02\/faf.jpg\" alt=\"\" width=\"177\" height=\"177\" srcset=\"https:\/\/www2.unifap.br\/ppgcf\/files\/2026\/02\/faf.jpg 177w, https:\/\/www2.unifap.br\/ppgcf\/files\/2026\/02\/faf-150x150.jpg 150w, https:\/\/www2.unifap.br\/ppgcf\/files\/2026\/02\/faf-70x70.jpg 70w\" sizes=\"(max-width: 177px) 100vw, 177px\" \/><\/a><\/strong><\/p>\n<p><strong>Prof. Dr. Francisco F\u00e1bio Oliveira de Sousa<\/strong><\/p>\n<p>Doutor em &#8220;Investigaci\u00f3n y Desarrollo de Medicamentos&#8221; pela Universidade de Santiago de Compostela (USC), Espanha (2011) e realizou Est\u00e1gio de P\u00f3s-doutorado junto ao Programa de P\u00f3s-gradua\u00e7\u00e3o em Odontologia (PPGO\/ UFC).<\/p>\n<p>Linha de Pesquisa: &nbsp;desenvolvimento de novos sistemas terap\u00eauticos (micropart\u00edculas, composites, implantes, ion\u00f4mero de vidro e materiais resinosos) para Odontologia, Biopol\u00edmeros (caracteriza\u00e7\u00e3o e funcionalidade) e sistemas de libera\u00e7\u00e3o com \u00eanfase na tecnologia da libera\u00e7\u00e3o controlada de f\u00e1rmacos.<\/p>\n<p>email:&nbsp;fabio@unifap.br &nbsp; &nbsp; &nbsp; &nbsp; &nbsp; &nbsp; &nbsp; &nbsp; &nbsp; &nbsp; &nbsp; &nbsp; &nbsp; &nbsp; &nbsp; &nbsp; &nbsp; &nbsp; &nbsp; &nbsp; &nbsp; &nbsp; &nbsp; &nbsp; &nbsp; &nbsp; &nbsp; &nbsp; &nbsp; &nbsp; &nbsp;&nbsp;<a href=\"http:\/\/lattes.cnpq.br\/3737865995129925\">http:\/\/lattes.cnpq.br\/3737865995129925<\/a><\/p>\n<p><a href=\"http:\/\/www2.unifap.br\/ppgcf\/files\/2026\/02\/irlon.jpg\"><img loading=\"lazy\" decoding=\"async\" class=\"alignnone size-full wp-image-3898\" src=\"http:\/\/www2.unifap.br\/ppgcf\/files\/2026\/02\/irlon.jpg\" alt=\"\" width=\"235\" height=\"286\"><\/a><\/p>\n<p><strong>Prof. Dr. Irlon Maciel Ferreira<\/strong><\/p>\n<p>Doutor em Qu\u00edmica Org\u00e2nica e Biol\u00f3gicas pela Universidade de S\u00e3o Paulo (USP) \/ Instituto de Qu\u00edmica de S\u00e3o Carlos.<\/p>\n<p>Linha de pesquisa: S\u00edntese Org\u00e2nica; Biocat\u00e1lise e Biotransforma\u00e7\u00e3o de Compostos Org\u00e2nicos.<\/p>\n<p>E-mail: irlon.ferreira@unifap.br \/ irlon.ferreira@gmail.com&nbsp; &nbsp; &nbsp; &nbsp; &nbsp; &nbsp; &nbsp;<a href=\"http:\/\/lattes.cnpq.br\/9897023410899133\">http:\/\/lattes.cnpq.br\/9897023410899133<\/a><\/p>\n<p><a href=\"http:\/\/www2.unifap.br\/ppgcf\/files\/2026\/02\/tata.jpg\"><img loading=\"lazy\" decoding=\"async\" class=\"alignnone size-full wp-image-3899\" src=\"http:\/\/www2.unifap.br\/ppgcf\/files\/2026\/02\/tata.jpg\" alt=\"\" width=\"201\" height=\"300\"><\/a><\/p>\n<p><strong>Prof. Dr. Jos\u00e9 Carlos Tavares Carvalho<\/strong><\/p>\n<p>Doutorado em Farmacos e Medicamentos pela Faculdade de Ciencias Farmaceuticas da Universidade de S\u00e3o Paulo.<\/p>\n<p>Linhas de pesquisa: valida\u00e7\u00e3o quimica-farmacologica de f\u00e1rmacos de origem sintetica e naturais. Nanobiotecnologia.<\/p>\n<p>Estudos farmacol\u00f3gicos e toxicol\u00f3gicos em zebrafish.<\/p>\n<p>E-mail: farmacos@unifap.br &nbsp; &nbsp; &nbsp; &nbsp; &nbsp; &nbsp;&nbsp;<a href=\"http:\/\/lattes.cnpq.br\/4251174810000113\">http:\/\/lattes.cnpq.br\/4251174810000113<\/a><\/p>\n<p><a href=\"http:\/\/www2.unifap.br\/ppgcf\/files\/2026\/02\/lilian.jpg\"><img loading=\"lazy\" decoding=\"async\" class=\"alignnone size-full wp-image-3900\" src=\"http:\/\/www2.unifap.br\/ppgcf\/files\/2026\/02\/lilian.jpg\" alt=\"\" width=\"210\" height=\"300\"><\/a><\/p>\n<p><strong>Profa. Dra. L\u00edlian Grace da Silva Solon<\/strong><\/p>\n<p>Doutora em Inova\u00e7\u00e3o Farmac\u00eautica pela Universidade Federal do Rio Grande do Norte<\/p>\n<p>Linhas de pesquisa: desenvolvimento e valida\u00e7\u00e3o de metodologias anal\u00edticas aplicadas ao controle de qualidade de produtos farmac\u00eauticos.<\/p>\n<p>E-mail: liliansolon@yahoo.com.br \/ lilian.solon@unifap.br &nbsp; &nbsp; &nbsp; &nbsp; &nbsp; &nbsp; &nbsp; &nbsp; &nbsp; &nbsp; &nbsp;&nbsp;<a href=\"http:\/\/lattes.cnpq.br\/7383710777903556\">http:\/\/lattes.cnpq.br\/7383710777903556<\/a><\/p>\n<p><a href=\"http:\/\/www2.unifap.br\/ppgcf\/files\/2026\/02\/lorane.jpg\"><img loading=\"lazy\" decoding=\"async\" class=\"alignnone size-full wp-image-3901\" src=\"http:\/\/www2.unifap.br\/ppgcf\/files\/2026\/02\/lorane.jpg\" alt=\"\" width=\"300\" height=\"275\"><\/a><\/p>\n<p><strong>Profa. Dra. Lorane Izabel da Silva Hage Melim&nbsp;<\/strong><\/p>\n<p>Doutora em toxicologia pela Universidade de Sao Paulo.<\/p>\n<p>Linha de Pesquisa: veneno de serpentes, inibidores de fosfolipase A2, modelagem molecular: modelagem por homologia, docking, screening.<\/p>\n<p>email: lorane@unifap.br \/&nbsp;loranehage@gmail.com&nbsp;&nbsp; &nbsp; &nbsp; &nbsp; &nbsp;&nbsp;<a href=\"http:\/\/lattes.cnpq.br\/2855597663270186\">http:\/\/lattes.cnpq.br\/2855597663270186<\/a><\/p>\n<p><a href=\"http:\/\/www2.unifap.br\/ppgcf\/files\/2026\/02\/rafael.jpg\"><img loading=\"lazy\" decoding=\"async\" class=\"alignnone size-full wp-image-3902\" src=\"http:\/\/www2.unifap.br\/ppgcf\/files\/2026\/02\/rafael.jpg\" alt=\"\" width=\"276\" height=\"154\"><\/a><\/p>\n<p><strong>Prof. Dr. Rafael Lima Resque<\/strong><\/p>\n<p>Doutor em Gen\u00e9tica e Biologia Molecular pela Universidade Federal do Par\u00e1<\/p>\n<p>Linha de Pesquisa: diagn\u00f3stico Molecular; Gen\u00e9tica de Popula\u00e7\u00f5es; Farmacogen\u00e9tica.<\/p>\n<p>E-mail: rafaelresque@gmail.com \/ rafaelrsque@unifap.br &nbsp; &nbsp; &nbsp;&nbsp;<a href=\"http:\/\/lattes.cnpq.br\/6862708091934825\">http:\/\/lattes.cnpq.br\/6862708091934825<\/a><\/p>\n<p><a href=\"http:\/\/www2.unifap.br\/ppgcf\/files\/2026\/02\/raquel.jpg\"><img loading=\"lazy\" decoding=\"async\" class=\"alignnone size-full wp-image-3903\" src=\"http:\/\/www2.unifap.br\/ppgcf\/files\/2026\/02\/raquel.jpg\" alt=\"\" width=\"169\" height=\"225\"><\/a><\/p>\n<p><strong>Profa. Dra. Raquel Silva Ara\u00fajo<\/strong><\/p>\n<p>Doutora em Ci\u00eancias Farmac\u00eauticas pela Universidade Federal de Minas Gerais.<\/p>\n<p>Linha de Pesquisa: Desenvolvimento e avalia\u00e7\u00e3o biol\u00f3gica de subst\u00e2ncias ativas micro e\/ou nanoparticulados.<\/p>\n<p>E-mail: raquel.araujo@unifap.br&nbsp;&nbsp; &nbsp; &nbsp; &nbsp; &nbsp; &nbsp; &nbsp; &nbsp; &nbsp; &nbsp;<a href=\"http:\/\/lattes.cnpq.br\/4820189553110351\">http:\/\/lattes.cnpq.br\/4820189553110351<\/a><\/p>\n<p><a href=\"http:\/\/www2.unifap.br\/ppgcf\/files\/2026\/02\/rodrigo.jpg\"><img loading=\"lazy\" decoding=\"async\" class=\"alignnone size-full wp-image-3887\" src=\"http:\/\/www2.unifap.br\/ppgcf\/files\/2026\/02\/rodrigo.jpg\" alt=\"\" width=\"218\" height=\"225\"><\/a><\/p>\n<p><strong>Prof. Dr. Rodrigo Alves Soares Cruz<\/strong><\/p>\n<p>Doutor em Qu\u00edmica dos Produtos Naturais pelo Instituto de Pesquisa de Produtos Naturais Walter Mors (IPPN) da Universidade Federal do Rio de Janeiro (UFRJ).<\/p>\n<p>Linha de Pesquisa: pesquisa por novas mol\u00e9culas bioativas da flora brasileira; Isolamento e elucida\u00e7\u00e3o estrutural de produtos naturais; Produtos naturais nanoestruturados biologicamente ativos.<\/p>\n<p>E-mail: rodrigo@unifap.br &nbsp; &nbsp; &nbsp; &nbsp; &nbsp; &nbsp; &nbsp; &nbsp; &nbsp; &nbsp;<a href=\"http:\/\/lattes.cnpq.br\/5290132421152870\">http:\/\/lattes.cnpq.br\/5290132421152870<\/a><\/p>\n<p><a href=\"http:\/\/www2.unifap.br\/ppgcf\/files\/2026\/02\/sheylla.jpg\"><img loading=\"lazy\" decoding=\"async\" class=\"alignnone size-full wp-image-3888\" src=\"http:\/\/www2.unifap.br\/ppgcf\/files\/2026\/02\/sheylla.jpg\" alt=\"\" width=\"300\" height=\"199\"><\/a><\/p>\n<p><strong>Profa. Dra. Sheylla Susan Moreira da Silva de Almeida<\/strong><\/p>\n<p>Doutorado em Qu\u00edmica na \u00e1rea de concentra\u00e7\u00e3o em Qu\u00edmica de Produtos Naturais (Qu\u00edmica Org\u00e2nica) pela Universidade Federal de S\u00e3o Carlos &#8211; SP.<\/p>\n<p>Linha de pesquisa: biotecnologia, oleos essencias, qu\u00edmica de produtos naturais de origem vegetal, animal e microrganismos.<\/p>\n<p>E-mail: sheyllasusan@unifap.br \/ sheyllasusan@yahoo.com.br&nbsp; &nbsp; &nbsp; &nbsp; &nbsp; &nbsp; &nbsp; &nbsp;<a href=\"http:\/\/lattes.cnpq.br\/5096255590649678\">http:\/\/lattes.cnpq.br\/5096255590649678<\/a><\/p>\n<p>&nbsp;<\/p>\n<p><strong>PROFESSORES COLABORADORES<\/strong><\/p>\n<p><a href=\"http:\/\/www2.unifap.br\/ppgcf\/files\/2026\/02\/bem.jpg\"><img loading=\"lazy\" decoding=\"async\" class=\"alignnone size-medium wp-image-3889\" src=\"http:\/\/www2.unifap.br\/ppgcf\/files\/2026\/02\/bem-186x300.jpg\" alt=\"\" width=\"186\" height=\"300\" srcset=\"https:\/\/www2.unifap.br\/ppgcf\/files\/2026\/02\/bem-186x300.jpg 186w, https:\/\/www2.unifap.br\/ppgcf\/files\/2026\/02\/bem.jpg 207w\" sizes=\"(max-width: 186px) 100vw, 186px\" \/><\/a><\/p>\n<p><strong>Profa. Dra. Adriana Maciel Ferreira<\/strong><\/p>\n<p>Doutora em Biodiversidade e Biotecnologia pela (Programa em Rede BIONORTE\/UNIFAP).<\/p>\n<p>Linha de Pesquisa: &nbsp;compostos bioativos naturais e sint\u00e9ticos, especialmente metab\u00f3litos de fungos endof\u00edticos, empregando o modelo experimental zebrafish (<em>Danio rerio<\/em>).<\/p>\n<p>E-mail: adriana.maciel@gmail.com &nbsp; &nbsp; &nbsp; &nbsp; &nbsp; &nbsp; &nbsp; &nbsp; &nbsp;&nbsp;<a href=\"http:\/\/lattes.cnpq.br\/8721365536928474\">http:\/\/lattes.cnpq.br\/8721365536928474<\/a><\/p>\n<p><a href=\"http:\/\/www2.unifap.br\/ppgcf\/files\/2026\/02\/breno.png\"><img loading=\"lazy\" decoding=\"async\" class=\"alignnone size-full wp-image-3890\" src=\"http:\/\/www2.unifap.br\/ppgcf\/files\/2026\/02\/breno.png\" alt=\"\" width=\"242\" height=\"300\"><\/a><\/p>\n<p><strong>Prof. Dr. Cleydson Breno Rodrigues dos Santos<\/strong><\/p>\n<p>Doutor em Biotecnologia pela Universidade Federal do Amazonas &#8211; UFAM (Rede BIONORTE\/2014).<\/p>\n<p>Linha de Pesquisa:&nbsp;Planejamento Racional de Compostos Bioativos; Qu\u00edmica Medicinal;&nbsp;Qu\u00edmica e Bioqu\u00edmica de Produtos biologicamente ativos;&nbsp;Valida\u00e7\u00e3o qu\u00edmica-farmacol\u00f3gica de f\u00e1rmacos naturais, sint\u00e9ticos e nanoestruturados.<\/p>\n<p>E-mail: breno.unifap@gmail.com \/ breno@unifap.br &nbsp; &nbsp; &nbsp; &nbsp;&nbsp;<a href=\"http:\/\/lattes.cnpq.br\/4851715640991871\">http:\/\/lattes.cnpq.br\/4851715640991871<\/a><\/p>\n<p><a href=\"http:\/\/www2.unifap.br\/ppgcf\/files\/2026\/02\/gabriel.jpg\"><img loading=\"lazy\" decoding=\"async\" class=\"alignnone size-full wp-image-3891\" src=\"http:\/\/www2.unifap.br\/ppgcf\/files\/2026\/02\/gabriel.jpg\" alt=\"\" width=\"197\" height=\"225\"><\/a><\/p>\n<p><strong>Prof. Dr. Gabriel Araujo da Silva<\/strong><\/p>\n<p>Doutor em Desenvolvimento de Medicamentos pela Universidade Federal do Rio Grande do Norte<\/p>\n<p>Linhas de Pesquisa: avalia\u00e7\u00e3o da atividade antioxidante e perfil toxicol\u00f3gico de produtos naturais; Desenvolvimento de novos m\u00e9todos de avalia\u00e7\u00e3o da atividade antioxidante de produtos naturais.<\/p>\n<p>email:&nbsp;prof.gabriel.araujo@gmail.com &nbsp; &nbsp; &nbsp; &nbsp; &nbsp; &nbsp; &nbsp; &nbsp; &nbsp;<a href=\"http:\/\/lattes.cnpq.br\/8633733418545174\">http:\/\/lattes.cnpq.br\/8633733418545174<\/a><\/p>\n<p><a href=\"http:\/\/www2.unifap.br\/ppgcf\/files\/2026\/02\/raimundo.jpg\"><img loading=\"lazy\" decoding=\"async\" class=\"alignnone size-full wp-image-3892\" src=\"http:\/\/www2.unifap.br\/ppgcf\/files\/2026\/02\/raimundo.jpg\" alt=\"\" width=\"225\" height=\"169\"><\/a><\/p>\n<p><strong>Prof. Dr. Raimundo Nonato Pican\u00e7o Souto<\/strong><\/p>\n<p>Doutorado em zoologia pelo Museu Paraense Emilio Goeldi \/Universidade Federal do Par\u00e1.<\/p>\n<p>Linha de pesquisa: culicideos vetores de mal\u00e1ria e de arboviroses e controle por farmacos, controle de mosquitos por farmacos, entomologia forense.<\/p>\n<p>E-mail: rnpsouto@unifap.br \/ nonatoiepa@hotmail.com&nbsp; &nbsp; &nbsp; &nbsp; &nbsp;&nbsp;<a href=\"http:\/\/lattes.cnpq.br\/1661932002902797\">http:\/\/lattes.cnpq.br\/1661932002902797<\/a><\/p>\n<p><a href=\"http:\/\/www2.unifap.br\/ppgcf\/files\/2026\/02\/raphaelle.jpg\"><img loading=\"lazy\" decoding=\"async\" class=\"alignnone size-medium wp-image-3893\" src=\"http:\/\/www2.unifap.br\/ppgcf\/files\/2026\/02\/raphaelle-209x300.jpg\" alt=\"\" width=\"209\" height=\"300\" srcset=\"https:\/\/www2.unifap.br\/ppgcf\/files\/2026\/02\/raphaelle-209x300.jpg 209w, https:\/\/www2.unifap.br\/ppgcf\/files\/2026\/02\/raphaelle.jpg 653w\" sizes=\"(max-width: 209px) 100vw, 209px\" \/><\/a><\/p>\n<p><strong>Profa. Dra. Raphaelle Sousa Borges<\/strong><\/p>\n<p>Doutora em Inova\u00e7\u00e3o Farmac\u00eautica pela Universidade Federal do Amap\u00e1 (UNIFAP).<\/p>\n<p>Linha de Pesquisa: Estudo da Media\u00e7\u00e3o Inflamat\u00f3ria Histopatol\u00f3gica em Zebrafish.<\/p>\n<p>E-mail: raphaellebio@yahoo.com.br \/ raphaelle.borges@unifap.br&nbsp; &nbsp; &nbsp; &nbsp; &nbsp; &nbsp; &nbsp; &nbsp;<a href=\"http:\/\/lattes.cnpq.br\/5967765732055568\">http:\/\/lattes.cnpq.br\/5967765732055568<\/a><\/p>\n<p>&nbsp;<\/p>\n","protected":false},"excerpt":{"rendered":"<p>PROFESSORES PERMANENTES Profa. Dra. Anna Eliza Maciel de Faria Mota Oliveira Doutora em Inova\u00e7\u00e3o Farmac\u00eautica&nbsp;(Programa em Rede &#8211; UNIFAP\/UFG\/UFAM\/UFPA). Linha de Pesquisa: &nbsp;agentes antimicrobianos nanoestruturados de origem natural. E-mail: annaeliza.maciel@gmail.com &nbsp; &nbsp; &nbsp; &nbsp; &nbsp; &nbsp; &nbsp; &nbsp; &nbsp;&nbsp;http:\/\/lattes.cnpq.br\/7761556901260621 Prof.&hellip; <\/p>\n<p><a href=\"https:\/\/www2.unifap.br\/ppgcf\/composicao-do-corpo-docente-2025\/\" class=\"readmore-button\">Continue Reading<\/a><\/p>\n","protected":false},"author":3985,"featured_media":0,"parent":0,"menu_order":0,"comment_status":"closed","ping_status":"closed","template":"","meta":{"inline_featured_image":false,"ngg_post_thumbnail":0,"footnotes":""},"class_list":["post-3914","page","type-page","status-publish","hentry"],"_links":{"self":[{"href":"https:\/\/www2.unifap.br\/ppgcf\/wp-json\/wp\/v2\/pages\/3914","targetHints":{"allow":["GET"]}}],"collection":[{"href":"https:\/\/www2.unifap.br\/ppgcf\/wp-json\/wp\/v2\/pages"}],"about":[{"href":"https:\/\/www2.unifap.br\/ppgcf\/wp-json\/wp\/v2\/types\/page"}],"author":[{"embeddable":true,"href":"https:\/\/www2.unifap.br\/ppgcf\/wp-json\/wp\/v2\/users\/3985"}],"replies":[{"embeddable":true,"href":"https:\/\/www2.unifap.br\/ppgcf\/wp-json\/wp\/v2\/comments?post=3914"}],"version-history":[{"count":1,"href":"https:\/\/www2.unifap.br\/ppgcf\/wp-json\/wp\/v2\/pages\/3914\/revisions"}],"predecessor-version":[{"id":3915,"href":"https:\/\/www2.unifap.br\/ppgcf\/wp-json\/wp\/v2\/pages\/3914\/revisions\/3915"}],"wp:attachment":[{"href":"https:\/\/www2.unifap.br\/ppgcf\/wp-json\/wp\/v2\/media?parent=3914"}],"curies":[{"name":"wp","href":"https:\/\/api.w.org\/{rel}","templated":true}]}}