{"id":444,"date":"2015-01-20T18:33:36","date_gmt":"2015-01-20T18:33:36","guid":{"rendered":"http:\/\/www2.unifap.br\/ppgcf\/?page_id=444"},"modified":"2015-01-20T18:34:19","modified_gmt":"2015-01-20T18:34:19","slug":"objetivos","status":"publish","type":"page","link":"https:\/\/www2.unifap.br\/ppgcf\/apresentacao\/objetivos\/","title":{"rendered":"Objetivos"},"content":{"rendered":"<p style=\"text-align: justify\">O Programa de P\u00f3s-Gradua\u00e7\u00e3o em Ci\u00eancias Farmac\u00eauticas (PPGCF), em n\u00edvel de Mestrado Acad\u00eamico, da Universidade Federal do Amap\u00e1 (UNIFAP), tem por objetivos promover a capacita\u00e7\u00e3o docente, a forma\u00e7\u00e3o de pesquisadores e o aprimoramento t\u00e9cnico-cient\u00edfico de profissionais que exer\u00e7am atividades inerentes \u00e0s ci\u00eancias farmac\u00eauticas, bem como estimular a produ\u00e7\u00e3o de novos conhecimentos nas \u00e1reas de abrang\u00eancia do curso.<\/p>\n<p style=\"text-align: justify\">\n<p style=\"text-align: justify\">&#8211; Tendo como objetivos gerais:<br \/>\na) Formar recursos humanos em n\u00edvel de Mestrado na \u00e1rea de Ci\u00eancias Farmac\u00eauticas;<br \/>\nb) Desenvolver mecanismos organizacionais que possibilitem um relacionamento eficaz com o meio industrial e acad\u00eamico-cient\u00edfico do pa\u00eds, notadamente na \u00e1rea de Ci\u00eancias Farmac\u00eauticas;<br \/>\nc) Estabelecer parcerias entre Universidade e sociedade para a aplica\u00e7\u00e3o dos conhecimentos cient\u00edficos adquiridos na p\u00f3s-gradua\u00e7\u00e3o e transforma\u00e7\u00e3o da realidade;<br \/>\nd) Contribuir para a melhoria do ensino de gradua\u00e7\u00e3o, atrav\u00e9s de uma intera\u00e7\u00e3o efetiva do Programa de P\u00f3s-gradua\u00e7\u00e3o com os Cursos de Gradua\u00e7\u00e3o da UNIFAP;<br \/>\ne) Contribuir para ampliar a produ\u00e7\u00e3o t\u00e9cnico-cient\u00edfica no \u00e2mbito das Ci\u00eancias Farmac\u00eauticas dentro do Estado e da regi\u00e3o amaz\u00f4nica;<br \/>\nf) Ampliar o quadro de oportunidades para profissionais acad\u00eamico-cient\u00edficos dotados de iniciativa pr\u00f3pria, com capacidade cr\u00edtica e alta qualifica\u00e7\u00e3o cient\u00edfica;<br \/>\ng) Desenvolver, atrav\u00e9s das caracter\u00edsticas especiais deste Curso, a interdisciplinaridade dentro da \u00e1rea farmac\u00eautica, como instrumento de crescimento e amadurecimento cient\u00edfico;<br \/>\nh) Promover a iniciativa empreendedora dos recursos humanos, como resultado da qualidade da produ\u00e7\u00e3o t\u00e9cnico-cient\u00edfica.<\/p>\n<p style=\"text-align: justify\">\n<p style=\"text-align: justify\">&#8211; Tendo como objetivos espec\u00edficos:<br \/>\na) Promover a forma\u00e7\u00e3o de recursos humanos especializados na \u00e1rea de pesquisa de subst\u00e2ncias ativas e terap\u00eauticas de fontes naturais (vegetal, animal e microbiana) e sint\u00e9ticas;<br \/>\nb) Desenvolver pesquisas na \u00e1rea de fitoter\u00e1picos, de s\u00edntese de f\u00e1rmacos e de insumos farmac\u00eauticos (vacinas, m\u00e9todos diagn\u00f3sticos e medicamentos);<br \/>\nc) Colaborar para a melhoria da qualidade da sa\u00fade da popula\u00e7\u00e3o, atrav\u00e9s da rigorosa avalia\u00e7\u00e3o dos m\u00e9todos de produ\u00e7\u00e3o e da qualidade dos medicamentos e especialidades farmac\u00eauticas;<br \/>\nd) Realizar pesquisas direcionadas pelo interesse regional no desenvolvimento de terap\u00eauticas para doen\u00e7as tropicais, emergentes e de alta incid\u00eancia no estado.<\/p>\n","protected":false},"excerpt":{"rendered":"<p>O Programa de P\u00f3s-Gradua\u00e7\u00e3o em Ci\u00eancias Farmac\u00eauticas (PPGCF), em n\u00edvel de Mestrado Acad\u00eamico, da Universidade Federal do Amap\u00e1 (UNIFAP), tem por objetivos promover a capacita\u00e7\u00e3o docente, a forma\u00e7\u00e3o de pesquisadores e o aprimoramento t\u00e9cnico-cient\u00edfico de profissionais que exer\u00e7am atividades inerentes&hellip; <\/p>\n<p><a href=\"https:\/\/www2.unifap.br\/ppgcf\/apresentacao\/objetivos\/\" class=\"readmore-button\">Continue Reading<\/a><\/p>\n","protected":false},"author":624,"featured_media":0,"parent":2,"menu_order":4,"comment_status":"open","ping_status":"open","template":"","meta":{"inline_featured_image":false,"ngg_post_thumbnail":0,"footnotes":""},"class_list":["post-444","page","type-page","status-publish","hentry"],"_links":{"self":[{"href":"https:\/\/www2.unifap.br\/ppgcf\/wp-json\/wp\/v2\/pages\/444","targetHints":{"allow":["GET"]}}],"collection":[{"href":"https:\/\/www2.unifap.br\/ppgcf\/wp-json\/wp\/v2\/pages"}],"about":[{"href":"https:\/\/www2.unifap.br\/ppgcf\/wp-json\/wp\/v2\/types\/page"}],"author":[{"embeddable":true,"href":"https:\/\/www2.unifap.br\/ppgcf\/wp-json\/wp\/v2\/users\/624"}],"replies":[{"embeddable":true,"href":"https:\/\/www2.unifap.br\/ppgcf\/wp-json\/wp\/v2\/comments?post=444"}],"version-history":[{"count":3,"href":"https:\/\/www2.unifap.br\/ppgcf\/wp-json\/wp\/v2\/pages\/444\/revisions"}],"predecessor-version":[{"id":447,"href":"https:\/\/www2.unifap.br\/ppgcf\/wp-json\/wp\/v2\/pages\/444\/revisions\/447"}],"up":[{"embeddable":true,"href":"https:\/\/www2.unifap.br\/ppgcf\/wp-json\/wp\/v2\/pages\/2"}],"wp:attachment":[{"href":"https:\/\/www2.unifap.br\/ppgcf\/wp-json\/wp\/v2\/media?parent=444"}],"curies":[{"name":"wp","href":"https:\/\/api.w.org\/{rel}","templated":true}]}}