{"id":448,"date":"2015-01-20T18:37:22","date_gmt":"2015-01-20T18:37:22","guid":{"rendered":"http:\/\/www2.unifap.br\/ppgcf\/?page_id=448"},"modified":"2015-01-20T18:46:44","modified_gmt":"2015-01-20T18:46:44","slug":"perfil-do-egresso","status":"publish","type":"page","link":"https:\/\/www2.unifap.br\/ppgcf\/apresentacao\/perfil-do-egresso\/","title":{"rendered":"Perfil Profissional"},"content":{"rendered":"<p style=\"text-align: justify\">O mestre em Ci\u00eancias Farmac\u00eauticas formado pela UNIFAP dever\u00e1 ser um profissional cr\u00edtico, reflexivo, consciente de seu papel no contexto social e especializado na pesquisa de produtos naturais e sint\u00e9ticos, desenvolvimento de novos f\u00e1rmacos e medicamentos, contribuindo para a autonomia nacional da \u00e1rea farmac\u00eautica. Sua forma\u00e7\u00e3o visa o desenvolvimento de habilidades e compet\u00eancias em:<\/p>\n<p style=\"text-align: justify\">a) Promo\u00e7\u00e3o da Sa\u00fade, atrav\u00e9s da pesquisa e desenvolvimento na \u00e1rea farmac\u00eautica e presta\u00e7\u00e3o de servi\u00e7os, analisando os problemas da sociedade e procurando solu\u00e7\u00e3o para os mesmos;<\/p>\n<p style=\"text-align: justify\">b) Comunica\u00e7\u00e3o, atrav\u00e9s da intera\u00e7\u00e3o com diferentes profissionais, em semin\u00e1rios, elabora\u00e7\u00e3o de publica\u00e7\u00f5es e exposi\u00e7\u00e3o de achados cient\u00edficos em eventos, al\u00e9m da capacita\u00e7\u00e3o para a doc\u00eancia;<\/p>\n<p style=\"text-align: justify\">c) Lideran\u00e7a e tomada de decis\u00f5es, atrav\u00e9s do trabalho em equipe interdisciplinar, do desenvolvimento das disciplinas e projetos de pesquisa e na colabora\u00e7\u00e3o em orienta\u00e7\u00e3o de alunos de inicia\u00e7\u00e3o cient\u00edfica;<\/p>\n<p style=\"text-align: justify\">d) Educa\u00e7\u00e3o permanente para sua constante qualifica\u00e7\u00e3o e capacidade de gerenciar sua forma\u00e7\u00e3o e atua\u00e7\u00e3o profissional.<\/p>\n","protected":false},"excerpt":{"rendered":"<p>O mestre em Ci\u00eancias Farmac\u00eauticas formado pela UNIFAP dever\u00e1 ser um profissional cr\u00edtico, reflexivo, consciente de seu papel no contexto social e especializado na pesquisa de produtos naturais e sint\u00e9ticos, desenvolvimento de novos f\u00e1rmacos e medicamentos, contribuindo para a autonomia&hellip; <\/p>\n<p><a href=\"https:\/\/www2.unifap.br\/ppgcf\/apresentacao\/perfil-do-egresso\/\" class=\"readmore-button\">Continue Reading<\/a><\/p>\n","protected":false},"author":624,"featured_media":0,"parent":2,"menu_order":5,"comment_status":"open","ping_status":"open","template":"","meta":{"inline_featured_image":false,"ngg_post_thumbnail":0,"footnotes":""},"class_list":["post-448","page","type-page","status-publish","hentry"],"_links":{"self":[{"href":"https:\/\/www2.unifap.br\/ppgcf\/wp-json\/wp\/v2\/pages\/448","targetHints":{"allow":["GET"]}}],"collection":[{"href":"https:\/\/www2.unifap.br\/ppgcf\/wp-json\/wp\/v2\/pages"}],"about":[{"href":"https:\/\/www2.unifap.br\/ppgcf\/wp-json\/wp\/v2\/types\/page"}],"author":[{"embeddable":true,"href":"https:\/\/www2.unifap.br\/ppgcf\/wp-json\/wp\/v2\/users\/624"}],"replies":[{"embeddable":true,"href":"https:\/\/www2.unifap.br\/ppgcf\/wp-json\/wp\/v2\/comments?post=448"}],"version-history":[{"count":3,"href":"https:\/\/www2.unifap.br\/ppgcf\/wp-json\/wp\/v2\/pages\/448\/revisions"}],"predecessor-version":[{"id":452,"href":"https:\/\/www2.unifap.br\/ppgcf\/wp-json\/wp\/v2\/pages\/448\/revisions\/452"}],"up":[{"embeddable":true,"href":"https:\/\/www2.unifap.br\/ppgcf\/wp-json\/wp\/v2\/pages\/2"}],"wp:attachment":[{"href":"https:\/\/www2.unifap.br\/ppgcf\/wp-json\/wp\/v2\/media?parent=448"}],"curies":[{"name":"wp","href":"https:\/\/api.w.org\/{rel}","templated":true}]}}