{"id":462,"date":"2015-01-23T20:59:04","date_gmt":"2015-01-23T20:59:04","guid":{"rendered":"http:\/\/www2.unifap.br\/ppgcf\/?page_id=462"},"modified":"2025-01-12T00:37:57","modified_gmt":"2025-01-12T00:37:57","slug":"formularios","status":"publish","type":"page","link":"https:\/\/www2.unifap.br\/ppgcf\/formularios\/","title":{"rendered":"Documentos do PPGCF"},"content":{"rendered":"<h2><strong>Novas normas para elabora\u00e7\u00e3o de Projeto e Disserta\u00e7\u00e3o aprovadas dia 15\/12\/2020 &#8211; obrigat\u00f3rio para as novas turmas a partir de 2020<\/strong><\/h2>\n<p><a href=\"http:\/\/www2.unifap.br\/ppgcf\/files\/2020\/12\/MODELO-PROJETO-2020_corrigido-1.pdf\">MODELO PROJETO 2020_corrigido<\/a><\/p>\n<p><a href=\"http:\/\/www2.unifap.br\/ppgcf\/files\/2020\/12\/Normas_Disserta\u00e7\u00e3o_PROJETO_2020-2.pdf\">Normas_Disserta\u00e7\u00e3o_PROJETO_2020<\/a><\/p>\n<p><a href=\"http:\/\/www2.unifap.br\/ppgcf\/files\/2020\/12\/MODELO-TRADICIONAL_2020_corrigido.pdf\">MODELO TRADICIONAL_2020_corrigido<\/a><\/p>\n<p><a href=\"http:\/\/www2.unifap.br\/ppgcf\/files\/2020\/12\/Normas_Disserta\u00e7\u00e3o_TRADICIONAL_2020-2.pdf\">Normas_Disserta\u00e7\u00e3o_TRADICIONAL_2020<\/a><\/p>\n<p><a href=\"http:\/\/www2.unifap.br\/ppgcf\/files\/2020\/12\/MODELO-ARTIGO_2020_corrigido-2.pdf\">MODELO ARTIGO_2020_corrigido<\/a><\/p>\n<p><a href=\"http:\/\/www2.unifap.br\/ppgcf\/files\/2020\/12\/Normas_Disserta\u00e7\u00e3o_ARTIGO_2020-1.pdf\">Normas_Disserta\u00e7\u00e3o_ARTIGO_2020<\/a><\/p>\n<h2>* as turmas anteriores de 2020 apesar da n\u00e3o obrigatoriedade de seguir as normas aprovadas no dia 15\/12\/2020, entretanto, recomenda-se o uso destas, pelo fato de que os modelos foram atualizados.<\/h2>\n<h2><strong>Normas para elabora\u00e7\u00e3o de Projeto e Disserta\u00e7\u00e3o<\/strong><\/h2>\n<p><a href=\"http:\/\/www2.unifap.br\/ppgcf\/files\/2015\/01\/Normas_Projeto-de-Pesquisa_pos1-2017.pdf\">\u2192 Manual para Elabora\u00e7\u00e3o do Projeto de Pesquisa<\/a>&nbsp;(para exame de qualifica\u00e7\u00e3o)<\/p>\n<p><a href=\"http:\/\/www2.unifap.br\/ppgcf\/files\/2015\/01\/PPGCF-TRABALHO-DE-DISSERTA\u00c7\u00c3O-MODELO-TRADICIONAL_VERSAO2017.docx\">\u2192 Modelo para Trabalho de Disserta\u00e7\u00e3o em Formato Tradicional &#8211; Vers\u00e3o 2017<\/a><\/p>\n<p><a href=\"http:\/\/www2.unifap.br\/ppgcf\/files\/2015\/01\/PPGCF-TRABALHO-DE-DISSERTACAO-MODELO-ARTIGO_VERSAO2017.docx\">\u2192 Modelo para Trabalho de Disserta\u00e7\u00e3o em Formato de Artigo &#8211; Vers\u00e3o 2017<\/a><\/p>\n<p><a href=\"http:\/\/www2.unifap.br\/ppgcf\/files\/2020\/12\/MODELO-TRADICIONAL_2020_corrigido-2-1.pdf\">\u2192 Modelo para Trabalho de Disserta\u00e7\u00e3o em Formato Tradicional &#8211; Vers\u00e3o 2020<\/a><\/p>\n<p><a href=\"http:\/\/www2.unifap.br\/ppgcf\/files\/2020\/12\/Normas_Disserta\u00e7\u00e3o_TRADICIONAL_2020-1.pdf\">&nbsp; &nbsp; Normas para elabora\u00e7\u00e3o da disserta\u00e7\u00e3o_ Modelo Tradicional_2020<\/a><\/p>\n<p><a href=\"http:\/\/www2.unifap.br\/ppgcf\/files\/2020\/12\/MODELO-ARTIGO_2020_corrigido.pdf\">\u2192 Modelo para Trabalho de Disserta\u00e7\u00e3o em Formato Artigo &#8211; Vers\u00e3o 2020<\/a><\/p>\n<p><a href=\"http:\/\/www2.unifap.br\/ppgcf\/files\/2020\/12\/Normas_Disserta\u00e7\u00e3o_ARTIGO_2020.pdf\">Normas para elabora\u00e7\u00e3o da disserta\u00e7\u00e3o_ Modelo Artigo_2020<\/a><\/p>\n<p><a href=\"http:\/\/www2.unifap.br\/ppgcf\/files\/2020\/12\/MODELO-PROJETO-2020_corrigido.pdf\">Modelo para elabora\u00e7\u00e3o do projeto de pesquisa_vers\u00e3o 2020<\/a><\/p>\n<p><a href=\"http:\/\/www2.unifap.br\/ppgcf\/files\/2020\/12\/Normas_Disserta\u00e7\u00e3o_PROJETO_2020-1.pdf\">Normas para elabora\u00e7\u00e3o do projeto de pesquisa_Vers\u00e3o 2020.<\/a><\/p>\n<p>&nbsp;<\/p>\n<h2><strong>Formul\u00e1rios<\/strong><\/h2>\n<p><a href=\"http:\/\/www2.unifap.br\/ppgcf\/files\/2025\/01\/PPGCF_FORMULARIO_AGENDAMENTO_QUALIFICACAO-VERSAO-2025.doc\">\u2192 Formul\u00e1rio de Agendamento de Qualifica\u00e7\u00e3o \u2013 PPGCF (Vers\u00e3o 2025)<\/a><\/p>\n<p><a href=\"http:\/\/www2.unifap.br\/ppgcf\/files\/2025\/01\/PPGCF_FORMULARIO_AGENDAMENTO_DEFESA-VERSAO-2025.doc\">\u2192 Formul\u00e1rio de Agendamento de Defesa \u2013 PPGCF (Vers\u00e3o 2025)<\/a><\/p>\n<p><a href=\"http:\/\/www2.unifap.br\/ppgcf\/files\/2018\/07\/FORMUL\u00c1RIO-DE-MATR\u00cdCULA-PARA-ALUNO-REGULAR-VERSAO-2018.2.doc\">\u2192 Formul\u00e1rio para Matr\u00edcula \u2013 Aluno Regular do PPGCF (Modelo 2018.2)<\/a><\/p>\n<p><a href=\"http:\/\/www2.unifap.br\/ppgcf\/files\/2018\/07\/PPGCF-Modelo_de_relatorio_semestral_VERSAO-2018.doc\">\u2192 Modelo de Relat\u00f3rio Semestral \u2013 PPGCF (Vers\u00e3o 2018)<\/a><\/p>\n<p><a href=\"http:\/\/www2.unifap.br\/ppgcf\/files\/2018\/07\/SOLICITACAO-DE-MATRICULA_ALUNO-ESPECIAL-MODELO-2018-2.doc\">\u2192 Formul\u00e1rio para Matr\u00edcula em Disciplina \u2013 Aluno Especial (Modelo 2018.2)<\/a><\/p>\n<p><a href=\"http:\/\/www2.unifap.br\/ppgcf\/files\/2015\/01\/SOL_PRORROGACAO_DEFESA-PPGCF_MODELO2019.doc\">\u2192 Formul\u00e1rio para Solicitar Prorroga\u00e7\u00e3o de Prazo para Defesa &#8211; PPGCF (Modelo 2019)<\/a><\/p>\n<p><a href=\"http:\/\/www2.unifap.br\/ppgcf\/files\/2015\/01\/SOLICITACAO-DE-MUDANCA-DE-ORIENTADOR_PPGCF-MODELO2018.doc\">\u2192 Formul\u00e1rio para Solicitar Mudan\u00e7a de Orientador \u2013 PPGCF (Vers\u00e3o 2018)<\/a><\/p>\n<p><a href=\"http:\/\/www2.unifap.br\/ppgcf\/files\/2015\/01\/REQUERIMENTO-DE-COORIENTA\u00c7\u00c3O_PPGCF-MODELO2018.doc\">\u2192 Formul\u00e1rio para Homologa\u00e7\u00e3o de Coorienta\u00e7\u00e3o &#8211; PPGCF (Vers\u00e3o 2018)<\/a><\/p>\n<p><a href=\"http:\/\/www2.unifap.br\/ppgcf\/files\/2015\/01\/CADASTRO-DE-PARTICIPANTE-EXTERNO-PPGCF-VERS\u00c3O-2018.docx\">\u2192 Formul\u00e1rio para Cadastro de Participante Externo &#8211; PPGCF (Vers\u00e3o 2018)<\/a><\/p>\n<p><a href=\"http:\/\/www2.unifap.br\/ppgcf\/files\/2019\/03\/PPGCF_Formulario-aproveitamento-de-creditos-em-disciplina-versao-2019.pdf\">\u2192 Formul\u00e1rio para Aproveitamento de Cr\u00e9ditos em Disciplina \u2013 PPGCF (Vers\u00e3o 2019)<\/a><\/p>\n<p><a href=\"http:\/\/www2.unifap.br\/ppgcf\/files\/2021\/03\/Requerimento-Creditos-especiais.doc\">&nbsp; &nbsp; &nbsp;-&gt; Requerimento Creditos especiais<\/a><\/p>\n<p><a href=\"http:\/\/www2.unifap.br\/ppgcf\/files\/2015\/01\/DECLARA\u00c7\u00c3O-DE-EST\u00c1GIO-EM-DOC\u00caNCIA-NA-GRADUA\u00c7\u00c3O-VERS\u00c3O-2018.doc\">\u2192 Declara\u00e7\u00e3o de Est\u00e1gio em Doc\u00eancia na Gradua\u00e7\u00e3o \u2013 PPGCF (Vers\u00e3o 2018)<\/a><\/p>\n<p><a href=\"http:\/\/www2.unifap.br\/ppgcf\/files\/2020\/12\/Relat\u00f3rio-estagio-docencia.doc\">_Relat\u00f3rio de Est\u00e1gio em Doc\u00eancia na Gradua\u00e7\u00e3o (Vers\u00e3o 2020)<\/a><\/p>\n<p><a href=\"http:\/\/www2.unifap.br\/ppgcf\/files\/2015\/01\/Folha-de-Despacho.pdf\">\u2192 Folha para Despacho<\/a><\/p>\n<p><a href=\"http:\/\/www2.unifap.br\/ppgcf\/files\/2015\/01\/DI\u00c1RIAS-E-PASSAGENS-Formul\u00e1rio-de-Solicita\u00e7\u00e3o.doc\">\u2192 Formul\u00e1rio de Solicita\u00e7\u00e3o de Di\u00e1rias\/Aux\u00edlios e Passagens &#8211; PROAP\/CAPES (Vers\u00e3o 2018)<\/a><\/p>\n<p><a href=\"http:\/\/www2.unifap.br\/ppgcf\/files\/2015\/01\/Modelo-Relat\u00f3rio-Presta\u00e7\u00e3o-de-Contas-2018.doc\">\u2192 Modelo de Relat\u00f3rio para Presta\u00e7\u00e3o de Contas (Passagens e\/ou Di\u00e1rias) &#8211; UNIFAP (Vers\u00e3o 2018)<\/a><\/p>\n<p><a href=\"http:\/\/www2.unifap.br\/ppgcf\/files\/2021\/03\/Termos-de-Autorizao-de-Publicao-e-Declarao-de-Autoria.docx\">Termos-de-Autorizao-de-Publicao-e-Declarao-de-Autoria<\/a> (MARCO 2021 &#8211; REPOSITORIO DA BIBLIOTECA CENTRAL &#8211; OBRIGATORIO NA ENTREGA DA DISSERTACAO OU TESE)<\/p>\n<p><strong>VERS\u00d5ES ANTERIORES<\/strong><\/p>\n<p><a href=\"http:\/\/www2.unifap.br\/ppgcf\/files\/2015\/01\/PPGCF-FORMULARIO-SOLICITACAO-DESLIGAMENTO-DO-PROGRAMA-VERSAO2017.doc\">\u2192 Formul\u00e1rio para Solicita\u00e7\u00e3o de Desligamento do Programa (Vers\u00e3o 2017)<\/a><\/p>\n<p><a href=\"http:\/\/www2.unifap.br\/ppgcf\/files\/2015\/01\/DECLARA\u00c7\u00c3O-DE-EST\u00c1GIO-EM-DOC\u00caNCIA-NA-GRADUA\u00c7\u00c3O-VERS\u00c3O-2016.doc\">\u2192&nbsp;Declara\u00e7\u00e3o de Est\u00e1gio em Doc\u00eancia na Gradua\u00e7\u00e3o &#8211; PPGCF (Vers\u00e3o 2016)<\/a><\/p>\n<p><a href=\"http:\/\/www2.unifap.br\/ppgcf\/files\/2015\/01\/RELAT\u00d3RIO-DE-VIAGEM.doc\">\u2192 Relat\u00f3rio de Viagem<\/a><\/p>\n<p><a href=\"http:\/\/www2.unifap.br\/ppgcf\/files\/2015\/01\/Form_agend_qualificacao_PPGCF_MODELO2016.docx\">\u2192 Formul\u00e1rio de Agendamento de Qualifica\u00e7\u00e3o &#8211; PPGCF (Vers\u00e3o 2016)<\/a><\/p>\n<p><a href=\"http:\/\/www2.unifap.br\/ppgcf\/files\/2015\/01\/Form_agend_qualificacao_PPGCF_MODELO2015.docx\">\u2192 Formul\u00e1rio de Agendamento de Qualifica\u00e7\u00e3o &#8211; PPGCF (Vers\u00e3o 2015)<\/a><\/p>\n<p><a href=\"http:\/\/www2.unifap.br\/ppgcf\/files\/2015\/01\/Form_agend_defesa_PPGCF_MODELO-2016.doc\">\u2192 Formul\u00e1rio de Agendamento de Defesa &#8211; PPGCF (Vers\u00e3o 2016)<\/a><\/p>\n<p><a href=\"http:\/\/www2.unifap.br\/ppgcf\/files\/2015\/01\/Form_agend_defesa_PPGCF_MODELO2017.doc\">\u2192 Formul\u00e1rio de Agendamento de Defesa \u2013 PPGCF (Vers\u00e3o 2017)<\/a><\/p>\n<p><a href=\"http:\/\/www2.unifap.br\/ppgcf\/files\/2015\/01\/SOL_PRORROGACAO_DEFESA-PPGCF_MODELO2016.doc\">\u2192 Formul\u00e1rio para Solicitar Prorroga\u00e7\u00e3o de Prazo &#8211; PPGCF (Vers\u00e3o 2016)<\/a><\/p>\n<p><a style=\"line-height: 1.5em\" href=\"http:\/\/www2.unifap.br\/ppgcf\/files\/2015\/01\/FORM-MATRICULA_ALUNO-ESPECIAL-MOD2016.pdf\">\u2192 Formul\u00e1rio de Matr\u00edcula para Aluno Especial &#8211; PPGCF (Vers\u00e3o 2016)<\/a><\/p>\n<p><a href=\"http:\/\/www2.unifap.br\/ppgcf\/files\/2017\/05\/Formul\u00e1rio_de_Matr\u00edcula_Aluno_regular.doc\">\u2192 Formul\u00e1rio para Matr\u00edcula \u2013 Aluno Regular do PPGCF (Modelo 2017.1)<\/a><\/p>\n<p><a href=\"http:\/\/www2.unifap.br\/ppgcf\/files\/2015\/01\/MODELO-RELATORIO-FINAL-DO-CURSO_PPGCF-2016.doc\">\u2192 Relat\u00f3rio de Conclus\u00e3o de Curso &#8211; PPGCF (Vers\u00e3o 2016)<\/a><\/p>\n<p><a href=\"http:\/\/www2.unifap.br\/ppgcf\/files\/2015\/01\/Formulario-de-Solicitacao-de-Diarias_Auxilio-Estudante_e_Passagens-Aereas-PROAP.docx\">\u2192 Formul\u00e1rio de Solicita\u00e7\u00e3o de di\u00e1rias\/aux\u00edlios e Passagens &#8211; PROAP<\/a><\/p>\n<p>&nbsp;<\/p>\n<h3><strong>&#8211; Alunos do PPGCF concluintes (P\u00f3s-Defesa)<\/strong><\/h3>\n<p><a href=\"http:\/\/www2.unifap.br\/ppgcf\/files\/2021\/08\/Solicita\u00e7\u00e3o-de-diploma.png\"><img fetchpriority=\"high\" decoding=\"async\" class=\"alignnone size-medium wp-image-3272\" src=\"http:\/\/www2.unifap.br\/ppgcf\/files\/2021\/08\/Solicita\u00e7\u00e3o-de-diploma-300x225.png\" alt=\"\" width=\"300\" height=\"225\" srcset=\"https:\/\/www2.unifap.br\/ppgcf\/files\/2021\/08\/Solicita\u00e7\u00e3o-de-diploma-300x225.png 300w, https:\/\/www2.unifap.br\/ppgcf\/files\/2021\/08\/Solicita\u00e7\u00e3o-de-diploma-768x576.png 768w, https:\/\/www2.unifap.br\/ppgcf\/files\/2021\/08\/Solicita\u00e7\u00e3o-de-diploma.png 1024w\" sizes=\"(max-width: 300px) 100vw, 300px\" \/><\/a><\/p>\n<p><a href=\"http:\/\/www2.unifap.br\/ppgcf\/files\/2015\/01\/INSTRUCAO-PARA-ENTREGA-DA-DISSERTACAO_VERSAO-2017.pdf\">\u2192 Instru\u00e7\u00f5es para Entrega da Vers\u00e3o Final da Disserta\u00e7\u00e3o &#8211; PPGCF (Vers\u00e3o 2017)<\/a><\/p>\n<p><a href=\"http:\/\/www2.unifap.br\/ppgcf\/files\/2015\/01\/MODELO-PARA-CAPA-DO-CD-2017.doc\">\u2192 Modelo para Capa do CD &#8211; PPGCF (Vers\u00e3o 2017)<\/a><\/p>\n<p><a style=\"line-height: 1.5em\" href=\"http:\/\/www2.unifap.br\/ppgcf\/files\/2015\/01\/Termo-BDTD-UNIFAP.doc\">\u2192 Termo de Autoriza\u00e7\u00e3o para Publica\u00e7\u00e3o de Teses e Disserta\u00e7\u00f5es Eletr\u00f4nicas (TDE) na Biblioteca Digital de Teses e Disserta\u00e7\u00f5es (BDTD)<\/a><\/p>\n<p><a href=\"http:\/\/www2.unifap.br\/ppgcf\/files\/2015\/01\/ENCAMINHAMENTO_DA_VERSAO_FINAL-MOD2017.doc\">\u2192 Encaminhamento da Vers\u00e3o Final da Disserta\u00e7\u00e3o &#8211; PPGCF (Vers\u00e3o 2017)<\/a><\/p>\n<p><a href=\"http:\/\/www2.unifap.br\/ppgcf\/files\/2015\/01\/DECLARA\u00c7\u00c3O-DO-ORIENTADOR-VERS\u00c3O-2017.doc\">\u2192 Declara\u00e7\u00e3o do Orientador atestando viabilidade da disserta\u00e7\u00e3o para divulga\u00e7\u00e3o &#8211; PPGCF (Vers\u00e3o 2017)<\/a><\/p>\n<p><a href=\"http:\/\/www2.unifap.br\/ppgcf\/files\/2015\/01\/FORM_DADOS_CAPES-VERSAO_2017.doc\">\u2192 Formul\u00e1rio de Dados da Disserta\u00e7\u00e3o para CAPES &#8211; PPGCF (Vers\u00e3o 2017)<\/a><\/p>\n<p><a href=\"http:\/\/www2.unifap.br\/ppgcf\/files\/2015\/01\/MODELO-RELATORIO-FINAL-DO-CURSO_PPGCF-2017.doc\">\u2192 Relat\u00f3rio de Conclus\u00e3o de Curso &#8211; PPGCF (Vers\u00e3o 2017)<\/a><\/p>\n<p><a href=\"http:\/\/www2.unifap.br\/ppgcf\/files\/2015\/01\/SOLICITA\u00c7\u00c3O-DE-DIPLOMA-PPGCF-VERS\u00c3O-2017.doc\">\u2192 Solicita\u00e7\u00e3o de Diploma &#8211; PPGCF (Vers\u00e3o 2017)<\/a><\/p>\n<p><span style=\"line-height: 1.5em\">&nbsp;<\/span><\/p>\n<h2><strong>Credenciamento Docente<\/strong><\/h2>\n<p><a href=\"http:\/\/www2.unifap.br\/ppgcf\/files\/2016\/09\/MODELO-DE-CREDENCIAMENTO-DOCENTE-PPGCF-VERSAO-2016.doc\">\u2192 Formul\u00e1rio para Credenciamento Docente &#8211; PPGCF (Vers\u00e3o 2016)<\/a><\/p>\n<p><a href=\"http:\/\/www2.unifap.br\/ppgcf\/files\/2016\/09\/REQUERIMENTO-DE-CREDENCIAMENTO-DE-DOCENTE-v.2.doc\">\u2192 Requerimento de Credenciamento Docente (PPGCF)<\/a><\/p>\n","protected":false},"excerpt":{"rendered":"<p>Novas normas para elabora\u00e7\u00e3o de Projeto e Disserta\u00e7\u00e3o aprovadas dia 15\/12\/2020 &#8211; obrigat\u00f3rio para as novas turmas a partir de 2020 MODELO PROJETO 2020_corrigido Normas_Disserta\u00e7\u00e3o_PROJETO_2020 MODELO TRADICIONAL_2020_corrigido Normas_Disserta\u00e7\u00e3o_TRADICIONAL_2020 MODELO ARTIGO_2020_corrigido Normas_Disserta\u00e7\u00e3o_ARTIGO_2020 * as turmas anteriores de 2020 apesar da n\u00e3o&hellip; <\/p>\n<p><a href=\"https:\/\/www2.unifap.br\/ppgcf\/formularios\/\" class=\"readmore-button\">Continue Reading<\/a><\/p>\n","protected":false},"author":624,"featured_media":0,"parent":0,"menu_order":4,"comment_status":"open","ping_status":"open","template":"","meta":{"inline_featured_image":false,"ngg_post_thumbnail":0,"footnotes":""},"class_list":["post-462","page","type-page","status-publish","hentry"],"_links":{"self":[{"href":"https:\/\/www2.unifap.br\/ppgcf\/wp-json\/wp\/v2\/pages\/462","targetHints":{"allow":["GET"]}}],"collection":[{"href":"https:\/\/www2.unifap.br\/ppgcf\/wp-json\/wp\/v2\/pages"}],"about":[{"href":"https:\/\/www2.unifap.br\/ppgcf\/wp-json\/wp\/v2\/types\/page"}],"author":[{"embeddable":true,"href":"https:\/\/www2.unifap.br\/ppgcf\/wp-json\/wp\/v2\/users\/624"}],"replies":[{"embeddable":true,"href":"https:\/\/www2.unifap.br\/ppgcf\/wp-json\/wp\/v2\/comments?post=462"}],"version-history":[{"count":83,"href":"https:\/\/www2.unifap.br\/ppgcf\/wp-json\/wp\/v2\/pages\/462\/revisions"}],"predecessor-version":[{"id":3628,"href":"https:\/\/www2.unifap.br\/ppgcf\/wp-json\/wp\/v2\/pages\/462\/revisions\/3628"}],"wp:attachment":[{"href":"https:\/\/www2.unifap.br\/ppgcf\/wp-json\/wp\/v2\/media?parent=462"}],"curies":[{"name":"wp","href":"https:\/\/api.w.org\/{rel}","templated":true}]}}