{"id":464,"date":"2015-01-23T21:00:52","date_gmt":"2015-01-23T21:00:52","guid":{"rendered":"http:\/\/www2.unifap.br\/ppgcf\/?page_id=464"},"modified":"2016-03-17T19:39:41","modified_gmt":"2016-03-17T19:39:41","slug":"ofertas-2015-1","status":"publish","type":"page","link":"https:\/\/www2.unifap.br\/ppgcf\/ofertas-de-disciplinas\/ofertas-2015-1\/","title":{"rendered":"Ofertas 2015.1"},"content":{"rendered":"<p>CALEND\u00c1RIO DE DISCIPLINAS (1\u00ba SEMESTRE \/ FEVEREIRO-JUNHO\/2015)<\/p>\n<p>\u2192 Cronograma de Aulas <a href=\"http:\/\/www2.unifap.br\/ppgcf\/disciplinas-do-ppgcf\/ofertas-2015-1\/cronograma-de-aulas-2015-1\/\">[aqui]<\/a>\u00a0ou\u00a0<a href=\"http:\/\/www2.unifap.br\/ppgcf\/files\/2015\/01\/2015-1_CRONOGRAMA-DE-AULAS2.pdf\">[aqui]<\/a>.<\/p>\n<table width=\"1021\" border=\"1\" cellspacing=\"0\" cellpadding=\"0\">\n<tbody>\n<tr>\n<td width=\"47\">\n<p align=\"center\"><b>M\u00caS<\/b><\/p>\n<\/td>\n<td width=\"142\">\n<p align=\"center\"><b>PER\u00cdODO<\/b><\/p>\n<\/td>\n<td width=\"435\">\n<p align=\"center\"><b>DISCIPLINA<\/b><\/p>\n<\/td>\n<td width=\"294\">\n<p align=\"center\"><b>DOCENTE<\/b><\/p>\n<\/td>\n<td width=\"56\">\n<p align=\"center\"><b>CH<\/b><\/p>\n<\/td>\n<td width=\"46\">\n<p align=\"center\"><b>Crd.<\/b><\/p>\n<\/td>\n<\/tr>\n<tr>\n<td rowspan=\"2\" width=\"47\">\n<p align=\"center\">Fevereiro<\/p>\n<\/td>\n<td width=\"142\">\n<p align=\"center\">02 \u00e0 11<\/p>\n<p align=\"center\">(Turnos: Manh\u00e3 e Tarde)<\/p>\n<\/td>\n<td width=\"435\">Qu\u00edmica dos Produtos Naturais<\/td>\n<td width=\"294\">Dr. Jos\u00e9 Carlos Tavares Cavalcante<\/td>\n<td width=\"56\">\n<p align=\"center\">45<\/p>\n<\/td>\n<td width=\"46\">\n<p align=\"center\">3<\/p>\n<\/td>\n<\/tr>\n<tr>\n<td width=\"142\">\n<p align=\"center\">25, 26 e 27<\/p>\n<p align=\"center\">(Turno: Tarde)<\/p>\n<\/td>\n<td width=\"435\">Gen\u00e9tica Toxicol\u00f3gica<\/td>\n<td width=\"294\">Dr. Moacir de Azevedo Bentes Monteiro Neto<\/td>\n<td width=\"56\">\n<p align=\"center\">15<\/p>\n<\/td>\n<td width=\"46\">\n<p align=\"center\">1<\/p>\n<\/td>\n<\/tr>\n<tr>\n<td width=\"47\">\n<p align=\"center\">Mar\u00e7o \/ Abril \/ Maio<\/p>\n<\/td>\n<td width=\"142\">\n<p align=\"center\">26\/03<\/p>\n<p align=\"center\">02, 09, 16 e 23\/04<\/p>\n<p align=\"center\">\u00a0(Turno: Tarde)<\/p>\n<p align=\"center\">28\/05<\/p>\n<p align=\"center\">(Turno: Manh\u00e3)<\/p>\n<\/td>\n<td width=\"435\">Metodologia Cient\u00edfica<\/td>\n<td width=\"294\">Dra. Lorane Izabel da Silva Hage Melim<\/td>\n<td width=\"56\">\n<p align=\"center\">30<\/p>\n<\/td>\n<td width=\"46\">\n<p align=\"center\">2<\/p>\n<\/td>\n<\/tr>\n<tr>\n<td rowspan=\"2\" width=\"47\">\n<p align=\"center\">Abril \/ Maio<\/p>\n<\/td>\n<td width=\"142\">\n<p align=\"center\">08, 15, 22 e 29\/04<\/p>\n<p align=\"center\">06, 12, 19 e 26\/05<\/p>\n<p align=\"center\">(Turno: Tarde)<\/p>\n<\/td>\n<td width=\"435\">Mutagenicidade de F\u00e1rmacos<\/td>\n<td width=\"294\">Dr. Moacir de Azevedo Bentes Monteiro Neto<\/td>\n<td width=\"56\">\n<p align=\"center\">30<\/p>\n<\/td>\n<td width=\"46\">\n<p align=\"center\">2<\/p>\n<\/td>\n<\/tr>\n<tr>\n<td width=\"142\">\n<p align=\"center\">27, 28 e 30\/04<\/p>\n<p align=\"center\">05 e 08\/05<\/p>\n<p align=\"center\">(Turnos: Manh\u00e3 e Tarde)<\/p>\n<\/td>\n<td width=\"435\">Desenvolvimento de F\u00e1rmacos e Medicamentos<\/td>\n<td width=\"294\">Dr. Jesus Rafael Rodr\u00edguez Amado<\/td>\n<td width=\"56\">\n<p align=\"center\">45<\/p>\n<\/td>\n<td width=\"46\">\n<p align=\"center\">3<\/p>\n<\/td>\n<\/tr>\n<tr>\n<td width=\"47\">\n<p align=\"center\">Maio<\/p>\n<\/td>\n<td width=\"142\">\n<p align=\"center\">06, 07, 13, 14, 20, 21 e 27<\/p>\n<p align=\"center\">(Turno: Manh\u00e3)<\/p>\n<\/td>\n<td width=\"435\">Mecanismo de A\u00e7\u00e3o de Drogas Antimicrobianas<\/td>\n<td width=\"294\">Dra. Alessandra Azevedo Nascimento de Medeiros<\/td>\n<td width=\"56\">\n<p align=\"center\">30<\/p>\n<\/td>\n<td width=\"46\">\n<p align=\"center\">2<\/p>\n<\/td>\n<\/tr>\n<tr>\n<td width=\"47\">\n<p align=\"center\">Maio \/ Junho<\/p>\n<\/td>\n<td width=\"142\">\n<p align=\"center\">13, 14, 20, 21, 27, 28\/05 e 10, 11\/06<\/p>\n<p align=\"center\">(Turno: Tarde)<\/p>\n<\/td>\n<td width=\"435\">Metodologia para Avalia\u00e7\u00e3o da Citotoxicidade de F\u00e1rmacos<\/td>\n<td width=\"294\">Dr. Madson Ralide Fonseca Gomes<\/td>\n<td width=\"56\">\n<p align=\"center\">30<\/p>\n<\/td>\n<td width=\"46\">\n<p align=\"center\">2<\/p>\n<\/td>\n<\/tr>\n<tr>\n<td rowspan=\"3\" width=\"47\">\n<p align=\"center\">Junho<\/p>\n<\/td>\n<td width=\"142\">\n<p align=\"center\">01 \u00e0 15<\/p>\n<p align=\"center\">(Turnos: Tarde e Noite)<\/p>\n<\/td>\n<td width=\"435\">Metodologia do Ensino Superior<\/td>\n<td width=\"294\">Dra. Leia do Socorro Rodrigues Feio<\/td>\n<td width=\"56\">\n<p align=\"center\">60<\/p>\n<\/td>\n<td width=\"46\">\n<p align=\"center\">4<\/p>\n<\/td>\n<\/tr>\n<tr>\n<td width=\"142\">\n<p align=\"center\">12 \u00e0 19<\/p>\n<p align=\"center\">(Turno: Tarde)<\/p>\n<\/td>\n<td width=\"435\">Semin\u00e1rio em Ci\u00eancias Farmac\u00eauticas I<\/td>\n<td width=\"294\">Dr. Raimundo Nonato Pican\u00e7o Souto<\/td>\n<td width=\"56\">\n<p align=\"center\">30<\/p>\n<\/td>\n<td width=\"46\">\n<p align=\"center\">2<\/p>\n<\/td>\n<\/tr>\n<tr>\n<td width=\"142\">\n<p align=\"center\">22 \u00e0 30<\/p>\n<p align=\"center\">(Turno: Tarde)<\/p>\n<\/td>\n<td width=\"435\">Valida\u00e7\u00e3o Pr\u00e9-Cl\u00ednica de Anti-inflamat\u00f3rios e Analg\u00e9sicos<\/td>\n<td width=\"294\">Dr. Jos\u00e9 Carlos Tavares Cavalcante<\/td>\n<td width=\"56\">\n<p align=\"center\">30<\/p>\n<\/td>\n<td width=\"46\">\n<p align=\"center\">2<\/p>\n<\/td>\n<\/tr>\n<\/tbody>\n<\/table>\n<p>&nbsp;<\/p>\n<p><b>Feriados previstos para o per\u00edodo:<\/b><\/p>\n<p>&#8211; 04\/02 (Anivers\u00e1rio de Macap\u00e1);<\/p>\n<p>&#8211; 17\/02 (Carnaval);<\/p>\n<p>&#8211; 19\/03 (Dia de S\u00e3o Jos\u00e9);<\/p>\n<p>&#8211; 03\/04 (Sexta Feira Santa);<\/p>\n<p>&#8211; 21\/04 (Tiradentes);<\/p>\n<p>&#8211; 01\/05 (Dia do Trabalho);<\/p>\n<p>&#8211; 04\/06 (Corpus Christi).<\/p>\n","protected":false},"excerpt":{"rendered":"<p>CALEND\u00c1RIO DE DISCIPLINAS (1\u00ba SEMESTRE \/ FEVEREIRO-JUNHO\/2015) \u2192 Cronograma de Aulas [aqui]\u00a0ou\u00a0[aqui]. M\u00caS PER\u00cdODO DISCIPLINA DOCENTE CH Crd. Fevereiro 02 \u00e0 11 (Turnos: Manh\u00e3 e Tarde) Qu\u00edmica dos Produtos Naturais Dr. Jos\u00e9 Carlos Tavares Cavalcante 45 3 25, 26 e&hellip; <\/p>\n<p><a href=\"https:\/\/www2.unifap.br\/ppgcf\/ofertas-de-disciplinas\/ofertas-2015-1\/\" class=\"readmore-button\">Continue Reading<\/a><\/p>\n","protected":false},"author":624,"featured_media":0,"parent":1199,"menu_order":1,"comment_status":"open","ping_status":"open","template":"","meta":{"inline_featured_image":false,"ngg_post_thumbnail":0,"footnotes":""},"class_list":["post-464","page","type-page","status-publish","hentry"],"_links":{"self":[{"href":"https:\/\/www2.unifap.br\/ppgcf\/wp-json\/wp\/v2\/pages\/464","targetHints":{"allow":["GET"]}}],"collection":[{"href":"https:\/\/www2.unifap.br\/ppgcf\/wp-json\/wp\/v2\/pages"}],"about":[{"href":"https:\/\/www2.unifap.br\/ppgcf\/wp-json\/wp\/v2\/types\/page"}],"author":[{"embeddable":true,"href":"https:\/\/www2.unifap.br\/ppgcf\/wp-json\/wp\/v2\/users\/624"}],"replies":[{"embeddable":true,"href":"https:\/\/www2.unifap.br\/ppgcf\/wp-json\/wp\/v2\/comments?post=464"}],"version-history":[{"count":34,"href":"https:\/\/www2.unifap.br\/ppgcf\/wp-json\/wp\/v2\/pages\/464\/revisions"}],"predecessor-version":[{"id":910,"href":"https:\/\/www2.unifap.br\/ppgcf\/wp-json\/wp\/v2\/pages\/464\/revisions\/910"}],"up":[{"embeddable":true,"href":"https:\/\/www2.unifap.br\/ppgcf\/wp-json\/wp\/v2\/pages\/1199"}],"wp:attachment":[{"href":"https:\/\/www2.unifap.br\/ppgcf\/wp-json\/wp\/v2\/media?parent=464"}],"curies":[{"name":"wp","href":"https:\/\/api.w.org\/{rel}","templated":true}]}}