{"id":49,"date":"2012-06-08T00:20:51","date_gmt":"2012-06-08T00:20:51","guid":{"rendered":"http:\/\/www2.unifap.br\/ppgcf\/?page_id=49"},"modified":"2016-04-20T15:27:12","modified_gmt":"2016-04-20T15:27:12","slug":"matriz-do-ppgcf-1","status":"publish","type":"page","link":"https:\/\/www2.unifap.br\/ppgcf\/matriz-curricular\/matriz-do-ppgcf-1\/","title":{"rendered":"Matriz Curricular 2013 &#8211; 2015"},"content":{"rendered":"<p>&nbsp;<\/p>\n<table border=\"1\" cellspacing=\"0\" cellpadding=\"0\">\n<tbody>\n<tr>\n<td width=\"470\"><b>Disciplinas Obrigat\u00f3rias<\/b><\/td>\n<td width=\"57\">\n<p align=\"center\"><b>CH<\/b><\/p>\n<\/td>\n<td width=\"49\">\n<p align=\"center\"><b>Crd.<\/b><\/p>\n<\/td>\n<\/tr>\n<tr>\n<td width=\"470\">Est\u00e1gio de Doc\u00eancia na Gradua\u00e7\u00e3o<\/td>\n<td width=\"57\">\n<p align=\"center\">30<\/p>\n<\/td>\n<td width=\"49\">\n<p align=\"center\">2<\/p>\n<\/td>\n<\/tr>\n<tr>\n<td width=\"470\">Metodologia do Ensino Superior<\/td>\n<td width=\"57\">\n<p align=\"center\">60<\/p>\n<\/td>\n<td width=\"49\">\n<p align=\"center\">4<\/p>\n<\/td>\n<\/tr>\n<tr>\n<td width=\"470\">M\u00e9todos Estat\u00edsticos Aplicados aos Ensaios Biol\u00f3gicos<\/td>\n<td width=\"57\">\n<p align=\"center\">60<\/p>\n<\/td>\n<td width=\"49\">\n<p align=\"center\">4<\/p>\n<\/td>\n<\/tr>\n<tr>\n<td width=\"470\">Semin\u00e1rio em Ci\u00eancias Farmac\u00eauticas I<\/td>\n<td width=\"57\">\n<p align=\"center\">30<\/p>\n<\/td>\n<td width=\"49\">\n<p align=\"center\">2<\/p>\n<\/td>\n<\/tr>\n<tr>\n<td width=\"470\">Semin\u00e1rios em Ci\u00eancias Farmac\u00eauticas II<\/td>\n<td width=\"57\">\n<p align=\"center\">30<\/p>\n<\/td>\n<td width=\"49\">\n<p align=\"center\">2<\/p>\n<\/td>\n<\/tr>\n<tr>\n<td width=\"470\"><\/td>\n<td width=\"57\"><\/td>\n<td width=\"49\"><\/td>\n<\/tr>\n<tr>\n<td width=\"470\"><b>Disciplinas Optativas<\/b><\/td>\n<td width=\"57\">\n<p align=\"center\"><b>CH<\/b><\/p>\n<\/td>\n<td width=\"49\">\n<p align=\"center\"><b>Crd.<\/b><\/p>\n<\/td>\n<\/tr>\n<tr>\n<td width=\"470\">T\u00f3picos Especiais em F\u00e1rmacos e Medicamentos<\/td>\n<td width=\"57\">\n<p align=\"center\">30<\/p>\n<\/td>\n<td width=\"49\">\n<p align=\"center\">2<\/p>\n<\/td>\n<\/tr>\n<tr>\n<td width=\"470\">Cl\u00ednica e Aten\u00e7\u00e3o M\u00e9dico-Farmac\u00eautica<\/td>\n<td width=\"57\">\n<p align=\"center\">75<\/p>\n<\/td>\n<td width=\"49\">\n<p align=\"center\">5<\/p>\n<\/td>\n<\/tr>\n<tr>\n<td width=\"470\">Desenvolvimento de F\u00e1rmacos e Medicamentos<\/td>\n<td width=\"57\">\n<p align=\"center\">45<\/p>\n<\/td>\n<td width=\"49\">\n<p align=\"center\">3<\/p>\n<\/td>\n<\/tr>\n<tr>\n<td width=\"470\">Desenvolvimento e Valida\u00e7\u00e3o Fitoter\u00e1picos<\/td>\n<td width=\"57\">\n<p align=\"center\">30<\/p>\n<\/td>\n<td width=\"49\">\n<p align=\"center\">2<\/p>\n<\/td>\n<\/tr>\n<tr>\n<td width=\"470\">Desenvolvimento em Processos Fermentativos<\/td>\n<td width=\"57\">\n<p align=\"center\">30<\/p>\n<\/td>\n<td width=\"49\">\n<p align=\"center\">2<\/p>\n<\/td>\n<\/tr>\n<tr>\n<td width=\"470\"><\/td>\n<td width=\"57\"><\/td>\n<td width=\"49\"><\/td>\n<\/tr>\n<tr>\n<td width=\"470\">Estudos <em>In vitro<\/em>\u00a0da A\u00e7\u00e3o de F\u00e1rmacos em Sistemas Eucari\u00f3ticos<\/td>\n<td width=\"57\">\n<p align=\"center\">30<\/p>\n<\/td>\n<td width=\"49\">\n<p align=\"center\">2<\/p>\n<\/td>\n<\/tr>\n<tr>\n<td width=\"470\">Estudos avan\u00e7ados de pol\u00edmeros de aplica\u00e7\u00e3o farmac\u00eautica<\/td>\n<td width=\"57\">\n<p align=\"center\">45<\/p>\n<\/td>\n<td width=\"49\">\n<p align=\"center\">3<\/p>\n<\/td>\n<\/tr>\n<tr>\n<td width=\"470\">Estudos de Prebi\u00f3ticos e Probi\u00f3ticos<\/td>\n<td width=\"57\">\n<p align=\"center\">30<\/p>\n<\/td>\n<td width=\"49\">\n<p align=\"center\">2<\/p>\n<\/td>\n<\/tr>\n<tr>\n<td width=\"470\">Farmacoepidemiologia de Antibi\u00f3ticos<\/td>\n<td width=\"57\">\n<p align=\"center\">30<\/p>\n<\/td>\n<td width=\"49\">\n<p align=\"center\">2<\/p>\n<\/td>\n<\/tr>\n<tr>\n<td width=\"470\">For\u00e7as Intermoleculares e Superficiais Aplicadas a F\u00e1rmacos<\/td>\n<td width=\"57\">\n<p align=\"center\">30<\/p>\n<\/td>\n<td width=\"49\">\n<p align=\"center\">2<\/p>\n<\/td>\n<\/tr>\n<tr>\n<td width=\"470\">Gen\u00e9tica Toxicol\u00f3gica<\/td>\n<td width=\"57\">\n<p align=\"center\">15<\/p>\n<\/td>\n<td width=\"49\">\n<p align=\"center\">1<\/p>\n<\/td>\n<\/tr>\n<tr>\n<td width=\"470\">Introdu\u00e7\u00e3o \u00e0 Qu\u00edmica Medicinal dos Nanof\u00e1rmacos e Bioinorg\u00e2nicos<\/td>\n<td width=\"57\">\n<p align=\"center\">30<\/p>\n<\/td>\n<td width=\"49\">\n<p align=\"center\">2<\/p>\n<\/td>\n<\/tr>\n<tr>\n<td width=\"470\">Mecanismo de A\u00e7\u00e3o de Drogas Antimicrobianas<\/td>\n<td width=\"57\">\n<p align=\"center\">30<\/p>\n<\/td>\n<td width=\"49\">\n<p align=\"center\">2<\/p>\n<\/td>\n<\/tr>\n<tr>\n<td width=\"470\">Metodologia Cient\u00edfica<\/td>\n<td width=\"57\">\n<p align=\"center\">30<\/p>\n<\/td>\n<td width=\"49\">\n<p align=\"center\">2<\/p>\n<\/td>\n<\/tr>\n<tr>\n<td width=\"470\">Metodologias para Avalia\u00e7\u00e3o da Citotoxicidade de F\u00e1rmacos<\/td>\n<td width=\"57\">\n<p align=\"center\">30<\/p>\n<\/td>\n<td width=\"49\">\n<p align=\"center\">2<\/p>\n<\/td>\n<\/tr>\n<tr>\n<td width=\"470\">M\u00e9todos Espectrosc\u00f3pios Aplicados \u00e0 An\u00e1lise F\u00e1rmacos<\/td>\n<td width=\"57\">\n<p align=\"center\">30<\/p>\n<\/td>\n<td width=\"49\">\n<p align=\"center\">2<\/p>\n<\/td>\n<\/tr>\n<tr>\n<td width=\"470\">Microscopia de For\u00e7a At\u00f4mica e T\u00e9cnicas Correlatas<\/td>\n<td width=\"57\">\n<p align=\"center\">30<\/p>\n<\/td>\n<td width=\"49\">\n<p align=\"center\">2<\/p>\n<\/td>\n<\/tr>\n<tr>\n<td width=\"470\">Modelagem Computacional de Sistemas Nanoestruturados \u2013 Predi\u00e7\u00e3o de Propriedades F\u00edsico-Qu\u00edmicas<\/td>\n<td width=\"57\">\n<p align=\"center\">30<\/p>\n<\/td>\n<td width=\"49\">\n<p align=\"center\">2<\/p>\n<\/td>\n<\/tr>\n<tr>\n<td width=\"470\">Morfometria e Estereologia<\/td>\n<td width=\"57\">\n<p align=\"center\">30<\/p>\n<\/td>\n<td width=\"49\">\n<p align=\"center\">2<\/p>\n<\/td>\n<\/tr>\n<tr>\n<td width=\"470\">Mutagenicidade de F\u00e1rmacos<\/td>\n<td width=\"57\">\n<p align=\"center\">30<\/p>\n<\/td>\n<td width=\"49\">\n<p align=\"center\">2<\/p>\n<\/td>\n<\/tr>\n<tr>\n<td width=\"470\">Nanotecnologia Aplicada a F\u00e1rmacos<\/td>\n<td width=\"57\">\n<p align=\"center\">45<\/p>\n<\/td>\n<td width=\"49\">\n<p align=\"center\">3<\/p>\n<\/td>\n<\/tr>\n<tr>\n<td width=\"470\">Processamento e Analise de Imagens Digitais em Materiais<\/td>\n<td width=\"57\">\n<p align=\"center\">45<\/p>\n<\/td>\n<td width=\"49\">\n<p align=\"center\">3<\/p>\n<\/td>\n<\/tr>\n<tr>\n<td width=\"470\">Qu\u00edmica dos Produtos Naturais<\/td>\n<td width=\"57\">\n<p align=\"center\">45<\/p>\n<\/td>\n<td width=\"49\">\n<p align=\"center\">3<\/p>\n<\/td>\n<\/tr>\n<tr>\n<td width=\"470\">Valida\u00e7\u00e3o Pr\u00e9-cl\u00ednica de Antiinflamat\u00f3rios e Analg\u00e9sicos<\/td>\n<td width=\"57\">\n<p align=\"center\">30<\/p>\n<\/td>\n<td width=\"49\">\n<p align=\"center\">2<\/p>\n<\/td>\n<\/tr>\n<\/tbody>\n<\/table>\n<p>&nbsp;<\/p>\n<p>Obs.: Turmas que ingressaram at\u00e9 o ano de 2015 utilizam esta matriz.<\/p>\n","protected":false},"excerpt":{"rendered":"<p>&nbsp; Disciplinas Obrigat\u00f3rias CH Crd. Est\u00e1gio de Doc\u00eancia na Gradua\u00e7\u00e3o 30 2 Metodologia do Ensino Superior 60 4 M\u00e9todos Estat\u00edsticos Aplicados aos Ensaios Biol\u00f3gicos 60 4 Semin\u00e1rio em Ci\u00eancias Farmac\u00eauticas I 30 2 Semin\u00e1rios em Ci\u00eancias Farmac\u00eauticas II 30 2&hellip; <\/p>\n<p><a href=\"https:\/\/www2.unifap.br\/ppgcf\/matriz-curricular\/matriz-do-ppgcf-1\/\" class=\"readmore-button\">Continue Reading<\/a><\/p>\n","protected":false},"author":112,"featured_media":0,"parent":1195,"menu_order":1,"comment_status":"open","ping_status":"open","template":"","meta":{"inline_featured_image":false,"ngg_post_thumbnail":0,"footnotes":""},"class_list":["post-49","page","type-page","status-publish","hentry"],"_links":{"self":[{"href":"https:\/\/www2.unifap.br\/ppgcf\/wp-json\/wp\/v2\/pages\/49","targetHints":{"allow":["GET"]}}],"collection":[{"href":"https:\/\/www2.unifap.br\/ppgcf\/wp-json\/wp\/v2\/pages"}],"about":[{"href":"https:\/\/www2.unifap.br\/ppgcf\/wp-json\/wp\/v2\/types\/page"}],"author":[{"embeddable":true,"href":"https:\/\/www2.unifap.br\/ppgcf\/wp-json\/wp\/v2\/users\/112"}],"replies":[{"embeddable":true,"href":"https:\/\/www2.unifap.br\/ppgcf\/wp-json\/wp\/v2\/comments?post=49"}],"version-history":[{"count":13,"href":"https:\/\/www2.unifap.br\/ppgcf\/wp-json\/wp\/v2\/pages\/49\/revisions"}],"predecessor-version":[{"id":1254,"href":"https:\/\/www2.unifap.br\/ppgcf\/wp-json\/wp\/v2\/pages\/49\/revisions\/1254"}],"up":[{"embeddable":true,"href":"https:\/\/www2.unifap.br\/ppgcf\/wp-json\/wp\/v2\/pages\/1195"}],"wp:attachment":[{"href":"https:\/\/www2.unifap.br\/ppgcf\/wp-json\/wp\/v2\/media?parent=49"}],"curies":[{"name":"wp","href":"https:\/\/api.w.org\/{rel}","templated":true}]}}