{"id":568,"date":"2015-03-06T18:59:57","date_gmt":"2015-03-06T18:59:57","guid":{"rendered":"http:\/\/www2.unifap.br\/ppgcf\/?page_id=568"},"modified":"2015-03-11T20:38:12","modified_gmt":"2015-03-11T20:38:12","slug":"processo-seletivo-ds-2015","status":"publish","type":"page","link":"https:\/\/www2.unifap.br\/ppgcf\/processos-seletivos\/processo-seletivo-ds-2015\/","title":{"rendered":"Processo Seletivo Demanda Social 2015"},"content":{"rendered":"<p>O Programa de P\u00f3s-Gradua\u00e7\u00e3o em Ci\u00eancias Farmac\u00eauticas \u2013 PPGCF torna p\u00fablico a abertura de inscri\u00e7\u00f5es e estabelece as normas para o processo de sele\u00e7\u00e3o interno de mestrandos interessados em preencher vagas para bolsas Demanda Social \u2013 CAPES.<\/p>\n<p>&nbsp;<\/p>\n<p>Per\u00edodo de inscri\u00e7\u00e3o: 04 e 05 de Mar\u00e7o de 2015, 14h00 \u00e0s 18h00.<\/p>\n<p>&nbsp;<\/p>\n<p>\u2192\u00a0<a href=\"http:\/\/www2.unifap.br\/ppgcf\/files\/2015\/02\/Edital-03-2015_Bolsas_DS_PPGCF.pdf\">Edital N\u00ba 03\/2015 \u2013 Processo Seletivo Interno para Concess\u00e3o de Bolsas CAPES (PPGCF)<\/a><\/p>\n<p>\u2192\u00a0<a href=\"http:\/\/www2.unifap.br\/ppgcf\/files\/2015\/02\/Edital-Bolsas-DS-PPGCF-Anexo-I.pdf\">Edital N\u00ba 03\/2015 &#8211; <\/a><a href=\"http:\/\/www2.unifap.br\/ppgcf\/files\/2015\/02\/Edital-Bolsas-DS-PPGCF-Anexo-I.pdf\">Anexo I<\/a><a href=\"http:\/\/www2.unifap.br\/ppgcf\/files\/2015\/02\/Edital-Bolsas-DS-PPGCF-Anexo-I.pdf\"><br \/>\n<\/a><\/p>\n<p>\u2192\u00a0<a href=\"http:\/\/www2.unifap.br\/ppgcf\/files\/2015\/03\/EDITAL-03-2015_PPGCF_BOLSAS_DS_RESULTADO-PRELIMINAR.pdf\">Resultado Preliminar \u2013 Processo Seletivo Interno para Concess\u00e3o de Bolsas CAPES (PPGCF)<\/a><\/p>\n<p>\u2192\u00a0<a href=\"http:\/\/www2.unifap.br\/ppgcf\/files\/2015\/03\/EDITAL-N-03_2015-PPGCF-BOLSAS-DEMANDA-SOCIAL-RESULTADO-FINAL.pdf\">Resultado Final \u2013 Processo Seletivo Interno para Concess\u00e3o de Bolsas CAPES (PPGCF)<\/a><\/p>\n<p>&nbsp;<\/p>\n<p><strong>&#8211; Para concess\u00e3o da bolsa dever\u00e3o ser entregues na Coordena\u00e7\u00e3o do Programa no dia 10\/03\/2015 (Ter\u00e7a-Feira) de 08h00 \u00e0s 12h00 os seguintes documentos:<\/strong><\/p>\n<p>1) C\u00f3pia e original do RG;<\/p>\n<p>2) C\u00f3pia e original do CPF;<\/p>\n<p>3) C\u00f3pia e original do Comprovante de Resid\u00eancia;<\/p>\n<p>4) Declara\u00e7\u00e3o que n\u00e3o possui v\u00ednculo empregat\u00edcio;<\/p>\n<p>5)\u00a0C\u00f3pia do cart\u00e3o banc\u00e1rio, n\u00famero da conta e ag\u00eancia banc\u00e1ria (somente Banco do Brasil);<\/p>\n<p>6) Termo de Compromisso devidamente preenchido (<a href=\"http:\/\/www2.unifap.br\/ppgcf\/files\/2015\/03\/TERMO-DE-COMPROMISSO.docx\">dispon\u00edvel aqui<\/a>).<\/p>\n","protected":false},"excerpt":{"rendered":"<p>O Programa de P\u00f3s-Gradua\u00e7\u00e3o em Ci\u00eancias Farmac\u00eauticas \u2013 PPGCF torna p\u00fablico a abertura de inscri\u00e7\u00f5es e estabelece as normas para o processo de sele\u00e7\u00e3o interno de mestrandos interessados em preencher vagas para bolsas Demanda Social \u2013 CAPES. &nbsp; Per\u00edodo de&hellip; <\/p>\n<p><a href=\"https:\/\/www2.unifap.br\/ppgcf\/processos-seletivos\/processo-seletivo-ds-2015\/\" class=\"readmore-button\">Continue Reading<\/a><\/p>\n","protected":false},"author":624,"featured_media":0,"parent":268,"menu_order":2,"comment_status":"open","ping_status":"open","template":"","meta":{"inline_featured_image":false,"ngg_post_thumbnail":0,"footnotes":""},"class_list":["post-568","page","type-page","status-publish","hentry"],"_links":{"self":[{"href":"https:\/\/www2.unifap.br\/ppgcf\/wp-json\/wp\/v2\/pages\/568","targetHints":{"allow":["GET"]}}],"collection":[{"href":"https:\/\/www2.unifap.br\/ppgcf\/wp-json\/wp\/v2\/pages"}],"about":[{"href":"https:\/\/www2.unifap.br\/ppgcf\/wp-json\/wp\/v2\/types\/page"}],"author":[{"embeddable":true,"href":"https:\/\/www2.unifap.br\/ppgcf\/wp-json\/wp\/v2\/users\/624"}],"replies":[{"embeddable":true,"href":"https:\/\/www2.unifap.br\/ppgcf\/wp-json\/wp\/v2\/comments?post=568"}],"version-history":[{"count":10,"href":"https:\/\/www2.unifap.br\/ppgcf\/wp-json\/wp\/v2\/pages\/568\/revisions"}],"predecessor-version":[{"id":594,"href":"https:\/\/www2.unifap.br\/ppgcf\/wp-json\/wp\/v2\/pages\/568\/revisions\/594"}],"up":[{"embeddable":true,"href":"https:\/\/www2.unifap.br\/ppgcf\/wp-json\/wp\/v2\/pages\/268"}],"wp:attachment":[{"href":"https:\/\/www2.unifap.br\/ppgcf\/wp-json\/wp\/v2\/media?parent=568"}],"curies":[{"name":"wp","href":"https:\/\/api.w.org\/{rel}","templated":true}]}}