{"id":618,"date":"2015-03-18T13:35:43","date_gmt":"2015-03-18T13:35:43","guid":{"rendered":"http:\/\/www2.unifap.br\/ppgcf\/?page_id=618"},"modified":"2015-04-07T15:19:44","modified_gmt":"2015-04-07T15:19:44","slug":"cronograma-de-aulas-2015-1","status":"publish","type":"page","link":"https:\/\/www2.unifap.br\/ppgcf\/ofertas-de-disciplinas\/ofertas-2015-1\/cronograma-de-aulas-2015-1\/","title":{"rendered":"Cronograma de Aulas 2015.1"},"content":{"rendered":"<p><a href=\"http:\/\/www2.unifap.br\/ppgcf\/files\/2015\/03\/UNIFAP-25-ANOS.png\"><img decoding=\"async\" class=\"wp-image-638 aligncenter\" alt=\"UNIFAP 25 ANOS\" src=\"http:\/\/www2.unifap.br\/ppgcf\/files\/2015\/03\/UNIFAP-25-ANOS.png\" width=\"132\" height=\"117\" srcset=\"https:\/\/www2.unifap.br\/ppgcf\/files\/2015\/03\/UNIFAP-25-ANOS.png 236w, https:\/\/www2.unifap.br\/ppgcf\/files\/2015\/03\/UNIFAP-25-ANOS-169x150.png 169w\" sizes=\"(max-width: 132px) 100vw, 132px\" \/><\/a><\/p>\n<h3 style=\"text-align: center\">\u00a0PROGRAMA DE P\u00d3S-GRADUA\u00c7\u00c3O EM CI\u00caNCIAS FARMAC\u00caUTICAS &#8211; PPGCF<\/h3>\n<p>&nbsp;<\/p>\n<p style=\"text-align: center\"><strong>MAR\u00c7O\/2015<\/strong><\/p>\n<p style=\"text-align: center\"><a href=\"http:\/\/www2.unifap.br\/ppgcf\/files\/2015\/03\/CRONOGRAMA_DE_AULAS_-_MARCO_2015.png\"><img decoding=\"async\" class=\"alignnone size-medium wp-image-639\" alt=\"CRONOGRAMA_DE_AULAS_-_MARCO_2015\" src=\"http:\/\/www2.unifap.br\/ppgcf\/files\/2015\/03\/CRONOGRAMA_DE_AULAS_-_MARCO_2015-300x161.png\" width=\"300\" height=\"161\" srcset=\"https:\/\/www2.unifap.br\/ppgcf\/files\/2015\/03\/CRONOGRAMA_DE_AULAS_-_MARCO_2015-300x161.png 300w, https:\/\/www2.unifap.br\/ppgcf\/files\/2015\/03\/CRONOGRAMA_DE_AULAS_-_MARCO_2015-250x134.png 250w, https:\/\/www2.unifap.br\/ppgcf\/files\/2015\/03\/CRONOGRAMA_DE_AULAS_-_MARCO_2015.png 783w\" sizes=\"(max-width: 300px) 100vw, 300px\" \/><\/a><\/p>\n<p style=\"text-align: center\"><strong>ABRIL\/2015<\/strong><\/p>\n<p style=\"text-align: center\"><a href=\"http:\/\/www2.unifap.br\/ppgcf\/files\/2015\/03\/OFERTAS-ABRIL-2015.png\"><img fetchpriority=\"high\" decoding=\"async\" class=\"alignnone size-medium wp-image-659\" alt=\"CRONOGRAMA_DE_AULAS_-_ABRIL_2015\" src=\"http:\/\/www2.unifap.br\/ppgcf\/files\/2015\/03\/OFERTAS-ABRIL-2015-300x176.png\" width=\"300\" height=\"176\" srcset=\"https:\/\/www2.unifap.br\/ppgcf\/files\/2015\/03\/OFERTAS-ABRIL-2015-300x176.png 300w, https:\/\/www2.unifap.br\/ppgcf\/files\/2015\/03\/OFERTAS-ABRIL-2015-250x146.png 250w, https:\/\/www2.unifap.br\/ppgcf\/files\/2015\/03\/OFERTAS-ABRIL-2015.png 778w\" sizes=\"(max-width: 300px) 100vw, 300px\" \/><\/a><\/p>\n<p style=\"text-align: center\"><strong>MAIO\/2015<\/strong><\/p>\n<p style=\"text-align: center\"><a href=\"http:\/\/www2.unifap.br\/ppgcf\/files\/2015\/03\/OFERTAS-MAIO-20151.png\"><img loading=\"lazy\" decoding=\"async\" class=\"alignnone size-medium wp-image-698\" alt=\"OFERTAS-MAIO-2015\" src=\"http:\/\/www2.unifap.br\/ppgcf\/files\/2015\/03\/OFERTAS-MAIO-20151-300x181.png\" width=\"300\" height=\"181\" srcset=\"https:\/\/www2.unifap.br\/ppgcf\/files\/2015\/03\/OFERTAS-MAIO-20151-300x181.png 300w, https:\/\/www2.unifap.br\/ppgcf\/files\/2015\/03\/OFERTAS-MAIO-20151-247x150.png 247w, https:\/\/www2.unifap.br\/ppgcf\/files\/2015\/03\/OFERTAS-MAIO-20151.png 861w\" sizes=\"(max-width: 300px) 100vw, 300px\" \/><\/a><\/p>\n<p style=\"text-align: center\"><strong>JUNHO\/2015<\/strong><\/p>\n<p style=\"text-align: center\"><a href=\"http:\/\/www2.unifap.br\/ppgcf\/files\/2015\/03\/CRONOGRAMA_DE_AULAS_-_JUNHO_2015.png\"><img loading=\"lazy\" decoding=\"async\" class=\"alignnone size-medium wp-image-642\" alt=\"CRONOGRAMA_DE_AULAS_-_JUNHO_2015\" src=\"http:\/\/www2.unifap.br\/ppgcf\/files\/2015\/03\/CRONOGRAMA_DE_AULAS_-_JUNHO_2015-300x186.png\" width=\"300\" height=\"186\" srcset=\"https:\/\/www2.unifap.br\/ppgcf\/files\/2015\/03\/CRONOGRAMA_DE_AULAS_-_JUNHO_2015-300x186.png 300w, https:\/\/www2.unifap.br\/ppgcf\/files\/2015\/03\/CRONOGRAMA_DE_AULAS_-_JUNHO_2015-241x150.png 241w, https:\/\/www2.unifap.br\/ppgcf\/files\/2015\/03\/CRONOGRAMA_DE_AULAS_-_JUNHO_2015.png 823w\" sizes=\"(max-width: 300px) 100vw, 300px\" \/><\/a><\/p>\n","protected":false},"excerpt":{"rendered":"<p>\u00a0PROGRAMA DE P\u00d3S-GRADUA\u00c7\u00c3O EM CI\u00caNCIAS FARMAC\u00caUTICAS &#8211; PPGCF &nbsp; MAR\u00c7O\/2015 ABRIL\/2015 MAIO\/2015 JUNHO\/2015<\/p>\n","protected":false},"author":624,"featured_media":0,"parent":464,"menu_order":1,"comment_status":"open","ping_status":"open","template":"","meta":{"inline_featured_image":false,"ngg_post_thumbnail":0,"footnotes":""},"class_list":["post-618","page","type-page","status-publish","hentry"],"_links":{"self":[{"href":"https:\/\/www2.unifap.br\/ppgcf\/wp-json\/wp\/v2\/pages\/618","targetHints":{"allow":["GET"]}}],"collection":[{"href":"https:\/\/www2.unifap.br\/ppgcf\/wp-json\/wp\/v2\/pages"}],"about":[{"href":"https:\/\/www2.unifap.br\/ppgcf\/wp-json\/wp\/v2\/types\/page"}],"author":[{"embeddable":true,"href":"https:\/\/www2.unifap.br\/ppgcf\/wp-json\/wp\/v2\/users\/624"}],"replies":[{"embeddable":true,"href":"https:\/\/www2.unifap.br\/ppgcf\/wp-json\/wp\/v2\/comments?post=618"}],"version-history":[{"count":22,"href":"https:\/\/www2.unifap.br\/ppgcf\/wp-json\/wp\/v2\/pages\/618\/revisions"}],"predecessor-version":[{"id":1056,"href":"https:\/\/www2.unifap.br\/ppgcf\/wp-json\/wp\/v2\/pages\/618\/revisions\/1056"}],"up":[{"embeddable":true,"href":"https:\/\/www2.unifap.br\/ppgcf\/wp-json\/wp\/v2\/pages\/464"}],"wp:attachment":[{"href":"https:\/\/www2.unifap.br\/ppgcf\/wp-json\/wp\/v2\/media?parent=618"}],"curies":[{"name":"wp","href":"https:\/\/api.w.org\/{rel}","templated":true}]}}