{"id":714,"date":"2015-04-20T19:05:36","date_gmt":"2015-04-20T19:05:36","guid":{"rendered":"http:\/\/www2.unifap.br\/ppgcf\/?page_id=714"},"modified":"2020-09-22T15:40:45","modified_gmt":"2020-09-22T15:40:45","slug":"dissertacoes","status":"publish","type":"page","link":"https:\/\/www2.unifap.br\/ppgcf\/dissertacoes\/","title":{"rendered":"Disserta\u00e7\u00f5es"},"content":{"rendered":"<p><strong style=\"font-size: 1.17em\">TURMA 2016<\/strong><\/p>\n<p style=\"text-align: justify\">\u2192\u00a0<a href=\"http:\/\/lattes.cnpq.br\/2275291289131684\">Clarice Flexa da Rocha<\/a> &#8211;\u00a0<strong><a href=\"http:\/\/www2.unifap.br\/ppgcf\/files\/2015\/04\/TRABALHO-DE-DISSERTA\u00c7\u00c3O-CLARICE-FLEXA-DA-ROCHA.pdf\">Estudo do extrato hidroetan\u00f3lico de <em>Acmella oleracea<\/em> (L.) R. K. Jansen sobre a fun\u00e7\u00e3o reprodutiva de ratos Wistar adultos<\/a><\/strong>.<\/p>\n<p style=\"text-align: justify\">\u2192\u00a0<a href=\"http:\/\/lattes.cnpq.br\/1657728352228840\">Priscilla Farias Ozela<\/a>\u00a0&#8211;\u00a0<strong><a href=\"http:\/\/www2.unifap.br\/ppgcf\/files\/2015\/04\/Disserta\u00e7\u00e3o_Priscilla-Farias-Ozela_31-03-2017.pdf\">Valida\u00e7\u00e3o de m\u00e9todo computacional aplicado \u00e0 galantamina no planejamento de canditados a f\u00e1rmacos para tratamento da doen\u00e7a de Alzheimer<\/a>.<\/strong><\/p>\n<p>\u2192\u00a0<a href=\"http:\/\/lattes.cnpq.br\/5085038840802665\">Walter de Souza Tavares<\/a>\u00a0&#8211; <a href=\"http:\/\/www2.unifap.br\/ppgcf\/files\/2019\/05\/DISSERTA\u00c7\u00c3O-WALTER-DE-SOUZA-TAVARES.pdf\"><strong>Desenvolvimento e caracteriza\u00e7\u00e3o de filmes de quitosana e zeina contendo \u00e1cido el\u00e1gico para aplica\u00e7\u00f5es biom\u00e9dicas<\/strong><\/a><strong>.<\/strong><\/p>\n<p>&nbsp;<\/p>\n<p><strong style=\"font-size: 1.17em\">TURMA 2015<\/strong><\/p>\n<p style=\"text-align: justify\">\u2192\u00a0<a href=\"http:\/\/lattes.cnpq.br\/3473858887809598\">Albenise Santana Alves Barros<\/a>\u00a0&#8211;\u00a0<strong><a href=\"http:\/\/www2.unifap.br\/ppgcf\/files\/2015\/04\/Disserta\u00e7\u00e3o_Albenise-Santana-Alves-Barros_24-02-2017.pdf\">Estudo das atividades cicatrizantes n\u00e3o cl\u00ednica do extrato e do gel de <em>Portulaca pilosa<\/em> L. em feridas cut\u00e2neas de ratos Wistar<\/a>.<\/strong><\/p>\n<p style=\"text-align: justify\">\u2192\u00a0<a href=\"http:\/\/lattes.cnpq.br\/9707415101856132\">Ant\u00f4nio Paulo Ribeiro Bitencourt<\/a>\u00a0&#8211;\u00a0<strong><a href=\"http:\/\/www2.unifap.br\/ppgcf\/files\/2015\/04\/Dissertacao_Antonio-Paulo-Ribeiro-Bitencourt_27-04-2017.pdf\">Obten\u00e7\u00e3o de nanodispers\u00f5es aquosas contendo extrato de urucum (<em>Bixa orellana<\/em> L.) com potencial aplica\u00e7\u00e3o em alimentos<\/a>.<\/strong><\/p>\n<p style=\"text-align: justify\">\u2192\u00a0<a href=\"http:\/\/lattes.cnpq.br\/2128949606598391\">Danilo Cabral de S\u00e1 Hyacienth<\/a>\u00a0&#8211;\u00a0<strong><a href=\"http:\/\/www2.unifap.br\/ppgcf\/files\/2015\/04\/Disserta\u00e7\u00e3o_Danilo-Cabral-de-S\u00e1-Hyacient_27-07-2017.pdf\">Prepara\u00e7\u00e3o de nanoemuls\u00f5es a base da fra\u00e7\u00e3o lipof\u00edlica obtida de frutos de a\u00e7a\u00ed (<em>Euterpe Oleraceae<\/em> Mart.)<\/a>.<\/strong><\/p>\n<p style=\"text-align: justify\">\u2192\u00a0<a href=\"http:\/\/lattes.cnpq.br\/1910279373909356\">Gabryelle Furtado de Almeida<\/a>\u00a0&#8211;\u00a0<strong><a href=\"http:\/\/www2.unifap.br\/ppgcf\/files\/2015\/04\/Disserta\u00e7\u00e3o_Gabryelle-Furtado-de-Almeida_20-02-2017.pdf\">Determina\u00e7\u00e3o do perfil de \u00e1cidos graxos produzidos por microalgas e cianobact\u00e9rias da regi\u00e3o Amaz\u00f4nica, Macap\u00e1-AP<\/a>.<\/strong><\/p>\n<p style=\"text-align: justify\">\u2192\u00a0<a href=\"http:\/\/lattes.cnpq.br\/6164693738243536\">Jaderson Vieira Ferreira<\/a>\u00a0&#8211;\u00a0<strong><a href=\"http:\/\/www2.unifap.br\/ppgcf\/files\/2015\/04\/Dissertacao_Jaderson-Vieira-Ferreira_29-09-2016.pdf\">Propostas de f\u00e1rmacos alternativos baseados em ligantes naturais do receptor canabinoide CB1 para a s\u00edndrome de abstin\u00eancia em dependentes qu\u00edmicos de <em>Canna<\/em><\/a><em><a href=\"http:\/\/www2.unifap.br\/ppgcf\/files\/2015\/04\/Dissertacao_Jaderson-Vieira-Ferreira_29-09-2016.pdf\">bis<\/a><a href=\"http:\/\/www2.unifap.br\/ppgcf\/files\/2015\/04\/Dissertacao_Jaderson-Vieira-Ferreira_29-09-2016.pdf\"> sativa<\/a><\/em>.<\/strong><\/p>\n<p style=\"text-align: justify\">\u2192\u00a0<a href=\"http:\/\/lattes.cnpq.br\/0632712942785756\">Mario Omar Calla Salcedo<\/a>\u00a0&#8211;\u00a0<strong><a href=\"http:\/\/www2.unifap.br\/ppgcf\/files\/2015\/04\/Dissertacao_Mario-Omar-Calla-Salcedo_16-12-2016.pdf\">Caracteriza\u00e7\u00e3o fractal da nanotextura superficial da folha de <em>Copaifera sp.<\/em> por Microscopia de For\u00e7a At\u00f4mica (AFM)<\/a>.<\/strong><\/p>\n<p style=\"text-align: justify\">\u2192\u00a0<a href=\"http:\/\/lattes.cnpq.br\/4286762216099501\">Ranggel Carvalho Sim\u00f5es<\/a>\u00a0&#8211;\u00a0<strong><a href=\"http:\/\/www2.unifap.br\/ppgcf\/files\/2015\/04\/Dissertacao_Ranggel-Carvalho-Simoes_16-09-2016.pdf\">Prospec\u00e7\u00e3o fitoqu\u00edmica e avalia\u00e7\u00e3o da atividade antioxidante, citot\u00f3xica, larvicida e antibacteriana das cascas do caule de <em>Pseudoxandra cuspidata<\/em> Maas (Annonaceae)<\/a>.<\/strong><\/p>\n<p style=\"text-align: justify\">\u2192\u00a0<a href=\"http:\/\/lattes.cnpq.br\/6956422614062151\">Rosany Lopes Martins<\/a>\u00a0&#8211;\u00a0<strong><a href=\"http:\/\/www2.unifap.br\/ppgcf\/files\/2015\/04\/Dissertacao_Rosany-Lopes-Martins_16-09-2016.pdf\">Estudo qu\u00edmico e avalia\u00e7\u00e3o das atividades antioxidante, microbiol\u00f3gica, de citotoxicidade e inseticida do \u00f3leo essencial de <em>Aeollanthus suaveolens<\/em> Mart. ex Spreng (Lamiaceae)<\/a>.<\/strong><\/p>\n<p style=\"text-align: justify\">\u2192\u00a0<a href=\"http:\/\/lattes.cnpq.br\/8252734551082914\">Uriel Davi de Almeida e Silva<\/a>\u00a0&#8211;\u00a0<strong><a href=\"http:\/\/www2.unifap.br\/ppgcf\/files\/2015\/04\/Dissertacao_Uriel-Davi-de-Almeida-e-Silva_05-05-2017.pdf\">Avalia\u00e7\u00e3o dos riscos associados \u00e0 farmacoterapia e impacto do seguimento farmacoterap\u00eautico de pacientes renais cr\u00f4nicos do Estado do Amap\u00e1<\/a>.<\/strong><\/p>\n<p>&nbsp;<\/p>\n<p><strong style=\"font-size: 1.17em\">TURMA 2014<\/strong><\/p>\n<p style=\"text-align: justify\">\u2192\u00a0<a href=\"http:\/\/lattes.cnpq.br\/0736394038843448\">Alex Bruno Lobato Rodrigues<\/a>\u00a0&#8211;\u00a0<strong><a href=\"http:\/\/www2.unifap.br\/ppgcf\/files\/2015\/04\/Disserta\u00e7\u00e3o_Alex_Bruno_Lobato_Rodrigues_16-09-2015.pdf\">Estudo Fitoqu\u00edmico e Avalia\u00e7\u00e3o da Atividade Antioxidante, de Citotoxidade e Inseticida de \u00d3leos Essenciais de Morfotipos de <em>Ayapana triplinervis<\/em> (Vahl) R. M. King &amp; H. Rob. (Asteraceae)<\/a><\/strong>.<\/p>\n<p style=\"text-align: justify\">\u2192\u00a0<a href=\"http:\/\/lattes.cnpq.br\/1730719523397207\">Glenda Quaresma Ramos<\/a>\u00a0&#8211;\u00a0<strong><a href=\"http:\/\/www2.unifap.br\/ppgcf\/files\/2015\/04\/Dissertacao_Glenda_Quaresma_Ramos_16-09-2015.pdf\">An\u00e1lise Morfol\u00f3gica e Qu\u00edmica das Folhas de <em>Anacardium Occidentale<\/em> L.<\/a><\/strong><\/p>\n<p style=\"text-align: justify\">\u2192\u00a0<a href=\"http:\/\/lattes.cnpq.br\/2073529369588603\">Igor Victor Ferreira dos Santos<\/a>\u00a0&#8211;<strong>\u00a0<a href=\"http:\/\/www2.unifap.br\/ppgcf\/files\/2015\/04\/Dissertacao_Igor_Victor_Ferreira_dos_Santos_15-01-2016.pdf\">Estudo da Toxicidade da Fitoprepara\u00e7\u00e3o Popular \u00e0 Base de Leite de Janaguba (<em>Himatanthus drasticus<\/em>, Plumel 1990) em Modelo de Zebrafish (<em>Danio rerio<\/em>, Hamilton 1822)<\/a><\/strong>.<\/p>\n<p style=\"text-align: justify\">\u2192\u00a0<a href=\"http:\/\/lattes.cnpq.br\/0501436295198223\">Leandro Lima Castro<\/a>\u00a0&#8211;\u00a0<strong><a href=\"http:\/\/www2.unifap.br\/ppgcf\/files\/2015\/04\/Dissertacao_Leandro_Lima_Castro_10-03-2016.pdf\">Novos candidatos a f\u00e1rmacos inibidores da enzima Glicog\u00eanio Sintase Quinase 3-\u03b2 (GSK-3\u03b2) no tratamento da doen\u00e7a de Alzheimer utilizando c\u00e1lculos de modelagem molecular<\/a>.<\/strong><\/p>\n<p style=\"text-align: justify\">\u2192\u00a0<a href=\"http:\/\/lattes.cnpq.br\/0342189537308858\">Robert Saraiva Matos<\/a>\u00a0&#8211;\u00a0<strong><a href=\"http:\/\/www2.unifap.br\/ppgcf\/files\/2015\/04\/Dissertacao_Robert_Saraiva_Matos_21-12-2015.pdf\">Caracteriza\u00e7\u00e3o Superficial de Biofilmes de Kefir Associado ao Extrato de A\u00e7a\u00ed (<em>Euterpe oleracea<\/em> Mart.) e de Cupua\u00e7u (<em>Theobroma grandiflorum<\/em> Shum)<\/a>.<\/strong><\/p>\n<p>&nbsp;<\/p>\n<h3><strong>TURMA 2013<\/strong><\/h3>\n<p style=\"text-align: justify\"><span style=\"line-height: 1.5em\">\u2192 <\/span><a style=\"line-height: 1.5em\" href=\"http:\/\/lattes.cnpq.br\/4340634600010737\">Benedito de Souza Guimar\u00e3es J\u00fanior<\/a><span style=\"line-height: 1.5em\">\u00a0&#8211;<\/span><span style=\"line-height: 1.5em\">\u00a0<\/span><strong style=\"line-height: 1.5em\"><a href=\"http:\/\/www2.unifap.br\/ppgcf\/files\/2015\/04\/Disserta\u00e7\u00e3o-Final_Benedito-de-Souza-Guimaraes-Junior_07-04-2015.pdf\">Avalia\u00e7\u00e3o Pr\u00e9-Cl\u00ednica da Toxicidade Aguda e Atividade Hipoglicemiante do Extrato Metan\u00f3lico das Ra\u00edzes de <\/a><em><a href=\"http:\/\/www2.unifap.br\/ppgcf\/files\/2015\/04\/Disserta\u00e7\u00e3o-Final_Benedito-de-Souza-Guimaraes-Junior_07-04-2015.pdf\">Amasonia campestre\u00a0<\/a><\/em><a href=\"http:\/\/www2.unifap.br\/ppgcf\/files\/2015\/04\/Disserta\u00e7\u00e3o-Final_Benedito-de-Souza-Guimaraes-Junior_07-04-2015.pdf\">Lamiaceae<\/a>.<\/strong><\/p>\n<p style=\"text-align: justify\">\u2192 <a href=\"http:\/\/lattes.cnpq.br\/4923134163750134\">Claudete do Socorro Mau\u00e9s Ara\u00fajo<\/a>\u00a0&#8211;\u00a0<strong><a href=\"http:\/\/www2.unifap.br\/ppgcf\/files\/2015\/04\/Dissertacao-Final_Claudete-do-Socorro-Maues-Araujo_02-12-2014.pdf\">Avalia\u00e7\u00e3o das t\u00e9cnicas de cultivo de microalgas e cianobact\u00e9rias isoladas de ambientes aqu\u00e1ticos de Macap\u00e1-AP<\/a>.<\/strong><\/p>\n<p style=\"text-align: justify\">\u2192 <a href=\"http:\/\/lattes.cnpq.br\/8625340401893375\">Gisele Cust\u00f3dio de Souza<\/a>\u00a0&#8211;\u00a0<strong><a href=\"http:\/\/www2.unifap.br\/ppgcf\/files\/2015\/04\/Dissertacao-Final_Gisele-Custodio-de-Souza_02-03-2015.pdf\">Estudo da Toxicidade da Nanoemuls\u00e3o de \u00c1lcool Per\u00edlico (NPOH) sobre Zebrafish (Danio rerio Hamilton, 1822)<\/a>.<\/strong><\/p>\n<p style=\"text-align: justify\"><span style=\"line-height: 1.5em\">\u2192 <a href=\"http:\/\/lattes.cnpq.br\/5033319183781570\">Miriam dos Santos Magalh\u00e3es<\/a>\u00a0&#8211;\u00a0<\/span><strong style=\"line-height: 1.5em\"><a href=\"http:\/\/www2.unifap.br\/ppgcf\/files\/2015\/04\/Dissertacao-Final_Miriam-dos-Santos-Magalhaes_06-03-2015.pdf\">Avalia\u00e7\u00e3o da atividade larvicida do extrato hidroalc\u00f3olico da esp\u00e9cie <em>Anacardium occidentale<\/em> Linneu<\/a>.<\/strong><span style=\"line-height: 1.5em\"><br \/>\n<\/span><\/p>\n<p style=\"text-align: justify\">\u2192\u00a0<a href=\"http:\/\/lattes.cnpq.br\/9383976001729703\">Maxwell Santos Cabral<\/a>\u00a0&#8211;\u00a0<strong><a href=\"http:\/\/www2.unifap.br\/ppgcf\/files\/2015\/04\/Disserta\u00e7\u00e3o-Final_Maxwell-Santos-Cabral_29-06-2015.pdf\">Avalia\u00e7\u00e3o da Atividade Cicatrizante de Formula\u00e7\u00f5es Fitoter\u00e1picas \u00e0 Base de <em>Curatella americana<\/em> e <em>Costus spicatus in vivo<\/em><\/a><\/strong>.<\/p>\n<p style=\"text-align: justify\">\u2192 <a href=\"http:\/\/lattes.cnpq.br\/5967765732055568\">Raphaelle Sousa Borges<\/a>\u00a0&#8211;\u00a0<strong><a href=\"http:\/\/www2.unifap.br\/ppgcf\/files\/2015\/04\/Dissertacao-Final_Raphaelle-Sousa-Borges_19-12-2014.pdf\">Prospec\u00e7\u00e3o e avalia\u00e7\u00e3o do potencial probi\u00f3tico de bact\u00e9rias l\u00e1cticas isoladas do leite de b\u00fafala no Estado do Amap\u00e1<\/a>.<\/strong><\/p>\n<p style=\"text-align: justify\"><span style=\"line-height: 1.5em\">\u2192\u00a0<a href=\"http:\/\/lattes.cnpq.br\/2242127435533182\">Ryan da Silva Ramos<\/a>\u00a0&#8211;\u00a0<\/span><strong style=\"line-height: 1.5em\"><a href=\"http:\/\/www2.unifap.br\/ppgcf\/files\/2015\/04\/Dissertacao-Final_Ryan-da-Silva-Ramos_04-12-2014.pdf\">Estudo fitoqu\u00edmico e da atividade microbiol\u00f3gica, de citoxicidade e larvicida dos \u00f3leos essenciais de esp\u00e9cies da fam\u00edlia Lamiaceae (Lamiales)<\/a>.<\/strong><span style=\"line-height: 1.5em\"><br \/>\n<\/span><\/p>\n<p style=\"text-align: justify\">\u2192\u00a0<a href=\"http:\/\/lattes.cnpq.br\/8633898831203244\">Sandro de Souza Figueiredo<\/a>\u00a0&#8211;\u00a0<strong>An\u00e1lise de superf\u00edcies foliares: Um estudo sobre a entropia como par\u00e2metro de uniformidade superficial e a superhidrofobicidade da esp\u00e9cie vegetal\u00a0<em>Thalia geniculata\u00a0<\/em>(LINEU, 1753) [Arquivos\u00a0<a href=\"http:\/\/www2.unifap.br\/ppgcf\/files\/2015\/04\/1-Capa.pdf\">1<\/a>,\u00a0<a href=\"http:\/\/www2.unifap.br\/ppgcf\/files\/2015\/04\/ficha-catalografica.pdf\">2<\/a>,\u00a0<a href=\"http:\/\/www2.unifap.br\/ppgcf\/files\/2015\/04\/2-Dedicat\u00f3ria.pdf\">3<\/a>,\u00a0<a href=\"http:\/\/www2.unifap.br\/ppgcf\/files\/2015\/04\/3-Resumos.pdf\">4<\/a>,\u00a0<a href=\"http:\/\/www2.unifap.br\/ppgcf\/files\/2015\/04\/4-Sum\u00e1rio.pdf\">5<\/a>,\u00a0<a href=\"http:\/\/www2.unifap.br\/ppgcf\/files\/2015\/04\/5-Introdu\u00e7\u00e3o.pdf\">6<\/a>,\u00a0<a href=\"http:\/\/www2.unifap.br\/ppgcf\/files\/2015\/04\/6-entropy.pdf\">7<\/a>,\u00a0<a href=\"http:\/\/www2.unifap.br\/ppgcf\/files\/2015\/04\/7-Hydrophobicity.pdf\">8<\/a>,\u00a0<a href=\"http:\/\/www2.unifap.br\/ppgcf\/files\/2015\/04\/8-\u00c1cido-Rosmar\u00ednico.pdf\">9<\/a>,\u00a0<a href=\"http:\/\/www2.unifap.br\/ppgcf\/files\/2015\/04\/9-Conclus\u00e3o.pdf\">10<\/a>\u00a0e\u00a0<a href=\"http:\/\/www2.unifap.br\/ppgcf\/files\/2015\/04\/10-Refer\u00eancias.pdf\">11<\/a>].<\/strong><\/p>\n","protected":false},"excerpt":{"rendered":"<p>TURMA 2016 \u2192\u00a0Clarice Flexa da Rocha &#8211;\u00a0Estudo do extrato hidroetan\u00f3lico de Acmella oleracea (L.) R. K. Jansen sobre a fun\u00e7\u00e3o reprodutiva de ratos Wistar adultos. \u2192\u00a0Priscilla Farias Ozela\u00a0&#8211;\u00a0Valida\u00e7\u00e3o de m\u00e9todo computacional aplicado \u00e0 galantamina no planejamento de canditados a f\u00e1rmacos&hellip; <\/p>\n<p><a href=\"https:\/\/www2.unifap.br\/ppgcf\/dissertacoes\/\" class=\"readmore-button\">Continue Reading<\/a><\/p>\n","protected":false},"author":624,"featured_media":0,"parent":0,"menu_order":10,"comment_status":"open","ping_status":"closed","template":"","meta":{"inline_featured_image":false,"ngg_post_thumbnail":0,"footnotes":""},"class_list":["post-714","page","type-page","status-publish","hentry"],"_links":{"self":[{"href":"https:\/\/www2.unifap.br\/ppgcf\/wp-json\/wp\/v2\/pages\/714","targetHints":{"allow":["GET"]}}],"collection":[{"href":"https:\/\/www2.unifap.br\/ppgcf\/wp-json\/wp\/v2\/pages"}],"about":[{"href":"https:\/\/www2.unifap.br\/ppgcf\/wp-json\/wp\/v2\/types\/page"}],"author":[{"embeddable":true,"href":"https:\/\/www2.unifap.br\/ppgcf\/wp-json\/wp\/v2\/users\/624"}],"replies":[{"embeddable":true,"href":"https:\/\/www2.unifap.br\/ppgcf\/wp-json\/wp\/v2\/comments?post=714"}],"version-history":[{"count":22,"href":"https:\/\/www2.unifap.br\/ppgcf\/wp-json\/wp\/v2\/pages\/714\/revisions"}],"predecessor-version":[{"id":2756,"href":"https:\/\/www2.unifap.br\/ppgcf\/wp-json\/wp\/v2\/pages\/714\/revisions\/2756"}],"wp:attachment":[{"href":"https:\/\/www2.unifap.br\/ppgcf\/wp-json\/wp\/v2\/media?parent=714"}],"curies":[{"name":"wp","href":"https:\/\/api.w.org\/{rel}","templated":true}]}}