{"id":754,"date":"2015-05-07T20:41:08","date_gmt":"2015-05-07T20:41:08","guid":{"rendered":"http:\/\/www2.unifap.br\/ppgcf\/?page_id=754"},"modified":"2015-05-07T20:41:08","modified_gmt":"2015-05-07T20:41:08","slug":"processo-seletivo-pos-doc-pnpdcapes-2015","status":"publish","type":"page","link":"https:\/\/www2.unifap.br\/ppgcf\/processos-seletivos\/processo-seletivo-pos-doc-pnpdcapes-2015\/","title":{"rendered":"Processo Seletivo P\u00f3s-Doc PNPD\/Capes 2015"},"content":{"rendered":"<p>A Universidade Federal do Amap\u00e1, atrav\u00e9s da Pr\u00f3-Reitoria de Pesquisa e P\u00f3s-Gradua\u00e7\u00e3o e do Departamento de P\u00f3s-Gradua\u00e7\u00e3o, torna p\u00fablico o presente Edital para as inscri\u00e7\u00f5es ao processo de sele\u00e7\u00e3o de bolsista de p\u00f3s-doutorado PNPD\/CAPES para o Programa de P\u00f3s-Gradua\u00e7\u00e3o em Ci\u00eancias Farmac\u00eauticas (PPGCF).<\/p>\n<p>&nbsp;<\/p>\n<p>Per\u00edodo de inscri\u00e7\u00e3o:\u00a009 de abril a 30 de abril de 2015.<\/p>\n<p>&nbsp;<\/p>\n<p>\u2192\u00a0<a href=\"http:\/\/www2.unifap.br\/ppgcf\/files\/2015\/04\/Edital_PNPD_CAPES_2015-PPGCF.pdf\">Edital N\u00ba 07\/2015 DPG\/UNIFAP &#8211; PNPD\/CAPES 2015 (PPGCF)<\/a><\/p>\n<p>\u2192\u00a0<a href=\"http:\/\/www2.unifap.br\/ppgcf\/files\/2015\/04\/Edital_PNPD_CAPES_2015-PPGCF-ANEXO-I.docx\">Edital N\u00ba 07\/2015 &#8211; ANEXO I<\/a><\/p>\n<p>\u2192\u00a0<a href=\"http:\/\/www2.unifap.br\/ppgcf\/files\/2015\/04\/Edital_PNPD_CAPES_2015-PPGCF-ANEXO-II.docx\">Edital N\u00ba 07\/2015 &#8211; ANEXO II<\/a><\/p>\n<p>\u2192\u00a0<a href=\"http:\/\/www2.unifap.br\/ppgcf\/files\/2015\/04\/Edital_PNPD_CAPES_2015-PPGCF-ANEXO-III.docx\">Edital N\u00ba 07\/2015 &#8211; ANEXO III<\/a><\/p>\n<p>\u2192\u00a0<a href=\"http:\/\/www2.unifap.br\/ppgcf\/files\/2015\/05\/EDITAL-N\u00ba-07-2015_DPG-UNIFAP-RESULTADO-FINAL.pdf\">Resultado Final PNPD\/Capes &#8211; Edital N\u00ba 07\/2015 DPG-UNIFAP<\/a><\/p>\n<p>&nbsp;<\/p>\n","protected":false},"excerpt":{"rendered":"<p>A Universidade Federal do Amap\u00e1, atrav\u00e9s da Pr\u00f3-Reitoria de Pesquisa e P\u00f3s-Gradua\u00e7\u00e3o e do Departamento de P\u00f3s-Gradua\u00e7\u00e3o, torna p\u00fablico o presente Edital para as inscri\u00e7\u00f5es ao processo de sele\u00e7\u00e3o de bolsista de p\u00f3s-doutorado PNPD\/CAPES para o Programa de P\u00f3s-Gradua\u00e7\u00e3o em&hellip; <\/p>\n<p><a href=\"https:\/\/www2.unifap.br\/ppgcf\/processos-seletivos\/processo-seletivo-pos-doc-pnpdcapes-2015\/\" class=\"readmore-button\">Continue Reading<\/a><\/p>\n","protected":false},"author":624,"featured_media":0,"parent":268,"menu_order":3,"comment_status":"open","ping_status":"open","template":"","meta":{"inline_featured_image":false,"ngg_post_thumbnail":0,"footnotes":""},"class_list":["post-754","page","type-page","status-publish","hentry"],"_links":{"self":[{"href":"https:\/\/www2.unifap.br\/ppgcf\/wp-json\/wp\/v2\/pages\/754","targetHints":{"allow":["GET"]}}],"collection":[{"href":"https:\/\/www2.unifap.br\/ppgcf\/wp-json\/wp\/v2\/pages"}],"about":[{"href":"https:\/\/www2.unifap.br\/ppgcf\/wp-json\/wp\/v2\/types\/page"}],"author":[{"embeddable":true,"href":"https:\/\/www2.unifap.br\/ppgcf\/wp-json\/wp\/v2\/users\/624"}],"replies":[{"embeddable":true,"href":"https:\/\/www2.unifap.br\/ppgcf\/wp-json\/wp\/v2\/comments?post=754"}],"version-history":[{"count":1,"href":"https:\/\/www2.unifap.br\/ppgcf\/wp-json\/wp\/v2\/pages\/754\/revisions"}],"predecessor-version":[{"id":755,"href":"https:\/\/www2.unifap.br\/ppgcf\/wp-json\/wp\/v2\/pages\/754\/revisions\/755"}],"up":[{"embeddable":true,"href":"https:\/\/www2.unifap.br\/ppgcf\/wp-json\/wp\/v2\/pages\/268"}],"wp:attachment":[{"href":"https:\/\/www2.unifap.br\/ppgcf\/wp-json\/wp\/v2\/media?parent=754"}],"curies":[{"name":"wp","href":"https:\/\/api.w.org\/{rel}","templated":true}]}}