{"id":828,"date":"2015-09-17T14:03:35","date_gmt":"2015-09-17T14:03:35","guid":{"rendered":"http:\/\/www2.unifap.br\/ppgcf\/?page_id=828"},"modified":"2016-03-17T19:39:55","modified_gmt":"2016-03-17T19:39:55","slug":"ofertas-2015-2","status":"publish","type":"page","link":"https:\/\/www2.unifap.br\/ppgcf\/ofertas-de-disciplinas\/ofertas-2015-2\/","title":{"rendered":"Ofertas 2015.2"},"content":{"rendered":"<p>CALEND\u00c1RIO DE DISCIPLINAS (2\u00ba SEMESTRE \/ SETEMBRO\/2015 &#8211; JANEIRO\/2016)<\/p>\n<p>\u2192 Cronograma de Aulas\u00a0<a href=\"http:\/\/www2.unifap.br\/ppgcf\/disciplinas-do-ppgcf\/ofertas-2015-2\/cronograma-de-aulas-2015-2\/\">[aqui]<\/a>\u00a0e\u00a0<a href=\"http:\/\/www2.unifap.br\/ppgcf\/files\/2015\/09\/2015-2_CRONOGRAMA-DE-AULAS2.pdf\">[aqui]<\/a>.<\/p>\n<div align=\"center\">\n<table width=\"936\" border=\"1\" cellspacing=\"0\" cellpadding=\"0\">\n<tbody>\n<tr>\n<td width=\"47\">\n<p align=\"center\"><b>M\u00caS<\/b><\/p>\n<\/td>\n<td width=\"142\">\n<p align=\"center\"><b>PER\u00cdODO<\/b><\/p>\n<\/td>\n<td width=\"359\">\n<p align=\"center\"><b>DISCIPLINA<\/b><\/p>\n<\/td>\n<td width=\"302\">\n<p align=\"center\"><b>DOCENTE<\/b><\/p>\n<\/td>\n<td width=\"38\">\n<p align=\"center\"><b>CH<\/b><\/p>\n<\/td>\n<td width=\"47\">\n<p align=\"center\"><b>Crd.<\/b><\/p>\n<\/td>\n<\/tr>\n<tr>\n<td colspan=\"2\" width=\"189\">\n<p align=\"center\"><b>De acordo com o calend\u00e1rio da gradua\u00e7\u00e3o<\/b><\/p>\n<\/td>\n<td width=\"359\">Est\u00e1gio de doc\u00eancia na gradua\u00e7\u00e3o<\/td>\n<td width=\"302\">Dra. Silvia Maria Mathes Faustino<b><\/b><\/td>\n<td width=\"38\">\n<p align=\"center\">30<\/p>\n<\/td>\n<td width=\"47\">\n<p align=\"center\">2<\/p>\n<\/td>\n<\/tr>\n<tr>\n<td rowspan=\"2\" width=\"47\">\n<p align=\"center\">Set<\/p>\n<\/td>\n<td width=\"142\">\n<p align=\"center\">08\/09 \u00e0 21\/09<\/p>\n<p align=\"center\">(Turno: Manh\u00e3)<\/p>\n<\/td>\n<td width=\"359\">M\u00e9todos espectrosc\u00f3picos aplicados \u00e0 an\u00e1lise de f\u00e1rmacos<\/td>\n<td width=\"302\">Dra. Sheylla Susan Moreira da Silva de Almeida<\/td>\n<td width=\"38\">\n<p align=\"center\">30<\/p>\n<\/td>\n<td width=\"47\">\n<p align=\"center\">2<\/p>\n<\/td>\n<\/tr>\n<tr>\n<td width=\"142\">\n<p align=\"center\">11\/09<\/p>\n<p align=\"center\">(Turno: Tarde)<\/p>\n<p align=\"center\">\u00a0(Outubro \u00e0 Dezembro)<\/p>\n<p align=\"center\">Aos S\u00e1bados<\/p>\n<p align=\"center\"><a href=\"http:\/\/www2.unifap.br\/ppgcf\/eventos\/ii-ciclo-de-seminarios-em-ciencias-farmaceuticas\/\">Conforme programa\u00e7\u00e3o<\/a><\/p>\n<p align=\"center\">\u00a0(turno: Manh\u00e3)<\/p>\n<\/td>\n<td width=\"359\">Semin\u00e1rios em Ci\u00eancias Farmac\u00eauticas II<\/td>\n<td width=\"302\">Dr. Francisco F\u00e1bio Oliveira de Sousa<\/td>\n<td width=\"38\">\n<p align=\"center\">30<\/p>\n<\/td>\n<td width=\"47\">\n<p align=\"center\">2<\/p>\n<\/td>\n<\/tr>\n<tr>\n<td rowspan=\"2\" width=\"47\">\n<p align=\"center\">Set \/ Out<\/p>\n<\/td>\n<td width=\"142\">\n<p align=\"center\">22\/09 \u00e0 05\/10<\/p>\n<p align=\"center\">(Turno: Manh\u00e3)<\/p>\n<\/td>\n<td width=\"359\">Desenvolvimento e valida\u00e7\u00e3o de fitoter\u00e1picos<\/td>\n<td width=\"302\">Dra. Sheylla Susan Moreira da Silva de Almeida<\/td>\n<td width=\"38\">\n<p align=\"center\">30<\/p>\n<\/td>\n<td width=\"47\">\n<p align=\"center\">2<\/p>\n<\/td>\n<\/tr>\n<tr>\n<td width=\"142\">\n<p align=\"center\">24\/09 \u00e0 02\/10<\/p>\n<p align=\"center\">08, 09,13\/10<\/p>\n<p align=\"center\">(Turno: Tarde)<\/p>\n<\/td>\n<td width=\"359\">Introdu\u00e7\u00e3o a qu\u00edmica medicinal dos nanof\u00e1rmacos e bioinorg\u00e2nicos<\/td>\n<td width=\"302\">Dr. Roberto Messias Bezerra<\/td>\n<td width=\"38\">\n<p align=\"center\">30<\/p>\n<\/td>\n<td width=\"47\">\n<p align=\"center\">3<\/p>\n<\/td>\n<\/tr>\n<tr>\n<td rowspan=\"3\" width=\"47\">\n<p align=\"center\">Out \/ Nov<\/p>\n<\/td>\n<td width=\"142\">\n<p align=\"center\">15, 26 \u00e0 30\/10<\/p>\n<p align=\"center\">03\/11 \u00e0 06\/11<\/p>\n<p align=\"center\">(Turno: Tarde)<\/p>\n<\/td>\n<td width=\"359\">Farmacoepidemiologia de antibi\u00f3ticos<\/td>\n<td width=\"302\">Dr. Hady Keita<\/td>\n<td width=\"38\">\n<p align=\"center\">30<\/p>\n<\/td>\n<td width=\"47\">\n<p align=\"center\">2<\/p>\n<\/td>\n<\/tr>\n<tr>\n<td width=\"142\">\n<p align=\"center\">05\/10 \u00e0 07\/10<\/p>\n<p align=\"center\">09\/11 \u00e0 13\/11<\/p>\n<p align=\"center\">(Turno: Tarde)<\/p>\n<\/td>\n<td width=\"359\">Estudos avan\u00e7ados com pol\u00edmeros de aplica\u00e7\u00e3o farmac\u00eautica<\/td>\n<td width=\"302\">Dr. Francisco F\u00e1bio Oliveira de Sousa<\/td>\n<td width=\"38\">\n<p align=\"center\">45<\/p>\n<\/td>\n<td width=\"47\">\n<p align=\"center\">3<\/p>\n<\/td>\n<\/tr>\n<tr>\n<td width=\"142\">\n<p align=\"center\">26, 28, 29\/10<\/p>\n<p align=\"center\">05, 06, 09, 12, 13\/11<\/p>\n<p align=\"center\">(Turno: Manh\u00e3)<\/p>\n<\/td>\n<td width=\"359\">Estudos <i>in vitro<\/i> da A\u00e7\u00e3o de F\u00e1rmacos em Sistemas Eucari\u00f3ticos<\/td>\n<td width=\"302\">Dr. Madson Ralide Fonseca Gomes<\/td>\n<td width=\"38\">\n<p align=\"center\">30<\/p>\n<\/td>\n<td width=\"47\">\n<p align=\"center\">2<\/p>\n<\/td>\n<\/tr>\n<tr>\n<td width=\"47\">\n<p align=\"center\">Nov<\/p>\n<\/td>\n<td width=\"142\">\n<p align=\"center\">16\/11 \u00e0 27\/11<\/p>\n<p align=\"center\">(Turno: Manh\u00e3)<\/p>\n<\/td>\n<td width=\"359\">For\u00e7as intermoleculares e superficiais aplicada a f\u00e1rmacos<\/td>\n<td width=\"302\">Dr. Jesus Rafael Rodriguez Amado<\/td>\n<td width=\"38\">\n<p align=\"center\">30<\/p>\n<\/td>\n<td width=\"47\">\n<p align=\"center\">3<\/p>\n<\/td>\n<\/tr>\n<tr>\n<td rowspan=\"2\" width=\"47\">\n<p align=\"center\">Dez<\/p>\n<\/td>\n<td width=\"142\">\n<p align=\"center\">01 \u00e0 04\/12<\/p>\n<p align=\"center\">(Turno: Manh\u00e3 e Tarde)<\/p>\n<\/td>\n<td width=\"359\">\u00a0Extratos Secos de Origem Vegetal: Obten\u00e7\u00e3o, caracteriza\u00e7\u00e3o e aplica\u00e7\u00f5es em tecnologia fitofarmac\u00eautica<\/td>\n<td width=\"302\">Dr. Edemilson Cardoso da Concei\u00e7\u00e3o (PPGIF)<\/td>\n<td width=\"38\">\n<p align=\"center\">60<\/p>\n<\/td>\n<td width=\"47\">\n<p align=\"center\">4<\/p>\n<\/td>\n<\/tr>\n<tr>\n<td width=\"142\">\n<p align=\"center\">07 \u00e0 17\/12<\/p>\n<p align=\"center\">(Turno: Manh\u00e3 e Tarde)<\/p>\n<\/td>\n<td width=\"359\">M\u00e9todos estat\u00edsticos aplicados aos ensaios biol\u00f3gicos<\/td>\n<td width=\"302\">Dra. Ma\u00edra Pombo<\/td>\n<td width=\"38\">\n<p align=\"center\">60<\/p>\n<\/td>\n<td width=\"47\">\n<p align=\"center\">4<\/p>\n<\/td>\n<\/tr>\n<tr>\n<td style=\"text-align: center\" width=\"47\">\u00a0Jan<\/td>\n<td width=\"142\">\n<p align=\"center\">11 \u00e0 15\/01\/2016<\/p>\n<p align=\"center\">(Turno: Manh\u00e3 e Tarde)<\/p>\n<\/td>\n<td width=\"359\">Nanotecnologia aplicada a f\u00e1rmacos<\/td>\n<td width=\"302\">Dr. Caio Pinho Fernandes<\/td>\n<td width=\"38\">\n<p align=\"center\">45<\/p>\n<\/td>\n<td width=\"47\">\n<p align=\"center\">3<\/p>\n<\/td>\n<\/tr>\n<\/tbody>\n<\/table>\n<\/div>\n<p>&nbsp;<\/p>\n<p><strong>Feriados previstos para o per\u00edodo:<\/strong><\/p>\n<p>&#8211; 07\/09 (Independ\u00eancia do Brasil);<\/p>\n<p>&#8211; 13\/09 (Funda\u00e7\u00e3o do Territ\u00f3rio do Amap\u00e1);<\/p>\n<p>&#8211; 12\/10 (Nossa Senhora Aparecida);<\/p>\n<p>&#8211; 28\/10 (Dia do Funcion\u00e1rio P\u00fablico);<\/p>\n<p>&#8211; 02\/11 (Finados);<\/p>\n<p>&#8211; 15\/11 (Proclama\u00e7\u00e3o da Rep\u00fablica);<\/p>\n<p>&#8211; 20\/11 (Consci\u00eancia Negra);<\/p>\n<p>&#8211; 30\/11 (Dia do Evang\u00e9lico);<\/p>\n<p>&#8211; 08\/12 (Nossa Senhora da Concei\u00e7\u00e3o);<\/p>\n<p>&#8211; 25\/12 (Natal).<\/p>\n<p>&nbsp;<\/p>\n<p><strong>Facultado:<\/strong><\/p>\n<p>&#8211; 11\/08 (Dia do Estudante);<\/p>\n<p>&#8211; 15\/10 (Dia do Professor).<\/p>\n","protected":false},"excerpt":{"rendered":"<p>CALEND\u00c1RIO DE DISCIPLINAS (2\u00ba SEMESTRE \/ SETEMBRO\/2015 &#8211; JANEIRO\/2016) \u2192 Cronograma de Aulas\u00a0[aqui]\u00a0e\u00a0[aqui]. M\u00caS PER\u00cdODO DISCIPLINA DOCENTE CH Crd. De acordo com o calend\u00e1rio da gradua\u00e7\u00e3o Est\u00e1gio de doc\u00eancia na gradua\u00e7\u00e3o Dra. Silvia Maria Mathes Faustino 30 2 Set 08\/09&hellip; <\/p>\n<p><a href=\"https:\/\/www2.unifap.br\/ppgcf\/ofertas-de-disciplinas\/ofertas-2015-2\/\" class=\"readmore-button\">Continue Reading<\/a><\/p>\n","protected":false},"author":624,"featured_media":0,"parent":1199,"menu_order":2,"comment_status":"open","ping_status":"open","template":"","meta":{"inline_featured_image":false,"ngg_post_thumbnail":0,"footnotes":""},"class_list":["post-828","page","type-page","status-publish","hentry"],"_links":{"self":[{"href":"https:\/\/www2.unifap.br\/ppgcf\/wp-json\/wp\/v2\/pages\/828","targetHints":{"allow":["GET"]}}],"collection":[{"href":"https:\/\/www2.unifap.br\/ppgcf\/wp-json\/wp\/v2\/pages"}],"about":[{"href":"https:\/\/www2.unifap.br\/ppgcf\/wp-json\/wp\/v2\/types\/page"}],"author":[{"embeddable":true,"href":"https:\/\/www2.unifap.br\/ppgcf\/wp-json\/wp\/v2\/users\/624"}],"replies":[{"embeddable":true,"href":"https:\/\/www2.unifap.br\/ppgcf\/wp-json\/wp\/v2\/comments?post=828"}],"version-history":[{"count":15,"href":"https:\/\/www2.unifap.br\/ppgcf\/wp-json\/wp\/v2\/pages\/828\/revisions"}],"predecessor-version":[{"id":1374,"href":"https:\/\/www2.unifap.br\/ppgcf\/wp-json\/wp\/v2\/pages\/828\/revisions\/1374"}],"up":[{"embeddable":true,"href":"https:\/\/www2.unifap.br\/ppgcf\/wp-json\/wp\/v2\/pages\/1199"}],"wp:attachment":[{"href":"https:\/\/www2.unifap.br\/ppgcf\/wp-json\/wp\/v2\/media?parent=828"}],"curies":[{"name":"wp","href":"https:\/\/api.w.org\/{rel}","templated":true}]}}