{"id":867,"date":"2015-09-29T12:39:05","date_gmt":"2015-09-29T12:39:05","guid":{"rendered":"http:\/\/www2.unifap.br\/ppgcf\/?page_id=867"},"modified":"2017-10-09T21:17:41","modified_gmt":"2017-10-09T21:17:41","slug":"eventos","status":"publish","type":"page","link":"https:\/\/www2.unifap.br\/ppgcf\/eventos\/","title":{"rendered":"Eventos"},"content":{"rendered":"<h1><strong>MURAL DE EVENTOS<\/strong><\/h1>\n<p>&nbsp;<\/p>\n<h2><strong>IV Ciclo de Semin\u00e1rios em Ci\u00eancias Farmac\u00eauticas &#8211; Da Planta ao Medicamento<\/strong><\/h2>\n<p>Maiores informa\u00e7\u00f5es e para conferir a programa\u00e7\u00e3o completa <a href=\"http:\/\/www2.unifap.br\/ppgcf\/eventos\/iv-ciclo-de-seminarios-em-ciencias-farmaceuticas\/\">acesse aqui<\/a>.<\/p>\n<p style=\"text-align: center\"><a href=\"http:\/\/www2.unifap.br\/ppgcf\/files\/2015\/09\/IV-Ciclo-de-Semin\u00e1rios-PPGIF-e-PPGCF.jpeg\"><img fetchpriority=\"high\" decoding=\"async\" class=\"alignnone size-medium wp-image-2007\" alt=\"IV Ciclo de Semin\u00e1rios PPGIF e PPGCF\" src=\"http:\/\/www2.unifap.br\/ppgcf\/files\/2015\/09\/IV-Ciclo-de-Semin\u00e1rios-PPGIF-e-PPGCF-212x300.jpeg\" width=\"212\" height=\"300\" srcset=\"https:\/\/www2.unifap.br\/ppgcf\/files\/2015\/09\/IV-Ciclo-de-Semin\u00e1rios-PPGIF-e-PPGCF-212x300.jpeg 212w, https:\/\/www2.unifap.br\/ppgcf\/files\/2015\/09\/IV-Ciclo-de-Semin\u00e1rios-PPGIF-e-PPGCF-724x1024.jpeg 724w, https:\/\/www2.unifap.br\/ppgcf\/files\/2015\/09\/IV-Ciclo-de-Semin\u00e1rios-PPGIF-e-PPGCF.jpeg 905w\" sizes=\"(max-width: 212px) 100vw, 212px\" \/><\/a><\/p>\n<p>&nbsp;<\/p>\n<h2><strong>III Ciclo de Semin\u00e1rios em Ci\u00eancias Farmac\u00eauticas:\u00a0Tecnologia e Biologia Farmac\u00eautica<\/strong><\/h2>\n<p>Maiores informa\u00e7\u00f5es e para conferir a programa\u00e7\u00e3o completa <a href=\"http:\/\/www2.unifap.br\/ppgcf\/eventos\/iii-ciclo-de-seminarios-em-ciencias-farmaceuticas-tecnologia-e-biologia-farmaceutica\/\">acesse aqui<\/a>.<\/p>\n<p><a href=\"http:\/\/www2.unifap.br\/ppgcf\/files\/2015\/09\/IMG-20160928-WA0021.jpg\"><img decoding=\"async\" class=\"alignnone size-medium wp-image-1497 aligncenter\" alt=\"IMG-20160928-WA0021\" src=\"http:\/\/www2.unifap.br\/ppgcf\/files\/2015\/09\/IMG-20160928-WA0021-300x300.jpg\" width=\"300\" height=\"300\" srcset=\"https:\/\/www2.unifap.br\/ppgcf\/files\/2015\/09\/IMG-20160928-WA0021-300x300.jpg 300w, https:\/\/www2.unifap.br\/ppgcf\/files\/2015\/09\/IMG-20160928-WA0021-150x150.jpg 150w, https:\/\/www2.unifap.br\/ppgcf\/files\/2015\/09\/IMG-20160928-WA0021-1024x1024.jpg 1024w, https:\/\/www2.unifap.br\/ppgcf\/files\/2015\/09\/IMG-20160928-WA0021-70x70.jpg 70w, https:\/\/www2.unifap.br\/ppgcf\/files\/2015\/09\/IMG-20160928-WA0021.jpg 1276w\" sizes=\"(max-width: 300px) 100vw, 300px\" \/><\/a><\/p>\n<p>&nbsp;<\/p>\n<p>&nbsp;<\/p>\n<p>&nbsp;<\/p>\n<h2><strong>II Ciclo de Semin\u00e1rios em Ci\u00eancias Farmac\u00eauticas<\/strong><\/h2>\n<p style=\"text-align: justify\">O II Ciclo de Semin\u00e1rios em Ci\u00eancias Farmac\u00eauticas ocorrer\u00e1 no per\u00edodo de 10 de Outubro \u00e0 19 de Dezembro de 2015 no bloco de salas de aula e laborat\u00f3rios do curso de Farm\u00e1cia na Universidade Federal do Amap\u00e1 &#8211; UNIFAP.<\/p>\n<p style=\"text-align: justify\">O Ciclo de Semin\u00e1rios em Ci\u00eancias Farmac\u00eauticas visa aproximar a ci\u00eancia de seu p\u00fablico alvo, contribuindo e repercutindo na forma\u00e7\u00e3o de estudantes da gradua\u00e7\u00e3o, p\u00f3s-gradua\u00e7\u00e3o e forma\u00e7\u00e3o cont\u00ednua de profissionais na \u00e1rea de ci\u00eancias farmac\u00eauticas e \u00e1reas afins. O evento ser\u00e1 formado por um conjunto de cursos e palestras voltado para a \u00e1rea de farm\u00e1cia e sa\u00fade.<\/p>\n<p style=\"text-align: justify\">Per\u00edodo de inscri\u00e7\u00e3o: 28 de Setembro \u00e0 08 de Outubro de 2015.<\/p>\n<p style=\"text-align: justify\">Local de inscri\u00e7\u00f5es: Higiafarma e Coordena\u00e7\u00e3o de P\u00f3s-Gradua\u00e7\u00e3o em Ci\u00eancias Farmac\u00eauticas (no Bloco de do Curso de Farm\u00e1cia da UNIFAP).<\/p>\n<p style=\"text-align: justify\">P\u00fablico Alvo: Acad\u00eamicos e Profissionais na \u00e1rea da sa\u00fade.<\/p>\n<p style=\"text-align: justify\">Para conferir a programa\u00e7\u00e3o completa <span style=\"text-decoration: underline\"><span style=\"color: #0000ff\"><a href=\"http:\/\/www2.unifap.br\/ppgcf\/eventos\/ii-ciclo-de-seminarios-em-ciencias-farmaceuticas\/\"><span style=\"color: #0000ff;text-decoration: underline\">acesse aqui<\/span><\/a><\/span><\/span>.<\/p>\n<p><a href=\"http:\/\/www2.unifap.br\/ppgcf\/files\/2015\/09\/CARTAZ-1.png\"><img decoding=\"async\" class=\"size-medium wp-image-895 aligncenter\" alt=\"CARTAZ-1\" src=\"http:\/\/www2.unifap.br\/ppgcf\/files\/2015\/09\/CARTAZ-1-213x300.png\" width=\"213\" height=\"300\" srcset=\"https:\/\/www2.unifap.br\/ppgcf\/files\/2015\/09\/CARTAZ-1-213x300.png 213w, https:\/\/www2.unifap.br\/ppgcf\/files\/2015\/09\/CARTAZ-1-727x1024.png 727w, https:\/\/www2.unifap.br\/ppgcf\/files\/2015\/09\/CARTAZ-1.png 1181w\" sizes=\"(max-width: 213px) 100vw, 213px\" \/><\/a><\/p>\n<p>&nbsp;<\/p>\n<p>&nbsp;<\/p>\n<p>&nbsp;<\/p>\n<h2><strong>1\u00ba Encontro de P\u00f3s-Gradua\u00e7\u00e3o da Unifap<\/strong><\/h2>\n<p style=\"text-align: justify\">O\u00a0evento objetiva oportunizar a divulga\u00e7\u00e3o e exposi\u00e7\u00e3o dos trabalhos cient\u00edficos gerados por estudantes dos cursos de p\u00f3s-gradua\u00e7\u00e3o\u00a0<em>Strictu sensu<\/em>\u00a0nas diversas \u00e1reas do conhecimento, contribuindo, assim, para a produ\u00e7\u00e3o do conhecimento e da inova\u00e7\u00e3o. Para isso fica\u00a0aberta a\u00a0submiss\u00e3o de resumos de trabalhos\u00a0no per\u00edodo de 10 de setembro a \u00a004 de outubro\u00a0de 2013.<\/p>\n<p style=\"text-align: justify\">Divulgar para a comunidade acad\u00eamica e externa os Programas\u00a0<em>Strictu sensu<\/em>,\u00a0suas linhas de pesquisas, os trabalhos produzidos, juntamente com \u00f3rg\u00e3os parceiros, existentes na Universidade Federal do Amap\u00e1.<\/p>\n<p style=\"text-align: justify\">Intercambiar experi\u00eancias sobre o fortalecimento das capacidades de pesquisa e p\u00f3s-gradua\u00e7\u00e3o na Universidade Federal do Amap\u00e1, conjuntamente com as ag\u00eancias de fomento \u00e0 pesquisa existente no Estado e no Pa\u00eds.<\/p>\n<p style=\"text-align: justify\">Per\u00edodo de Inscri\u00e7\u00e3o:\u00a010 de Setembro \u00e0 25 de Novembro de 2013.<\/p>\n<p style=\"text-align: justify\">Local de inscri\u00e7\u00f5es:\u00a0Pr\u00f3-Reitoria de Pesquisa e P\u00f3s-Gradua\u00e7\u00e3o, localizada no pr\u00e9dio da reitoria da UNIFAP.<\/p>\n<p style=\"text-align: justify\">Maiores informa\u00e7\u00f5es na p\u00e1gina eletr\u00f4nica do evento\u00a0<a href=\"http:\/\/posgraduacao2013.wix.com\/unifap\">http:\/\/posgraduacao2013.wix.com\/unifap<\/a>.<\/p>\n<p><a href=\"http:\/\/www2.unifap.br\/ppgcf\/files\/2015\/09\/1\u00ba-Encontro-de-P\u00f3s-Gradua\u00e7\u00e3o-da-Unifap.png\"><img loading=\"lazy\" decoding=\"async\" class=\"size-full wp-image-1221 aligncenter\" alt=\"1\u00ba Encontro de P\u00f3s-Gradua\u00e7\u00e3o da Unifap\" src=\"http:\/\/www2.unifap.br\/ppgcf\/files\/2015\/09\/1\u00ba-Encontro-de-P\u00f3s-Gradua\u00e7\u00e3o-da-Unifap.png\" width=\"250\" height=\"125\" \/><\/a><\/p>\n","protected":false},"excerpt":{"rendered":"<p>MURAL DE EVENTOS &nbsp; IV Ciclo de Semin\u00e1rios em Ci\u00eancias Farmac\u00eauticas &#8211; Da Planta ao Medicamento Maiores informa\u00e7\u00f5es e para conferir a programa\u00e7\u00e3o completa acesse aqui. &nbsp; III Ciclo de Semin\u00e1rios em Ci\u00eancias Farmac\u00eauticas:\u00a0Tecnologia e Biologia Farmac\u00eautica Maiores informa\u00e7\u00f5es e&hellip; <\/p>\n<p><a href=\"https:\/\/www2.unifap.br\/ppgcf\/eventos\/\" class=\"readmore-button\">Continue Reading<\/a><\/p>\n","protected":false},"author":624,"featured_media":0,"parent":0,"menu_order":14,"comment_status":"open","ping_status":"open","template":"","meta":{"inline_featured_image":false,"ngg_post_thumbnail":0,"footnotes":""},"class_list":["post-867","page","type-page","status-publish","hentry"],"_links":{"self":[{"href":"https:\/\/www2.unifap.br\/ppgcf\/wp-json\/wp\/v2\/pages\/867","targetHints":{"allow":["GET"]}}],"collection":[{"href":"https:\/\/www2.unifap.br\/ppgcf\/wp-json\/wp\/v2\/pages"}],"about":[{"href":"https:\/\/www2.unifap.br\/ppgcf\/wp-json\/wp\/v2\/types\/page"}],"author":[{"embeddable":true,"href":"https:\/\/www2.unifap.br\/ppgcf\/wp-json\/wp\/v2\/users\/624"}],"replies":[{"embeddable":true,"href":"https:\/\/www2.unifap.br\/ppgcf\/wp-json\/wp\/v2\/comments?post=867"}],"version-history":[{"count":19,"href":"https:\/\/www2.unifap.br\/ppgcf\/wp-json\/wp\/v2\/pages\/867\/revisions"}],"predecessor-version":[{"id":2013,"href":"https:\/\/www2.unifap.br\/ppgcf\/wp-json\/wp\/v2\/pages\/867\/revisions\/2013"}],"wp:attachment":[{"href":"https:\/\/www2.unifap.br\/ppgcf\/wp-json\/wp\/v2\/media?parent=867"}],"curies":[{"name":"wp","href":"https:\/\/api.w.org\/{rel}","templated":true}]}}