{"id":872,"date":"2015-09-29T12:50:03","date_gmt":"2015-09-29T12:50:03","guid":{"rendered":"http:\/\/www2.unifap.br\/ppgcf\/?page_id=872"},"modified":"2015-09-29T18:33:09","modified_gmt":"2015-09-29T18:33:09","slug":"ii-ciclo-de-seminarios-em-ciencias-farmaceuticas","status":"publish","type":"page","link":"https:\/\/www2.unifap.br\/ppgcf\/eventos\/ii-ciclo-de-seminarios-em-ciencias-farmaceuticas\/","title":{"rendered":"II Ciclo de Semin\u00e1rios em Ci\u00eancias Farmac\u00eauticas"},"content":{"rendered":"<p style=\"text-align: center\"><a href=\"http:\/\/www2.unifap.br\/ppgcf\/files\/2015\/09\/CABE\u00c7ALHO.jpg\"><img decoding=\"async\" class=\"alignnone size-medium wp-image-887\" alt=\"CABE\u00c7ALHO\" src=\"http:\/\/www2.unifap.br\/ppgcf\/files\/2015\/09\/CABE\u00c7ALHO-300x69.jpg\" width=\"300\" height=\"69\" srcset=\"https:\/\/www2.unifap.br\/ppgcf\/files\/2015\/09\/CABE\u00c7ALHO-300x69.jpg 300w, https:\/\/www2.unifap.br\/ppgcf\/files\/2015\/09\/CABE\u00c7ALHO-1024x236.jpg 1024w\" sizes=\"(max-width: 300px) 100vw, 300px\" \/><\/a><\/p>\n<p style=\"text-align: center\"><strong>PROGRAMA\u00c7\u00c3O<\/strong><\/p>\n<table width=\"962\" border=\"1\" cellspacing=\"0\" cellpadding=\"0\">\n<tbody>\n<tr>\n<td valign=\"top\" width=\"87\">\n<p align=\"center\"><b><i>Data <\/i><\/b><\/p>\n<\/td>\n<td valign=\"top\" width=\"184\">\n<p align=\"center\"><b><i>Curso <\/i><\/b><\/p>\n<\/td>\n<td valign=\"top\" width=\"425\">\n<p align=\"center\"><b><i>Conte\u00fado <\/i><\/b><\/p>\n<\/td>\n<td valign=\"top\" width=\"265\">\n<p align=\"center\"><b><i>Respons\u00e1veis <\/i><\/b><\/p>\n<\/td>\n<\/tr>\n<tr>\n<td valign=\"top\" width=\"87\">10\/10\/2015<b><\/b><\/td>\n<td rowspan=\"2\" valign=\"top\" width=\"184\">\n<p align=\"center\"><b>Aten\u00e7\u00e3o Farmac\u00eautica<\/b><\/p>\n<p align=\"center\">\n<\/td>\n<td rowspan=\"2\" valign=\"top\" width=\"425\">\n<p style=\"text-align: justify\">Introdu\u00e7\u00e3o \u00e0 Aten\u00e7\u00e3o Farmac\u00eautica; m\u00e9todos em aten\u00e7\u00e3o farmac\u00eautica; Seguimento farmacoterap\u00eautico segundo o m\u00e9todo de <i>Minnesota<\/i>: teoria e pr\u00e1tica.<\/p>\n<\/td>\n<td rowspan=\"2\" valign=\"top\" width=\"265\">Jos\u00e9 Adolfo H. M. Bittencourt \u2013 )PGIF;<\/p>\n<p>Carolina Miranda de S. Lima \u2013 PPGIF;<\/p>\n<p>Mayara A. Teles Fujishima \u2013 PPGIF;<\/p>\n<p>Uriel Davi de A. e Silva &#8211; PPGCF<b><\/b><\/td>\n<\/tr>\n<tr>\n<td valign=\"top\" width=\"87\">17\/10\/2015<b><\/b><\/td>\n<\/tr>\n<tr>\n<td valign=\"top\" width=\"87\">24\/10\/2015<b><\/b><\/p>\n<p>&nbsp;<\/td>\n<td valign=\"top\" width=\"184\">\n<p align=\"center\"><b>Estabilidade de formula\u00e7\u00f5es semi-s\u00f3lidas<\/b><b><\/b><\/p>\n<\/td>\n<td valign=\"top\" width=\"425\">\n<p style=\"text-align: justify\">Planejamento de estudos de estabilidade; mecanismos de degrada\u00e7\u00e3o de f\u00e1rmacos (Oxida\u00e7\u00e3o, fotodecomposi\u00e7\u00e3o, hidrolise e polimeriza\u00e7\u00e3o).<\/p>\n<\/td>\n<td valign=\"top\" width=\"265\">Ialle Gurgel Borges \u2013 PPGIF<\/p>\n<p>Danielle Craveiro Silva \u2013 PPGCF<\/td>\n<\/tr>\n<tr>\n<td valign=\"top\" width=\"87\">31\/10\/2015<\/td>\n<td valign=\"top\" width=\"184\">\n<p align=\"center\"><b>Atividade Antioxidante de extratos vegetais<\/b><\/p>\n<p><b>\u00a0<\/b><\/td>\n<td valign=\"top\" width=\"425\">\n<p style=\"text-align: justify\">Radicais livres, especialmente aqueles derivados de oxig\u00eanio e nitrog\u00eanio; conceitos b\u00e1sicos sobre estresse oxidativo e sua rela\u00e7\u00e3o com doen\u00e7as; atividade antioxidante; T\u00e9cnicas espectrofotom\u00e9tricas para determina\u00e7\u00e3o de atividade antioxidante; Determina\u00e7\u00e3o da atividade antioxidante atrav\u00e9s do m\u00e9todo de sequestro de radicais livres (DPPH).<\/p>\n<\/td>\n<td valign=\"top\" width=\"265\">Ranggel carvalho Sim\u00f5es \u2013 PPGCF<\/p>\n<p>Rosany Lopes Martins \u2013 PPGCF<\/td>\n<\/tr>\n<tr>\n<td valign=\"top\" width=\"87\">07\/11\/2015<b><\/b><\/td>\n<td valign=\"top\" width=\"184\">\n<p align=\"center\"><b>Quantifica\u00e7\u00e3o de metais pesados em amostras de marupazinho e a\u00e7a\u00ed<\/b><b><\/b><\/p>\n<p align=\"center\"><b>\u00a0<\/b><\/p>\n<\/td>\n<td valign=\"top\" width=\"425\">\n<p style=\"text-align: justify\">Introdu\u00e7\u00e3o \u00e0 Quantifica\u00e7\u00e3o de metais pesados; uso popular do marupazinho e a\u00e7a\u00ed; an\u00e1lise de espectrofotometria de absor\u00e7\u00e3o at\u00f4mica; preparo de solu\u00e7\u00f5es e calcina\u00e7\u00e3o; teste de disponibilidade de ferro no marupazinho e a\u00e7a\u00ed.<\/p>\n<\/td>\n<td valign=\"top\" width=\"265\">Gabryelle Furtado de Almeida &#8211; PPGCF<\/p>\n<p>Hina da Silva Furtado &#8211; PPGCF<\/p>\n<p>&nbsp;<\/p>\n<p>&nbsp;<\/td>\n<\/tr>\n<tr>\n<td valign=\"top\" width=\"87\">14\/11\/2015<b><\/b><\/p>\n<p>&nbsp;<\/td>\n<td valign=\"top\" width=\"184\">\n<p align=\"center\"><b>Diagn\u00f3stico Micol\u00f3gico<\/b><b><\/b><\/p>\n<p align=\"center\"><b>\u00a0<\/b><\/p>\n<\/td>\n<td valign=\"top\" width=\"425\">\n<p style=\"text-align: justify\">Caracter\u00edsticas gerais dos fungos; Classifica\u00e7\u00e3o das micoses; Exame microsc\u00f3pico direto: montagem com salina e com hidr\u00f3xido de pot\u00e1ssio; Cultura e identifica\u00e7\u00e3o de fungos filamentosos e leveduriformes atrav\u00e9s de exames macrosc\u00f3picos e microsc\u00f3picos; Diagn\u00f3stico laboratorial das micoses<i>.<\/i><\/p>\n<\/td>\n<td valign=\"top\" width=\"265\">Edilson Leal da Cunha \u2013 PPGIF<\/p>\n<p>Dayse Maria Cunha S\u00e1 \u2013 PPGIF<\/td>\n<\/tr>\n<tr>\n<td valign=\"top\" width=\"87\">21\/11\/2015<\/td>\n<td valign=\"top\" width=\"184\">\n<p align=\"center\"><b>Nanotecnologia: desenvolvimento de nanoformula\u00e7\u00f5es<\/b><\/p>\n<p align=\"center\"><b>\u00a0<\/b><\/p>\n<\/td>\n<td valign=\"top\" width=\"425\">\n<p style=\"text-align: justify\">Conceitos em nanotecnologia: princ\u00edpios fundamentais; abrang\u00eancia e multidisciplinaridade da nanotecnologia; Nanoformula\u00e7\u00f5es: introdu\u00e7\u00e3o e desenvolvimento de diferentes formula\u00e7\u00f5es que envolvem escala nano; M\u00e9todos gerais de prepara\u00e7\u00e3o de nanoformula\u00e7\u00f5es; Aplica\u00e7\u00f5es pr\u00e1ticas na Nanotecnologia (nanoemuls\u00e3o e nanopart\u00edcula).<\/p>\n<\/td>\n<td valign=\"top\" width=\"265\">Ant\u00f4nio Paulo R. Bitencourt \u2013 PPGCF<\/p>\n<p>Danilo Cabral de S\u00e1 Hyacienth \u2013 PPGCF<\/p>\n<p>Mario Omar Calla Salcedo &#8211; PPGCF<\/td>\n<\/tr>\n<tr>\n<td valign=\"top\" width=\"87\">28\/11\/2015<\/td>\n<td valign=\"top\" width=\"184\">\n<p align=\"center\"><b>Ensaios pr\u00e9-cl\u00ednicos (estudos in vitro e in vivo)<\/b><\/p>\n<\/td>\n<td valign=\"top\" width=\"425\">\n<p style=\"text-align: justify\">Estudos in vitro \u2013 Estudos <i>in vivo<\/i> \u2013Toxicidade aguda \u2013Toxicidade subaguda ou cr\u00f4nica \u2013Teratog\u00eania<\/p>\n<\/td>\n<td valign=\"top\" width=\"265\">Ivagner Ferreira Ribeiro \u2013 PPGCF<\/p>\n<p>Patr\u00edcio da Silva Almeida \u2013 PPGCF<\/td>\n<\/tr>\n<tr>\n<td valign=\"top\" width=\"87\">05\/12\/2015<\/td>\n<td valign=\"top\" width=\"184\">\n<p align=\"center\"><b>Cicatriza\u00e7\u00e3o<\/b><\/p>\n<p align=\"center\">\n<\/td>\n<td valign=\"top\" width=\"425\">\n<p style=\"text-align: justify\">O estudo da cicatriza\u00e7\u00e3o da pele envolve um processo complexo e din\u00e2mico para reconstituir o tecido. Portanto, ao projetar um sistema de cura de feridas ou curativo, todas as etapas devem ser cuidadosamente consideradas. Assim, essa palestra pretende demonstrar cada passo necess\u00e1rio para execu\u00e7\u00e3o dessa pesquisa desde os aspectos \u00e9ticos at\u00e9 o biol\u00f3gico evidenciando a processo de confec\u00e7\u00e3o das l\u00e2minas histol\u00f3gicas.<\/p>\n<\/td>\n<td valign=\"top\" width=\"265\">Albenise Santana Alves Barros \u2013 PPGCF<\/p>\n<p>Brenda Fernandes Conrado \u2013 PPGCF<\/p>\n<p>&nbsp;<\/p>\n<p>&nbsp;<\/td>\n<\/tr>\n<tr>\n<td valign=\"top\" width=\"87\">12\/12\/2015<\/td>\n<td valign=\"top\" width=\"184\">\n<p align=\"center\"><b>Caracteriza\u00e7\u00e3o Histol\u00f3gica e Histopatologia em <i>Zebrafish<\/i><\/b><b><\/b><\/p>\n<p>&nbsp;<\/td>\n<td valign=\"top\" width=\"425\">\n<p style=\"text-align: justify\">Introdu\u00e7\u00e3o \u00e0 Histologia: m\u00e9todos e t\u00e9cnicas de estudo de c\u00e9lulas e tecidos; Tecido epitelial de revestimento e glandular: polariza\u00e7\u00e3o celular, membrana basal, jun\u00e7\u00f5es intercelulares. C\u00e9lulas e caracteriza\u00e7\u00e3o geral dos tecidos; Tecido conjuntivo: c\u00e9lulas, material extracelular (fibras e matriz) e tipos de tecido conjuntivo; <i>Zebrafish:<\/i> principais caracter\u00edsticas histol\u00f3gicas e altera\u00e7\u00f5es patol\u00f3gicas em br\u00e2nquias, rins e f\u00edgado de <i>zebrafish.<\/i><\/p>\n<\/td>\n<td valign=\"top\" width=\"265\">Gisele Cust\u00f3dio de Souza \u2013 PPGIF<\/p>\n<p>Raphaelle Sousa Borges \u2013 PPGIF<\/td>\n<\/tr>\n<tr>\n<td valign=\"top\" width=\"87\">19\/12\/2015<\/td>\n<td valign=\"top\" width=\"184\">\n<p align=\"center\"><b>S\u00edntese computacional de f\u00e1rmacos: import\u00e2ncia e novas perspectivas para a qu\u00edmica farmac\u00eautica <\/b><\/p>\n<\/td>\n<td valign=\"top\" width=\"425\">\n<p style=\"text-align: justify\">Softwares utilizados na constru\u00e7\u00e3o virtual de mol\u00e9culas.<\/p>\n<\/td>\n<td valign=\"top\" width=\"265\">Jaderson Viera Ferreira &#8211; PPGCF<\/td>\n<\/tr>\n<\/tbody>\n<\/table>\n","protected":false},"excerpt":{"rendered":"<p>PROGRAMA\u00c7\u00c3O Data Curso Conte\u00fado Respons\u00e1veis 10\/10\/2015 Aten\u00e7\u00e3o Farmac\u00eautica Introdu\u00e7\u00e3o \u00e0 Aten\u00e7\u00e3o Farmac\u00eautica; m\u00e9todos em aten\u00e7\u00e3o farmac\u00eautica; Seguimento farmacoterap\u00eautico segundo o m\u00e9todo de Minnesota: teoria e pr\u00e1tica. Jos\u00e9 Adolfo H. M. Bittencourt \u2013 )PGIF; Carolina Miranda de S. Lima \u2013 PPGIF;&hellip; <\/p>\n<p><a href=\"https:\/\/www2.unifap.br\/ppgcf\/eventos\/ii-ciclo-de-seminarios-em-ciencias-farmaceuticas\/\" class=\"readmore-button\">Continue Reading<\/a><\/p>\n","protected":false},"author":624,"featured_media":0,"parent":867,"menu_order":0,"comment_status":"open","ping_status":"open","template":"","meta":{"inline_featured_image":false,"ngg_post_thumbnail":0,"footnotes":""},"class_list":["post-872","page","type-page","status-publish","hentry"],"_links":{"self":[{"href":"https:\/\/www2.unifap.br\/ppgcf\/wp-json\/wp\/v2\/pages\/872","targetHints":{"allow":["GET"]}}],"collection":[{"href":"https:\/\/www2.unifap.br\/ppgcf\/wp-json\/wp\/v2\/pages"}],"about":[{"href":"https:\/\/www2.unifap.br\/ppgcf\/wp-json\/wp\/v2\/types\/page"}],"author":[{"embeddable":true,"href":"https:\/\/www2.unifap.br\/ppgcf\/wp-json\/wp\/v2\/users\/624"}],"replies":[{"embeddable":true,"href":"https:\/\/www2.unifap.br\/ppgcf\/wp-json\/wp\/v2\/comments?post=872"}],"version-history":[{"count":4,"href":"https:\/\/www2.unifap.br\/ppgcf\/wp-json\/wp\/v2\/pages\/872\/revisions"}],"predecessor-version":[{"id":886,"href":"https:\/\/www2.unifap.br\/ppgcf\/wp-json\/wp\/v2\/pages\/872\/revisions\/886"}],"up":[{"embeddable":true,"href":"https:\/\/www2.unifap.br\/ppgcf\/wp-json\/wp\/v2\/pages\/867"}],"wp:attachment":[{"href":"https:\/\/www2.unifap.br\/ppgcf\/wp-json\/wp\/v2\/media?parent=872"}],"curies":[{"name":"wp","href":"https:\/\/api.w.org\/{rel}","templated":true}]}}