{"id":885,"date":"2016-09-27T19:44:29","date_gmt":"2016-09-27T19:44:29","guid":{"rendered":"http:\/\/www2.unifap.br\/ppgcf\/?page_id=885"},"modified":"2016-09-27T19:45:21","modified_gmt":"2016-09-27T19:45:21","slug":"reunioes-do-colegiado","status":"publish","type":"page","link":"https:\/\/www2.unifap.br\/ppgcf\/apresentacao\/reunioes-do-colegiado\/","title":{"rendered":"Reuni\u00f5es do Colegiado"},"content":{"rendered":"<h1 style=\"text-align: center\"><strong>Reuni\u00f5es Colegiado &#8211; 2016 \/ 2017<\/strong><\/h1>\n<p>&nbsp;<\/p>\n<div align=\"center\">\n<table border=\"1\" cellspacing=\"0\" cellpadding=\"0\">\n<tbody>\n<tr>\n<td width=\"192\">\n<p align=\"center\"><b>Dia<\/b><\/p>\n<\/td>\n<td width=\"192\">\n<p align=\"center\"><b>M\u00eas \/ Ano<\/b><\/p>\n<\/td>\n<td width=\"192\">\n<p align=\"center\"><b>Hora<\/b><\/p>\n<\/td>\n<\/tr>\n<tr>\n<td width=\"192\">\n<p align=\"center\">15<\/p>\n<\/td>\n<td width=\"192\">\n<p align=\"center\">Janeiro \/ 2016<\/p>\n<\/td>\n<td width=\"192\">\n<p align=\"center\">10h00<\/p>\n<\/td>\n<\/tr>\n<tr>\n<td width=\"192\">\n<p align=\"center\">29<\/p>\n<\/td>\n<td width=\"192\">\n<p align=\"center\">Janeiro \/ 2016<\/p>\n<\/td>\n<td width=\"192\">\n<p align=\"center\">09h30<\/p>\n<\/td>\n<\/tr>\n<tr>\n<td width=\"192\">\n<p align=\"center\">25<\/p>\n<\/td>\n<td width=\"192\">\n<p align=\"center\">Fevereiro \/ 2016<\/p>\n<\/td>\n<td width=\"192\">\n<p align=\"center\">14h00<\/p>\n<\/td>\n<\/tr>\n<tr>\n<td width=\"192\">\n<p align=\"center\">20<\/p>\n<\/td>\n<td width=\"192\">\n<p align=\"center\">Abril \/ 2016<\/p>\n<\/td>\n<td width=\"192\">\n<p align=\"center\">14h00<\/p>\n<\/td>\n<\/tr>\n<tr>\n<td width=\"192\">\n<p align=\"center\">10<\/p>\n<\/td>\n<td width=\"192\">\n<p align=\"center\">Junho \/ 2016<\/p>\n<\/td>\n<td width=\"192\">\n<p align=\"center\">09h00<\/p>\n<\/td>\n<\/tr>\n<tr>\n<td width=\"192\">\n<p align=\"center\">03<\/p>\n<\/td>\n<td width=\"192\">\n<p align=\"center\">Agosto \/ 2016<\/p>\n<\/td>\n<td width=\"192\">\n<p align=\"center\">09h30<\/p>\n<\/td>\n<\/tr>\n<tr>\n<td width=\"192\">\n<p align=\"center\">15<\/p>\n<\/td>\n<td width=\"192\">\n<p align=\"center\">Setembro \/ 2016<\/p>\n<\/td>\n<td width=\"192\">\n<p align=\"center\">16h00<\/p>\n<\/td>\n<\/tr>\n<tr>\n<td width=\"192\">\n<p align=\"center\">27<\/p>\n<\/td>\n<td width=\"192\">\n<p align=\"center\">Outubro \/ 2016<\/p>\n<\/td>\n<td width=\"192\">\n<p align=\"center\">13h30<\/p>\n<\/td>\n<\/tr>\n<tr>\n<td width=\"192\">\n<p align=\"center\">24<\/p>\n<\/td>\n<td width=\"192\">\n<p align=\"center\">Novembro \/ 2016<\/p>\n<\/td>\n<td width=\"192\">\n<p align=\"center\">08h30<\/p>\n<\/td>\n<\/tr>\n<tr>\n<td width=\"192\">\n<p align=\"center\">15<\/p>\n<\/td>\n<td width=\"192\">\n<p align=\"center\">Dezembro \/ 2016<\/p>\n<\/td>\n<td width=\"192\">\n<p align=\"center\">13h30<\/p>\n<\/td>\n<\/tr>\n<tr>\n<td width=\"192\">\n<p align=\"center\">19<\/p>\n<\/td>\n<td width=\"192\">\n<p align=\"center\">Janeiro \/ 2017<\/p>\n<\/td>\n<td width=\"192\">\n<p align=\"center\">08h30<\/p>\n<\/td>\n<\/tr>\n<tr>\n<td width=\"192\">\n<p align=\"center\">23<\/p>\n<\/td>\n<td width=\"192\">\n<p align=\"center\">Fevereiro \/ 2017<\/p>\n<\/td>\n<td width=\"192\">\n<p align=\"center\">13h30<\/p>\n<\/td>\n<\/tr>\n<\/tbody>\n<\/table>\n<\/div>\n<h1 style=\"text-align: center\"><\/h1>\n<p>&nbsp;<\/p>\n<h1 style=\"text-align: center\"><strong>Reuni\u00f5es Colegiado &#8211; 2015<\/strong><\/h1>\n<p>&nbsp;<\/p>\n<div align=\"center\">\n<table border=\"1\" cellspacing=\"0\" cellpadding=\"0\">\n<tbody>\n<tr>\n<td valign=\"top\" width=\"192\">\n<p style=\"text-align: center\" align=\"center\"><b>Dia<\/b><\/p>\n<\/td>\n<td style=\"text-align: center\" valign=\"top\" width=\"192\">\n<p align=\"center\"><b>M\u00eas<\/b><\/p>\n<\/td>\n<td style=\"text-align: center\" valign=\"top\" width=\"192\">\n<p align=\"center\"><b>Hora<\/b><\/p>\n<\/td>\n<\/tr>\n<tr>\n<td valign=\"top\" width=\"192\">\n<p align=\"center\">21<\/p>\n<\/td>\n<td valign=\"top\" width=\"192\">\n<p align=\"center\">Janeiro<\/p>\n<\/td>\n<td valign=\"top\" width=\"192\">\n<p align=\"center\">10h30<\/p>\n<\/td>\n<\/tr>\n<tr>\n<td valign=\"top\" width=\"192\">\n<p align=\"center\">05<\/p>\n<\/td>\n<td valign=\"top\" width=\"192\">\n<p align=\"center\">Mar\u00e7o<\/p>\n<\/td>\n<td valign=\"top\" width=\"192\">\n<p align=\"center\">14h00<\/p>\n<\/td>\n<\/tr>\n<tr>\n<td valign=\"top\" width=\"192\">\n<p align=\"center\">17<\/p>\n<\/td>\n<td valign=\"top\" width=\"192\">\n<p align=\"center\">Mar\u00e7o<\/p>\n<\/td>\n<td valign=\"top\" width=\"192\">\n<p align=\"center\">11h00<\/p>\n<\/td>\n<\/tr>\n<tr>\n<td valign=\"top\" width=\"192\">\n<p align=\"center\">08<\/p>\n<\/td>\n<td valign=\"top\" width=\"192\">\n<p align=\"center\">Maio<\/p>\n<\/td>\n<td valign=\"top\" width=\"192\">\n<p align=\"center\">14h00<\/p>\n<\/td>\n<\/tr>\n<tr>\n<td valign=\"top\" width=\"192\">\n<p align=\"center\">03<\/p>\n<\/td>\n<td valign=\"top\" width=\"192\">\n<p align=\"center\">Junho<\/p>\n<\/td>\n<td valign=\"top\" width=\"192\">\n<p align=\"center\">10h30<\/p>\n<\/td>\n<\/tr>\n<tr>\n<td valign=\"top\" width=\"192\">\n<p align=\"center\">02<\/p>\n<\/td>\n<td valign=\"top\" width=\"192\">\n<p align=\"center\">Setembro<\/p>\n<\/td>\n<td valign=\"top\" width=\"192\">\n<p align=\"center\">14h00<\/p>\n<\/td>\n<\/tr>\n<tr>\n<td valign=\"top\" width=\"192\">\n<p align=\"center\">01<\/p>\n<\/td>\n<td valign=\"top\" width=\"192\">\n<p align=\"center\">Outubro<\/p>\n<\/td>\n<td valign=\"top\" width=\"192\">\n<p align=\"center\">14h00<\/p>\n<\/td>\n<\/tr>\n<tr>\n<td valign=\"top\" width=\"192\">\n<p align=\"center\">05<\/p>\n<\/td>\n<td valign=\"top\" width=\"192\">\n<p align=\"center\">Novembro<\/p>\n<\/td>\n<td valign=\"top\" width=\"192\">\n<p align=\"center\">14h00<\/p>\n<\/td>\n<\/tr>\n<tr>\n<td style=\"text-align: center\" valign=\"top\" width=\"192\">\n<p align=\"center\">03<\/p>\n<\/td>\n<td style=\"text-align: center\" valign=\"top\" width=\"192\">\n<p align=\"center\">Dezembro<\/p>\n<\/td>\n<td valign=\"top\" width=\"192\">\n<p style=\"text-align: center\" align=\"center\">14h00<\/p>\n<\/td>\n<\/tr>\n<\/tbody>\n<\/table>\n<p style=\"text-align: justify\">\n<p style=\"text-align: justify\">\u00a0 \u00a0 \u00a0 \u00a0 \u00a0 O Colegiado do PPGCF se re\u00fane ordinariamente uma vez ao m\u00eas (onde manter\u00e1 agenda fixa a partir de outubro\/2016) e extraordinariamente quantas vezes forem necess\u00e1rias, mediante convoca\u00e7\u00e3o feita pelo Coordenador, com anteced\u00eancia m\u00ednima de quarenta e oito horas, ou a pedido escrito de dois ter\u00e7os de seus membros.<\/p>\n<p style=\"text-align: justify\">\u00a0 \u00a0 \u00a0 \u00a0 \u00a0\u00a0Solicita\u00e7\u00f5es de inclus\u00e3o de temas na pauta das reuni\u00f5es devem ser formalizados pessoalmente na coordena\u00e7\u00e3o do programa ou por email (ppgcf@unifap.br), com a entrega de toda a documenta\u00e7\u00e3o comprobat\u00f3ria necess\u00e1ria.<\/p>\n<\/div>\n","protected":false},"excerpt":{"rendered":"<p>Reuni\u00f5es Colegiado &#8211; 2016 \/ 2017 &nbsp; Dia M\u00eas \/ Ano Hora 15 Janeiro \/ 2016 10h00 29 Janeiro \/ 2016 09h30 25 Fevereiro \/ 2016 14h00 20 Abril \/ 2016 14h00 10 Junho \/ 2016 09h00 03 Agosto \/&hellip; <\/p>\n<p><a href=\"https:\/\/www2.unifap.br\/ppgcf\/apresentacao\/reunioes-do-colegiado\/\" class=\"readmore-button\">Continue Reading<\/a><\/p>\n","protected":false},"author":624,"featured_media":0,"parent":2,"menu_order":9,"comment_status":"open","ping_status":"open","template":"","meta":{"inline_featured_image":false,"ngg_post_thumbnail":0,"footnotes":""},"class_list":["post-885","page","type-page","status-publish","hentry"],"_links":{"self":[{"href":"https:\/\/www2.unifap.br\/ppgcf\/wp-json\/wp\/v2\/pages\/885","targetHints":{"allow":["GET"]}}],"collection":[{"href":"https:\/\/www2.unifap.br\/ppgcf\/wp-json\/wp\/v2\/pages"}],"about":[{"href":"https:\/\/www2.unifap.br\/ppgcf\/wp-json\/wp\/v2\/types\/page"}],"author":[{"embeddable":true,"href":"https:\/\/www2.unifap.br\/ppgcf\/wp-json\/wp\/v2\/users\/624"}],"replies":[{"embeddable":true,"href":"https:\/\/www2.unifap.br\/ppgcf\/wp-json\/wp\/v2\/comments?post=885"}],"version-history":[{"count":7,"href":"https:\/\/www2.unifap.br\/ppgcf\/wp-json\/wp\/v2\/pages\/885\/revisions"}],"predecessor-version":[{"id":1754,"href":"https:\/\/www2.unifap.br\/ppgcf\/wp-json\/wp\/v2\/pages\/885\/revisions\/1754"}],"up":[{"embeddable":true,"href":"https:\/\/www2.unifap.br\/ppgcf\/wp-json\/wp\/v2\/pages\/2"}],"wp:attachment":[{"href":"https:\/\/www2.unifap.br\/ppgcf\/wp-json\/wp\/v2\/media?parent=885"}],"curies":[{"name":"wp","href":"https:\/\/api.w.org\/{rel}","templated":true}]}}