{"id":938,"date":"2015-11-04T22:50:37","date_gmt":"2015-11-04T22:50:37","guid":{"rendered":"http:\/\/www2.unifap.br\/ppgcf\/?page_id=938"},"modified":"2016-03-03T21:07:23","modified_gmt":"2016-03-03T21:07:23","slug":"processo-seletivo-2016","status":"publish","type":"page","link":"https:\/\/www2.unifap.br\/ppgcf\/processos-seletivos\/processo-seletivo-2016\/","title":{"rendered":"Processo Seletivo 2016"},"content":{"rendered":"<p>&#8211; Per\u00edodo de Inscri\u00e7\u00e3o: 19 \u00e0 23 de Novembro de 2015.<\/p>\n<p>&#8211; N\u00ba de Vagas: 31 (trinta e uma) &#8211; distribu\u00eddas conforme disponibilidade dos orientadores.<\/p>\n<p>\u2192\u00a0<a href=\"http:\/\/www2.unifap.br\/ppgcf\/files\/2015\/11\/Edital-PPGCF-2016.pdf\">Edital N\u00ba 17\/2015 DPG\/UNIFAP &#8211; Processo Seletivo 2016<\/a><\/p>\n<p>\u2192\u00a0<a href=\"http:\/\/www2.unifap.br\/ppgcf\/files\/2015\/11\/1\u00aa-Retifica\u00e7\u00e3o-Edital-PPGCF-2016.pdf\">1\u00aa Retifica\u00e7\u00e3o &#8211; Edital N\u00ba 17\/2015 DPG\/UNIFAP &#8211; Processo Seletivo 2016<\/a><\/p>\n<p>\u2192\u00a0<a href=\"http:\/\/www2.unifap.br\/ppgcf\/files\/2015\/11\/2\u00aa-Retifica\u00e7\u00e3o-Edital-PPGCF-2016.pdf\">2\u00aa Retifica\u00e7\u00e3o &#8211; Edital N\u00ba 17\/2015 DPG\/UNIFAP &#8211; Processo Seletivo 2016<\/a><\/p>\n<p>\u2192\u00a0<a href=\"http:\/\/www2.unifap.br\/ppgcf\/files\/2015\/11\/Edital-PPGCF-2016-RETIFICADO.pdf\">Edital N\u00ba 17\/2015 DPG\/UNIFAP [Retificado] &#8211; Processo Seletivo 2016<\/a><\/p>\n<p>\u2192\u00a0<a href=\"http:\/\/www2.unifap.br\/ppgcf\/files\/2015\/11\/EDITAL-N\u00ba-17-2015-DPG-UNIFAP-INSCRICOES-HOMOLOGADAS.pdf\">Inscri\u00e7\u00f5es Homologadas &#8211; Edital N\u00ba 17\/2015 DPG\/UNIFAP &#8211; Processa Seletivo 2016<\/a><\/p>\n<p>\u2192\u00a0<a href=\"http:\/\/www2.unifap.br\/ppgcf\/files\/2015\/11\/EDITAL-N\u00ba-17-2015-LOCAL-DA-PROVA-DE-INGL\u00caS-PROCESSO-SELETIVO-PPGCF-2016.pdf\">Local da Prova de Ingl\u00eas &#8211; Edital N\u00ba 17\/2015 DPG\/UNIFAP &#8211; Processo Seletivo 2016<\/a><\/p>\n<p>\u2192\u00a0<a href=\"http:\/\/www2.unifap.br\/ppgcf\/files\/2015\/12\/EDITAL-N\u00ba-17-2015-RESULTADO-DA-PROVA-DE-INGL\u00caS-PROCESSO-SELETIVO-PPGCF-2016.pdf\">Resultado da Prova de L\u00edngua Estrangeira &#8211; Edital N\u00ba 17\/2015 DPG\/UNIFAP &#8211; Processo Seletivo 2016<\/a><\/p>\n<p>\u2192 <a href=\"http:\/\/www2.unifap.br\/ppgcf\/files\/2015\/12\/EDITAL-N\u00ba-17-2015-RESULTADO-DA-PROVA-DE-INGL\u00caS-RETIFICADO-PS-PPGCF-2016.pdf\">Resultado da Prova de L\u00edngua Estrangeira (Retificado ap\u00f3s recurso) &#8211; Edital N\u00ba 17\/2015-DPG\/UNIFAP &#8211; Processo Seletivo\u00a02016<\/a><\/p>\n<p>\u2192\u00a0<a href=\"http:\/\/www2.unifap.br\/ppgcf\/files\/2015\/11\/LOCAL-DA-PROVA-TEM\u00c1TICA-EDITAL-N\u00ba-172015-DPGUNIFAP-PS-2016-PPGCF.pdf\">Local da Prova Tem\u00e1tica \u2013 Edital N\u00ba 17\/2015 DPG\/UNIFAP \u2013 Processo Seletivo 2016<\/a><\/p>\n<p>\u2192\u00a0<a href=\"http:\/\/www2.unifap.br\/ppgcf\/files\/2015\/12\/EDITAL-N\u00ba-17-2015-RESULTADO-DA-PROVA-TEM\u00c1TICA-PROCESSO-SELETIVO-PPGCF-2016.pdf\">Resultado da Prova Tem\u00e1tica &#8211; Edital N\u00ba 17\/2015-DPG\/UNIFAP &#8211; Processo Seletivo 2016<\/a><\/p>\n<p>\u2192\u00a0<a href=\"http:\/\/www2.unifap.br\/ppgcf\/files\/2015\/12\/EDITAL-N\u00ba-17-2015-RESULTADO-DA-PROVA-TEM\u00c1TICA-RETIFICADO-PROCESSO-SELETIVO-PPGCF-2016.pdf\">Resultado da Prova Tem\u00e1tica (Retificado) &#8211; Edital N\u00ba 17\/2015-DPG\/UNIFAP &#8211; Processo Seletivo 2016<\/a><\/p>\n<p>\u2192\u00a0<a href=\"http:\/\/www2.unifap.br\/ppgcf\/files\/2015\/12\/EDITAL-N\u00ba-17-2015-LOCAL-E-HOR\u00c1RIO-DAS-ENTREVISTAS-PROCESSO-SELETIVO-PPGCF-2016.pdf\">Local e Hor\u00e1rio das Entrevistas &#8211; Edital N\u00ba 17\/2015-DPG\/UNIFAP &#8211; Processo Seletivo 2016<\/a><\/p>\n<p>\u2192\u00a0<a href=\"http:\/\/www2.unifap.br\/ppgcf\/files\/2015\/12\/EDITAL-N\u00ba-17-2015-RESULTADO-DA-PROVA-TEM\u00c1TICA-AP\u00d3S-RECURSO-PROCESSO-SELETIVO-PPGCF-2016.pdf\">Resultado da Prova Tem\u00e1tica (Ap\u00f3s Recurso) &#8211; Edital N\u00ba 17\/2015-DPG\/UNIFAP &#8211; Processo Seletivo 2016<\/a><a href=\"http:\/\/www2.unifap.br\/ppgcf\/files\/2015\/12\/EDITAL-N\u00ba-17-2015-RESULTADO-DA-PROVA-TEM\u00c1TICA-AP\u00d3S-RECURSO-PROCESSO-SELETIVO-PPGCF-2016.pdf\"><br \/>\n<\/a><\/p>\n<p>\u2192\u00a0<a href=\"http:\/\/www2.unifap.br\/ppgcf\/files\/2015\/12\/EDITAL-N\u00ba-17-2015-RESULTADO-DO-CURRICULO-E-ENTREVISTA-PROCESSO-SELETIVO-PPGCF-2016.pdf\">Resultado da An\u00e1lise Curricular e Entrevista &#8211; Edital N\u00ba 17\/2015-DPG\/UNIFAP &#8211; Processo Seletivo 2016<\/a><\/p>\n<p>\u2192\u00a0<a href=\"http:\/\/www2.unifap.br\/ppgcf\/files\/2015\/12\/EDITAL-N\u00ba-17-2015-RESULTADO-FINAL-PROCESSO-SELETIVO-PPGCF-2016.pdf\">Resultado Final &#8211; Edital N\u00ba 17\/2015-DPG\/UNIFAP &#8211; Processo Seletivo 2016<\/a><\/p>\n<p>&nbsp;<\/p>\n<p>\u2192\u00a0<a href=\"http:\/\/www2.unifap.br\/ppgcf\/files\/2016\/03\/Edital-N\u00ba-009-2016-DERCA-CI\u00caNCIAS-FARMAC\u00caUTICAS.pdf\">Edital N\u00ba 009\/2016-DERCA &#8211; Convoca\u00e7\u00e3o para Matr\u00edcula<\/a><\/p>\n","protected":false},"excerpt":{"rendered":"<p>&#8211; Per\u00edodo de Inscri\u00e7\u00e3o: 19 \u00e0 23 de Novembro de 2015. &#8211; N\u00ba de Vagas: 31 (trinta e uma) &#8211; distribu\u00eddas conforme disponibilidade dos orientadores. \u2192\u00a0Edital N\u00ba 17\/2015 DPG\/UNIFAP &#8211; Processo Seletivo 2016 \u2192\u00a01\u00aa Retifica\u00e7\u00e3o &#8211; Edital N\u00ba 17\/2015 DPG\/UNIFAP&hellip; <\/p>\n<p><a href=\"https:\/\/www2.unifap.br\/ppgcf\/processos-seletivos\/processo-seletivo-2016\/\" class=\"readmore-button\">Continue Reading<\/a><\/p>\n","protected":false},"author":624,"featured_media":0,"parent":268,"menu_order":4,"comment_status":"open","ping_status":"open","template":"","meta":{"inline_featured_image":false,"ngg_post_thumbnail":0,"footnotes":""},"class_list":["post-938","page","type-page","status-publish","hentry"],"_links":{"self":[{"href":"https:\/\/www2.unifap.br\/ppgcf\/wp-json\/wp\/v2\/pages\/938","targetHints":{"allow":["GET"]}}],"collection":[{"href":"https:\/\/www2.unifap.br\/ppgcf\/wp-json\/wp\/v2\/pages"}],"about":[{"href":"https:\/\/www2.unifap.br\/ppgcf\/wp-json\/wp\/v2\/types\/page"}],"author":[{"embeddable":true,"href":"https:\/\/www2.unifap.br\/ppgcf\/wp-json\/wp\/v2\/users\/624"}],"replies":[{"embeddable":true,"href":"https:\/\/www2.unifap.br\/ppgcf\/wp-json\/wp\/v2\/comments?post=938"}],"version-history":[{"count":19,"href":"https:\/\/www2.unifap.br\/ppgcf\/wp-json\/wp\/v2\/pages\/938\/revisions"}],"predecessor-version":[{"id":969,"href":"https:\/\/www2.unifap.br\/ppgcf\/wp-json\/wp\/v2\/pages\/938\/revisions\/969"}],"up":[{"embeddable":true,"href":"https:\/\/www2.unifap.br\/ppgcf\/wp-json\/wp\/v2\/pages\/268"}],"wp:attachment":[{"href":"https:\/\/www2.unifap.br\/ppgcf\/wp-json\/wp\/v2\/media?parent=938"}],"curies":[{"name":"wp","href":"https:\/\/api.w.org\/{rel}","templated":true}]}}