{"id":1950,"date":"2024-08-16T15:05:30","date_gmt":"2024-08-16T18:05:30","guid":{"rendered":"https:\/\/www2.unifap.br\/ppgd\/?page_id=1950"},"modified":"2026-02-19T21:53:26","modified_gmt":"2026-02-20T00:53:26","slug":"turmas","status":"publish","type":"page","link":"https:\/\/www2.unifap.br\/ppgd\/discente\/turmas\/","title":{"rendered":"Turmas"},"content":{"rendered":"\t\t<div data-elementor-type=\"wp-page\" data-elementor-id=\"1950\" class=\"elementor elementor-1950\">\n\t\t\t\t<div class=\"elementor-element elementor-element-83c567c e-flex e-con-boxed e-con e-parent\" data-id=\"83c567c\" data-element_type=\"container\" data-e-type=\"container\" data-settings=\"{&quot;background_background&quot;:&quot;classic&quot;}\">\n\t\t\t\t\t<div class=\"e-con-inner\">\n\t\t<div class=\"elementor-element elementor-element-e9ab38b e-flex e-con-boxed e-con e-child\" data-id=\"e9ab38b\" data-element_type=\"container\" data-e-type=\"container\">\n\t\t\t\t\t<div class=\"e-con-inner\">\n\t\t\t\t<div class=\"elementor-element elementor-element-8b17d06 elementor-widget-mobile__width-initial elementor-widget elementor-widget-page-title\" data-id=\"8b17d06\" data-element_type=\"widget\" data-e-type=\"widget\" data-widget_type=\"page-title.default\">\n\t\t\t\t<div class=\"elementor-widget-container\">\n\t\t\t\t\t\t\t\n\t\t<div class=\"hfe-page-title hfe-page-title-wrapper elementor-widget-heading\">\n\n\t\t\t\t\t\t\t\t<h2 class=\"elementor-heading-title elementor-size-default\">\n\t\t\t\t\t\t\t\t\n\t\t\t\tTurmas  \n\t\t\t<\/h2 > \n\t\t\t\t\t<\/div>\n\t\t\t\t\t\t<\/div>\n\t\t\t\t<\/div>\n\t\t\t\t<div class=\"elementor-element elementor-element-23bb28c elementor-view-default elementor-widget elementor-widget-icon\" data-id=\"23bb28c\" data-element_type=\"widget\" data-e-type=\"widget\" data-widget_type=\"icon.default\">\n\t\t\t\t<div class=\"elementor-widget-container\">\n\t\t\t\t\t\t\t<div class=\"elementor-icon-wrapper\">\n\t\t\t<div class=\"elementor-icon\">\n\t\t\t<svg aria-hidden=\"true\" class=\"e-font-icon-svg e-fas-balance-scale\" viewBox=\"0 0 640 512\" xmlns=\"http:\/\/www.w3.org\/2000\/svg\"><path d=\"M256 336h-.02c0-16.18 1.34-8.73-85.05-181.51-17.65-35.29-68.19-35.36-85.87 0C-2.06 328.75.02 320.33.02 336H0c0 44.18 57.31 80 128 80s128-35.82 128-80zM128 176l72 144H56l72-144zm511.98 160c0-16.18 1.34-8.73-85.05-181.51-17.65-35.29-68.19-35.36-85.87 0-87.12 174.26-85.04 165.84-85.04 181.51H384c0 44.18 57.31 80 128 80s128-35.82 128-80h-.02zM440 320l72-144 72 144H440zm88 128H352V153.25c23.51-10.29 41.16-31.48 46.39-57.25H528c8.84 0 16-7.16 16-16V48c0-8.84-7.16-16-16-16H383.64C369.04 12.68 346.09 0 320 0s-49.04 12.68-63.64 32H112c-8.84 0-16 7.16-16 16v32c0 8.84 7.16 16 16 16h129.61c5.23 25.76 22.87 46.96 46.39 57.25V448H112c-8.84 0-16 7.16-16 16v32c0 8.84 7.16 16 16 16h416c8.84 0 16-7.16 16-16v-32c0-8.84-7.16-16-16-16z\"><\/path><\/svg>\t\t\t<\/div>\n\t\t<\/div>\n\t\t\t\t\t\t<\/div>\n\t\t\t\t<\/div>\n\t\t\t\t\t<\/div>\n\t\t\t\t<\/div>\n\t\t<div class=\"elementor-element elementor-element-98ac9d5 e-con-full e-flex e-con e-child\" data-id=\"98ac9d5\" data-element_type=\"container\" data-e-type=\"container\">\n\t\t<div class=\"elementor-element elementor-element-5d3d24d e-flex e-con-boxed e-con e-child\" data-id=\"5d3d24d\" data-element_type=\"container\" data-e-type=\"container\">\n\t\t\t\t\t<div class=\"e-con-inner\">\n\t\t\t\t<div class=\"elementor-element elementor-element-5743b85 elementor-widget-divider--view-line elementor-widget elementor-widget-divider\" data-id=\"5743b85\" data-element_type=\"widget\" data-e-type=\"widget\" data-widget_type=\"divider.default\">\n\t\t\t\t<div class=\"elementor-widget-container\">\n\t\t\t\t\t\t\t<div class=\"elementor-divider\">\n\t\t\t<span class=\"elementor-divider-separator\">\n\t\t\t\t\t\t<\/span>\n\t\t<\/div>\n\t\t\t\t\t\t<\/div>\n\t\t\t\t<\/div>\n\t\t\t\t\t<\/div>\n\t\t\t\t<\/div>\n\t\t<div class=\"elementor-element elementor-element-12d7d3f e-flex e-con-boxed e-con e-child\" data-id=\"12d7d3f\" data-element_type=\"container\" data-e-type=\"container\">\n\t\t\t\t\t<div class=\"e-con-inner\">\n\t\t\t\t<div class=\"elementor-element elementor-element-547a8f9 elementor-widget elementor-widget-heading\" data-id=\"547a8f9\" data-element_type=\"widget\" data-e-type=\"widget\" data-widget_type=\"heading.default\">\n\t\t\t\t<div class=\"elementor-widget-container\">\n\t\t\t\t\t<h2 class=\"elementor-heading-title elementor-size-default\"><a href=\"https:\/\/www2.unifap.br\/ppgd\/discente\/turmas\/\">Turma 2025<\/a><\/h2>\t\t\t\t<\/div>\n\t\t\t\t<\/div>\n\t\t\t\t<div class=\"elementor-element elementor-element-e7a0113 elementor-widget elementor-widget-text-editor\" data-id=\"e7a0113\" data-element_type=\"widget\" data-e-type=\"widget\" data-widget_type=\"text-editor.default\">\n\t\t\t\t<div class=\"elementor-widget-container\">\n\t\t\t\t\t\t\t\t\t<p><strong>MESTRANDOS(AS):<\/strong><\/p><p>ANA LU\u00cdZA SARQUIS BOTREL<\/p><p>BRENDA GABRIELA ALVES DE ALMEIDA<\/p><p>BRUNO \u00cdTALO SOUSA PINTO<\/p><p>CINTHIA COUTINHO PICAN\u00c7O<\/p><p>CLARISSE DIAS MAGALH\u00c3ES<\/p><p>DANIEL DA COSTA RODRIGUES<\/p><p>DANILO DE FREITAS MARTINS<\/p><p>EMANUELLE ARA\u00daJO GUEDES<\/p><p>GILBERTO SANTIAGO FERREIRA JUNIOR<\/p><p>JO\u00c3O VICTOR GOMES E GOMES<\/p><p>J\u00daLIO LUIZ DE MEDEIROS ALVES LIMA KUHLMANN<\/p><p>MARIA JOZINEIDE LEITE DE ARA\u00daJO<\/p><p>PAULO ARTUR DOS SANTOS NEGREIROS<\/p><p>PAULO HENRIQUE DA SILVA BRILHANTE<\/p><p>PAULO ROBERTO SOUZA DE OLIVEIRA<\/p><p>SARA KAROLINE GUERRA DIAS<\/p><p>TATIANA NASCIMENTO AMANAJ\u00c1S<\/p><p>VERA CRISTIANE VAZ DE SALES COSTA<\/p>\t\t\t\t\t\t\t\t<\/div>\n\t\t\t\t<\/div>\n\t\t\t\t<div class=\"elementor-element elementor-element-6e4906d elementor-widget elementor-widget-heading\" data-id=\"6e4906d\" data-element_type=\"widget\" data-e-type=\"widget\" data-widget_type=\"heading.default\">\n\t\t\t\t<div class=\"elementor-widget-container\">\n\t\t\t\t\t<h2 class=\"elementor-heading-title elementor-size-default\"><a href=\"https:\/\/www2.unifap.br\/ppgd\/discente\/turmas\/\">Turma 2024<\/a><\/h2>\t\t\t\t<\/div>\n\t\t\t\t<\/div>\n\t\t\t\t<div class=\"elementor-element elementor-element-22b0940 elementor-widget elementor-widget-text-editor\" data-id=\"22b0940\" data-element_type=\"widget\" data-e-type=\"widget\" data-widget_type=\"text-editor.default\">\n\t\t\t\t<div class=\"elementor-widget-container\">\n\t\t\t\t\t\t\t\t\t<p><strong>MESTRANDOS(AS):<\/strong><\/p><p>ALEX BRUNO DE SOUZA VIDAL<\/p><p>ANA BEATRIZ NUNES RIBEIRO<\/p><p>ARNON SIMON MAGNO RODRIGUES<\/p><p>AYENN TEIXEIRA SILVA<\/p><p>BIANCA SANTOS DE SOUZA<\/p><p>BRENDA SOARES GOUVEIA<\/p><p>C\u00c1SSIA GOUVEIA CONCEI\u00c7\u00c3O CARREIRA<\/p><p>CLAUDIA ROSA CEZ\u00c1RIO<\/p><p>DEBORA ANDREIA GOMES SOUTO<\/p><p>GABRIEL ALAN PINTO DE OLIVEIRA<\/p><p>HAUNY RODRIGUES DINIZ<\/p><p>JORGE FILIPE SOUZA BORGES<\/p><p>KELITA MORENA DA COSTA CHAVES<\/p><p>LINEU DA SILVA FACUNDES J\u00daNIOR<\/p><p>MANOEL CARLOS LOPES DE MELO<\/p><p>MARCIONE GLEY DOS SANTOS ROCHA<\/p><p>MARCOS DIEGO SANTOS PIRES<\/p><p>PAULO SERGIO ABREU MENDES FILHO<\/p><p>PRISCILA BARBOSA DE FREITAS<\/p><p>RICHARD WENDEL DA SILVA<\/p><p>ROSILENE OLIVEIRA BRITO<\/p><p>SAMILE SIM\u00d5ES ALCOLUMBRE DE BRITO<\/p><p>SINYA SIMONE GURGEL JUAREZ<\/p><p>THALYTA ROCHA BELFORT PEREIRA<\/p><p>TIAGO DE OLIVEIRA QUINGOSTA DE SOUSA<\/p>\t\t\t\t\t\t\t\t<\/div>\n\t\t\t\t<\/div>\n\t\t\t\t\t<\/div>\n\t\t\t\t<\/div>\n\t\t\t\t<\/div>\n\t\t\t\t\t<\/div>\n\t\t\t\t<\/div>\n\t\t\t\t<\/div>\n\t\t","protected":false},"excerpt":{"rendered":"<p>Turmas Turma 2025 MESTRANDOS(AS): ANA LU\u00cdZA SARQUIS BOTREL BRENDA GABRIELA ALVES DE ALMEIDA BRUNO \u00cdTALO SOUSA PINTO CINTHIA COUTINHO PICAN\u00c7O CLARISSE DIAS MAGALH\u00c3ES DANIEL DA COSTA RODRIGUES DANILO DE FREITAS MARTINS EMANUELLE ARA\u00daJO GUEDES GILBERTO SANTIAGO FERREIRA JUNIOR JO\u00c3O VICTOR GOMES E GOMES J\u00daLIO LUIZ DE MEDEIROS ALVES LIMA KUHLMANN MARIA JOZINEIDE LEITE DE ARA\u00daJO&#8230;<\/p>\n","protected":false},"author":3999,"featured_media":0,"parent":368,"menu_order":0,"comment_status":"closed","ping_status":"closed","template":"","meta":{"inline_featured_image":false,"site-sidebar-layout":"no-sidebar","site-content-layout":"page-builder","ast-site-content-layout":"full-width-container","site-content-style":"unboxed","site-sidebar-style":"unboxed","ast-global-header-display":"","ast-banner-title-visibility":"","ast-main-header-display":"","ast-hfb-above-header-display":"","ast-hfb-below-header-display":"","ast-hfb-mobile-header-display":"","site-post-title":"disabled","ast-breadcrumbs-content":"","ast-featured-img":"disabled","footer-sml-layout":"","theme-transparent-header-meta":"default","adv-header-id-meta":"","stick-header-meta":"","header-above-stick-meta":"","header-main-stick-meta":"","header-below-stick-meta":"","astra-migrate-meta-layouts":"set","ast-page-background-enabled":"default","ast-page-background-meta":{"desktop":{"background-color":"var(--ast-global-color-4)","background-image":"","background-repeat":"repeat","background-position":"center center","background-size":"auto","background-attachment":"scroll","background-type":"","background-media":"","overlay-type":"","overlay-color":"","overlay-opacity":"","overlay-gradient":""},"tablet":{"background-color":"","background-image":"","background-repeat":"repeat","background-position":"center center","background-size":"auto","background-attachment":"scroll","background-type":"","background-media":"","overlay-type":"","overlay-color":"","overlay-opacity":"","overlay-gradient":""},"mobile":{"background-color":"","background-image":"","background-repeat":"repeat","background-position":"center center","background-size":"auto","background-attachment":"scroll","background-type":"","background-media":"","overlay-type":"","overlay-color":"","overlay-opacity":"","overlay-gradient":""}},"ast-content-background-meta":{"desktop":{"background-color":"var(--ast-global-color-5)","background-image":"","background-repeat":"repeat","background-position":"center center","background-size":"auto","background-attachment":"scroll","background-type":"","background-media":"","overlay-type":"","overlay-color":"","overlay-opacity":"","overlay-gradient":""},"tablet":{"background-color":"var(--ast-global-color-5)","background-image":"","background-repeat":"repeat","background-position":"center center","background-size":"auto","background-attachment":"scroll","background-type":"","background-media":"","overlay-type":"","overlay-color":"","overlay-opacity":"","overlay-gradient":""},"mobile":{"background-color":"var(--ast-global-color-5)","background-image":"","background-repeat":"repeat","background-position":"center center","background-size":"auto","background-attachment":"scroll","background-type":"","background-media":"","overlay-type":"","overlay-color":"","overlay-opacity":"","overlay-gradient":""}},"footnotes":""},"class_list":["post-1950","page","type-page","status-publish","hentry"],"_links":{"self":[{"href":"https:\/\/www2.unifap.br\/ppgd\/wp-json\/wp\/v2\/pages\/1950","targetHints":{"allow":["GET"]}}],"collection":[{"href":"https:\/\/www2.unifap.br\/ppgd\/wp-json\/wp\/v2\/pages"}],"about":[{"href":"https:\/\/www2.unifap.br\/ppgd\/wp-json\/wp\/v2\/types\/page"}],"author":[{"embeddable":true,"href":"https:\/\/www2.unifap.br\/ppgd\/wp-json\/wp\/v2\/users\/3999"}],"replies":[{"embeddable":true,"href":"https:\/\/www2.unifap.br\/ppgd\/wp-json\/wp\/v2\/comments?post=1950"}],"version-history":[{"count":28,"href":"https:\/\/www2.unifap.br\/ppgd\/wp-json\/wp\/v2\/pages\/1950\/revisions"}],"predecessor-version":[{"id":4209,"href":"https:\/\/www2.unifap.br\/ppgd\/wp-json\/wp\/v2\/pages\/1950\/revisions\/4209"}],"up":[{"embeddable":true,"href":"https:\/\/www2.unifap.br\/ppgd\/wp-json\/wp\/v2\/pages\/368"}],"wp:attachment":[{"href":"https:\/\/www2.unifap.br\/ppgd\/wp-json\/wp\/v2\/media?parent=1950"}],"curies":[{"name":"wp","href":"https:\/\/api.w.org\/{rel}","templated":true}]}}