{"id":2070,"date":"2025-04-13T22:50:41","date_gmt":"2025-04-14T01:50:41","guid":{"rendered":"https:\/\/www2.unifap.br\/ppgd\/?page_id=2070"},"modified":"2026-02-19T21:57:04","modified_gmt":"2026-02-20T00:57:04","slug":"chamadadebolsas","status":"publish","type":"page","link":"https:\/\/www2.unifap.br\/ppgd\/administrativo\/chamadadebolsas\/","title":{"rendered":"Chamadas de Bolsas"},"content":{"rendered":"\t\t<div data-elementor-type=\"wp-page\" data-elementor-id=\"2070\" class=\"elementor elementor-2070\">\n\t\t\t\t<div class=\"elementor-element elementor-element-83c567c e-flex e-con-boxed e-con e-parent\" data-id=\"83c567c\" data-element_type=\"container\" data-e-type=\"container\" data-settings=\"{&quot;background_background&quot;:&quot;classic&quot;}\">\n\t\t\t\t\t<div class=\"e-con-inner\">\n\t\t<div class=\"elementor-element elementor-element-e9ab38b e-flex e-con-boxed e-con e-child\" data-id=\"e9ab38b\" data-element_type=\"container\" data-e-type=\"container\">\n\t\t\t\t\t<div class=\"e-con-inner\">\n\t\t\t\t<div class=\"elementor-element elementor-element-8b17d06 elementor-widget-mobile__width-initial elementor-widget elementor-widget-page-title\" data-id=\"8b17d06\" data-element_type=\"widget\" data-e-type=\"widget\" data-widget_type=\"page-title.default\">\n\t\t\t\t<div class=\"elementor-widget-container\">\n\t\t\t\t\t\t\t\n\t\t<div class=\"hfe-page-title hfe-page-title-wrapper elementor-widget-heading\">\n\n\t\t\t\t\t\t\t\t<h2 class=\"elementor-heading-title elementor-size-default\">\n\t\t\t\t\t\t\t\t\n\t\t\t\tChamadas de Bolsas  \n\t\t\t<\/h2 > \n\t\t\t\t\t<\/div>\n\t\t\t\t\t\t<\/div>\n\t\t\t\t<\/div>\n\t\t\t\t<div class=\"elementor-element elementor-element-23bb28c elementor-view-default elementor-widget elementor-widget-icon\" data-id=\"23bb28c\" data-element_type=\"widget\" data-e-type=\"widget\" data-widget_type=\"icon.default\">\n\t\t\t\t<div class=\"elementor-widget-container\">\n\t\t\t\t\t\t\t<div class=\"elementor-icon-wrapper\">\n\t\t\t<div class=\"elementor-icon\">\n\t\t\t<svg aria-hidden=\"true\" class=\"e-font-icon-svg e-far-newspaper\" viewBox=\"0 0 576 512\" xmlns=\"http:\/\/www.w3.org\/2000\/svg\"><path d=\"M552 64H112c-20.858 0-38.643 13.377-45.248 32H24c-13.255 0-24 10.745-24 24v272c0 30.928 25.072 56 56 56h496c13.255 0 24-10.745 24-24V88c0-13.255-10.745-24-24-24zM48 392V144h16v248c0 4.411-3.589 8-8 8s-8-3.589-8-8zm480 8H111.422c.374-2.614.578-5.283.578-8V112h416v288zM172 280h136c6.627 0 12-5.373 12-12v-96c0-6.627-5.373-12-12-12H172c-6.627 0-12 5.373-12 12v96c0 6.627 5.373 12 12 12zm28-80h80v40h-80v-40zm-40 140v-24c0-6.627 5.373-12 12-12h136c6.627 0 12 5.373 12 12v24c0 6.627-5.373 12-12 12H172c-6.627 0-12-5.373-12-12zm192 0v-24c0-6.627 5.373-12 12-12h104c6.627 0 12 5.373 12 12v24c0 6.627-5.373 12-12 12H364c-6.627 0-12-5.373-12-12zm0-144v-24c0-6.627 5.373-12 12-12h104c6.627 0 12 5.373 12 12v24c0 6.627-5.373 12-12 12H364c-6.627 0-12-5.373-12-12zm0 72v-24c0-6.627 5.373-12 12-12h104c6.627 0 12 5.373 12 12v24c0 6.627-5.373 12-12 12H364c-6.627 0-12-5.373-12-12z\"><\/path><\/svg>\t\t\t<\/div>\n\t\t<\/div>\n\t\t\t\t\t\t<\/div>\n\t\t\t\t<\/div>\n\t\t\t\t\t<\/div>\n\t\t\t\t<\/div>\n\t\t<div class=\"elementor-element elementor-element-98ac9d5 e-con-full e-flex e-con e-child\" data-id=\"98ac9d5\" data-element_type=\"container\" data-e-type=\"container\">\n\t\t<div class=\"elementor-element elementor-element-5d3d24d e-flex e-con-boxed e-con e-child\" data-id=\"5d3d24d\" data-element_type=\"container\" data-e-type=\"container\">\n\t\t\t\t\t<div class=\"e-con-inner\">\n\t\t\t\t<div class=\"elementor-element elementor-element-5743b85 elementor-widget__width-initial elementor-widget-divider--view-line elementor-widget elementor-widget-divider\" data-id=\"5743b85\" data-element_type=\"widget\" data-e-type=\"widget\" data-widget_type=\"divider.default\">\n\t\t\t\t<div class=\"elementor-widget-container\">\n\t\t\t\t\t\t\t<div class=\"elementor-divider\">\n\t\t\t<span class=\"elementor-divider-separator\">\n\t\t\t\t\t\t<\/span>\n\t\t<\/div>\n\t\t\t\t\t\t<\/div>\n\t\t\t\t<\/div>\n\t\t\t\t\t<\/div>\n\t\t\t\t<\/div>\n\t\t<div class=\"elementor-element elementor-element-b17d976 e-flex e-con-boxed e-con e-child\" data-id=\"b17d976\" data-element_type=\"container\" data-e-type=\"container\">\n\t\t\t\t\t<div class=\"e-con-inner\">\n\t\t\t\t<div class=\"elementor-element elementor-element-4b31a9a elementor-widget elementor-widget-accordion\" data-id=\"4b31a9a\" data-element_type=\"widget\" data-e-type=\"widget\" data-widget_type=\"accordion.default\">\n\t\t\t\t<div class=\"elementor-widget-container\">\n\t\t\t\t\t\t\t<div class=\"elementor-accordion\">\n\t\t\t\t\t\t\t<div class=\"elementor-accordion-item\">\n\t\t\t\t\t<div id=\"elementor-tab-title-7881\" class=\"elementor-tab-title\" data-tab=\"1\" role=\"button\" aria-controls=\"elementor-tab-content-7881\" aria-expanded=\"false\">\n\t\t\t\t\t\t\t\t\t\t\t\t\t<span class=\"elementor-accordion-icon elementor-accordion-icon-left\" aria-hidden=\"true\">\n\t\t\t\t\t\t\t\t\t\t\t\t\t\t\t<span class=\"elementor-accordion-icon-closed\"><svg class=\"e-font-icon-svg e-fas-plus\" viewBox=\"0 0 448 512\" xmlns=\"http:\/\/www.w3.org\/2000\/svg\"><path d=\"M416 208H272V64c0-17.67-14.33-32-32-32h-32c-17.67 0-32 14.33-32 32v144H32c-17.67 0-32 14.33-32 32v32c0 17.67 14.33 32 32 32h144v144c0 17.67 14.33 32 32 32h32c17.67 0 32-14.33 32-32V304h144c17.67 0 32-14.33 32-32v-32c0-17.67-14.33-32-32-32z\"><\/path><\/svg><\/span>\n\t\t\t\t\t\t\t\t<span class=\"elementor-accordion-icon-opened\"><svg class=\"e-font-icon-svg e-fas-minus\" viewBox=\"0 0 448 512\" xmlns=\"http:\/\/www.w3.org\/2000\/svg\"><path d=\"M416 208H32c-17.67 0-32 14.33-32 32v32c0 17.67 14.33 32 32 32h384c17.67 0 32-14.33 32-32v-32c0-17.67-14.33-32-32-32z\"><\/path><\/svg><\/span>\n\t\t\t\t\t\t\t\t\t\t\t\t\t\t<\/span>\n\t\t\t\t\t\t\t\t\t\t\t\t<a class=\"elementor-accordion-title\" tabindex=\"0\">2025 - Edital Interno n\u00ba 001\/2025-PPGD\/UNIFAP<\/a>\n\t\t\t\t\t<\/div>\n\t\t\t\t\t<div id=\"elementor-tab-content-7881\" class=\"elementor-tab-content elementor-clearfix\" data-tab=\"1\" role=\"region\" aria-labelledby=\"elementor-tab-title-7881\"><p><strong>EDITAL INTERNO N\u00ba 001\/2025 \u2013 PPGD\/UNIFAP<\/strong><br \/><strong>PROCESSO SELETIVO PARA CONCESS\u00c3O DE BOLSAS DO PROGRAMA DE DEMANDA SOCIAL \u2013 CAPES<\/strong><\/p><p>A Coordena\u00e7\u00e3o do Programa de P\u00f3s-Gradua\u00e7\u00e3o em Direito da Universidade Federal do Amap\u00e1 (PPGD\/UNIFAP), no uso de suas atribui\u00e7\u00f5es legais, torna p\u00fablico o presente edital interno para sele\u00e7\u00e3o de discentes, regularmente matriculados(as) no Curso de Mestrado em Direito, a fim de conceder bolsas da Coordena\u00e7\u00e3o de Aperfei\u00e7oamento de Pessoal de N\u00edvel Superior (CAPES), por meio do Programa de Demanda Social (DS), em conformidade com a Portaria CAPES n\u00ba 76\/2010 e altera\u00e7\u00f5es pelas Portarias CAPES n\u00ba 79\/2023 e n\u00ba 133\/2023.<\/p><p>O edital \u00e9 destinado ao preenchimento de 4 (quatro) cotas de bolsas atribu\u00eddas ao PPGD\/UNIFAP, pelo Programa de Demanda Social (DS), da CAPES, para manuten\u00e7\u00e3o em dedica\u00e7\u00e3o integral de discentes matriculados(as) no Curso de Mestrado em Direito.<\/p><p>Para conhecer a Comiss\u00e3o de Bolsas 2025:<\/p><p><strong><a href=\"https:\/\/www2.unifap.br\/ppgd\/administrativo\/comissoes-de-bolsas\/\">Comiss\u00f5es de Bolsas<\/a><\/strong><\/p><p>Para acessar o edital:<\/p><p><a href=\"http:\/\/www2.unifap.br\/ppgd\/files\/2025\/04\/EDITAL-INTERNO-DE-BOLSAS-DEMANDA-SOCIAL-CAPES-EDITAL-N.-001-2025-PPGD-UNIFAP.pdf\"><strong>EDITAL INTERNO DE BOLSAS DEMANDA SOCIAL CAPES &#8211; EDITAL N. 001-2025-PPGD-UNIFAP<\/strong><\/a><\/p><p>Para acessar o resultado provis\u00f3rio:<\/p><p><a href=\"http:\/\/www2.unifap.br\/ppgd\/files\/2025\/04\/RESULTADO-PROVISORIO-PROCESSO-SELETIVO-PARA-CONCESSAO-DE-BOLSAS-DEMANDA-SOCIAL-CAPES-EDITAL-INTERNO-N.-001-2025-PPGD-UNIFAP.pdf\"><strong>RESULTADO PROVIS\u00d3RIO &#8211; PROCESSO SELETIVO PARA CONCESS\u00c3O DE BOLSAS &#8211; DEMANDA SOCIAL CAPES &#8211; EDITAL INTERNO N. 001-2025 &#8211; PPGD-UNIFAP<\/strong><\/a><\/p><p>Para acessar o resultado definitivo:<\/p><p><a href=\"http:\/\/www2.unifap.br\/ppgd\/files\/2025\/04\/RESULTADO-DEFINITIVO-PROCESSO-SELETIVO-PARA-CONCESSAO-DE-BOLSAS-DEMANDA-SOCIAL-CAPES-EDITAL-INTERNO-N.-001-2025-PPGD-UNIFAP.pdf\"><strong>RESULTADO DEFINITIVO &#8211; PROCESSO SELETIVO PARA CONCESS\u00c3O DE BOLSAS &#8211; DEMANDA SOCIAL CAPES &#8211; EDITAL INTERNO N. 001-2025 &#8211; PPGD-UNIFAP<\/strong><\/a><\/p><\/div>\n\t\t\t\t<\/div>\n\t\t\t\t\t\t\t\t<\/div>\n\t\t\t\t\t\t<\/div>\n\t\t\t\t<\/div>\n\t\t\t\t\t<\/div>\n\t\t\t\t<\/div>\n\t\t\t\t<\/div>\n\t\t\t\t\t<\/div>\n\t\t\t\t<\/div>\n\t\t\t\t<\/div>\n\t\t","protected":false},"excerpt":{"rendered":"<p>Chamadas de Bolsas 2025 &#8211; Edital Interno n\u00ba 001\/2025-PPGD\/UNIFAP EDITAL INTERNO N\u00ba 001\/2025 \u2013 PPGD\/UNIFAPPROCESSO SELETIVO PARA CONCESS\u00c3O DE BOLSAS DO PROGRAMA DE DEMANDA SOCIAL \u2013 CAPES A Coordena\u00e7\u00e3o do Programa de P\u00f3s-Gradua\u00e7\u00e3o em Direito da Universidade Federal do Amap\u00e1 (PPGD\/UNIFAP), no uso de suas atribui\u00e7\u00f5es legais, torna p\u00fablico o presente edital interno para sele\u00e7\u00e3o&#8230;<\/p>\n","protected":false},"author":3999,"featured_media":0,"parent":381,"menu_order":0,"comment_status":"closed","ping_status":"closed","template":"","meta":{"inline_featured_image":false,"site-sidebar-layout":"no-sidebar","site-content-layout":"page-builder","ast-site-content-layout":"full-width-container","site-content-style":"unboxed","site-sidebar-style":"unboxed","ast-global-header-display":"","ast-banner-title-visibility":"","ast-main-header-display":"","ast-hfb-above-header-display":"","ast-hfb-below-header-display":"","ast-hfb-mobile-header-display":"","site-post-title":"disabled","ast-breadcrumbs-content":"","ast-featured-img":"disabled","footer-sml-layout":"","theme-transparent-header-meta":"default","adv-header-id-meta":"","stick-header-meta":"","header-above-stick-meta":"","header-main-stick-meta":"","header-below-stick-meta":"","astra-migrate-meta-layouts":"set","ast-page-background-enabled":"default","ast-page-background-meta":{"desktop":{"background-color":"var(--ast-global-color-4)","background-image":"","background-repeat":"repeat","background-position":"center center","background-size":"auto","background-attachment":"scroll","background-type":"","background-media":"","overlay-type":"","overlay-color":"","overlay-opacity":"","overlay-gradient":""},"tablet":{"background-color":"","background-image":"","background-repeat":"repeat","background-position":"center center","background-size":"auto","background-attachment":"scroll","background-type":"","background-media":"","overlay-type":"","overlay-color":"","overlay-opacity":"","overlay-gradient":""},"mobile":{"background-color":"","background-image":"","background-repeat":"repeat","background-position":"center center","background-size":"auto","background-attachment":"scroll","background-type":"","background-media":"","overlay-type":"","overlay-color":"","overlay-opacity":"","overlay-gradient":""}},"ast-content-background-meta":{"desktop":{"background-color":"var(--ast-global-color-5)","background-image":"","background-repeat":"repeat","background-position":"center center","background-size":"auto","background-attachment":"scroll","background-type":"","background-media":"","overlay-type":"","overlay-color":"","overlay-opacity":"","overlay-gradient":""},"tablet":{"background-color":"var(--ast-global-color-5)","background-image":"","background-repeat":"repeat","background-position":"center center","background-size":"auto","background-attachment":"scroll","background-type":"","background-media":"","overlay-type":"","overlay-color":"","overlay-opacity":"","overlay-gradient":""},"mobile":{"background-color":"var(--ast-global-color-5)","background-image":"","background-repeat":"repeat","background-position":"center center","background-size":"auto","background-attachment":"scroll","background-type":"","background-media":"","overlay-type":"","overlay-color":"","overlay-opacity":"","overlay-gradient":""}},"footnotes":""},"class_list":["post-2070","page","type-page","status-publish","hentry"],"_links":{"self":[{"href":"https:\/\/www2.unifap.br\/ppgd\/wp-json\/wp\/v2\/pages\/2070","targetHints":{"allow":["GET"]}}],"collection":[{"href":"https:\/\/www2.unifap.br\/ppgd\/wp-json\/wp\/v2\/pages"}],"about":[{"href":"https:\/\/www2.unifap.br\/ppgd\/wp-json\/wp\/v2\/types\/page"}],"author":[{"embeddable":true,"href":"https:\/\/www2.unifap.br\/ppgd\/wp-json\/wp\/v2\/users\/3999"}],"replies":[{"embeddable":true,"href":"https:\/\/www2.unifap.br\/ppgd\/wp-json\/wp\/v2\/comments?post=2070"}],"version-history":[{"count":22,"href":"https:\/\/www2.unifap.br\/ppgd\/wp-json\/wp\/v2\/pages\/2070\/revisions"}],"predecessor-version":[{"id":4227,"href":"https:\/\/www2.unifap.br\/ppgd\/wp-json\/wp\/v2\/pages\/2070\/revisions\/4227"}],"up":[{"embeddable":true,"href":"https:\/\/www2.unifap.br\/ppgd\/wp-json\/wp\/v2\/pages\/381"}],"wp:attachment":[{"href":"https:\/\/www2.unifap.br\/ppgd\/wp-json\/wp\/v2\/media?parent=2070"}],"curies":[{"name":"wp","href":"https:\/\/api.w.org\/{rel}","templated":true}]}}