{"id":248,"date":"2023-10-08T17:23:13","date_gmt":"2023-10-08T20:23:13","guid":{"rendered":"https:\/\/www2.unifap.br\/ppgd\/?page_id=248"},"modified":"2026-02-19T21:58:46","modified_gmt":"2026-02-20T00:58:46","slug":"apresentacao","status":"publish","type":"page","link":"https:\/\/www2.unifap.br\/ppgd\/","title":{"rendered":"HOME"},"content":{"rendered":"\t\t<div data-elementor-type=\"wp-page\" data-elementor-id=\"248\" class=\"elementor elementor-248\">\n\t\t\t\t<div class=\"elementor-element elementor-element-18e4e00 e-flex e-con-boxed e-con e-parent\" data-id=\"18e4e00\" data-element_type=\"container\" data-e-type=\"container\" data-settings=\"{&quot;background_background&quot;:&quot;gradient&quot;,&quot;shape_divider_bottom&quot;:&quot;clouds&quot;,&quot;shape_divider_bottom_negative&quot;:&quot;yes&quot;}\">\n\t\t\t\t\t<div class=\"e-con-inner\">\n\t\t\t\t<div class=\"elementor-shape elementor-shape-bottom\" aria-hidden=\"true\" data-negative=\"true\">\n\t\t\t<svg xmlns=\"http:\/\/www.w3.org\/2000\/svg\" viewBox=\"0 0 283.5 27.8\" preserveAspectRatio=\"xMidYMax slice\">\n\t<path class=\"elementor-shape-fill\" d=\"M265.8 3.5c-10.9 0-15.9 6.2-15.9 6.2s-3.6-3.5-9.2-.9c-9.1 4.1-4.4 13.4-4.4 13.4s-1.2.2-1.9.9c-.6.7-.5 1.9-.5 1.9s-1-.5-2.3-.2c-1.3.3-1.6 1.4-1.6 1.4s.4-3.4-1.5-5c-3.9-3.4-8.3-.2-8.3-.2s-.6-.7-.9-.9c-.4-.2-1.2-.2-1.2-.2s-4.4-3.6-11.5-2.6-10.4 7.9-10.4 7.9-.5-3.3-3.9-4.9c-4.8-2.4-7.4 0-7.4 0s2.4-4.1-1.9-6.4-6.2 1.2-6.2 1.2-.9-.5-2.1-.5-2.3 1.1-2.3 1.1.1-.7-1.1-1.1c-1.2-.4-2 0-2 0s3.6-6.8-3.5-8.9c-6-1.8-7.9 2.6-8.4 4-.1-.3-.4-.7-.9-1.1-1-.7-1.3-.5-1.3-.5s1-4-1.7-5.2c-2.7-1.2-4.2 1.1-4.2 1.1s-3.1-1-5.7 1.4-2.1 5.5-2.1 5.5-.9 0-2.1.7-1.4 1.7-1.4 1.7-1.7-1.2-4.3-1.2c-2.6 0-4.5 1.2-4.5 1.2s-.7-1.5-2.8-2.4c-2.1-.9-4 0-4 0s2.6-5.9-4.7-9c-7.3-3.1-12.6 3.3-12.6 3.3s-.9 0-1.9.2c-.9.2-1.5.9-1.5.9S99.4 3 94.9 3.9c-4.5.9-5.7 5.7-5.7 5.7s-2.8-5-12.3-3.9-11.1 6-11.1 6-1.2-1.4-4-.7c-.8.2-1.3.5-1.8.9-.9-2.1-2.7-4.9-6.2-4.4-3.2.4-4 2.2-4 2.2s-.5-.7-1.2-.7h-1.4s-.5-.9-1.7-1.4-2.4 0-2.4 0-2.4-1.2-4.7 0-3.1 4.1-3.1 4.1-1.7-1.4-3.6-.7c-1.9.7-1.9 2.8-1.9 2.8s-.5-.5-1.7-.2c-1.2.2-1.4.7-1.4.7s-.7-2.3-2.8-2.8c-2.1-.5-4.3.2-4.3.2s-1.7-5-11.1-6c-3.8-.4-6.6.2-8.5 1v21.2h283.5V11.1c-.9.2-1.6.4-1.6.4s-5.2-8-16.1-8z\"\/>\n<\/svg>\n\t\t<\/div>\n\t\t<div class=\"elementor-element elementor-element-65ba959 e-con-full e-flex e-con e-child\" data-id=\"65ba959\" data-element_type=\"container\" data-e-type=\"container\">\n\t\t\t\t<div class=\"elementor-element elementor-element-d66b9bb elementor-widget elementor-widget-heading\" data-id=\"d66b9bb\" data-element_type=\"widget\" data-e-type=\"widget\" data-widget_type=\"heading.default\">\n\t\t\t\t<div class=\"elementor-widget-container\">\n\t\t\t\t\t<h2 class=\"elementor-heading-title elementor-size-default\">PROGRAMA DE P\u00d3S-GRADUA\u00c7\u00c3O EM DIREITO<\/h2>\t\t\t\t<\/div>\n\t\t\t\t<\/div>\n\t\t\t\t<div class=\"elementor-element elementor-element-82bd104 elementor-widget elementor-widget-text-editor\" data-id=\"82bd104\" data-element_type=\"widget\" data-e-type=\"widget\" data-widget_type=\"text-editor.default\">\n\t\t\t\t<div class=\"elementor-widget-container\">\n\t\t\t\t\t\t\t\t\t<p>A miss\u00e3o do PPGD\/UNIFAP \u00e9 a forma\u00e7\u00e3o qualificada de pesquisadores e pesquisadoras na \u00e1rea do Direito, cientes de seu papel social na produ\u00e7\u00e3o de conhecimento, no compromisso com a garantia e promo\u00e7\u00e3o dos direitos humanos, na luta pelo acesso \u00e0 justi\u00e7a e pelo desenvolvimento que permita a redu\u00e7\u00e3o das assimetrias regionais, notadamente direcionadas ao territ\u00f3rio e popula\u00e7\u00e3o amaz\u00f4nidas.<\/p>\t\t\t\t\t\t\t\t<\/div>\n\t\t\t\t<\/div>\n\t\t\t\t<div class=\"elementor-element elementor-element-91dc968 elementor-align-center animated-slow elementor-widget elementor-widget-button\" data-id=\"91dc968\" data-element_type=\"widget\" data-e-type=\"widget\" data-settings=\"{&quot;_animation&quot;:&quot;none&quot;}\" data-widget_type=\"button.default\">\n\t\t\t\t<div class=\"elementor-widget-container\">\n\t\t\t\t\t\t\t\t\t<div class=\"elementor-button-wrapper\">\n\t\t\t\t\t<a class=\"elementor-button elementor-button-link elementor-size-md\" href=\"https:\/\/www2.unifap.br\/ppgd\/o-programa\/\">\n\t\t\t\t\t\t<span class=\"elementor-button-content-wrapper\">\n\t\t\t\t\t\t\t\t\t<span class=\"elementor-button-text\">Conhe\u00e7a o PPGD<\/span>\n\t\t\t\t\t<\/span>\n\t\t\t\t\t<\/a>\n\t\t\t\t<\/div>\n\t\t\t\t\t\t\t\t<\/div>\n\t\t\t\t<\/div>\n\t\t\t\t<\/div>\n\t\t<div class=\"elementor-element elementor-element-d0bcc35 e-con-full e-flex e-con e-child\" data-id=\"d0bcc35\" data-element_type=\"container\" data-e-type=\"container\">\n\t\t\t\t<div class=\"elementor-element elementor-element-b6252e0 elementor-widget__width-initial elementor-arrows-position-inside elementor-pagination-position-outside elementor-widget elementor-widget-image-carousel\" data-id=\"b6252e0\" data-element_type=\"widget\" data-e-type=\"widget\" data-settings=\"{&quot;slides_to_show&quot;:&quot;1&quot;,&quot;navigation&quot;:&quot;both&quot;,&quot;autoplay&quot;:&quot;yes&quot;,&quot;pause_on_hover&quot;:&quot;yes&quot;,&quot;pause_on_interaction&quot;:&quot;yes&quot;,&quot;autoplay_speed&quot;:5000,&quot;infinite&quot;:&quot;yes&quot;,&quot;effect&quot;:&quot;slide&quot;,&quot;speed&quot;:500}\" data-widget_type=\"image-carousel.default\">\n\t\t\t\t<div class=\"elementor-widget-container\">\n\t\t\t\t\t\t\t<div class=\"elementor-image-carousel-wrapper swiper\" role=\"region\" aria-roledescription=\"carousel\" aria-label=\"Carrossel de imagens\" dir=\"ltr\">\n\t\t\t<div class=\"elementor-image-carousel swiper-wrapper\" aria-live=\"off\">\n\t\t\t\t\t\t\t\t<div class=\"swiper-slide\" role=\"group\" aria-roledescription=\"slide\" aria-label=\"1 de 2\"><figure class=\"swiper-slide-inner\"><img decoding=\"async\" class=\"swiper-slide-image\" src=\"https:\/\/www2.unifap.br\/ppgd\/files\/2023\/10\/PPGD-CARD1.jpeg\" alt=\"PPGD-CARD1\" \/><\/figure><\/div><div class=\"swiper-slide\" role=\"group\" aria-roledescription=\"slide\" aria-label=\"2 de 2\"><figure class=\"swiper-slide-inner\"><img decoding=\"async\" class=\"swiper-slide-image\" src=\"https:\/\/www2.unifap.br\/ppgd\/files\/2023\/10\/PPGD-CARD2.jpeg\" alt=\"PPGD-CARD2\" \/><\/figure><\/div>\t\t\t<\/div>\n\t\t\t\t\t\t\t\t\t\t\t\t<div class=\"elementor-swiper-button elementor-swiper-button-prev\" role=\"button\" tabindex=\"0\">\n\t\t\t\t\t\t<svg aria-hidden=\"true\" class=\"e-font-icon-svg e-eicon-chevron-left\" viewBox=\"0 0 1000 1000\" xmlns=\"http:\/\/www.w3.org\/2000\/svg\"><path d=\"M646 125C629 125 613 133 604 142L308 442C296 454 292 471 292 487 292 504 296 521 308 533L604 854C617 867 629 875 646 875 663 875 679 871 692 858 704 846 713 829 713 812 713 796 708 779 692 767L438 487 692 225C700 217 708 204 708 187 708 171 704 154 692 142 675 129 663 125 646 125Z\"><\/path><\/svg>\t\t\t\t\t<\/div>\n\t\t\t\t\t<div class=\"elementor-swiper-button elementor-swiper-button-next\" role=\"button\" tabindex=\"0\">\n\t\t\t\t\t\t<svg aria-hidden=\"true\" class=\"e-font-icon-svg e-eicon-chevron-right\" viewBox=\"0 0 1000 1000\" xmlns=\"http:\/\/www.w3.org\/2000\/svg\"><path d=\"M696 533C708 521 713 504 713 487 713 471 708 454 696 446L400 146C388 133 375 125 354 125 338 125 325 129 313 142 300 154 292 171 292 187 292 204 296 221 308 233L563 492 304 771C292 783 288 800 288 817 288 833 296 850 308 863 321 871 338 875 354 875 371 875 388 867 400 854L696 533Z\"><\/path><\/svg>\t\t\t\t\t<\/div>\n\t\t\t\t\n\t\t\t\t\t\t\t\t\t<div class=\"swiper-pagination\"><\/div>\n\t\t\t\t\t\t\t\t\t<\/div>\n\t\t\t\t\t\t<\/div>\n\t\t\t\t<\/div>\n\t\t\t\t<\/div>\n\t\t\t\t\t<\/div>\n\t\t\t\t<\/div>\n\t\t<div class=\"elementor-element elementor-element-83c567c e-flex e-con-boxed e-con e-parent\" data-id=\"83c567c\" data-element_type=\"container\" data-e-type=\"container\" data-settings=\"{&quot;background_background&quot;:&quot;classic&quot;}\">\n\t\t\t\t\t<div class=\"e-con-inner\">\n\t\t<div class=\"elementor-element elementor-element-e9ab38b e-con-full e-flex e-con e-child\" data-id=\"e9ab38b\" data-element_type=\"container\" data-e-type=\"container\">\n\t\t\t\t<div class=\"elementor-element elementor-element-df2e1e2 elementor-widget__width-inherit elementor-widget-divider--view-line elementor-widget elementor-widget-divider\" data-id=\"df2e1e2\" data-element_type=\"widget\" data-e-type=\"widget\" data-widget_type=\"divider.default\">\n\t\t\t\t<div class=\"elementor-widget-container\">\n\t\t\t\t\t\t\t<div class=\"elementor-divider\">\n\t\t\t<span class=\"elementor-divider-separator\">\n\t\t\t\t\t\t<\/span>\n\t\t<\/div>\n\t\t\t\t\t\t<\/div>\n\t\t\t\t<\/div>\n\t\t\t\t<div class=\"elementor-element elementor-element-e8c7e6e elementor-widget elementor-widget-heading\" data-id=\"e8c7e6e\" data-element_type=\"widget\" data-e-type=\"widget\" data-widget_type=\"heading.default\">\n\t\t\t\t<div class=\"elementor-widget-container\">\n\t\t\t\t\t<h2 class=\"elementor-heading-title elementor-size-default\">Not\u00edcias<\/h2>\t\t\t\t<\/div>\n\t\t\t\t<\/div>\n\t\t\t\t<\/div>\n\t\t<div class=\"elementor-element elementor-element-98ac9d5 e-con-full e-flex e-con e-child\" data-id=\"98ac9d5\" data-element_type=\"container\" data-e-type=\"container\">\n\t\t<div class=\"elementor-element elementor-element-b17d976 e-flex e-con-boxed e-con e-child\" data-id=\"b17d976\" data-element_type=\"container\" data-e-type=\"container\">\n\t\t\t\t\t<div class=\"e-con-inner\">\n\t\t\t\t<div class=\"elementor-element elementor-element-e6896f7 elementor-widget elementor-widget-eael-post-timeline\" data-id=\"e6896f7\" data-element_type=\"widget\" data-e-type=\"widget\" data-widget_type=\"eael-post-timeline.default\">\n\t\t\t\t<div class=\"elementor-widget-container\">\n\t\t\t\t\t<div id=\"eael-post-timeline-e6896f7\" class=\"eael-post-timeline timeline-layout-card eael-post-timeline-arrow-top\">\n            <div class=\"eael-post-timeline eael-post-appender eael-post-appender-e6896f7\"><article class=\"eael-timeline-post\">\n    <div class=\"eael-timeline-bullet\"><\/div>\n    <div class=\"eael-timeline-post-inner\">\n        <a class=\"eael-timeline-post-link\" href=\"https:\/\/www2.unifap.br\/ppgd\/2026\/04\/13\/primeira-defesa-de-dissertacao-de-mestrado-ppgd-unifap\/\" title=\"Primeira Defesa de Disserta\u00e7\u00e3o de Mestrado &#8211; PPGD\/UNIFAP\">\n            <time datetime=\"13 de abril de 2026\">13 de abril de 2026<\/time>\n            <div class=\"eael-timeline-content\"><div class=\"eael-timeline-post-title\">\n\t\t                    <h5 class=\"eael-timeline-post-title-text\">Primeira Defesa de Disserta\u00e7\u00e3o de Mestrado &#8211; PPGD\/UNIFAP<\/h5>\n\t\t                <\/div><div class=\"eael-timeline-post-excerpt\"><p>Primeira Defesa de Disserta\u00e7\u00e3o de Mestrado &#8211; PPGD\/UNIFAP O Programa de P\u00f3s-Gradua\u00e7\u00e3o em Direito da Universidade Federal do Amap\u00e1 (PPGD\/UNIFAP) tem a satisfa\u00e7\u00e3o de anunciar...<\/p><\/div><\/div><\/a>\n    <\/div>\n    <div class=\"eael-timeline-clear\"><\/div>\n<\/article><article class=\"eael-timeline-post\">\n    <div class=\"eael-timeline-bullet\"><\/div>\n    <div class=\"eael-timeline-post-inner\">\n        <a class=\"eael-timeline-post-link\" href=\"https:\/\/www2.unifap.br\/ppgd\/2026\/03\/20\/defesa-de-dissertacao-de-mestrado-ppgd-unifap\/\" title=\"Defesa de Disserta\u00e7\u00e3o de Mestrado &#8211; PPGD\/UNIFAP\">\n            <time datetime=\"20 de mar\u00e7o de 2026\">20 de mar\u00e7o de 2026<\/time>\n            <div class=\"eael-timeline-content\"><div class=\"eael-timeline-post-title\">\n\t\t                    <h5 class=\"eael-timeline-post-title-text\">Defesa de Disserta\u00e7\u00e3o de Mestrado &#8211; PPGD\/UNIFAP<\/h5>\n\t\t                <\/div><div class=\"eael-timeline-post-excerpt\"><p>Defesa de Disserta\u00e7\u00e3o de Mestrado &#8211; PPGD\/UNIFAP \ud83d\udcda Defesa de Disserta\u00e7\u00e3o \u2013 Mestrado em Direito\/PPGD\/UNIFAP \u00c9 com grande satisfa\u00e7\u00e3o que o Programa de P\u00f3s-Gradua\u00e7\u00e3o em...<\/p><\/div><\/div><\/a>\n    <\/div>\n    <div class=\"eael-timeline-clear\"><\/div>\n<\/article><article class=\"eael-timeline-post\">\n    <div class=\"eael-timeline-bullet\"><\/div>\n    <div class=\"eael-timeline-post-inner\">\n        <a class=\"eael-timeline-post-link\" href=\"https:\/\/www2.unifap.br\/ppgd\/2026\/02\/27\/exame-de-qualificacao-de-dissertacao-de-mestrado-ppgd-unifap-17\/\" title=\"Exame de Qualifica\u00e7\u00e3o de Disserta\u00e7\u00e3o de Mestrado &#8211; PPGD\/UNIFAP\">\n            <time datetime=\"27 de fevereiro de 2026\">27 de fevereiro de 2026<\/time>\n            <div class=\"eael-timeline-content\"><div class=\"eael-timeline-post-title\">\n\t\t                    <h5 class=\"eael-timeline-post-title-text\">Exame de Qualifica\u00e7\u00e3o de Disserta\u00e7\u00e3o de Mestrado &#8211; PPGD\/UNIFAP<\/h5>\n\t\t                <\/div><div class=\"eael-timeline-post-excerpt\"><p>Exame de Qualifica\u00e7\u00e3o de Disserta\u00e7\u00e3o de Mestrado &#8211; PPGD\/UNIFAP \ud83d\udcda Exame de Qualifica\u00e7\u00e3o \u2013 Mestrado em Direito\/PPGD\/UNIFAP \u00c9 com grande satisfa\u00e7\u00e3o que convidamos a comunidade...<\/p><\/div><\/div><\/a>\n    <\/div>\n    <div class=\"eael-timeline-clear\"><\/div>\n<\/article><article class=\"eael-timeline-post\">\n    <div class=\"eael-timeline-bullet\"><\/div>\n    <div class=\"eael-timeline-post-inner\">\n        <a class=\"eael-timeline-post-link\" href=\"https:\/\/www2.unifap.br\/ppgd\/2026\/02\/26\/exame-de-qualificacao-de-dissertacao-de-mestrado-ppgd-unifap-20\/\" title=\"Exame de Qualifica\u00e7\u00e3o de Disserta\u00e7\u00e3o de Mestrado &#8211; PPGD\/UNIFAP\">\n            <time datetime=\"26 de fevereiro de 2026\">26 de fevereiro de 2026<\/time>\n            <div class=\"eael-timeline-content\"><div class=\"eael-timeline-post-title\">\n\t\t                    <h5 class=\"eael-timeline-post-title-text\">Exame de Qualifica\u00e7\u00e3o de Disserta\u00e7\u00e3o de Mestrado &#8211; PPGD\/UNIFAP<\/h5>\n\t\t                <\/div><div class=\"eael-timeline-post-excerpt\"><p>Exame de Qualifica\u00e7\u00e3o de Disserta\u00e7\u00e3o de Mestrado &#8211; PPGD\/UNIFAP \ud83d\udcda Exame de Qualifica\u00e7\u00e3o \u2013 Mestrado em Direito\/PPGD\/UNIFAP \u00c9 com grande satisfa\u00e7\u00e3o que convidamos a comunidade...<\/p><\/div><\/div><\/a>\n    <\/div>\n    <div class=\"eael-timeline-clear\"><\/div>\n<\/article><article class=\"eael-timeline-post\">\n    <div class=\"eael-timeline-bullet\"><\/div>\n    <div class=\"eael-timeline-post-inner\">\n        <a class=\"eael-timeline-post-link\" href=\"https:\/\/www2.unifap.br\/ppgd\/2026\/02\/25\/exame-de-qualificacao-de-dissertacao-de-mestrado-ppgd-unifap-16\/\" title=\"Exame de Qualifica\u00e7\u00e3o de Disserta\u00e7\u00e3o de Mestrado &#8211; PPGD\/UNIFAP\">\n            <time datetime=\"25 de fevereiro de 2026\">25 de fevereiro de 2026<\/time>\n            <div class=\"eael-timeline-content\"><div class=\"eael-timeline-post-title\">\n\t\t                    <h5 class=\"eael-timeline-post-title-text\">Exame de Qualifica\u00e7\u00e3o de Disserta\u00e7\u00e3o de Mestrado &#8211; PPGD\/UNIFAP<\/h5>\n\t\t                <\/div><div class=\"eael-timeline-post-excerpt\"><p>Exame de Qualifica\u00e7\u00e3o de Disserta\u00e7\u00e3o de Mestrado &#8211; PPGD\/UNIFAP \ud83d\udcda Exame de Qualifica\u00e7\u00e3o \u2013 Mestrado em Direito\/PPGD\/UNIFAP \u00c9 com grande satisfa\u00e7\u00e3o que convidamos a comunidade...<\/p><\/div><\/div><\/a>\n    <\/div>\n    <div class=\"eael-timeline-clear\"><\/div>\n<\/article><\/div>\n\t\t<\/div>            <div class=\"eael-load-more-button-wrap eael-force-hide\">\n                <button class=\"eael-load-more-button\" id=\"eael-load-more-btn-e6896f7\" data-widget-id=\"e6896f7\" data-widget=\"e6896f7\" data-page-id=\"248\" data-template=\"{&quot;dir&quot;:&quot;lite&quot;,&quot;file_name&quot;:&quot;card.php&quot;,&quot;name&quot;:&quot;Post-Timeline&quot;}\" data-class=\"Essential_Addons_Elementor\\Elements\\Post_Timeline\" data-layout=\"\" data-page=\"1\" data-args=\"orderby=date&amp;order=desc&amp;ignore_sticky_posts=1&amp;post_status=publish&amp;posts_per_page=5&amp;offset=0&amp;post_type=post\" data-max-page=\"18\">\n                    <span class=\"eael-btn-loader button__loader\"><\/span>\n                    <span class=\"eael_load_more_text\"><\/span>\n                <\/button>\n            <\/div>\n            \t\t\t\t<\/div>\n\t\t\t\t<\/div>\n\t\t\t\t<div class=\"elementor-element elementor-element-b684cab elementor-align-center elementor-widget elementor-widget-button\" data-id=\"b684cab\" data-element_type=\"widget\" data-e-type=\"widget\" data-widget_type=\"button.default\">\n\t\t\t\t<div class=\"elementor-widget-container\">\n\t\t\t\t\t\t\t\t\t<div class=\"elementor-button-wrapper\">\n\t\t\t\t\t<a class=\"elementor-button elementor-button-link elementor-size-lg\" href=\"https:\/\/www2.unifap.br\/ppgd\/noticias\/\">\n\t\t\t\t\t\t<span class=\"elementor-button-content-wrapper\">\n\t\t\t\t\t\t\t\t\t<span class=\"elementor-button-text\">Mais not\u00edcias<\/span>\n\t\t\t\t\t<\/span>\n\t\t\t\t\t<\/a>\n\t\t\t\t<\/div>\n\t\t\t\t\t\t\t\t<\/div>\n\t\t\t\t<\/div>\n\t\t\t\t\t<\/div>\n\t\t\t\t<\/div>\n\t\t\t\t<\/div>\n\t\t\t\t\t<\/div>\n\t\t\t\t<\/div>\n\t\t\t\t<\/div>\n\t\t","protected":false},"excerpt":{"rendered":"<p>PROGRAMA DE P\u00d3S-GRADUA\u00c7\u00c3O EM DIREITO A miss\u00e3o do PPGD\/UNIFAP \u00e9 a forma\u00e7\u00e3o qualificada de pesquisadores e pesquisadoras na \u00e1rea do Direito, cientes de seu papel social na produ\u00e7\u00e3o de conhecimento, no compromisso com a garantia e promo\u00e7\u00e3o dos direitos humanos, na luta pelo acesso \u00e0 justi\u00e7a e pelo desenvolvimento que permita a redu\u00e7\u00e3o das assimetrias&#8230;<\/p>\n","protected":false},"author":3999,"featured_media":0,"parent":0,"menu_order":0,"comment_status":"closed","ping_status":"closed","template":"","meta":{"inline_featured_image":false,"site-sidebar-layout":"no-sidebar","site-content-layout":"page-builder","ast-site-content-layout":"full-width-container","site-content-style":"unboxed","site-sidebar-style":"unboxed","ast-global-header-display":"","ast-banner-title-visibility":"","ast-main-header-display":"","ast-hfb-above-header-display":"","ast-hfb-below-header-display":"","ast-hfb-mobile-header-display":"","site-post-title":"disabled","ast-breadcrumbs-content":"","ast-featured-img":"disabled","footer-sml-layout":"","theme-transparent-header-meta":"default","adv-header-id-meta":"","stick-header-meta":"","header-above-stick-meta":"","header-main-stick-meta":"","header-below-stick-meta":"","astra-migrate-meta-layouts":"set","ast-page-background-enabled":"default","ast-page-background-meta":{"desktop":{"background-color":"var(--ast-global-color-4)","background-image":"","background-repeat":"repeat","background-position":"center center","background-size":"auto","background-attachment":"scroll","background-type":"","background-media":"","overlay-type":"","overlay-color":"","overlay-opacity":"","overlay-gradient":""},"tablet":{"background-color":"","background-image":"","background-repeat":"repeat","background-position":"center center","background-size":"auto","background-attachment":"scroll","background-type":"","background-media":"","overlay-type":"","overlay-color":"","overlay-opacity":"","overlay-gradient":""},"mobile":{"background-color":"","background-image":"","background-repeat":"repeat","background-position":"center center","background-size":"auto","background-attachment":"scroll","background-type":"","background-media":"","overlay-type":"","overlay-color":"","overlay-opacity":"","overlay-gradient":""}},"ast-content-background-meta":{"desktop":{"background-color":"var(--ast-global-color-5)","background-image":"","background-repeat":"repeat","background-position":"center center","background-size":"auto","background-attachment":"scroll","background-type":"","background-media":"","overlay-type":"","overlay-color":"","overlay-opacity":"","overlay-gradient":""},"tablet":{"background-color":"var(--ast-global-color-5)","background-image":"","background-repeat":"repeat","background-position":"center center","background-size":"auto","background-attachment":"scroll","background-type":"","background-media":"","overlay-type":"","overlay-color":"","overlay-opacity":"","overlay-gradient":""},"mobile":{"background-color":"var(--ast-global-color-5)","background-image":"","background-repeat":"repeat","background-position":"center center","background-size":"auto","background-attachment":"scroll","background-type":"","background-media":"","overlay-type":"","overlay-color":"","overlay-opacity":"","overlay-gradient":""}},"footnotes":""},"class_list":["post-248","page","type-page","status-publish","hentry"],"_links":{"self":[{"href":"https:\/\/www2.unifap.br\/ppgd\/wp-json\/wp\/v2\/pages\/248","targetHints":{"allow":["GET"]}}],"collection":[{"href":"https:\/\/www2.unifap.br\/ppgd\/wp-json\/wp\/v2\/pages"}],"about":[{"href":"https:\/\/www2.unifap.br\/ppgd\/wp-json\/wp\/v2\/types\/page"}],"author":[{"embeddable":true,"href":"https:\/\/www2.unifap.br\/ppgd\/wp-json\/wp\/v2\/users\/3999"}],"replies":[{"embeddable":true,"href":"https:\/\/www2.unifap.br\/ppgd\/wp-json\/wp\/v2\/comments?post=248"}],"version-history":[{"count":166,"href":"https:\/\/www2.unifap.br\/ppgd\/wp-json\/wp\/v2\/pages\/248\/revisions"}],"predecessor-version":[{"id":4245,"href":"https:\/\/www2.unifap.br\/ppgd\/wp-json\/wp\/v2\/pages\/248\/revisions\/4245"}],"wp:attachment":[{"href":"https:\/\/www2.unifap.br\/ppgd\/wp-json\/wp\/v2\/media?parent=248"}],"curies":[{"name":"wp","href":"https:\/\/api.w.org\/{rel}","templated":true}]}}