{"id":1342,"date":"2014-10-22T18:19:58","date_gmt":"2014-10-22T18:19:58","guid":{"rendered":"http:\/\/www2.unifap.br\/ppgdapp\/?page_id=1342"},"modified":"2014-10-22T18:26:07","modified_gmt":"2014-10-22T18:26:07","slug":"vi-seminario-de-direito-ambiental-e-politicas-publicas","status":"publish","type":"page","link":"https:\/\/www2.unifap.br\/ppgdapp\/eventos\/vi-seminario-de-direito-ambiental-e-politicas-publicas\/","title":{"rendered":"VI Semin\u00e1rio de Direito Ambiental e Pol\u00edticas P\u00fablicas"},"content":{"rendered":"<p><a href=\"http:\/\/www2.unifap.br\/ppgdapp\/files\/2014\/10\/vi-semin\u00e1rio-ppgdapp.png\"><img fetchpriority=\"high\" decoding=\"async\" class=\"alignnone size-full wp-image-1343\" alt=\"vi semin\u00e1rio ppgdapp\" src=\"http:\/\/www2.unifap.br\/ppgdapp\/files\/2014\/10\/vi-semin\u00e1rio-ppgdapp.png\" width=\"467\" height=\"653\" srcset=\"https:\/\/www2.unifap.br\/ppgdapp\/files\/2014\/10\/vi-semin\u00e1rio-ppgdapp.png 467w, https:\/\/www2.unifap.br\/ppgdapp\/files\/2014\/10\/vi-semin\u00e1rio-ppgdapp-214x300.png 214w\" sizes=\"(max-width: 467px) 100vw, 467px\" \/><\/a><\/p>\n<p><strong>&#8211; <a href=\"http:\/\/www2.unifap.br\/ppgdapp\/files\/2014\/10\/FOLDER-1-2.pdf\">FOLDER DO EVENTO<\/a><\/strong><\/p>\n<p><strong>Per\u00edodo: 05 a 07 de novembro de 2014.<\/strong><\/p>\n<p><strong>Taxa de inscri\u00e7\u00e3o: R$ 20,00.<\/strong><\/p>\n<p><strong>Local\/Inscri\u00e7\u00f5es: UNIFAP &#8211; Secretaria do Programa de P\u00f3s-Gradua\u00e7\u00e3o em Direito Ambiental e Pol\u00edticas P\u00fablicas &#8211; Bloco I &#8211; Hor\u00e1rio Comercial<\/strong><\/p>\n<p><strong>\u00a0<\/strong><\/p>\n","protected":false},"excerpt":{"rendered":"<p>&#8211; FOLDER DO EVENTO Per\u00edodo: 05 a 07 de novembro de 2014. Taxa de inscri\u00e7\u00e3o: R$ 20,00. Local\/Inscri\u00e7\u00f5es: UNIFAP &#8211; Secretaria do Programa de P\u00f3s-Gradua\u00e7\u00e3o em Direito Ambiental e Pol\u00edticas P\u00fablicas &#8211; Bloco I &#8211; Hor\u00e1rio Comercial \u00a0<\/p>\n","protected":false},"author":590,"featured_media":0,"parent":335,"menu_order":-2,"comment_status":"closed","ping_status":"closed","template":"","meta":{"inline_featured_image":false,"ngg_post_thumbnail":0,"footnotes":""},"class_list":["post-1342","page","type-page","status-publish","hentry"],"_links":{"self":[{"href":"https:\/\/www2.unifap.br\/ppgdapp\/wp-json\/wp\/v2\/pages\/1342","targetHints":{"allow":["GET"]}}],"collection":[{"href":"https:\/\/www2.unifap.br\/ppgdapp\/wp-json\/wp\/v2\/pages"}],"about":[{"href":"https:\/\/www2.unifap.br\/ppgdapp\/wp-json\/wp\/v2\/types\/page"}],"author":[{"embeddable":true,"href":"https:\/\/www2.unifap.br\/ppgdapp\/wp-json\/wp\/v2\/users\/590"}],"replies":[{"embeddable":true,"href":"https:\/\/www2.unifap.br\/ppgdapp\/wp-json\/wp\/v2\/comments?post=1342"}],"version-history":[{"count":5,"href":"https:\/\/www2.unifap.br\/ppgdapp\/wp-json\/wp\/v2\/pages\/1342\/revisions"}],"predecessor-version":[{"id":1351,"href":"https:\/\/www2.unifap.br\/ppgdapp\/wp-json\/wp\/v2\/pages\/1342\/revisions\/1351"}],"up":[{"embeddable":true,"href":"https:\/\/www2.unifap.br\/ppgdapp\/wp-json\/wp\/v2\/pages\/335"}],"wp:attachment":[{"href":"https:\/\/www2.unifap.br\/ppgdapp\/wp-json\/wp\/v2\/media?parent=1342"}],"curies":[{"name":"wp","href":"https:\/\/api.w.org\/{rel}","templated":true}]}}