{"id":1346,"date":"2014-10-22T18:22:14","date_gmt":"2014-10-22T18:22:14","guid":{"rendered":"http:\/\/www2.unifap.br\/ppgdapp\/?page_id=1346"},"modified":"2014-10-22T18:22:14","modified_gmt":"2014-10-22T18:22:14","slug":"v-seminario-de-direito-ambiental-e-politicas-publicas","status":"publish","type":"page","link":"https:\/\/www2.unifap.br\/ppgdapp\/eventos\/v-seminario-de-direito-ambiental-e-politicas-publicas\/","title":{"rendered":"V Semin\u00e1rio de Direito Ambiental e Pol\u00edticas P\u00fablicas"},"content":{"rendered":"<p><a href=\"http:\/\/www2.unifap.br\/ppgdapp\/files\/2013\/09\/Cartaz-imagem.jpg\"><img fetchpriority=\"high\" decoding=\"async\" alt=\"\" src=\"http:\/\/www2.unifap.br\/ppgdapp\/files\/2013\/09\/Cartaz-imagem.jpg\" width=\"756\" height=\"982\" \/><\/a><strong><img decoding=\"async\" title=\"Mais...\" alt=\"\" src=\"http:\/\/www2.unifap.br\/ppgdapp\/wp-includes\/js\/tinymce\/plugins\/wordpress\/img\/trans.gif\" \/>Per\u00edodo: 18 a 20 de setembro\u00a0<\/strong>de 2013.<\/p>\n<p><strong>Taxa de inscri\u00e7\u00e3o: R$ 20,00.<\/strong><\/p>\n<p><strong>Local: UNIFAP &#8211; Dep. de P\u00f3s-gradua\u00e7\u00e3o (DPG) &#8211; Bloco I<\/strong><\/p>\n<p><strong>Inscri\u00e7\u00f5es no site:<\/strong><\/p>\n<p><a href=\"http:\/\/seminarioppgdapp.orgfree.com\" target=\"_blank\">seminarioppgdapp.orgfree.com<\/a><\/p>\n","protected":false},"excerpt":{"rendered":"<p>Per\u00edodo: 18 a 20 de setembro\u00a0de 2013. Taxa de inscri\u00e7\u00e3o: R$ 20,00. Local: UNIFAP &#8211; Dep. de P\u00f3s-gradua\u00e7\u00e3o (DPG) &#8211; Bloco I Inscri\u00e7\u00f5es no site: seminarioppgdapp.orgfree.com<\/p>\n","protected":false},"author":590,"featured_media":0,"parent":335,"menu_order":-1,"comment_status":"closed","ping_status":"closed","template":"","meta":{"inline_featured_image":false,"ngg_post_thumbnail":0,"footnotes":""},"class_list":["post-1346","page","type-page","status-publish","hentry"],"_links":{"self":[{"href":"https:\/\/www2.unifap.br\/ppgdapp\/wp-json\/wp\/v2\/pages\/1346","targetHints":{"allow":["GET"]}}],"collection":[{"href":"https:\/\/www2.unifap.br\/ppgdapp\/wp-json\/wp\/v2\/pages"}],"about":[{"href":"https:\/\/www2.unifap.br\/ppgdapp\/wp-json\/wp\/v2\/types\/page"}],"author":[{"embeddable":true,"href":"https:\/\/www2.unifap.br\/ppgdapp\/wp-json\/wp\/v2\/users\/590"}],"replies":[{"embeddable":true,"href":"https:\/\/www2.unifap.br\/ppgdapp\/wp-json\/wp\/v2\/comments?post=1346"}],"version-history":[{"count":1,"href":"https:\/\/www2.unifap.br\/ppgdapp\/wp-json\/wp\/v2\/pages\/1346\/revisions"}],"predecessor-version":[{"id":1347,"href":"https:\/\/www2.unifap.br\/ppgdapp\/wp-json\/wp\/v2\/pages\/1346\/revisions\/1347"}],"up":[{"embeddable":true,"href":"https:\/\/www2.unifap.br\/ppgdapp\/wp-json\/wp\/v2\/pages\/335"}],"wp:attachment":[{"href":"https:\/\/www2.unifap.br\/ppgdapp\/wp-json\/wp\/v2\/media?parent=1346"}],"curies":[{"name":"wp","href":"https:\/\/api.w.org\/{rel}","templated":true}]}}