{"id":29,"date":"2010-08-16T18:30:46","date_gmt":"2010-08-16T18:30:46","guid":{"rendered":"http:\/\/pororoca.unifap.br\/ppgdapp\/?page_id=29"},"modified":"2015-04-10T12:28:30","modified_gmt":"2015-04-10T12:28:30","slug":"corpo-docente","status":"publish","type":"page","link":"https:\/\/www2.unifap.br\/ppgdapp\/corpo-docente\/","title":{"rendered":"Corpo Docente"},"content":{"rendered":"<p><a href=\"http:\/\/www2.unifap.br\/ppgdapp\/files\/2013\/05\/ppgdapp-banner.jpg\"><img fetchpriority=\"high\" decoding=\"async\" class=\"aligncenter size-full wp-image-294\" alt=\"\" src=\"http:\/\/www2.unifap.br\/ppgdapp\/files\/2013\/05\/ppgdapp-banner.jpg\" width=\"800\" height=\"120\" \/><\/a><\/p>\n<table width=\"480\">\n<tbody>\n<tr>\n<td bgcolor=\"#009966\" width=\"592\">\n<div><strong>CARACTERIZA\u00c7\u00c3O DO CORPO DOCENTE<\/strong><\/div>\n<\/td>\n<\/tr>\n<\/tbody>\n<\/table>\n<p><span style=\"color: #005900;\"><strong>Alaan Ubaiara Brito<\/strong><\/span><br \/>\n<span style=\"color: #005900;\"> Doutorado pela Universidade de S\u00e3o Paulo &#8211; USP, 2006.<\/span><br \/>\naubrito@unifap.br<br \/>\n<a href=\"http:\/\/lattes.cnpq.br\/9194391143997588\" target=\"_blank\">Curriculo Lattes<\/a><\/p>\n<p><span style=\"color: #005900;\"><strong>Alan Cavalcanti Cunha<\/strong><br \/>\nDoutorado pela Universidade de S\u00e3o Paulo &#8211; USP, 1999.<\/span><br \/>\n<span style=\"color: #006600;\"><a href=\"alancunha@unifap.br\">alancunha@unifap.br<\/a><br \/>\n<\/span><a href=\"http:\/\/lattes.cnpq.br\/2181817533284030\" target=\"_blank\">Curr\u00edculo Lattes<\/a><\/p>\n<p><span style=\"color: #005900;\"><strong>Adalberto Carvalho Ribeiro<\/strong><br \/>\nD<\/span><span style=\"color: #006600;\"><span style=\"color: #005900;\">outorado pela Universidade Federal do Par\u00e1 &#8211; UFPA, 2008<\/span><br \/>\n<span style=\"color: #006600;\"><a href=\"adalberto@unifap.br\">adalberto@unifap.br<\/a><br \/>\n<a href=\"http:\/\/lattes.cnpq.br\/9093782969901989\" target=\"_blank\">Curr\u00edculo Lattes<\/a><\/span><\/span><\/p>\n<p><span style=\"color: #005900;\"><strong>Adelma Nunes Barros<\/strong><\/span><br \/>\n<span style=\"color: #005900;\">Doutora pela Pontif\u00edcia Universidade Cat\u00f3lica de S\u00e3o Paulo, PUC-SP, 2005<\/span><br \/>\nadelma@unifap.br<br \/>\n<a href=\"http:\/\/lattes.cnpq.br\/9888614392602464\" target=\"_blank\">Curr\u00edculo Lattes<\/a><\/p>\n<p><span style=\"color: #005900;\"><strong style=\"line-height: 1.5em;\">Carmo Ant\u00f4nio de Souza<\/strong><\/span><br \/>\n<span style=\"color: #005900;\">Doutorado pela Pontif\u00edcia Universidade Cat\u00f3lica &#8211; PUC-SP, 2003<\/span><br \/>\n<a href=\"des.carmo@tjap.gov.br\">des.carmo@tjap.gov.br<\/a><br \/>\n<a href=\"http:\/\/lattes.cnpq.br\/0335909332516971\" target=\"_blank\">Curr\u00edculo Lattes<\/a><\/p>\n<p><span style=\"color: #005900;\"><strong>Claudia Maria do Socorro Cruz Fernandes Chelala<\/strong><br \/>\nDoutorado pela Universidade Federal do Par\u00e1 &#8211; UFPA, 2009 <\/span><span style=\"color: #006600;\"><br \/>\n<span style=\"color: #006600;\"><span style=\"color: #0000ff;\"><span style=\"color: #0000ff;\"><a href=\"cchelala@unifap.br\">cchelala@unifap.br<\/a>\u00a0<\/span><\/span><br \/>\n<span style=\"color: #006600;\"><a href=\"http:\/\/lattes.cnpq.br\/2609614137392991\" target=\"_blank\">Curr\u00edculo Lattes<\/a><\/span><\/span><\/span><\/p>\n<p><strong><span style=\"color: #005900;\">Daguinete Maria Chaves Brito<\/span><\/strong><br \/>\n<span style=\"color: #005900;\">Doutorado pela Universidade Federal do Par\u00e1 &#8211; UFPA, 2010<\/span><br \/>\n<a href=\"dagnete@uol.com.br\">dagnete@uol.com.br<\/a><br \/>\n<a style=\"line-height: 1.5em;\" href=\"http:\/\/lattes.cnpq.br\/8253405830178022\">Curr\u00edculo Lattes<\/a><\/p>\n<p><strong style=\"line-height: 1.5em;\"><span style=\"color: #006600;\">Edson Ferreira de Carvalho<\/span><\/strong><br \/>\n<span style=\"color: #006600;\">Doutorado pela <\/span><span style=\"color: #006600;\">Universidade Federal de Vi\u00e7osa<\/span> <span style=\"color: #006600;\">&#8211; <\/span><span style=\"color: #006600;\">UFV, 1989<\/span><br \/>\n<a href=\"ioure.lung@yahoo.com.br\">ioure.lung@yahoo.com.br<\/a><br \/>\n<a href=\"http:\/\/lattes.cnpq.br\/4886213877075945\" target=\"_blank\">Curr\u00edculo Lattes<\/a><\/p>\n<p><span style=\"color: #005900;\"><strong>Eliane Superti<\/strong><br \/>\nDoutorado pela Universidade Federal de S\u00e3o Carlos <strong> &#8211; <\/strong>UFSCAR, 2004<\/span><br \/>\n<a href=\"esuperti@unifap.br\"><span style=\"color: #005900;\"> esuperti@unifap.br<\/span><\/a><br \/>\n<span style=\"color: #006600;\"><a href=\"http:\/\/lattes.cnpq.br\/7806022855554472\" target=\"_self\">Curr\u00edculo Lattes<\/a><\/span><\/p>\n<p><span style=\"color: #006600;\"><strong>Eug\u00eania da Luz Silva Forster<\/strong><br \/>\nDoutorado pela <\/span><span style=\"color: #006600;\">Universidade Federal Fluminense &#8211; UFF,<\/span><span style=\"color: #006600;\"> 2004<\/span><br \/>\n<span style=\"color: #0000ff;\"><a href=\"eugenialuz@unifap.br\"><span style=\"color: #0000ff;\">eugenialuz@unifap.br<\/span><\/a><\/span><br \/>\n<span style=\"color: #006600;\"><a href=\"http:\/\/lattes.cnpq.br\/4609696110268688\" target=\"_blank\">Curr\u00edculo Lattes<\/a><\/span><\/p>\n<p><span style=\"color: #005900;\"><strong>Helena Cristina Guimar\u00e3es Queiroz Sim\u00f5es<\/strong><\/span><br \/>\n<span style=\"color: #005900;\">Doutorado pela Universidade Federal \u00a0de Uberl\u00e2ndia &#8211; UFU, 2013<\/span><br \/>\n<a href=\"hcsimoes@unifap.br\">hcsimoes@unifap.br<\/a><br \/>\n<a href=\"http:\/\/lattes.cnpq.br\/5913427639286290\">Curr\u00edculo Lattes<\/a><\/p>\n<p><span style=\"color: #005900;\"><strong><span style=\"line-height: 1.5em;\">Helenilza Ferreira Albuquerque Cunha<\/span><\/strong><\/span><br \/>\n<span style=\"color: #005900;\">Doutorado pela Universidade de S\u00e3o Paulo &#8211; USP, 1999<\/span><br \/>\n<a href=\"heleniz@uol.com.br\">heleniz@uol.com.br<\/a><br \/>\n<a href=\"http:\/\/lattes.cnpq.br\/3443290397582063\" target=\"_blank\">Curr\u00edculo Lattes<\/a><\/p>\n<p><span style=\"color: #005900;\"><strong>J\u00falio C\u00e9sar S\u00e1 de Oliveira<\/strong><\/span><br \/>\n<span style=\"color: #005900;\">Doutor em Ecologia Aqu\u00e1tica e Pesca pela Universidade Federal do Par\u00e1 (2012).<\/span><br \/>\n<a href=\"juliosa@unifap.br\">juliosa@unifap.br<\/a><br \/>\n<a href=\"http:\/\/lattes.cnpq.br\/4239001732722008\">Curr\u00edculo Lattes<\/a><\/p>\n<p><span style=\"color: #005900;\"><strong>Nicolau El\u00e1dio Bassalo Crispino<\/strong><\/span><br \/>\n<span style=\"color: #005900;\"> Doutorado pela Universidade de S\u00e3o Paulo <strong>&#8211; <\/strong>USP, 2005<\/span><br \/>\n<a href=\"crispino@unifap.br\">crispino@unifap.br<\/a><br \/>\n<a href=\"http:\/\/lattes.cnpq.br\/6256091195247638\" target=\"_parent\">Curr\u00edculo Lattes<\/a><\/p>\n<p><strong><span style=\"color: #005900;\"><span style=\"line-height: 1.5em;\">Ricardo\u00a0<\/span><span style=\"line-height: 1.5em;\">Angelo Pereira de Lima<\/span><\/span><\/strong><br \/>\n<span style=\"color: #005900;\">Doutorado pela\u00a0Universidade Autonoma de Barcelona &#8211; Espanha, 2004<\/span><br \/>\n<a href=\"ricardoangelo_pereira@yahoo.es\">ricardoangelo_pereira@yahoo.es<\/a><br \/>\n<a href=\"http:\/\/lattes.cnpq.br\/1993748824383678\" target=\"_blank\">Curr\u00edculo Lattes<\/a><\/p>\n<p><span style=\"color: #005900;\"><strong>Rosemary Ferreira de Andrade<\/strong><br \/>\nDoutorado pela Universidade Federal do Par\u00e1 &#8211; UFPA, 2005<\/span><br \/>\n<span style=\"color: #0000ff;\"><a href=\"rosemary@unifap.br\"><span style=\"color: #0000ff;\">rosemary@unifap.br<\/span><\/a><\/span><br \/>\n<span style=\"color: #006600;\"><a href=\"http:\/\/lattes.cnpq.br\/9551442492893319\" target=\"_blank\">Curr\u00edculo Lattes<\/a><\/span><\/p>\n<p><span style=\"color: #005900;\"><strong>Simone Pereira Garcia<\/strong><br \/>\nDoutorado pela Universidade de S\u00e3o Paulo &#8211; USP, 2001<\/span><br \/>\n<span style=\"color: #006600;\"><a href=\"simone@unifap.br\">simone@unifap.br<\/a><br \/>\n<span style=\"color: #006600;\"><a href=\"http:\/\/lattes.cnpq.br\/7778887161285186\" target=\"_blank\">Curr\u00edculo Lattes<\/a><\/span><\/span><\/p>\n","protected":false},"excerpt":{"rendered":"<p>CARACTERIZA\u00c7\u00c3O DO CORPO DOCENTE Alaan Ubaiara Brito Doutorado pela Universidade de S\u00e3o Paulo &#8211; USP, 2006. aubrito@unifap.br Curriculo Lattes Alan Cavalcanti Cunha Doutorado pela Universidade de S\u00e3o Paulo &#8211; USP, 1999. alancunha@unifap.br Curr\u00edculo Lattes Adalberto Carvalho Ribeiro Doutorado pela Universidade&hellip; <\/p>\n<p><a href=\"https:\/\/www2.unifap.br\/ppgdapp\/corpo-docente\/\" class=\"readmore-button\">Continue Reading<\/a><\/p>\n","protected":false},"author":47,"featured_media":0,"parent":0,"menu_order":4,"comment_status":"closed","ping_status":"closed","template":"","meta":{"inline_featured_image":false,"ngg_post_thumbnail":0,"footnotes":""},"class_list":["post-29","page","type-page","status-publish","hentry"],"_links":{"self":[{"href":"https:\/\/www2.unifap.br\/ppgdapp\/wp-json\/wp\/v2\/pages\/29","targetHints":{"allow":["GET"]}}],"collection":[{"href":"https:\/\/www2.unifap.br\/ppgdapp\/wp-json\/wp\/v2\/pages"}],"about":[{"href":"https:\/\/www2.unifap.br\/ppgdapp\/wp-json\/wp\/v2\/types\/page"}],"author":[{"embeddable":true,"href":"https:\/\/www2.unifap.br\/ppgdapp\/wp-json\/wp\/v2\/users\/47"}],"replies":[{"embeddable":true,"href":"https:\/\/www2.unifap.br\/ppgdapp\/wp-json\/wp\/v2\/comments?post=29"}],"version-history":[{"count":23,"href":"https:\/\/www2.unifap.br\/ppgdapp\/wp-json\/wp\/v2\/pages\/29\/revisions"}],"predecessor-version":[{"id":1480,"href":"https:\/\/www2.unifap.br\/ppgdapp\/wp-json\/wp\/v2\/pages\/29\/revisions\/1480"}],"wp:attachment":[{"href":"https:\/\/www2.unifap.br\/ppgdapp\/wp-json\/wp\/v2\/media?parent=29"}],"curies":[{"name":"wp","href":"https:\/\/api.w.org\/{rel}","templated":true}]}}