{"id":302,"date":"2012-02-13T18:08:56","date_gmt":"2012-02-13T18:08:56","guid":{"rendered":"http:\/\/www2.unifap.br\/ppgdapp\/?page_id=302"},"modified":"2013-10-16T21:53:58","modified_gmt":"2013-10-16T21:53:58","slug":"area-de-concentracao","status":"publish","type":"page","link":"https:\/\/www2.unifap.br\/ppgdapp\/apresentacao\/area-de-concentracao\/","title":{"rendered":"\u00c1rea de Concentra\u00e7\u00e3o"},"content":{"rendered":"<p><a href=\"http:\/\/www2.unifap.br\/ppgdapp\/files\/2013\/05\/ppgdapp-banner.jpg\"><img fetchpriority=\"high\" decoding=\"async\" class=\"aligncenter size-full wp-image-294\" src=\"http:\/\/www2.unifap.br\/ppgdapp\/files\/2013\/05\/ppgdapp-banner.jpg\" alt=\"\" width=\"800\" height=\"120\" \/><\/a><\/p>\n<table width=\"480\">\n<tbody>\n<tr>\n<td width=\"592\" bgcolor=\"#009966\">\n<div><strong>\u00c1REAS DE CONCENTRA\u00c7\u00c3O<\/strong><\/div>\n<\/td>\n<\/tr>\n<\/tbody>\n<\/table>\n<p style=\"text-align: justify\"><strong>Descricao:<\/strong><br \/>\nO Programa de Mestrado pretende analisar as condi\u00e7\u00f5es de possibilidade do\u00a0Direito Ambiental na sua ingente rela\u00e7\u00e3o com as pol\u00edticas p\u00fablicas, a fim de\u00a0aferir a conex\u00e3o-tens\u00e3o-complementaridade entre o jur\u00eddico e o pol\u00edtico,\u00a0bem como o peso dessa rela\u00e7\u00e3o no contexto da previs\u00e3o e da efetividade\u00a0jur\u00eddica.<\/p>\n","protected":false},"excerpt":{"rendered":"<p>\u00c1REAS DE CONCENTRA\u00c7\u00c3O Descricao: O Programa de Mestrado pretende analisar as condi\u00e7\u00f5es de possibilidade do\u00a0Direito Ambiental na sua ingente rela\u00e7\u00e3o com as pol\u00edticas p\u00fablicas, a fim de\u00a0aferir a conex\u00e3o-tens\u00e3o-complementaridade entre o jur\u00eddico e o pol\u00edtico,\u00a0bem como o peso dessa rela\u00e7\u00e3o&hellip; <\/p>\n<p><a href=\"https:\/\/www2.unifap.br\/ppgdapp\/apresentacao\/area-de-concentracao\/\" class=\"readmore-button\">Continue Reading<\/a><\/p>\n","protected":false},"author":25,"featured_media":0,"parent":285,"menu_order":0,"comment_status":"closed","ping_status":"open","template":"template-twocolumns-left.php","meta":{"inline_featured_image":false,"ngg_post_thumbnail":0,"footnotes":""},"class_list":["post-302","page","type-page","status-publish","hentry"],"_links":{"self":[{"href":"https:\/\/www2.unifap.br\/ppgdapp\/wp-json\/wp\/v2\/pages\/302","targetHints":{"allow":["GET"]}}],"collection":[{"href":"https:\/\/www2.unifap.br\/ppgdapp\/wp-json\/wp\/v2\/pages"}],"about":[{"href":"https:\/\/www2.unifap.br\/ppgdapp\/wp-json\/wp\/v2\/types\/page"}],"author":[{"embeddable":true,"href":"https:\/\/www2.unifap.br\/ppgdapp\/wp-json\/wp\/v2\/users\/25"}],"replies":[{"embeddable":true,"href":"https:\/\/www2.unifap.br\/ppgdapp\/wp-json\/wp\/v2\/comments?post=302"}],"version-history":[{"count":9,"href":"https:\/\/www2.unifap.br\/ppgdapp\/wp-json\/wp\/v2\/pages\/302\/revisions"}],"predecessor-version":[{"id":753,"href":"https:\/\/www2.unifap.br\/ppgdapp\/wp-json\/wp\/v2\/pages\/302\/revisions\/753"}],"up":[{"embeddable":true,"href":"https:\/\/www2.unifap.br\/ppgdapp\/wp-json\/wp\/v2\/pages\/285"}],"wp:attachment":[{"href":"https:\/\/www2.unifap.br\/ppgdapp\/wp-json\/wp\/v2\/media?parent=302"}],"curies":[{"name":"wp","href":"https:\/\/api.w.org\/{rel}","templated":true}]}}