{"id":306,"date":"2012-02-13T18:09:25","date_gmt":"2012-02-13T18:09:25","guid":{"rendered":"http:\/\/www2.unifap.br\/ppgdapp\/?page_id=306"},"modified":"2014-10-22T19:47:18","modified_gmt":"2014-10-22T19:47:18","slug":"objetivos-do-curso","status":"publish","type":"page","link":"https:\/\/www2.unifap.br\/ppgdapp\/apresentacao\/objetivos-do-curso\/","title":{"rendered":"Objetivos do Curso"},"content":{"rendered":"<p><a href=\"http:\/\/www2.unifap.br\/ppgdapp\/files\/2013\/05\/ppgdapp-banner.jpg\"><img fetchpriority=\"high\" decoding=\"async\" class=\"aligncenter size-full wp-image-294\" alt=\"\" src=\"http:\/\/www2.unifap.br\/ppgdapp\/files\/2013\/05\/ppgdapp-banner.jpg\" width=\"800\" height=\"120\" \/><\/a><\/p>\n<table width=\"480\">\n<tbody>\n<tr>\n<td bgcolor=\"#009966\" width=\"592\">\n<div><strong>OBJETIVOS DO CURSO<\/strong><\/div>\n<\/td>\n<\/tr>\n<\/tbody>\n<\/table>\n<p><strong>N\u00edvel:<br \/>\n<\/strong>Mestrado Acad\u00eamico<strong> <\/strong><\/p>\n<p style=\"text-align: justify\"><strong>Objetivos:<\/strong><\/p>\n<p style=\"text-align: justify\">O Programa de P\u00f3s-Gradua\u00e7\u00e3o em Direito Ambiental e Pol\u00edticas P\u00fablicas da Universidade Federal do Amap\u00e1 est\u00e1 em consonancia com os objetivos da universidade e tem papel importante frente ao desafio colocado \u00e0 sociedade amapaense na busca pelo seu desenvolvimento. Esse desafio vincula-se, entre outros elementos, a condi\u00e7\u00e3o amaz\u00f4nica e de prote\u00e7\u00e3o ambiental do estado do Amap\u00e1. A inser\u00e7\u00e3o do Programa nesse contexto \u00e9 balizador da formula\u00e7\u00e3o de seu objetivo geral com foco em oferecer forma\u00e7\u00e3o de recursos humanos de alto nivel, capazes, de maneira contextualizada, produzir conhecimento e tecnologias inovadoras para o enfrentamento da quest\u00e3o ambiental sob a prespectiva do direito e das politicas p\u00fablicas.<\/p>\n<p style=\"text-align: justify\">O Mestrado est\u00e1 organizado na forma\u00a0de Mestrado Acad\u00eamico. Proporciona forma\u00e7\u00e3o te\u00f3rico\/pr\u00e1tica s\u00f3lida e interdisciplinar sobre o meio ambiente atrav\u00e9s da discu\u00e7\u00e3o em sua \u00e1rea de concentra\u00e7\u00e3o. Term por foco espec\u00edfico a realidade amaz\u00f4nica em sua expressiva diversidade, sem abandonar\u00a0o contexto nacional e internacional. A identidade do curso, vinculada a quest\u00e3o amaz\u00f4nica, tem por inten\u00e7\u00e3o promover um maior conhecimento das necessidades locais e regionais, al\u00e9m de uma forma\u00e7\u00e3o human\u00edstica, cultural e cr\u00edtico-valorativo com a finalidade de permitir ao egresso contribuir para a melhoria da qualidade da vida, do desenvolvimento humano com o uso racional dos recursos naturais sob a \u00f3tica da sustentabilidade da rela\u00e7\u00e3o do homem com a natureza.<\/p>\n<p style=\"text-align: justify\"><strong>Espec\u00edficos:<\/strong><\/p>\n<p style=\"text-align: justify\">1. Qualificar profissionais com capacidade investigativa na \u00e1rea do Direito Ambiental e de Pol\u00edticas P\u00fablicas, na sua rec\u00edproca rela\u00e7\u00e3o dial\u00e9tica: tens\u00e3o-conex\u00e3o-complementaridade.<\/p>\n<p style=\"text-align: justify\">2. Formar docentes com conhecimentos consistentes sobre o meio ambiente e sobre os principais desafios de sustentabilidade e desenvolvimento vinculados \u00e0 realidade amaz\u00f4nica.<\/p>\n<p style=\"text-align: justify\">3. Contribuir para a solidifica\u00e7\u00e3o e amplia\u00e7\u00e3o dos valores ambientais e para a reflex\u00e3o do modelo de desenvolvimento e da sustentabilidade.<\/p>\n<p style=\"text-align: justify\"><strong>Perfil do Egresso<\/strong><\/p>\n<p style=\"text-align: justify\">O egresso do Mestrado em Direito Ambiental e Pol\u00edticas P\u00fablicas tem como perfil a compet\u00eancia t\u00e9cnica investigativa e de ensino sobre meio ambiente e a problem\u00e1tica ambiental, considerando de forma integrada o direito ambiental, os desafios do desenvolvimento sob a l\u00f3gica da sustentabilidade e o embate pol\u00edtico que envolvem a proposi\u00e7\u00e3o, formula\u00e7\u00e3o e implementa\u00e7\u00e3o das pol\u00edticas p\u00fablicas. Associado a conhecimentos sistem\u00e1ticos de conte\u00fado e de t\u00e9cnica legislativa ambiental.<\/p>\n","protected":false},"excerpt":{"rendered":"<p>OBJETIVOS DO CURSO N\u00edvel: Mestrado Acad\u00eamico Objetivos: O Programa de P\u00f3s-Gradua\u00e7\u00e3o em Direito Ambiental e Pol\u00edticas P\u00fablicas da Universidade Federal do Amap\u00e1 est\u00e1 em consonancia com os objetivos da universidade e tem papel importante frente ao desafio colocado \u00e0 sociedade&hellip; <\/p>\n<p><a href=\"https:\/\/www2.unifap.br\/ppgdapp\/apresentacao\/objetivos-do-curso\/\" class=\"readmore-button\">Continue Reading<\/a><\/p>\n","protected":false},"author":25,"featured_media":0,"parent":285,"menu_order":0,"comment_status":"closed","ping_status":"open","template":"","meta":{"inline_featured_image":false,"ngg_post_thumbnail":0,"footnotes":""},"class_list":["post-306","page","type-page","status-publish","hentry"],"_links":{"self":[{"href":"https:\/\/www2.unifap.br\/ppgdapp\/wp-json\/wp\/v2\/pages\/306","targetHints":{"allow":["GET"]}}],"collection":[{"href":"https:\/\/www2.unifap.br\/ppgdapp\/wp-json\/wp\/v2\/pages"}],"about":[{"href":"https:\/\/www2.unifap.br\/ppgdapp\/wp-json\/wp\/v2\/types\/page"}],"author":[{"embeddable":true,"href":"https:\/\/www2.unifap.br\/ppgdapp\/wp-json\/wp\/v2\/users\/25"}],"replies":[{"embeddable":true,"href":"https:\/\/www2.unifap.br\/ppgdapp\/wp-json\/wp\/v2\/comments?post=306"}],"version-history":[{"count":14,"href":"https:\/\/www2.unifap.br\/ppgdapp\/wp-json\/wp\/v2\/pages\/306\/revisions"}],"predecessor-version":[{"id":1353,"href":"https:\/\/www2.unifap.br\/ppgdapp\/wp-json\/wp\/v2\/pages\/306\/revisions\/1353"}],"up":[{"embeddable":true,"href":"https:\/\/www2.unifap.br\/ppgdapp\/wp-json\/wp\/v2\/pages\/285"}],"wp:attachment":[{"href":"https:\/\/www2.unifap.br\/ppgdapp\/wp-json\/wp\/v2\/media?parent=306"}],"curies":[{"name":"wp","href":"https:\/\/api.w.org\/{rel}","templated":true}]}}