{"id":31,"date":"2012-01-16T18:31:23","date_gmt":"2012-01-16T18:31:23","guid":{"rendered":"http:\/\/pororoca.unifap.br\/ppgdapp\/?page_id=31"},"modified":"2013-10-16T21:53:59","modified_gmt":"2013-10-16T21:53:59","slug":"matriz-curricular","status":"publish","type":"page","link":"https:\/\/www2.unifap.br\/ppgdapp\/matriz-curricular\/","title":{"rendered":"Matriz Curricular"},"content":{"rendered":"<p><a href=\"http:\/\/www2.unifap.br\/ppgdapp\/files\/2013\/05\/ppgdapp-banner.jpg\"><img fetchpriority=\"high\" decoding=\"async\" class=\"aligncenter size-full wp-image-294\" src=\"http:\/\/www2.unifap.br\/ppgdapp\/files\/2013\/05\/ppgdapp-banner.jpg\" alt=\"\" width=\"800\" height=\"120\" \/><\/a><\/p>\n<table width=\"480\">\n<tbody>\n<tr>\n<td width=\"592\" bgcolor=\"#009966\">\n<div><strong>MATRIZ CURRICULAR<\/strong><\/div>\n<\/td>\n<\/tr>\n<\/tbody>\n<\/table>\n<div>\n<table border=\"1\" cellspacing=\"0\" cellpadding=\"0\" width=\"586\">\n<tbody>\n<tr>\n<td width=\"406\" valign=\"top\"><span style=\"text-decoration: underline;\"><strong>DISCIPLINA<\/strong><\/span><\/td>\n<td width=\"97\" valign=\"top\"><span style=\"text-decoration: underline;\"><strong>CR\u00c9DITOS<\/strong><\/span><\/td>\n<td width=\"82\" valign=\"top\"><span style=\"text-decoration: underline;\"><strong>C\/H<\/strong><\/span><\/td>\n<\/tr>\n<tr>\n<td colspan=\"3\" width=\"586\" valign=\"top\"><strong>N\u00daCLEO OBRIGAT\u00d3RIO<\/strong><\/td>\n<\/tr>\n<tr>\n<td width=\"406\" valign=\"top\">\n<ul>\n<li><span style=\"line-height: 19px;\"><a href=\"http:\/\/www2.unifap.br\/ppgdapp\/files\/2012\/01\/DIREITO-AMBIENTAL.pdf\">DIREITO   AMBIENTAL<\/a><\/span><\/li>\n<\/ul>\n<\/td>\n<td width=\"97\" valign=\"top\">4<\/td>\n<td width=\"82\" valign=\"top\">60<\/td>\n<\/tr>\n<tr>\n<td width=\"406\" valign=\"top\">\n<ul>\n<li><span style=\"line-height: 19px;\"><a href=\"http:\/\/www2.unifap.br\/ppgdapp\/files\/2012\/01\/ESTADO-DIREITO-E-SOCIEDADE.pdf\">ESTADO,   SOCIEDADE E POL\u00cdTICAS P\u00daBLICAS<\/a><\/span><\/li>\n<\/ul>\n<\/td>\n<td width=\"97\" valign=\"top\">4<\/td>\n<td width=\"82\" valign=\"top\">60<\/td>\n<\/tr>\n<tr>\n<td width=\"406\" valign=\"top\">\n<ul>\n<li><span style=\"line-height: 19px;\"><a href=\"http:\/\/www2.unifap.br\/ppgdapp\/files\/2012\/01\/METODOLOGIA-DA-PESQUISA-.pdf\">METODOLOGIA   DA PESQUISA<\/a><\/span><\/li>\n<\/ul>\n<\/td>\n<td width=\"97\" valign=\"top\">4<\/td>\n<td width=\"82\" valign=\"top\">60<\/td>\n<\/tr>\n<tr>\n<td width=\"406\" valign=\"top\">\n<ul>\n<li><span style=\"line-height: 19px;\"><a href=\"http:\/\/www2.unifap.br\/ppgdapp\/files\/2012\/01\/SEMIN\u00c1RIO-DE-PESQUISA-I.pdf\">SEMIN\u00c1RIO   DE PESQUISA 1<\/a><\/span><\/li>\n<\/ul>\n<\/td>\n<td width=\"97\" valign=\"top\">2<\/td>\n<td width=\"82\" valign=\"top\">30<\/td>\n<\/tr>\n<tr>\n<td width=\"406\" valign=\"top\">\n<ul>\n<li><span style=\"line-height: 19px;\"><a href=\"http:\/\/www2.unifap.br\/ppgdapp\/files\/2012\/01\/SEMIN\u00c1RIO-DE-PESQUISA-II.pdf\">SEMIN\u00c1RIO   DE PESQUISA 2<\/a><\/span><\/li>\n<\/ul>\n<\/td>\n<td width=\"97\" valign=\"top\">2<\/td>\n<td width=\"82\" valign=\"top\">30<\/td>\n<\/tr>\n<tr>\n<td colspan=\"3\" width=\"586\" valign=\"top\"><strong>N\u00daCLEO OPTATIVO<\/strong><\/td>\n<\/tr>\n<tr>\n<td width=\"406\" valign=\"top\">\n<ul>\n<li><span style=\"line-height: 19px;\"><a href=\"http:\/\/www2.unifap.br\/ppgdapp\/files\/2012\/01\/DIREITO-\u00c0-SAUDE-POL\u00cdTICAS-P\u00daBLICAS-E-MEIO-AMBIENTE-.pdf\">DIREITO   \u00c0 SAUDE, POL\u00cdTICAS P\u00daBLICAS E MEIO AMBIENTE<\/a><\/span><\/li>\n<\/ul>\n<\/td>\n<td width=\"97\" valign=\"top\">3<\/td>\n<td width=\"82\" valign=\"top\">45<\/td>\n<\/tr>\n<tr>\n<td width=\"406\" valign=\"top\">\n<ul>\n<li><span style=\"line-height: 19px;\"><a href=\"http:\/\/www2.unifap.br\/ppgdapp\/files\/2012\/01\/DIREITO-PENAL-AMBIENTAL.pdf\">DIREITO   PENAL AMBIENTAL<\/a><\/span><\/li>\n<\/ul>\n<\/td>\n<td width=\"97\" valign=\"top\">3<\/td>\n<td width=\"82\" valign=\"top\">45<\/td>\n<\/tr>\n<tr>\n<td width=\"406\" valign=\"top\">\n<ul>\n<li><span style=\"line-height: 19px;\"><a href=\"http:\/\/www2.unifap.br\/ppgdapp\/files\/2012\/01\/DIREITOS-HUMANOS-E-MEIO-AMBIENTE-.pdf\">DIREITOS   HUMANOS E MEIO AMBIENTE<\/a><\/span><\/li>\n<\/ul>\n<\/td>\n<td width=\"97\" valign=\"top\">3<\/td>\n<td width=\"82\" valign=\"top\">45<\/td>\n<\/tr>\n<tr>\n<td width=\"406\" valign=\"top\">\n<ul>\n<li><span style=\"line-height: 19px;\"><a href=\"http:\/\/www2.unifap.br\/ppgdapp\/files\/2012\/01\/MEIO-AMBIENTE-E-DESENVOLVIMENTO-SUSTENT\u00c1VEL.pdf\">MEIO   AMBIENTE E DESENVOLVIMENTO SUSTENT\u00c1VEL<\/a><\/span><\/li>\n<\/ul>\n<\/td>\n<td width=\"97\" valign=\"top\">3<\/td>\n<td width=\"82\" valign=\"top\">45<\/td>\n<\/tr>\n<tr>\n<td width=\"406\" valign=\"top\">\n<ul>\n<li><span style=\"line-height: 19px;\"><a href=\"http:\/\/www2.unifap.br\/ppgdapp\/files\/2012\/01\/PLANEJAMENTO-AMBIENTAL-.pdf\">PLANEJAMENTO   AMBIENTAL<\/a><\/span><\/li>\n<\/ul>\n<\/td>\n<td width=\"97\" valign=\"top\">3<\/td>\n<td width=\"82\" valign=\"top\">45<\/td>\n<\/tr>\n<tr>\n<td width=\"406\" valign=\"top\">\n<ul>\n<li><span style=\"line-height: 19px;\"><a href=\"http:\/\/www2.unifap.br\/ppgdapp\/files\/2012\/01\/POL\u00cdTICA-E-MEIO-AMBIENTE-.pdf\">POL\u00cdTICA   E MEIO AMBIENTE<\/a><\/span><\/li>\n<\/ul>\n<\/td>\n<td width=\"97\" valign=\"top\">3<\/td>\n<td width=\"82\" valign=\"top\">45<\/td>\n<\/tr>\n<tr>\n<td width=\"406\" valign=\"top\">\n<ul>\n<li><span style=\"line-height: 19px;\"><a href=\"http:\/\/www2.unifap.br\/ppgdapp\/files\/2012\/01\/RESPONSABILIDADE-CIVIL-E-ADMINISTRATIVA-AMBIENTAL.pdf\">RESPONSABILIDADE   CIVIL E ADMINISTRATIVA AMBIENTAL<\/a><\/span><\/li>\n<\/ul>\n<\/td>\n<td width=\"97\" valign=\"top\">3<\/td>\n<td width=\"82\" valign=\"top\">45<\/td>\n<\/tr>\n<tr>\n<td width=\"406\" valign=\"top\">\n<ul>\n<li><span style=\"line-height: 19px;\"><a href=\"http:\/\/www2.unifap.br\/ppgdapp\/files\/2012\/01\/POL\u00cdTICAS-P\u00daBLICAS-E-MEIO-AMBIENTE-EM-TERRAS-IND\u00cdGENAS.pdf\">POL\u00cdTICAS   P\u00daBLICAS E MEIO AMBIENTE EM TERRAS IND\u00cdGENAS<\/a><\/span><\/li>\n<\/ul>\n<\/td>\n<td width=\"97\" valign=\"top\">3<\/td>\n<td width=\"82\" valign=\"top\">45<\/td>\n<\/tr>\n<tr>\n<td width=\"406\" valign=\"top\">\n<ul>\n<li><span style=\"line-height: 19px;\"><a href=\"http:\/\/www2.unifap.br\/ppgdapp\/files\/2012\/01\/FUNDAMENTOS-DE-ECOLOGIA.pdf\">FUNDAMENTOS   DE ECOLOGIA<\/a><\/span><\/li>\n<\/ul>\n<\/td>\n<td width=\"97\" valign=\"top\">3<\/td>\n<td width=\"82\" valign=\"top\">45<\/td>\n<\/tr>\n<tr>\n<td width=\"406\" valign=\"top\">\n<ul>\n<li><span style=\"line-height: 19px;\"><a href=\"http:\/\/www2.unifap.br\/ppgdapp\/files\/2012\/01\/MEIO-AMBIENTE-DO-TRABALHO.pdf\">MEIO   AMBIENTE DO TRABALHO<\/a><\/span><\/li>\n<\/ul>\n<\/td>\n<td width=\"97\" valign=\"top\">3<\/td>\n<td width=\"82\" valign=\"top\">45<\/td>\n<\/tr>\n<tr>\n<td width=\"406\" valign=\"top\">\n<ul>\n<li><span style=\"line-height: 19px;\"><a href=\"http:\/\/www2.unifap.br\/ppgdapp\/files\/2012\/01\/POL\u00cdTICA-E-LEGISLA\u00c7\u00c3O-EM-\u00c1REAS-PROTEGIDAS.pdf\">POL\u00cdTICA   E LEGISLA\u00c7\u00c3O EM \u00c1REAS PROTEGIDAS<\/a><\/span><\/li>\n<\/ul>\n<\/td>\n<td width=\"97\" valign=\"top\">3<\/td>\n<td width=\"82\" valign=\"top\">45<\/td>\n<\/tr>\n<tr>\n<td width=\"406\" valign=\"top\">\n<ul>\n<li><span style=\"line-height: 19px;\"><a href=\"http:\/\/www2.unifap.br\/ppgdapp\/files\/2012\/01\/MEIO-AMBIENTE-NAS-CIDADES.pdf\">MEIO   AMBIENTE NAS CIDADES<\/a>.<\/span><\/li>\n<\/ul>\n<\/td>\n<td width=\"97\" valign=\"top\">3<\/td>\n<td width=\"82\" valign=\"top\">45<\/td>\n<\/tr>\n<tr>\n<td width=\"406\" valign=\"top\">\n<ul>\n<li><span style=\"line-height: 19px;\"><a href=\"http:\/\/www2.unifap.br\/ppgdapp\/files\/2012\/01\/DIREITO-AMBIENTAL-CULTURAL.pdf\">DIREITO   AMBIENTAL CULTURAL<\/a><\/span><\/li>\n<\/ul>\n<\/td>\n<td width=\"97\" valign=\"top\">3<\/td>\n<td width=\"82\" valign=\"top\">45<\/td>\n<\/tr>\n<tr>\n<td width=\"406\" valign=\"top\">\n<ul>\n<li><span style=\"line-height: 19px;\"><a href=\"http:\/\/www2.unifap.br\/ppgdapp\/files\/2012\/01\/DISCURSOS-E-EDUCA\u00c7\u00c3O.pdf\">MEIO   AMBIENTE, LINGUAGEM\/DISCURSOS E EDUCA\u00c7\u00c3O<\/a>.<\/span><\/li>\n<\/ul>\n<\/td>\n<td width=\"97\" valign=\"top\">3<\/td>\n<td width=\"82\" valign=\"top\">45<\/td>\n<\/tr>\n<tr>\n<td width=\"406\" valign=\"top\">\n<ul>\n<li><span style=\"line-height: 19px;\"><a href=\"http:\/\/www2.unifap.br\/ppgdapp\/files\/2012\/01\/GEOTECNOLOGIA-APLICADA-AO-MEIO-AMBIENTE.pdf\">GEOTECNOLOGIA   APLICADA AO MEIO AMBIENTE<\/a>.<\/span><\/li>\n<\/ul>\n<\/td>\n<td width=\"97\" valign=\"top\">3<\/td>\n<td width=\"82\" valign=\"top\">45<\/td>\n<\/tr>\n<tr>\n<td width=\"406\" valign=\"top\">\n<ul>\n<li><span style=\"line-height: 19px;\"><a href=\"http:\/\/www2.unifap.br\/ppgdapp\/files\/2012\/01\/DIREITO-SOCIOAMBIENTAL.pdf\">DIREITO   SOCIOAMBIENTAL<\/a>.<\/span><\/li>\n<\/ul>\n<\/td>\n<td width=\"97\" valign=\"top\">3<\/td>\n<td width=\"82\" valign=\"top\">45<\/td>\n<\/tr>\n<tr>\n<td width=\"406\" valign=\"top\">\n<ul>\n<li><span style=\"line-height: 19px;\"><a href=\"http:\/\/www2.unifap.br\/ppgdapp\/files\/2012\/01\/T\u00d3PICOS-ESPECIAIS.pdf\">T\u00d3PICOS   ESPECIAIS<\/a><\/span><\/li>\n<\/ul>\n<\/td>\n<td width=\"97\" valign=\"top\">3<\/td>\n<td width=\"82\" valign=\"top\">45<\/td>\n<\/tr>\n<tr>\n<td width=\"406\" valign=\"top\">\n<ul>\n<li><span style=\"line-height: 19px;\"><a href=\"http:\/\/www2.unifap.br\/ppgdapp\/files\/2012\/01\/EDUCA\u00c7\u00c3O-AMBIENTAL.pdf\">EDUCA\u00c7\u00c3O   AMBIENTAL<\/a><\/span><\/li>\n<\/ul>\n<\/td>\n<td width=\"97\" valign=\"top\">3<\/td>\n<td width=\"82\" valign=\"top\">45<\/td>\n<\/tr>\n<tr>\n<td colspan=\"3\" width=\"586\" valign=\"top\"><strong>N\u00daCLEO COMPLEMENTAR<\/strong><\/td>\n<\/tr>\n<tr>\n<td width=\"406\" valign=\"top\">\n<ul>\n<li><span style=\"line-height: 19px;\"><a href=\"http:\/\/www2.unifap.br\/ppgdapp\/files\/2012\/01\/ATIVIDADES-COMPLEMENTARES.pdf\">ATIVIDADES COMPLEMENTARES<\/a><\/span><\/li>\n<\/ul>\n<\/td>\n<td width=\"97\" valign=\"top\">2<\/td>\n<td width=\"82\" valign=\"top\">30<\/td>\n<\/tr>\n<tr>\n<td width=\"406\" valign=\"top\">\n<ul>\n<li><span style=\"line-height: 19px;\"><a href=\"http:\/\/www2.unifap.br\/ppgdapp\/files\/2012\/01\/PROJETO-DE-PESQUISA-E-DISSERTA\u00c7\u00c3O.pdf\">DEFESA DA DISSERTA\u00c7\u00c3O<\/a><\/span><\/li>\n<\/ul>\n<\/td>\n<td width=\"97\" valign=\"top\"><strong>3<\/strong><\/td>\n<td width=\"82\" valign=\"top\"><strong>*<\/strong><\/td>\n<\/tr>\n<\/tbody>\n<\/table>\n<\/div>\n","protected":false},"excerpt":{"rendered":"<p>MATRIZ CURRICULAR DISCIPLINA CR\u00c9DITOS C\/H N\u00daCLEO OBRIGAT\u00d3RIO DIREITO AMBIENTAL 4 60 ESTADO, SOCIEDADE E POL\u00cdTICAS P\u00daBLICAS 4 60 METODOLOGIA DA PESQUISA 4 60 SEMIN\u00c1RIO DE PESQUISA 1 2 30 SEMIN\u00c1RIO DE PESQUISA 2 2 30 N\u00daCLEO OPTATIVO DIREITO \u00c0 SAUDE,&hellip; <\/p>\n<p><a href=\"https:\/\/www2.unifap.br\/ppgdapp\/matriz-curricular\/\" class=\"readmore-button\">Continue Reading<\/a><\/p>\n","protected":false},"author":25,"featured_media":0,"parent":0,"menu_order":3,"comment_status":"closed","ping_status":"closed","template":"template-twocolumns-left.php","meta":{"inline_featured_image":false,"ngg_post_thumbnail":0,"footnotes":""},"class_list":["post-31","page","type-page","status-publish","hentry"],"_links":{"self":[{"href":"https:\/\/www2.unifap.br\/ppgdapp\/wp-json\/wp\/v2\/pages\/31","targetHints":{"allow":["GET"]}}],"collection":[{"href":"https:\/\/www2.unifap.br\/ppgdapp\/wp-json\/wp\/v2\/pages"}],"about":[{"href":"https:\/\/www2.unifap.br\/ppgdapp\/wp-json\/wp\/v2\/types\/page"}],"author":[{"embeddable":true,"href":"https:\/\/www2.unifap.br\/ppgdapp\/wp-json\/wp\/v2\/users\/25"}],"replies":[{"embeddable":true,"href":"https:\/\/www2.unifap.br\/ppgdapp\/wp-json\/wp\/v2\/comments?post=31"}],"version-history":[{"count":11,"href":"https:\/\/www2.unifap.br\/ppgdapp\/wp-json\/wp\/v2\/pages\/31\/revisions"}],"predecessor-version":[{"id":1354,"href":"https:\/\/www2.unifap.br\/ppgdapp\/wp-json\/wp\/v2\/pages\/31\/revisions\/1354"}],"wp:attachment":[{"href":"https:\/\/www2.unifap.br\/ppgdapp\/wp-json\/wp\/v2\/media?parent=31"}],"curies":[{"name":"wp","href":"https:\/\/api.w.org\/{rel}","templated":true}]}}