{"id":312,"date":"2012-02-13T18:28:02","date_gmt":"2012-02-13T18:28:02","guid":{"rendered":"http:\/\/www2.unifap.br\/ppgdapp\/?page_id=312"},"modified":"2013-10-16T21:53:58","modified_gmt":"2013-10-16T21:53:58","slug":"historico","status":"publish","type":"page","link":"https:\/\/www2.unifap.br\/ppgdapp\/apresentacao\/historico\/","title":{"rendered":"Hist\u00f3rico"},"content":{"rendered":"<p><a href=\"http:\/\/www2.unifap.br\/ppgdapp\/files\/2013\/05\/ppgdapp-banner.jpg\"><br \/>\n<img fetchpriority=\"high\" decoding=\"async\" class=\"aligncenter size-full wp-image-294\" src=\"http:\/\/www2.unifap.br\/ppgdapp\/files\/2013\/05\/ppgdapp-banner.jpg\" alt=\"\" width=\"800\" height=\"120\" \/><\/a><\/p>\n<table width=\"480\">\n<tbody>\n<tr>\n<td width=\"592\" bgcolor=\"#009966\">\n<div><strong>HIST\u00d3RICO DO PROGRAMA<\/strong><\/div>\n<\/td>\n<\/tr>\n<\/tbody>\n<\/table>\n<p style=\"text-align: justify;\">O Estado do Amap\u00e1 localiza-se no extremo norte do Brasil; fazendo fronteira setentrional com a Guiana Francesa, a oeste, sul e sudeste com o Estado do Par\u00e1 e Suriname e a leste com o Oceano Atl\u00e2ntico. Em 1943 foi elevado \u00e0 categoria de Territ\u00f3rio Federal e, com a promulga\u00e7\u00e3o da constitui\u00e7\u00e3o em 1988, transformado em Estado membro da Uni\u00e3o.<\/p>\n<p style=\"text-align: justify;\">Historicamente estas terras foram objeto de projetos concebidos exogenamente e implantados sem a exist\u00eancia de um processo de envolvimento e participa\u00e7\u00e3o da sociedade local. Assim foi com a instala\u00e7\u00e3o de uma grande empresa de minera\u00e7\u00e3o na d\u00e9cada de 1940, a qual j\u00e1 se retirou do Estado deixando um passivo s\u00f3cio-ambiental ainda n\u00e3o dimensionado em sua totalidade. Tamb\u00e9m com a cria\u00e7\u00e3o da \u00c1rea de Livre Com\u00e9rcio de Macap\u00e1 e Santana -ALCMS, projeto que fazia parte da pol\u00edtica neoliberal do in\u00edcio da d\u00e9cada de 1990, mas foi sepultado com a cria\u00e7\u00e3o do Plano Real e uma pol\u00edtica de restri\u00e7\u00e3o de importa\u00e7\u00f5es acrescida de uma forte desvaloriza\u00e7\u00e3o cambial ocorrida em janeiro de 1999. A cria\u00e7\u00e3o da ALCMS \u00e9 respons\u00e1vel, em parte, por um importante movimento migrat\u00f3rio ocorrido no Amap\u00e1 na d\u00e9cada passada. E mais recentemente em 2002, a constitui\u00e7\u00e3o da maior unidade de conserva\u00e7\u00e3o de prote\u00e7\u00e3o integral do planeta, o Parque Nacional Montanhas do Tumucumaque, criado pelo presidente Fernando Henrique Cardoso, \u00e0s v\u00e9speras da realiza\u00e7\u00e3o da 3\u00aa Confer\u00eancia das Na\u00e7\u00f5es Unidas sobre Meio Ambiente, ocorrida em Johanesburgo\/ \u00c1frica do Sul.<\/p>\n<p style=\"text-align: justify;\">O Amap\u00e1 possui uma popula\u00e7\u00e3o estimada em 668.689 habitantes, distribu\u00edda em 16 munic\u00edpios, sendo os mais populosos Macap\u00e1 (397.913 hab), Santana (101.203 hab) e Laranjal do Jar\u00ed (39.805 hab), de acordo com dados do IBGE-2010.<\/p>\n<p style=\"text-align: justify;\">A Universidade Federal do Amap\u00e1 &#8211; UNIFAP iniciou suas atividades como N\u00facleo Avan\u00e7ado de Ensino (NEM), vinculado \u00e0 Universidade Federal do Par\u00e1\/ UFPA. Foi autorizada pela Lei Federal n\u00ba 7.530, de 29 de agosto de 1986 e criada pelo Decreto n.\u00ba 98.997-90, de 02 de mar\u00e7o de 1990, concretizando uma importante demanda da sociedade amapaense. Sua implanta\u00e7\u00e3o tamb\u00e9m veio na tentativa de contribuir para o desenvolvimento econ\u00f4mico, cultural e social do rec\u00e9m-criado Estado do Amap\u00e1. Come\u00e7ou a funcionar efetivamente em 1991, com a nomea\u00e7\u00e3o de uma Reitoria pr\u00f3tempore e com a realiza\u00e7\u00e3o de exames vestibulares, inicialmente para nove cursos de gradua\u00e7\u00e3o. Atualmente a UNIFAP conta com 21 cursos de gradua\u00e7\u00e3o, s\u00e3o esses: Arquitetura e Urbanismo(Bacharelado); Artes Visuais(Licenciatura); Ci\u00eancias Ambientais(Bacharelado);\u00a0 Ci\u00eancias Biol\u00f3gicas(Bacharelado e Licenciatura); Ci\u00eancias Farmac\u00eauticas(Bacharelado); Ci\u00eancias Sociais(Licenciatura e Bacharelado); Comunica\u00e7\u00e3o Social com Habilita\u00e7\u00e3o em Jornalismo(Bacharelado); Direito(Licenciatura); Educa\u00e7\u00e3o F\u00edsica(Licenciatura); Enfermagem(Licenciatura e Bacharelado); Engenharia El\u00e9trica(Bacharelado); F\u00edsica(Licenciatura); Geografia(Licenciatura e Bacharelado); Hist\u00f3ria(Licenciatura e Bacharelado); L\u00edngua Portuguesa e L\u00edngua Francesa (Licenciatura); L\u00edngua Portuguesa e L\u00edngua Inglesa(Licenciatura); Matem\u00e1tica(Licenciatura); Medicina(Bacharelado); Pedagogia(Licenciatura); Rela\u00e7\u00f5es Internacionais(Bacharelado); Secretariado Executivo (Bacharelado).<\/p>\n<p style=\"text-align: justify;\">A UNIFAP desenvolve suas atividades em quatro campi: a sede localizada na cidade de Macap\u00e1, capital do Estado, denominada campus Marco Zero, o qual disp\u00f5e de uma \u00e1rea com 906.722,45 m\u00b2, dos quais 38.000,00m\u00b2 de \u00e1rea constru\u00edda, distribu\u00eddos em blocos de salas de aulas, laborat\u00f3rios, pr\u00e9dios administrativos, gin\u00e1sio de esportes, biblioteca central, unidade de sa\u00fade, espa\u00e7o de m\u00faltiplo uso e almoxarifado; o campus Santana, onde funciona o curso de Arquitetura e Urbanismo, localizado no munic\u00edpio de Santana; o campus Norte localizado no munic\u00edpio de Oiapoque, e o campus Sul, localizado no munic\u00edpio de Laranjal do Jar\u00ed, estes dois \u00faltimos campi funcionam em regime modular. Possui tamb\u00e9m um n\u00facleo de extens\u00e3o em Serra do Navio onde s\u00e3o desenvolvidos cursos de qualifica\u00e7\u00e3o para professores do Ensino M\u00e9dio nas \u00e1reas de Biologia, Qu\u00edmica, F\u00edsica e Matem\u00e1tica.<\/p>\n<p style=\"text-align: justify;\">A estrutura organizacional est\u00e1 regida pela Lei n\u00ba 8.626, de 17 de fevereiro de 1993, que criou o quadro de pessoal da Universidade, a qual determinou a exist\u00eancia de uma estrutura pequena. Os \u00f3rg\u00e3os executivos da UNIFAP s\u00e3o: Reitoria, Vice-Reitoria, Pr\u00f3-Reitoria de Administra\u00e7\u00e3o e Planejamento, Pr\u00f3-Reitoria de Ensino da Gradua\u00e7\u00e3o, Pr\u00f3-Reitoria de Pesquisa e P\u00f3s-Gradua\u00e7\u00e3o, Pr\u00f3-Reitoria de Extens\u00e3o e A\u00e7\u00f5es Comunit\u00e1rias, Procuradoria Geral, Auditoria, Assessoria Especial de Reitoria, Assessoria de Engenharia e Departamentos. O Conselho Superior Universit\u00e1rio \u00e9 o \u00f3rg\u00e3o deliberativo m\u00e1ximo. Possui outras inst\u00e2ncias em n\u00edvel acad\u00eamico como os Departamentos e Colegiados de Cursos.<\/p>\n<p style=\"text-align: justify;\">A institui\u00e7\u00e3o organiza-se e estrutura-se com base nos seguintes princ\u00edpios:<\/p>\n<p style=\"text-align: justify;\">I \u2013 Unidade de patrim\u00f4nio e administra\u00e7\u00e3o;<\/p>\n<p style=\"text-align: justify;\">II \u2013 Indissociabilidade do Ensino, Pesquisa e Extens\u00e3o, vedada a duplica\u00e7\u00e3o de meios para fins id\u00eanticos ou equivalentes;<\/p>\n<p style=\"text-align: justify;\">III \u2013 Universalidade de campo, pelo cultivo das \u00e1reas do conhecimento humano e das \u00e1reas t\u00e9cnico-profissionais;<\/p>\n<p style=\"text-align: justify;\">IV \u2013 Pluralismo de ideias e de concep\u00e7\u00f5es e;<\/p>\n<p style=\"text-align: justify;\">V \u2013 Racionalidade de organiza\u00e7\u00e3o com utiliza\u00e7\u00e3o plena de recursos humanos e materiais.<\/p>\n","protected":false},"excerpt":{"rendered":"<p>HIST\u00d3RICO DO PROGRAMA O Estado do Amap\u00e1 localiza-se no extremo norte do Brasil; fazendo fronteira setentrional com a Guiana Francesa, a oeste, sul e sudeste com o Estado do Par\u00e1 e Suriname e a leste com o Oceano Atl\u00e2ntico. Em&hellip; <\/p>\n<p><a href=\"https:\/\/www2.unifap.br\/ppgdapp\/apresentacao\/historico\/\" class=\"readmore-button\">Continue Reading<\/a><\/p>\n","protected":false},"author":25,"featured_media":0,"parent":285,"menu_order":0,"comment_status":"closed","ping_status":"open","template":"template-twocolumns-left.php","meta":{"inline_featured_image":false,"ngg_post_thumbnail":0,"footnotes":""},"class_list":["post-312","page","type-page","status-publish","hentry"],"_links":{"self":[{"href":"https:\/\/www2.unifap.br\/ppgdapp\/wp-json\/wp\/v2\/pages\/312","targetHints":{"allow":["GET"]}}],"collection":[{"href":"https:\/\/www2.unifap.br\/ppgdapp\/wp-json\/wp\/v2\/pages"}],"about":[{"href":"https:\/\/www2.unifap.br\/ppgdapp\/wp-json\/wp\/v2\/types\/page"}],"author":[{"embeddable":true,"href":"https:\/\/www2.unifap.br\/ppgdapp\/wp-json\/wp\/v2\/users\/25"}],"replies":[{"embeddable":true,"href":"https:\/\/www2.unifap.br\/ppgdapp\/wp-json\/wp\/v2\/comments?post=312"}],"version-history":[{"count":9,"href":"https:\/\/www2.unifap.br\/ppgdapp\/wp-json\/wp\/v2\/pages\/312\/revisions"}],"predecessor-version":[{"id":754,"href":"https:\/\/www2.unifap.br\/ppgdapp\/wp-json\/wp\/v2\/pages\/312\/revisions\/754"}],"up":[{"embeddable":true,"href":"https:\/\/www2.unifap.br\/ppgdapp\/wp-json\/wp\/v2\/pages\/285"}],"wp:attachment":[{"href":"https:\/\/www2.unifap.br\/ppgdapp\/wp-json\/wp\/v2\/media?parent=312"}],"curies":[{"name":"wp","href":"https:\/\/api.w.org\/{rel}","templated":true}]}}