{"id":315,"date":"2012-02-13T18:30:10","date_gmt":"2012-02-13T18:30:10","guid":{"rendered":"http:\/\/www2.unifap.br\/ppgdapp\/?page_id=315"},"modified":"2014-10-22T14:14:33","modified_gmt":"2014-10-22T14:14:33","slug":"perfil-profissional","status":"publish","type":"page","link":"https:\/\/www2.unifap.br\/ppgdapp\/apresentacao\/perfil-profissional\/","title":{"rendered":"Perfil Profissional"},"content":{"rendered":"<p><a href=\"http:\/\/www2.unifap.br\/ppgdapp\/files\/2013\/05\/ppgdapp-banner.jpg\"><br \/>\n<img fetchpriority=\"high\" decoding=\"async\" class=\"aligncenter size-full wp-image-294\" alt=\"\" src=\"http:\/\/www2.unifap.br\/ppgdapp\/files\/2013\/05\/ppgdapp-banner.jpg\" width=\"800\" height=\"120\" \/><\/a><\/p>\n<table width=\"480\">\n<tbody>\n<tr>\n<td bgcolor=\"#009966\" width=\"592\">\n<div><strong>PERFIL PROFISSIONAL<\/strong><\/div>\n<\/td>\n<\/tr>\n<\/tbody>\n<\/table>\n<p style=\"text-align: justify\">O egresso do Programa de Mestrado em Direito Ambiental e Pol\u00edticas P\u00fablicas tem como perfil a compet\u00eancia t\u00e9cnica\u00a0investigativa e de ensino sobre meio ambiente e a problem\u00e1tica ambiental, considerando de forma integrada o direito ambiental, os desafios do desenvolvimento sob a l\u00f3gica da sustentabilidade e o embate pol\u00edtico que envolvem a proposi\u00e7\u00e3o, formula\u00e7\u00e3o e implementa\u00e7\u00e3o das pol\u00edticas p\u00fablicas. Associado a conhecimentos sistem\u00e1ticos de conte\u00fado e de t\u00e9cnica legislativa ambiental.<\/p>\n","protected":false},"excerpt":{"rendered":"<p>PERFIL PROFISSIONAL O egresso do Programa de Mestrado em Direito Ambiental e Pol\u00edticas P\u00fablicas tem como perfil a compet\u00eancia t\u00e9cnica\u00a0investigativa e de ensino sobre meio ambiente e a problem\u00e1tica ambiental, considerando de forma integrada o direito ambiental, os desafios do&hellip; <\/p>\n<p><a href=\"https:\/\/www2.unifap.br\/ppgdapp\/apresentacao\/perfil-profissional\/\" class=\"readmore-button\">Continue Reading<\/a><\/p>\n","protected":false},"author":25,"featured_media":0,"parent":285,"menu_order":0,"comment_status":"closed","ping_status":"open","template":"","meta":{"inline_featured_image":false,"ngg_post_thumbnail":0,"footnotes":""},"class_list":["post-315","page","type-page","status-publish","hentry"],"_links":{"self":[{"href":"https:\/\/www2.unifap.br\/ppgdapp\/wp-json\/wp\/v2\/pages\/315","targetHints":{"allow":["GET"]}}],"collection":[{"href":"https:\/\/www2.unifap.br\/ppgdapp\/wp-json\/wp\/v2\/pages"}],"about":[{"href":"https:\/\/www2.unifap.br\/ppgdapp\/wp-json\/wp\/v2\/types\/page"}],"author":[{"embeddable":true,"href":"https:\/\/www2.unifap.br\/ppgdapp\/wp-json\/wp\/v2\/users\/25"}],"replies":[{"embeddable":true,"href":"https:\/\/www2.unifap.br\/ppgdapp\/wp-json\/wp\/v2\/comments?post=315"}],"version-history":[{"count":9,"href":"https:\/\/www2.unifap.br\/ppgdapp\/wp-json\/wp\/v2\/pages\/315\/revisions"}],"predecessor-version":[{"id":1303,"href":"https:\/\/www2.unifap.br\/ppgdapp\/wp-json\/wp\/v2\/pages\/315\/revisions\/1303"}],"up":[{"embeddable":true,"href":"https:\/\/www2.unifap.br\/ppgdapp\/wp-json\/wp\/v2\/pages\/285"}],"wp:attachment":[{"href":"https:\/\/www2.unifap.br\/ppgdapp\/wp-json\/wp\/v2\/media?parent=315"}],"curies":[{"name":"wp","href":"https:\/\/api.w.org\/{rel}","templated":true}]}}