{"id":326,"date":"2012-02-13T18:37:30","date_gmt":"2012-02-13T18:37:30","guid":{"rendered":"http:\/\/www2.unifap.br\/ppgdapp\/?page_id=326"},"modified":"2013-10-16T21:53:58","modified_gmt":"2013-10-16T21:53:58","slug":"parceiros","status":"publish","type":"page","link":"https:\/\/www2.unifap.br\/ppgdapp\/parceiros\/","title":{"rendered":"Parceiros"},"content":{"rendered":"<p><a href=\"http:\/\/www2.unifap.br\/ppgdapp\/files\/2013\/05\/ppgdapp-banner.jpg\"><br \/>\n<img fetchpriority=\"high\" decoding=\"async\" class=\"aligncenter size-full wp-image-294\" src=\"http:\/\/www2.unifap.br\/ppgdapp\/files\/2013\/05\/ppgdapp-banner.jpg\" alt=\"\" width=\"800\" height=\"120\" \/><\/a><\/p>\n<table width=\"480\">\n<tbody>\n<tr>\n<td width=\"592\" bgcolor=\"#009966\">\n<div><strong>PARCEIROS<\/strong><\/div>\n<\/td>\n<\/tr>\n<\/tbody>\n<\/table>\n<p style=\"text-align: justify;\"><span style=\"text-decoration: underline;\"><strong>Minist\u00e9rio P\u00fablico do Amap\u00e1<\/strong><\/span><\/p>\n<p style=\"text-align: justify;\"><a href=\"http:\/\/www.mp.ap.gov.br\/\" target=\"_blank\"><img decoding=\"async\" class=\"alignleft size-full wp-image-589\" title=\"mp-ap-2012\" src=\"http:\/\/www2.unifap.br\/ppgdapp\/files\/2012\/02\/mp-ap-2012.jpg\" alt=\"\" width=\"300\" height=\"177\" \/><\/a><\/p>\n","protected":false},"excerpt":{"rendered":"<p>PARCEIROS Minist\u00e9rio P\u00fablico do Amap\u00e1<\/p>\n","protected":false},"author":25,"featured_media":0,"parent":0,"menu_order":2,"comment_status":"closed","ping_status":"open","template":"template-twocolumns-left.php","meta":{"inline_featured_image":false,"ngg_post_thumbnail":0,"footnotes":""},"class_list":["post-326","page","type-page","status-publish","hentry"],"_links":{"self":[{"href":"https:\/\/www2.unifap.br\/ppgdapp\/wp-json\/wp\/v2\/pages\/326","targetHints":{"allow":["GET"]}}],"collection":[{"href":"https:\/\/www2.unifap.br\/ppgdapp\/wp-json\/wp\/v2\/pages"}],"about":[{"href":"https:\/\/www2.unifap.br\/ppgdapp\/wp-json\/wp\/v2\/types\/page"}],"author":[{"embeddable":true,"href":"https:\/\/www2.unifap.br\/ppgdapp\/wp-json\/wp\/v2\/users\/25"}],"replies":[{"embeddable":true,"href":"https:\/\/www2.unifap.br\/ppgdapp\/wp-json\/wp\/v2\/comments?post=326"}],"version-history":[{"count":7,"href":"https:\/\/www2.unifap.br\/ppgdapp\/wp-json\/wp\/v2\/pages\/326\/revisions"}],"predecessor-version":[{"id":762,"href":"https:\/\/www2.unifap.br\/ppgdapp\/wp-json\/wp\/v2\/pages\/326\/revisions\/762"}],"wp:attachment":[{"href":"https:\/\/www2.unifap.br\/ppgdapp\/wp-json\/wp\/v2\/media?parent=326"}],"curies":[{"name":"wp","href":"https:\/\/api.w.org\/{rel}","templated":true}]}}