{"id":335,"date":"2012-02-13T18:41:44","date_gmt":"2012-02-13T18:41:44","guid":{"rendered":"http:\/\/www2.unifap.br\/ppgdapp\/?page_id=335"},"modified":"2013-10-16T21:54:07","modified_gmt":"2013-10-16T21:54:07","slug":"eventos","status":"publish","type":"page","link":"https:\/\/www2.unifap.br\/ppgdapp\/eventos\/","title":{"rendered":"Eventos"},"content":{"rendered":"<p><a href=\"http:\/\/dpgunifap.files.wordpress.com\/2012\/02\/ppgdapp-banner.jpg\"><img fetchpriority=\"high\" decoding=\"async\" class=\"aligncenter size-full wp-image-294\" src=\"http:\/\/dpgunifap.files.wordpress.com\/2012\/02\/ppgdapp-banner.jpg\" alt=\"\" width=\"800\" height=\"120\" \/><\/a><\/p>\n<table width=\"480\">\n<tbody>\n<tr>\n<td width=\"592\" bgcolor=\"#009966\">\n<div><strong>EVENTOS DE INTERESSE DO CURSO<\/strong><\/div>\n<\/td>\n<\/tr>\n<\/tbody>\n<\/table>\n<h2>IV Semin\u00e1rio do Programa de P\u00f3s-Gradua\u00e7\u00e3o em Direito Ambiental e Pol\u00edticas P\u00fablicas<\/h2>\n<p><strong>Tema:<\/strong><br \/>\nEspa\u00e7os Ambientais Protegidos: Direito Ambiental e Pol\u00edticas P\u00fablicas no Contexto Amaz\u00f4nico<\/p>\n<p><strong>Local e Data previstos:<br \/>\n<\/strong>Universidade Federal do Amap\u00e1 &#8211; <em>Maio de 2012<\/em><\/p>\n<p><em><a href=\"http:\/\/www2.unifap.br\/ppgdapp\/eventos\/iv-seminario-do-ppgdapp\/\" target=\"_blank\">CLIQUE AQUI PARA MAIS DETALHES<\/a><\/em><\/p>\n","protected":false},"excerpt":{"rendered":"<p>EVENTOS DE INTERESSE DO CURSO IV Semin\u00e1rio do Programa de P\u00f3s-Gradua\u00e7\u00e3o em Direito Ambiental e Pol\u00edticas P\u00fablicas Tema: Espa\u00e7os Ambientais Protegidos: Direito Ambiental e Pol\u00edticas P\u00fablicas no Contexto Amaz\u00f4nico Local e Data previstos: Universidade Federal do Amap\u00e1 &#8211; Maio de&hellip; <\/p>\n<p><a href=\"https:\/\/www2.unifap.br\/ppgdapp\/eventos\/\" class=\"readmore-button\">Continue Reading<\/a><\/p>\n","protected":false},"author":25,"featured_media":0,"parent":0,"menu_order":8,"comment_status":"closed","ping_status":"open","template":"template-twocolumns-left.php","meta":{"inline_featured_image":false,"ngg_post_thumbnail":0,"footnotes":""},"class_list":["post-335","page","type-page","status-publish","hentry"],"_links":{"self":[{"href":"https:\/\/www2.unifap.br\/ppgdapp\/wp-json\/wp\/v2\/pages\/335","targetHints":{"allow":["GET"]}}],"collection":[{"href":"https:\/\/www2.unifap.br\/ppgdapp\/wp-json\/wp\/v2\/pages"}],"about":[{"href":"https:\/\/www2.unifap.br\/ppgdapp\/wp-json\/wp\/v2\/types\/page"}],"author":[{"embeddable":true,"href":"https:\/\/www2.unifap.br\/ppgdapp\/wp-json\/wp\/v2\/users\/25"}],"replies":[{"embeddable":true,"href":"https:\/\/www2.unifap.br\/ppgdapp\/wp-json\/wp\/v2\/comments?post=335"}],"version-history":[{"count":8,"href":"https:\/\/www2.unifap.br\/ppgdapp\/wp-json\/wp\/v2\/pages\/335\/revisions"}],"predecessor-version":[{"id":1316,"href":"https:\/\/www2.unifap.br\/ppgdapp\/wp-json\/wp\/v2\/pages\/335\/revisions\/1316"}],"wp:attachment":[{"href":"https:\/\/www2.unifap.br\/ppgdapp\/wp-json\/wp\/v2\/media?parent=335"}],"curies":[{"name":"wp","href":"https:\/\/api.w.org\/{rel}","templated":true}]}}