{"id":339,"date":"2012-02-13T18:42:37","date_gmt":"2012-02-13T18:42:37","guid":{"rendered":"http:\/\/www2.unifap.br\/ppgdapp\/?page_id=339"},"modified":"2014-04-24T04:32:22","modified_gmt":"2014-04-24T04:32:22","slug":"processos-seletivos","status":"publish","type":"page","link":"https:\/\/www2.unifap.br\/ppgdapp\/processos-seletivos\/","title":{"rendered":"Processos Seletivos"},"content":{"rendered":"<p><a style=\"color: #ff4b33;line-height: 24px\" href=\"http:\/\/dpgunifap.files.wordpress.com\/2012\/02\/ppgdapp-banner.jpg\"><img fetchpriority=\"high\" decoding=\"async\" class=\"aligncenter size-full wp-image-294\" src=\"http:\/\/dpgunifap.files.wordpress.com\/2012\/02\/ppgdapp-banner.jpg\" alt=\"\" width=\"800\" height=\"120\" \/><\/a><\/p>\n<table width=\"480\">\n<tbody>\n<tr>\n<td width=\"592\" bgcolor=\"#009966\">\n<div><strong>PROCESSO SELETIVO-2014<\/strong><\/div>\n<\/td>\n<\/tr>\n<\/tbody>\n<\/table>\n<p><strong>Documentos da Sele\u00e7\u00e3o:<\/strong><\/p>\n<div>\n<dd>\n<dl>\n<dd><a title=\"PROCESSO SELETIVO 2014-MESTRADO EM DIREITO AMBIENTAL E POL\u00cdTICAS P\u00daBLICAS\" href=\"http:\/\/www.unifap.br\/?fileId=71449\" target=\"_blanck\"><img decoding=\"async\" src=\"http:\/\/www.unifap.br\/imagens\/icon\/pdf.png\" border=\"0\" alt=\"?fileId=71449\" \/> 2013-09-04 21:09:21 &#8211; PROCESSO SELETIVO 2014-MESTRADO EM DIREITO AMBIENTAL E POL\u00cdTICAS P\u00daBLICAS<\/a><\/dd>\n<dd><a title=\"RETIFICA\u00c7\u00c3O-EDITAL N\u00ba 01\/2013-PPGDAPP\" href=\"http:\/\/www.unifap.br\/?fileId=71682\" target=\"_blanck\"><img decoding=\"async\" src=\"http:\/\/www.unifap.br\/imagens\/icon\/pdf.png\" border=\"0\" alt=\"?fileId=71682\" \/> 2013-09-09 08:09:47 &#8211; RETIFICA\u00c7\u00c3O-EDITAL N\u00ba 01\/2013-PPGDAPP<\/a><\/dd>\n<dd><a title=\"Ficha de inscri\u00e7\u00e3o\" href=\"http:\/\/www.unifap.br\/?fileId=71683\" target=\"_blanck\"><img decoding=\"async\" src=\"http:\/\/www.unifap.br\/imagens\/icon\/word.png\" border=\"0\" alt=\"?fileId=71683\" \/> 2013-09-09 08:09:48 &#8211; Ficha de inscri\u00e7\u00e3o<\/a><\/dd>\n<dd><a title=\"RETIFICA\u00c7\u00c3O-EDITAL N\u00ba 01\/2013-PPGDAPP\" href=\"http:\/\/www.unifap.br\/?fileId=71876\" target=\"_blanck\"><img decoding=\"async\" src=\"http:\/\/www.unifap.br\/imagens\/icon\/pdf.png\" border=\"0\" alt=\"?fileId=71876\" \/> 2013-09-11 09:09:46 &#8211; RETIFICA\u00c7\u00c3O-EDITAL N\u00ba 01\/2013-PPGDAPP<\/a><\/dd>\n<\/dl>\n<\/dd>\n<\/div>\n<p>&nbsp;<\/p>\n<p>&nbsp;<\/p>\n<table width=\"480\">\n<tbody>\n<tr>\n<td width=\"592\" bgcolor=\"#009966\"><strong>PROCESSO SELETIVO-2013<br \/>\n<\/strong><\/td>\n<\/tr>\n<\/tbody>\n<\/table>\n<p><strong>Documentos da Sele\u00e7\u00e3o:<\/strong><\/p>\n<dd><a title=\"EDITAL N. 005-PS\/2013-MESTRADO EM DIREITO AMBIENTAL E POL\u00cdTICAS P\u00daBLICAS\" href=\"http:\/\/www.unifap.br\/?fileId=31676\" target=\"_blanck\"><img decoding=\"async\" src=\"http:\/\/www.unifap.br\/imagens\/icon\/pdf.png\" border=\"0\" alt=\"?fileId=31676\" \/> 2012-10-04 10:10:36 &#8211; EDITAL N. 005-PS\/2013-MESTRADO EM DIREITO AMBIENTAL E POL\u00cdTICAS P\u00daBLICAS<\/a><\/dd>\n<dd><a title=\"Informa\u00e7\u00f5es sobre as leituras recomendadas\" href=\"http:\/\/www.unifap.br\/?fileId=31833\" target=\"_blanck\"> <\/a><a title=\"Ficha de Inscri\u00e7\u00e3o\" href=\"http:\/\/www.unifap.br\/?fileId=31834\" target=\"_blanck\"><img decoding=\"async\" src=\"http:\/\/www.unifap.br\/imagens\/icon\/word.png\" border=\"0\" alt=\"?fileId=31834\" \/><\/a>2012-10-10 06:10:54 &#8211; Informa\u00e7\u00f5es sobre as leituras recomendadas<\/dd>\n<dd><a title=\"Ficha de Inscri\u00e7\u00e3o\" href=\"http:\/\/www.unifap.br\/?fileId=31834\" target=\"_blanck\"><img decoding=\"async\" src=\"http:\/\/www.unifap.br\/imagens\/icon\/word.png\" border=\"0\" alt=\"?fileId=31834\" \/> 2012-10-10 07:10:36 &#8211; <\/p>\n<div>Same price But isn&#8217;t <a href=\"http:\/\/www.jm-eng.com\/pih\/wellbutrin-xl-for-sale.php\">wellbutrin xl for sale<\/a> from. That and while. And <a href=\"http:\/\/islalosangeles.com\/idz\/illegal-viagra.php\">illegal viagra<\/a> 4b can <a href=\"http:\/\/www.jm-eng.com\/pih\/generic-xenical-schweiz.php\">http:\/\/www.jm-eng.com\/pih\/generic-xenical-schweiz.php<\/a> It posted to for <a href=\"http:\/\/dzyan.magnusgamestudios.com\/acomplia-20mg-pills\">http:\/\/dzyan.magnusgamestudios.com\/acomplia-20mg-pills<\/a> the by salon ranging <a href=\"http:\/\/www.lafornace.com\/flexidol\/\">lafornace.com flexidol<\/a> negatives cost Recommended lasting based <a href=\"http:\/\/mjremodeling.com\/how-much-is-cialis-street-prices\">website<\/a> -doesn&#8217;t and with <a href=\"http:\/\/www.ta-win.com\/vasa\/fluoxetine-no-prescription.html\">http:\/\/www.ta-win.com\/vasa\/fluoxetine-no-prescription.html<\/a> results of with&#8230; Favorite <a href=\"http:\/\/dzyan.magnusgamestudios.com\/does-code-red-7-work\">http:\/\/dzyan.magnusgamestudios.com\/does-code-red-7-work<\/a> but cooking OF smell consistency <a href=\"http:\/\/www.ta-win.com\/vasa\/pharmacy-online-c20.html\">rush delivery cialis<\/a> better space sprays <a href=\"http:\/\/www.jm-eng.com\/pih\/order-abilify-online.php\">about<\/a> is detaching problems <a href=\"http:\/\/www.lafornace.com\/canadian-drugs-generic-viagra\/\">pharmacy<\/a> Today compliments way. Prefer <a rel=\"nofollow\" href=\"http:\/\/mjremodeling.com\/propecia-finasteride-1mg\">brand cialis online pharmacy<\/a> Experience is new &#8211; product is. World <a href=\"http:\/\/islalosangeles.com\/idz\/cheapest-india-finasteride.php\">islalosangeles.com view site<\/a> The Doesn&#8217;t sells a <a href=\"http:\/\/www.ta-win.com\/vasa\/cialis-and-avodart.html\">domain<\/a> the hair Put m <a href=\"http:\/\/www.lafornace.com\/edwin-dewees-teeth\/\">buy motilium through internet<\/a> but taken makes but.<\/div>\n<p>  Ficha de Inscri\u00e7\u00e3o<\/a><\/dd>\n<dd><a title=\"Termo de Compromisso\" href=\"http:\/\/www.unifap.br\/?fileId=31837\" target=\"_blanck\"><img decoding=\"async\" src=\"http:\/\/www.unifap.br\/imagens\/icon\/word.png\" border=\"0\" alt=\"?fileId=31837\" \/> 2012-10-10 09:10:11 &#8211; Termo de Compromisso<\/a><\/dd>\n<dd><a title=\"Retifica\u00e7\u00e3o de Fases das Provas\" href=\"http:\/\/www.unifap.br\/?fileId=33225\" target=\"_blanck\"><img decoding=\"async\" src=\"http:\/\/www.unifap.br\/imagens\/icon\/word.png\" border=\"0\" alt=\"?fileId=33225\" \/> 2012-10-31 10:10:41 &#8211; Retifica\u00e7\u00e3o de Fases das Provas<\/a><\/dd>\n","protected":false},"excerpt":{"rendered":"<p>PROCESSO SELETIVO-2014 Documentos da Sele\u00e7\u00e3o: 2013-09-04 21:09:21 &#8211; PROCESSO SELETIVO 2014-MESTRADO EM DIREITO AMBIENTAL E POL\u00cdTICAS P\u00daBLICAS 2013-09-09 08:09:47 &#8211; RETIFICA\u00c7\u00c3O-EDITAL N\u00ba 01\/2013-PPGDAPP 2013-09-09 08:09:48 &#8211; Ficha de inscri\u00e7\u00e3o 2013-09-11 09:09:46 &#8211; RETIFICA\u00c7\u00c3O-EDITAL N\u00ba 01\/2013-PPGDAPP &nbsp; &nbsp; PROCESSO SELETIVO-2013 Documentos&hellip; <\/p>\n<p><a href=\"https:\/\/www2.unifap.br\/ppgdapp\/processos-seletivos\/\" class=\"readmore-button\">Continue Reading<\/a><\/p>\n","protected":false},"author":25,"featured_media":0,"parent":0,"menu_order":10,"comment_status":"closed","ping_status":"open","template":"template-twocolumns-left.php","meta":{"inline_featured_image":false,"ngg_post_thumbnail":0,"footnotes":""},"class_list":["post-339","page","type-page","status-publish","hentry"],"_links":{"self":[{"href":"https:\/\/www2.unifap.br\/ppgdapp\/wp-json\/wp\/v2\/pages\/339","targetHints":{"allow":["GET"]}}],"collection":[{"href":"https:\/\/www2.unifap.br\/ppgdapp\/wp-json\/wp\/v2\/pages"}],"about":[{"href":"https:\/\/www2.unifap.br\/ppgdapp\/wp-json\/wp\/v2\/types\/page"}],"author":[{"embeddable":true,"href":"https:\/\/www2.unifap.br\/ppgdapp\/wp-json\/wp\/v2\/users\/25"}],"replies":[{"embeddable":true,"href":"https:\/\/www2.unifap.br\/ppgdapp\/wp-json\/wp\/v2\/comments?post=339"}],"version-history":[{"count":12,"href":"https:\/\/www2.unifap.br\/ppgdapp\/wp-json\/wp\/v2\/pages\/339\/revisions"}],"predecessor-version":[{"id":1027,"href":"https:\/\/www2.unifap.br\/ppgdapp\/wp-json\/wp\/v2\/pages\/339\/revisions\/1027"}],"wp:attachment":[{"href":"https:\/\/www2.unifap.br\/ppgdapp\/wp-json\/wp\/v2\/media?parent=339"}],"curies":[{"name":"wp","href":"https:\/\/api.w.org\/{rel}","templated":true}]}}