{"id":398,"date":"2012-05-23T13:04:51","date_gmt":"2012-05-23T13:04:51","guid":{"rendered":"http:\/\/www2.unifap.br\/ppgdapp\/?page_id=398"},"modified":"2013-10-16T21:54:07","modified_gmt":"2013-10-16T21:54:07","slug":"iv-seminario-do-ppgdapp","status":"publish","type":"page","link":"https:\/\/www2.unifap.br\/ppgdapp\/eventos\/iv-seminario-do-ppgdapp\/","title":{"rendered":"IV Semin\u00e1rio do PPGDAPP"},"content":{"rendered":"<p><strong>DOCUMENTOS RELACIONADOS:<\/strong><\/p>\n<p><a href=\"http:\/\/www2.unifap.br\/ppgdapp\/files\/2012\/05\/trabalhos_aceitos_para_o_iv_semin\u00e1rio.doc\">trabalhos_aceitos_para_o_iv_semin\u00e1rio<\/a><\/p>\n<p><a href=\"http:\/\/www2.unifap.br\/ppgdapp\/files\/2012\/05\/chamada_para_submiss\u00c3o_de_trabalhos.divulga\u00e7\u00e3o.doc\">chamada_para_submiss\u00c3o_de_trabalhos<\/a><\/p>\n<p><strong>INFORMA\u00c7\u00d5ES GERAIS DO EVENTO:<\/strong><\/p>\n<p style=\"text-align: center\"><strong><a href=\"http:\/\/www2.unifap.br\/ppgdapp\/files\/2012\/05\/SEMINARIO1.jpg\"><img fetchpriority=\"high\" decoding=\"async\" class=\"aligncenter size-full wp-image-402\" src=\"http:\/\/www2.unifap.br\/ppgdapp\/files\/2012\/05\/SEMINARIO1.jpg\" alt=\"\" width=\"864\" height=\"592\" srcset=\"https:\/\/www2.unifap.br\/ppgdapp\/files\/2012\/05\/SEMINARIO1.jpg 1080w, https:\/\/www2.unifap.br\/ppgdapp\/files\/2012\/05\/SEMINARIO1-300x205.jpg 300w, https:\/\/www2.unifap.br\/ppgdapp\/files\/2012\/05\/SEMINARIO1-1024x701.jpg 1024w, https:\/\/www2.unifap.br\/ppgdapp\/files\/2012\/05\/SEMINARIO1-262x180.jpg 262w\" sizes=\"(max-width: 864px) 100vw, 864px\" \/><\/a><br \/>\n<\/strong><\/p>\n<p style=\"text-align: center\"><a href=\"http:\/\/www2.unifap.br\/ppgdapp\/files\/2012\/05\/SEMINARIO2.jpg\"><img decoding=\"async\" class=\"aligncenter size-full wp-image-403\" src=\"http:\/\/www2.unifap.br\/ppgdapp\/files\/2012\/05\/SEMINARIO2.jpg\" alt=\"\" width=\"864\" height=\"592\" srcset=\"https:\/\/www2.unifap.br\/ppgdapp\/files\/2012\/05\/SEMINARIO2.jpg 1080w, https:\/\/www2.unifap.br\/ppgdapp\/files\/2012\/05\/SEMINARIO2-300x205.jpg 300w, https:\/\/www2.unifap.br\/ppgdapp\/files\/2012\/05\/SEMINARIO2-1024x701.jpg 1024w, https:\/\/www2.unifap.br\/ppgdapp\/files\/2012\/05\/SEMINARIO2-262x180.jpg 262w\" sizes=\"(max-width: 864px) 100vw, 864px\" \/><\/a><\/p>\n<p>&nbsp;<\/p>\n","protected":false},"excerpt":{"rendered":"<p>DOCUMENTOS RELACIONADOS: trabalhos_aceitos_para_o_iv_semin\u00e1rio chamada_para_submiss\u00c3o_de_trabalhos INFORMA\u00c7\u00d5ES GERAIS DO EVENTO: &nbsp;<\/p>\n","protected":false},"author":25,"featured_media":0,"parent":335,"menu_order":0,"comment_status":"closed","ping_status":"open","template":"template-twocolumns-left.php","meta":{"inline_featured_image":false,"ngg_post_thumbnail":0,"footnotes":""},"class_list":["post-398","page","type-page","status-publish","hentry"],"_links":{"self":[{"href":"https:\/\/www2.unifap.br\/ppgdapp\/wp-json\/wp\/v2\/pages\/398","targetHints":{"allow":["GET"]}}],"collection":[{"href":"https:\/\/www2.unifap.br\/ppgdapp\/wp-json\/wp\/v2\/pages"}],"about":[{"href":"https:\/\/www2.unifap.br\/ppgdapp\/wp-json\/wp\/v2\/types\/page"}],"author":[{"embeddable":true,"href":"https:\/\/www2.unifap.br\/ppgdapp\/wp-json\/wp\/v2\/users\/25"}],"replies":[{"embeddable":true,"href":"https:\/\/www2.unifap.br\/ppgdapp\/wp-json\/wp\/v2\/comments?post=398"}],"version-history":[{"count":5,"href":"https:\/\/www2.unifap.br\/ppgdapp\/wp-json\/wp\/v2\/pages\/398\/revisions"}],"predecessor-version":[{"id":1093,"href":"https:\/\/www2.unifap.br\/ppgdapp\/wp-json\/wp\/v2\/pages\/398\/revisions\/1093"}],"up":[{"embeddable":true,"href":"https:\/\/www2.unifap.br\/ppgdapp\/wp-json\/wp\/v2\/pages\/335"}],"wp:attachment":[{"href":"https:\/\/www2.unifap.br\/ppgdapp\/wp-json\/wp\/v2\/media?parent=398"}],"curies":[{"name":"wp","href":"https:\/\/api.w.org\/{rel}","templated":true}]}}